{"id":5198,"date":"2023-07-30T16:56:40","date_gmt":"2023-07-30T14:56:40","guid":{"rendered":"http:\/\/localhost\/wordpress\/produit\/coarse\/"},"modified":"2023-11-29T19:38:50","modified_gmt":"2023-11-29T18:38:50","slug":"lavandin-grosso","status":"publish","type":"product","link":"https:\/\/www.laboratoire-helpac.com\/en\/p\/lavandin-grosso\/","title":{"rendered":"LAVANDIN GROSSO"},"content":{"rendered":"<p>Its flowers are a deeper colour than those of Lavandin super and its essential oil is slightly richer in camphor. The result is a more persistent fragrance for hygiene and cleaning (soaps, washing powder, etc.). Lavandin grosso essential oil is also recommended for muscle and joint care.<\/p>\n","protected":false},"excerpt":{"rendered":"<p>Its flowers are a deeper colour than those of Lavandin super and its essential oil is slightly richer in camphor. The result is a more persistent fragrance for hygiene and cleaning (soaps, washing powder, etc.). Lavandin grosso essential oil is also recommended for muscle and joint care.<\/p>\n","protected":false},"featured_media":6881,"template":"","meta":[],"product_cat":[390,451,452,459],"product_tag":[],"class_list":{"0":"post-5198","1":"product","2":"type-product","3":"status-publish","4":"has-post-thumbnail","6":"product_cat-essential-oils","7":"product_cat-aromatherapy-wholesaler-essential-oil","8":"product_cat-bulk-essential-oils-aromatherapy-wholesaler-essential-oil","9":"product_cat-lavandin-essential-oils-essential-oil","10":"pa_certifications-conventional","11":"pa_fabrication-oui-en","12":"pa_origines-france-en","13":"pa_usages-cosmetic","14":"pa_usages-diffusion-en","15":"pa_usages-food","16":"pa_usages-perfumery","18":"first","19":"instock","20":"purchasable","21":"product-type-simple"},"acf":[],"yoast_head":"<!-- This site is optimized with the Yoast SEO plugin v23.9 - https:\/\/yoast.com\/wordpress\/plugins\/seo\/ -->\n<title>Essential oil Coarse (France) | HELPAC<\/title>\n<meta name=\"description\" content=\"Ses fleurs ont une couleur plus soutenue que celles du Lavandin super et son huile essentielle est un peu plus riche en camphre. Il en r\u00e9sulte un parfum plus persistant en hygi\u00e8ne et entretien (savons, lessives\u2026). L\u2019huile essentielle de Lavandin grosso est \u00e9galement \u00e0 privil\u00e9gier pour les soins de la sph\u00e8re musculaire et articulaire.\" \/>\n<meta name=\"robots\" content=\"index, follow, max-snippet:-1, max-image-preview:large, max-video-preview:-1\" \/>\n<link rel=\"canonical\" href=\"https:\/\/www.laboratoire-helpac.com\/en\/p\/lavandin-grosso\/\" \/>\n<meta property=\"og:locale\" content=\"en_US\" \/>\n<meta property=\"og:type\" content=\"article\" \/>\n<meta property=\"og:title\" content=\"Essential oil Coarse (France) | HELPAC\" \/>\n<meta property=\"og:description\" content=\"Ses fleurs ont une couleur plus soutenue que celles du Lavandin super et son huile essentielle est un peu plus riche en camphre. Il en r\u00e9sulte un parfum plus persistant en hygi\u00e8ne et entretien (savons, lessives\u2026). L\u2019huile essentielle de Lavandin grosso est \u00e9galement \u00e0 privil\u00e9gier pour les soins de la sph\u00e8re musculaire et articulaire.\" \/>\n<meta property=\"og:url\" content=\"https:\/\/www.laboratoire-helpac.com\/en\/p\/lavandin-grosso\/\" \/>\n<meta property=\"og:site_name\" content=\"HELPAC\" \/>\n<meta property=\"article:modified_time\" content=\"2023-11-29T18:38:50+00:00\" \/>\n<meta property=\"og:image\" content=\"https:\/\/www.laboratoire-helpac.com\/wp-content\/uploads\/2023\/09\/HE_LAVANDINGROSSO-EN-1.png\" \/>\n\t<meta property=\"og:image:width\" content=\"1280\" \/>\n\t<meta property=\"og:image:height\" content=\"1280\" \/>\n\t<meta property=\"og:image:type\" content=\"image\/png\" \/>\n<meta name=\"twitter:card\" content=\"summary_large_image\" \/>\n<script type=\"application\/ld+json\" class=\"yoast-schema-graph\">{\"@context\":\"https:\/\/schema.org\",\"@graph\":[{\"@type\":\"WebPage\",\"@id\":\"https:\/\/www.laboratoire-helpac.com\/en\/p\/lavandin-grosso\/\",\"url\":\"https:\/\/www.laboratoire-helpac.com\/en\/p\/lavandin-grosso\/\",\"name\":\"Essential oil Coarse (France) | HELPAC\",\"isPartOf\":{\"@id\":\"https:\/\/www.laboratoire-helpac.com\/en\/#website\"},\"primaryImageOfPage\":{\"@id\":\"https:\/\/www.laboratoire-helpac.com\/en\/p\/lavandin-grosso\/#primaryimage\"},\"image\":{\"@id\":\"https:\/\/www.laboratoire-helpac.com\/en\/p\/lavandin-grosso\/#primaryimage\"},\"thumbnailUrl\":\"https:\/\/www.laboratoire-helpac.com\/wp-content\/uploads\/2023\/09\/HE_LAVANDINGROSSO-EN-1.png\",\"datePublished\":\"2023-07-30T14:56:40+00:00\",\"dateModified\":\"2023-11-29T18:38:50+00:00\",\"description\":\"Ses fleurs ont une couleur plus soutenue que celles du Lavandin super et son huile essentielle est un peu plus riche en camphre. Il en r\u00e9sulte un parfum plus persistant en hygi\u00e8ne et entretien (savons, lessives\u2026). L\u2019huile essentielle de Lavandin grosso est \u00e9galement \u00e0 privil\u00e9gier pour les soins de la sph\u00e8re musculaire et articulaire.\",\"breadcrumb\":{\"@id\":\"https:\/\/www.laboratoire-helpac.com\/en\/p\/lavandin-grosso\/#breadcrumb\"},\"inLanguage\":\"en-US\",\"potentialAction\":[{\"@type\":\"ReadAction\",\"target\":[\"https:\/\/www.laboratoire-helpac.com\/en\/p\/lavandin-grosso\/\"]}]},{\"@type\":\"ImageObject\",\"inLanguage\":\"en-US\",\"@id\":\"https:\/\/www.laboratoire-helpac.com\/en\/p\/lavandin-grosso\/#primaryimage\",\"url\":\"https:\/\/www.laboratoire-helpac.com\/wp-content\/uploads\/2023\/09\/HE_LAVANDINGROSSO-EN-1.png\",\"contentUrl\":\"https:\/\/www.laboratoire-helpac.com\/wp-content\/uploads\/2023\/09\/HE_LAVANDINGROSSO-EN-1.png\",\"width\":1280,\"height\":1280,\"caption\":\"Essential oil Coarse (France) wholesaler\"},{\"@type\":\"BreadcrumbList\",\"@id\":\"https:\/\/www.laboratoire-helpac.com\/en\/p\/lavandin-grosso\/#breadcrumb\",\"itemListElement\":[{\"@type\":\"ListItem\",\"position\":1,\"name\":\"Accueil\",\"item\":\"https:\/\/www.laboratoire-helpac.com\/en\/\"},{\"@type\":\"ListItem\",\"position\":2,\"name\":\"Our ingredients\",\"item\":\"https:\/\/www.laboratoire-helpac.com\/en\/products\/\"},{\"@type\":\"ListItem\",\"position\":3,\"name\":\"LAVANDIN GROSSO\"}]},{\"@type\":\"WebSite\",\"@id\":\"https:\/\/www.laboratoire-helpac.com\/en\/#website\",\"url\":\"https:\/\/www.laboratoire-helpac.com\/en\/\",\"name\":\"HELPAC\",\"description\":\"\",\"publisher\":{\"@id\":\"https:\/\/www.laboratoire-helpac.com\/en\/#organization\"},\"potentialAction\":[{\"@type\":\"SearchAction\",\"target\":{\"@type\":\"EntryPoint\",\"urlTemplate\":\"https:\/\/www.laboratoire-helpac.com\/en\/?s={search_term_string}\"},\"query-input\":{\"@type\":\"PropertyValueSpecification\",\"valueRequired\":true,\"valueName\":\"search_term_string\"}}],\"inLanguage\":\"en-US\"},{\"@type\":\"Organization\",\"@id\":\"https:\/\/www.laboratoire-helpac.com\/en\/#organization\",\"name\":\"Helpac\",\"url\":\"https:\/\/www.laboratoire-helpac.com\/en\/\",\"logo\":{\"@type\":\"ImageObject\",\"inLanguage\":\"en-US\",\"@id\":\"https:\/\/www.laboratoire-helpac.com\/en\/#\/schema\/logo\/image\/\",\"url\":\"https:\/\/dev.fizzbuzz.fr\/helpac\/wp-content\/uploads\/2023\/05\/Logo-Helpac.jpg\",\"contentUrl\":\"https:\/\/dev.fizzbuzz.fr\/helpac\/wp-content\/uploads\/2023\/05\/Logo-Helpac.jpg\",\"width\":200,\"height\":200,\"caption\":\"Helpac\"},\"image\":{\"@id\":\"https:\/\/www.laboratoire-helpac.com\/en\/#\/schema\/logo\/image\/\"},\"sameAs\":[\"https:\/\/www.linkedin.com\/company\/helpac\/\"]}]}<\/script>\n<!-- \/ Yoast SEO plugin. -->","yoast_head_json":{"title":"Essential oil Coarse (France) | HELPAC","description":"Ses fleurs ont une couleur plus soutenue que celles du Lavandin super et son huile essentielle est un peu plus riche en camphre. Il en r\u00e9sulte un parfum plus persistant en hygi\u00e8ne et entretien (savons, lessives\u2026). L\u2019huile essentielle de Lavandin grosso est \u00e9galement \u00e0 privil\u00e9gier pour les soins de la sph\u00e8re musculaire et articulaire.","robots":{"index":"index","follow":"follow","max-snippet":"max-snippet:-1","max-image-preview":"max-image-preview:large","max-video-preview":"max-video-preview:-1"},"canonical":"https:\/\/www.laboratoire-helpac.com\/en\/p\/lavandin-grosso\/","og_locale":"en_US","og_type":"article","og_title":"Essential oil Coarse (France) | HELPAC","og_description":"Ses fleurs ont une couleur plus soutenue que celles du Lavandin super et son huile essentielle est un peu plus riche en camphre. Il en r\u00e9sulte un parfum plus persistant en hygi\u00e8ne et entretien (savons, lessives\u2026). L\u2019huile essentielle de Lavandin grosso est \u00e9galement \u00e0 privil\u00e9gier pour les soins de la sph\u00e8re musculaire et articulaire.","og_url":"https:\/\/www.laboratoire-helpac.com\/en\/p\/lavandin-grosso\/","og_site_name":"HELPAC","article_modified_time":"2023-11-29T18:38:50+00:00","og_image":[{"width":1280,"height":1280,"url":"https:\/\/www.laboratoire-helpac.com\/wp-content\/uploads\/2023\/09\/HE_LAVANDINGROSSO-EN-1.png","type":"image\/png"}],"twitter_card":"summary_large_image","schema":{"@context":"https:\/\/schema.org","@graph":[{"@type":"WebPage","@id":"https:\/\/www.laboratoire-helpac.com\/en\/p\/lavandin-grosso\/","url":"https:\/\/www.laboratoire-helpac.com\/en\/p\/lavandin-grosso\/","name":"Essential oil Coarse (France) | HELPAC","isPartOf":{"@id":"https:\/\/www.laboratoire-helpac.com\/en\/#website"},"primaryImageOfPage":{"@id":"https:\/\/www.laboratoire-helpac.com\/en\/p\/lavandin-grosso\/#primaryimage"},"image":{"@id":"https:\/\/www.laboratoire-helpac.com\/en\/p\/lavandin-grosso\/#primaryimage"},"thumbnailUrl":"https:\/\/www.laboratoire-helpac.com\/wp-content\/uploads\/2023\/09\/HE_LAVANDINGROSSO-EN-1.png","datePublished":"2023-07-30T14:56:40+00:00","dateModified":"2023-11-29T18:38:50+00:00","description":"Ses fleurs ont une couleur plus soutenue que celles du Lavandin super et son huile essentielle est un peu plus riche en camphre. Il en r\u00e9sulte un parfum plus persistant en hygi\u00e8ne et entretien (savons, lessives\u2026). L\u2019huile essentielle de Lavandin grosso est \u00e9galement \u00e0 privil\u00e9gier pour les soins de la sph\u00e8re musculaire et articulaire.","breadcrumb":{"@id":"https:\/\/www.laboratoire-helpac.com\/en\/p\/lavandin-grosso\/#breadcrumb"},"inLanguage":"en-US","potentialAction":[{"@type":"ReadAction","target":["https:\/\/www.laboratoire-helpac.com\/en\/p\/lavandin-grosso\/"]}]},{"@type":"ImageObject","inLanguage":"en-US","@id":"https:\/\/www.laboratoire-helpac.com\/en\/p\/lavandin-grosso\/#primaryimage","url":"https:\/\/www.laboratoire-helpac.com\/wp-content\/uploads\/2023\/09\/HE_LAVANDINGROSSO-EN-1.png","contentUrl":"https:\/\/www.laboratoire-helpac.com\/wp-content\/uploads\/2023\/09\/HE_LAVANDINGROSSO-EN-1.png","width":1280,"height":1280,"caption":"Essential oil Coarse (France) wholesaler"},{"@type":"BreadcrumbList","@id":"https:\/\/www.laboratoire-helpac.com\/en\/p\/lavandin-grosso\/#breadcrumb","itemListElement":[{"@type":"ListItem","position":1,"name":"Accueil","item":"https:\/\/www.laboratoire-helpac.com\/en\/"},{"@type":"ListItem","position":2,"name":"Our ingredients","item":"https:\/\/www.laboratoire-helpac.com\/en\/products\/"},{"@type":"ListItem","position":3,"name":"LAVANDIN GROSSO"}]},{"@type":"WebSite","@id":"https:\/\/www.laboratoire-helpac.com\/en\/#website","url":"https:\/\/www.laboratoire-helpac.com\/en\/","name":"HELPAC","description":"","publisher":{"@id":"https:\/\/www.laboratoire-helpac.com\/en\/#organization"},"potentialAction":[{"@type":"SearchAction","target":{"@type":"EntryPoint","urlTemplate":"https:\/\/www.laboratoire-helpac.com\/en\/?s={search_term_string}"},"query-input":{"@type":"PropertyValueSpecification","valueRequired":true,"valueName":"search_term_string"}}],"inLanguage":"en-US"},{"@type":"Organization","@id":"https:\/\/www.laboratoire-helpac.com\/en\/#organization","name":"Helpac","url":"https:\/\/www.laboratoire-helpac.com\/en\/","logo":{"@type":"ImageObject","inLanguage":"en-US","@id":"https:\/\/www.laboratoire-helpac.com\/en\/#\/schema\/logo\/image\/","url":"https:\/\/dev.fizzbuzz.fr\/helpac\/wp-content\/uploads\/2023\/05\/Logo-Helpac.jpg","contentUrl":"https:\/\/dev.fizzbuzz.fr\/helpac\/wp-content\/uploads\/2023\/05\/Logo-Helpac.jpg","width":200,"height":200,"caption":"Helpac"},"image":{"@id":"https:\/\/www.laboratoire-helpac.com\/en\/#\/schema\/logo\/image\/"},"sameAs":["https:\/\/www.linkedin.com\/company\/helpac\/"]}]}},"_links":{"self":[{"href":"https:\/\/www.laboratoire-helpac.com\/en\/wp-json\/wp\/v2\/product\/5198","targetHints":{"allow":["GET"]}}],"collection":[{"href":"https:\/\/www.laboratoire-helpac.com\/en\/wp-json\/wp\/v2\/product"}],"about":[{"href":"https:\/\/www.laboratoire-helpac.com\/en\/wp-json\/wp\/v2\/types\/product"}],"wp:featuredmedia":[{"embeddable":true,"href":"https:\/\/www.laboratoire-helpac.com\/en\/wp-json\/wp\/v2\/media\/6881"}],"wp:attachment":[{"href":"https:\/\/www.laboratoire-helpac.com\/en\/wp-json\/wp\/v2\/media?parent=5198"}],"wp:term":[{"taxonomy":"product_cat","embeddable":true,"href":"https:\/\/www.laboratoire-helpac.com\/en\/wp-json\/wp\/v2\/product_cat?post=5198"},{"taxonomy":"product_tag","embeddable":true,"href":"https:\/\/www.laboratoire-helpac.com\/en\/wp-json\/wp\/v2\/product_tag?post=5198"}],"curies":[{"name":"wp","href":"https:\/\/api.w.org\/{rel}","templated":true}]}}