{"id":5195,"date":"2023-07-30T16:56:40","date_gmt":"2023-07-30T14:56:40","guid":{"rendered":"http:\/\/localhost\/wordpress\/produit\/true-lavender-bulgaria-2\/"},"modified":"2023-11-29T19:38:49","modified_gmt":"2023-11-29T18:38:49","slug":"true-lavender-from-bulgaria-2","status":"publish","type":"product","link":"https:\/\/www.laboratoire-helpac.com\/en\/p\/true-lavender-from-bulgaria-2\/","title":{"rendered":"TRUE LAVENDER FROM BULGARIA"},"content":{"rendered":"<p>True Lavender essential oil from Bulgaria is distinguished above all by its fragrance: herbaceous, floral and fresh, it is fine but can differ according to the vintage &#8211; an essential oil to smell and compare! IT can also be used for food flavouring, cosmetics, well-being.<\/p>\n","protected":false},"excerpt":{"rendered":"<p>True Lavender essential oil from Bulgaria is distinguished above all by its fragrance: herbaceous, floral and fresh, it is fine but can differ according to the vintage &#8211; an essential oil to smell and compare! IT can also be used for food flavouring, cosmetics, well-being.<\/p>\n","protected":false},"featured_media":6878,"template":"","meta":[],"product_cat":[390,451,452,456],"product_tag":[],"class_list":{"0":"post-5195","1":"product","2":"type-product","3":"status-publish","4":"has-post-thumbnail","6":"product_cat-essential-oils","7":"product_cat-aromatherapy-wholesaler-essential-oil","8":"product_cat-bulk-essential-oils-aromatherapy-wholesaler-essential-oil","9":"product_cat-lavender-essential-oils-essential-oil","10":"pa_certifications-conventional","11":"pa_origines-europe-en","12":"pa_usages-cosmetic","13":"pa_usages-diffusion-en","14":"pa_usages-food","15":"pa_usages-perfumery","17":"first","18":"instock","19":"purchasable","20":"product-type-simple"},"acf":[],"yoast_head":"<!-- This site is optimized with the Yoast SEO plugin v23.9 - https:\/\/yoast.com\/wordpress\/plugins\/seo\/ -->\n<title>Essential oil True lavender Bulgaria (Bulgaria) | HELPAC<\/title>\n<meta name=\"description\" content=\"L\u2019huile essentielle de Lavande vraie bio de Bulgarie s\u2019en distingue avant tout par son parfum : herbac\u00e9, floral et frais, il est tout aussi fin mais peut diff\u00e9rer selon les mill\u00e9simes \u2013 une huile essentielle \u00e0 sentir et \u00e0 comparer ! Les autres applications (ar\u00f4me alimentaire, cosm\u00e9tique, bien-\u00eatre) sont les m\u00eames.\" \/>\n<meta name=\"robots\" content=\"index, follow, max-snippet:-1, max-image-preview:large, max-video-preview:-1\" \/>\n<link rel=\"canonical\" href=\"https:\/\/www.laboratoire-helpac.com\/en\/p\/true-lavender-from-bulgaria-2\/\" \/>\n<meta property=\"og:locale\" content=\"en_US\" \/>\n<meta property=\"og:type\" content=\"article\" \/>\n<meta property=\"og:title\" content=\"Essential oil True lavender Bulgaria (Bulgaria) | HELPAC\" \/>\n<meta property=\"og:description\" content=\"L\u2019huile essentielle de Lavande vraie bio de Bulgarie s\u2019en distingue avant tout par son parfum : herbac\u00e9, floral et frais, il est tout aussi fin mais peut diff\u00e9rer selon les mill\u00e9simes \u2013 une huile essentielle \u00e0 sentir et \u00e0 comparer ! Les autres applications (ar\u00f4me alimentaire, cosm\u00e9tique, bien-\u00eatre) sont les m\u00eames.\" \/>\n<meta property=\"og:url\" content=\"https:\/\/www.laboratoire-helpac.com\/en\/p\/true-lavender-from-bulgaria-2\/\" \/>\n<meta property=\"og:site_name\" content=\"HELPAC\" \/>\n<meta property=\"article:modified_time\" content=\"2023-11-29T18:38:49+00:00\" \/>\n<meta property=\"og:image\" content=\"https:\/\/www.laboratoire-helpac.com\/wp-content\/uploads\/2023\/09\/HE_LAVENDERTRUE-EN-7.png\" \/>\n\t<meta property=\"og:image:width\" content=\"1280\" \/>\n\t<meta property=\"og:image:height\" content=\"1280\" \/>\n\t<meta property=\"og:image:type\" content=\"image\/png\" \/>\n<meta name=\"twitter:card\" content=\"summary_large_image\" \/>\n<script type=\"application\/ld+json\" class=\"yoast-schema-graph\">{\"@context\":\"https:\/\/schema.org\",\"@graph\":[{\"@type\":\"WebPage\",\"@id\":\"https:\/\/www.laboratoire-helpac.com\/en\/p\/true-lavender-from-bulgaria-2\/\",\"url\":\"https:\/\/www.laboratoire-helpac.com\/en\/p\/true-lavender-from-bulgaria-2\/\",\"name\":\"Essential oil True lavender Bulgaria (Bulgaria) | HELPAC\",\"isPartOf\":{\"@id\":\"https:\/\/www.laboratoire-helpac.com\/en\/#website\"},\"primaryImageOfPage\":{\"@id\":\"https:\/\/www.laboratoire-helpac.com\/en\/p\/true-lavender-from-bulgaria-2\/#primaryimage\"},\"image\":{\"@id\":\"https:\/\/www.laboratoire-helpac.com\/en\/p\/true-lavender-from-bulgaria-2\/#primaryimage\"},\"thumbnailUrl\":\"https:\/\/www.laboratoire-helpac.com\/wp-content\/uploads\/2023\/09\/HE_LAVENDERTRUE-EN-7.png\",\"datePublished\":\"2023-07-30T14:56:40+00:00\",\"dateModified\":\"2023-11-29T18:38:49+00:00\",\"description\":\"L\u2019huile essentielle de Lavande vraie bio de Bulgarie s\u2019en distingue avant tout par son parfum : herbac\u00e9, floral et frais, il est tout aussi fin mais peut diff\u00e9rer selon les mill\u00e9simes \u2013 une huile essentielle \u00e0 sentir et \u00e0 comparer ! Les autres applications (ar\u00f4me alimentaire, cosm\u00e9tique, bien-\u00eatre) sont les m\u00eames.\",\"breadcrumb\":{\"@id\":\"https:\/\/www.laboratoire-helpac.com\/en\/p\/true-lavender-from-bulgaria-2\/#breadcrumb\"},\"inLanguage\":\"en-US\",\"potentialAction\":[{\"@type\":\"ReadAction\",\"target\":[\"https:\/\/www.laboratoire-helpac.com\/en\/p\/true-lavender-from-bulgaria-2\/\"]}]},{\"@type\":\"ImageObject\",\"inLanguage\":\"en-US\",\"@id\":\"https:\/\/www.laboratoire-helpac.com\/en\/p\/true-lavender-from-bulgaria-2\/#primaryimage\",\"url\":\"https:\/\/www.laboratoire-helpac.com\/wp-content\/uploads\/2023\/09\/HE_LAVENDERTRUE-EN-7.png\",\"contentUrl\":\"https:\/\/www.laboratoire-helpac.com\/wp-content\/uploads\/2023\/09\/HE_LAVENDERTRUE-EN-7.png\",\"width\":1280,\"height\":1280,\"caption\":\"Essential oil True lavender Bulgaria (Bulgaria) wholesaler\"},{\"@type\":\"BreadcrumbList\",\"@id\":\"https:\/\/www.laboratoire-helpac.com\/en\/p\/true-lavender-from-bulgaria-2\/#breadcrumb\",\"itemListElement\":[{\"@type\":\"ListItem\",\"position\":1,\"name\":\"Accueil\",\"item\":\"https:\/\/www.laboratoire-helpac.com\/en\/\"},{\"@type\":\"ListItem\",\"position\":2,\"name\":\"Our ingredients\",\"item\":\"https:\/\/www.laboratoire-helpac.com\/en\/products\/\"},{\"@type\":\"ListItem\",\"position\":3,\"name\":\"TRUE LAVENDER FROM BULGARIA\"}]},{\"@type\":\"WebSite\",\"@id\":\"https:\/\/www.laboratoire-helpac.com\/en\/#website\",\"url\":\"https:\/\/www.laboratoire-helpac.com\/en\/\",\"name\":\"HELPAC\",\"description\":\"\",\"publisher\":{\"@id\":\"https:\/\/www.laboratoire-helpac.com\/en\/#organization\"},\"potentialAction\":[{\"@type\":\"SearchAction\",\"target\":{\"@type\":\"EntryPoint\",\"urlTemplate\":\"https:\/\/www.laboratoire-helpac.com\/en\/?s={search_term_string}\"},\"query-input\":{\"@type\":\"PropertyValueSpecification\",\"valueRequired\":true,\"valueName\":\"search_term_string\"}}],\"inLanguage\":\"en-US\"},{\"@type\":\"Organization\",\"@id\":\"https:\/\/www.laboratoire-helpac.com\/en\/#organization\",\"name\":\"Helpac\",\"url\":\"https:\/\/www.laboratoire-helpac.com\/en\/\",\"logo\":{\"@type\":\"ImageObject\",\"inLanguage\":\"en-US\",\"@id\":\"https:\/\/www.laboratoire-helpac.com\/en\/#\/schema\/logo\/image\/\",\"url\":\"https:\/\/dev.fizzbuzz.fr\/helpac\/wp-content\/uploads\/2023\/05\/Logo-Helpac.jpg\",\"contentUrl\":\"https:\/\/dev.fizzbuzz.fr\/helpac\/wp-content\/uploads\/2023\/05\/Logo-Helpac.jpg\",\"width\":200,\"height\":200,\"caption\":\"Helpac\"},\"image\":{\"@id\":\"https:\/\/www.laboratoire-helpac.com\/en\/#\/schema\/logo\/image\/\"},\"sameAs\":[\"https:\/\/www.linkedin.com\/company\/helpac\/\"]}]}<\/script>\n<!-- \/ Yoast SEO plugin. -->","yoast_head_json":{"title":"Essential oil True lavender Bulgaria (Bulgaria) | HELPAC","description":"L\u2019huile essentielle de Lavande vraie bio de Bulgarie s\u2019en distingue avant tout par son parfum : herbac\u00e9, floral et frais, il est tout aussi fin mais peut diff\u00e9rer selon les mill\u00e9simes \u2013 une huile essentielle \u00e0 sentir et \u00e0 comparer ! Les autres applications (ar\u00f4me alimentaire, cosm\u00e9tique, bien-\u00eatre) sont les m\u00eames.","robots":{"index":"index","follow":"follow","max-snippet":"max-snippet:-1","max-image-preview":"max-image-preview:large","max-video-preview":"max-video-preview:-1"},"canonical":"https:\/\/www.laboratoire-helpac.com\/en\/p\/true-lavender-from-bulgaria-2\/","og_locale":"en_US","og_type":"article","og_title":"Essential oil True lavender Bulgaria (Bulgaria) | HELPAC","og_description":"L\u2019huile essentielle de Lavande vraie bio de Bulgarie s\u2019en distingue avant tout par son parfum : herbac\u00e9, floral et frais, il est tout aussi fin mais peut diff\u00e9rer selon les mill\u00e9simes \u2013 une huile essentielle \u00e0 sentir et \u00e0 comparer ! Les autres applications (ar\u00f4me alimentaire, cosm\u00e9tique, bien-\u00eatre) sont les m\u00eames.","og_url":"https:\/\/www.laboratoire-helpac.com\/en\/p\/true-lavender-from-bulgaria-2\/","og_site_name":"HELPAC","article_modified_time":"2023-11-29T18:38:49+00:00","og_image":[{"width":1280,"height":1280,"url":"https:\/\/www.laboratoire-helpac.com\/wp-content\/uploads\/2023\/09\/HE_LAVENDERTRUE-EN-7.png","type":"image\/png"}],"twitter_card":"summary_large_image","schema":{"@context":"https:\/\/schema.org","@graph":[{"@type":"WebPage","@id":"https:\/\/www.laboratoire-helpac.com\/en\/p\/true-lavender-from-bulgaria-2\/","url":"https:\/\/www.laboratoire-helpac.com\/en\/p\/true-lavender-from-bulgaria-2\/","name":"Essential oil True lavender Bulgaria (Bulgaria) | HELPAC","isPartOf":{"@id":"https:\/\/www.laboratoire-helpac.com\/en\/#website"},"primaryImageOfPage":{"@id":"https:\/\/www.laboratoire-helpac.com\/en\/p\/true-lavender-from-bulgaria-2\/#primaryimage"},"image":{"@id":"https:\/\/www.laboratoire-helpac.com\/en\/p\/true-lavender-from-bulgaria-2\/#primaryimage"},"thumbnailUrl":"https:\/\/www.laboratoire-helpac.com\/wp-content\/uploads\/2023\/09\/HE_LAVENDERTRUE-EN-7.png","datePublished":"2023-07-30T14:56:40+00:00","dateModified":"2023-11-29T18:38:49+00:00","description":"L\u2019huile essentielle de Lavande vraie bio de Bulgarie s\u2019en distingue avant tout par son parfum : herbac\u00e9, floral et frais, il est tout aussi fin mais peut diff\u00e9rer selon les mill\u00e9simes \u2013 une huile essentielle \u00e0 sentir et \u00e0 comparer ! Les autres applications (ar\u00f4me alimentaire, cosm\u00e9tique, bien-\u00eatre) sont les m\u00eames.","breadcrumb":{"@id":"https:\/\/www.laboratoire-helpac.com\/en\/p\/true-lavender-from-bulgaria-2\/#breadcrumb"},"inLanguage":"en-US","potentialAction":[{"@type":"ReadAction","target":["https:\/\/www.laboratoire-helpac.com\/en\/p\/true-lavender-from-bulgaria-2\/"]}]},{"@type":"ImageObject","inLanguage":"en-US","@id":"https:\/\/www.laboratoire-helpac.com\/en\/p\/true-lavender-from-bulgaria-2\/#primaryimage","url":"https:\/\/www.laboratoire-helpac.com\/wp-content\/uploads\/2023\/09\/HE_LAVENDERTRUE-EN-7.png","contentUrl":"https:\/\/www.laboratoire-helpac.com\/wp-content\/uploads\/2023\/09\/HE_LAVENDERTRUE-EN-7.png","width":1280,"height":1280,"caption":"Essential oil True lavender Bulgaria (Bulgaria) wholesaler"},{"@type":"BreadcrumbList","@id":"https:\/\/www.laboratoire-helpac.com\/en\/p\/true-lavender-from-bulgaria-2\/#breadcrumb","itemListElement":[{"@type":"ListItem","position":1,"name":"Accueil","item":"https:\/\/www.laboratoire-helpac.com\/en\/"},{"@type":"ListItem","position":2,"name":"Our ingredients","item":"https:\/\/www.laboratoire-helpac.com\/en\/products\/"},{"@type":"ListItem","position":3,"name":"TRUE LAVENDER FROM BULGARIA"}]},{"@type":"WebSite","@id":"https:\/\/www.laboratoire-helpac.com\/en\/#website","url":"https:\/\/www.laboratoire-helpac.com\/en\/","name":"HELPAC","description":"","publisher":{"@id":"https:\/\/www.laboratoire-helpac.com\/en\/#organization"},"potentialAction":[{"@type":"SearchAction","target":{"@type":"EntryPoint","urlTemplate":"https:\/\/www.laboratoire-helpac.com\/en\/?s={search_term_string}"},"query-input":{"@type":"PropertyValueSpecification","valueRequired":true,"valueName":"search_term_string"}}],"inLanguage":"en-US"},{"@type":"Organization","@id":"https:\/\/www.laboratoire-helpac.com\/en\/#organization","name":"Helpac","url":"https:\/\/www.laboratoire-helpac.com\/en\/","logo":{"@type":"ImageObject","inLanguage":"en-US","@id":"https:\/\/www.laboratoire-helpac.com\/en\/#\/schema\/logo\/image\/","url":"https:\/\/dev.fizzbuzz.fr\/helpac\/wp-content\/uploads\/2023\/05\/Logo-Helpac.jpg","contentUrl":"https:\/\/dev.fizzbuzz.fr\/helpac\/wp-content\/uploads\/2023\/05\/Logo-Helpac.jpg","width":200,"height":200,"caption":"Helpac"},"image":{"@id":"https:\/\/www.laboratoire-helpac.com\/en\/#\/schema\/logo\/image\/"},"sameAs":["https:\/\/www.linkedin.com\/company\/helpac\/"]}]}},"_links":{"self":[{"href":"https:\/\/www.laboratoire-helpac.com\/en\/wp-json\/wp\/v2\/product\/5195","targetHints":{"allow":["GET"]}}],"collection":[{"href":"https:\/\/www.laboratoire-helpac.com\/en\/wp-json\/wp\/v2\/product"}],"about":[{"href":"https:\/\/www.laboratoire-helpac.com\/en\/wp-json\/wp\/v2\/types\/product"}],"wp:featuredmedia":[{"embeddable":true,"href":"https:\/\/www.laboratoire-helpac.com\/en\/wp-json\/wp\/v2\/media\/6878"}],"wp:attachment":[{"href":"https:\/\/www.laboratoire-helpac.com\/en\/wp-json\/wp\/v2\/media?parent=5195"}],"wp:term":[{"taxonomy":"product_cat","embeddable":true,"href":"https:\/\/www.laboratoire-helpac.com\/en\/wp-json\/wp\/v2\/product_cat?post=5195"},{"taxonomy":"product_tag","embeddable":true,"href":"https:\/\/www.laboratoire-helpac.com\/en\/wp-json\/wp\/v2\/product_tag?post=5195"}],"curies":[{"name":"wp","href":"https:\/\/api.w.org\/{rel}","templated":true}]}}