{"id":5187,"date":"2023-07-30T16:56:32","date_gmt":"2023-07-30T14:56:32","guid":{"rendered":"http:\/\/localhost\/wordpress\/produit\/organic-mallet-lavender\/"},"modified":"2023-11-29T19:38:45","modified_gmt":"2023-11-29T18:38:45","slug":"lavender-maillette-organic","status":"publish","type":"product","link":"https:\/\/www.laboratoire-helpac.com\/en\/p\/lavender-maillette-organic\/","title":{"rendered":"LAVENDER MAILLETTE ORGANIC"},"content":{"rendered":"<p>Produced by taking cuttings from Fine Lavender, Maillette Lavender has an essential oil rich in linalool, linalyl acetate and beta-caryophyllene, with floral and herbaceous notes and slightly minty camphor accents, which are fresher than those of Fine Lavender and particularly pleasant for air diffusion. Its applications (cosmetic, food and therapeutic) are the same as those of other Lavenders &#8211; an essential oil  to inhale before making a choice!<\/p>\n","protected":false},"excerpt":{"rendered":"<p>Produced by taking cuttings from Fine Lavender, Maillette Lavender has an essential oil rich in linalool, linalyl acetate and beta-caryophyllene, with floral and herbaceous notes and slightly minty camphor accents, which are fresher than those of Fine Lavender and particularly pleasant for air diffusion. Its applications (cosmetic, food and therapeutic) are the same as those [&hellip;]<\/p>\n","protected":false},"featured_media":9411,"template":"","meta":[],"product_cat":[390,451,452,456],"product_tag":[],"class_list":{"0":"post-5187","1":"product","2":"type-product","3":"status-publish","4":"has-post-thumbnail","6":"product_cat-essential-oils","7":"product_cat-aromatherapy-wholesaler-essential-oil","8":"product_cat-bulk-essential-oils-aromatherapy-wholesaler-essential-oil","9":"product_cat-lavender-essential-oils-essential-oil","10":"pa_certifications-organic","11":"pa_origines-france-en","12":"pa_usages-cosmetic","13":"pa_usages-diffusion-en","14":"pa_usages-food","15":"pa_usages-perfumery","17":"first","18":"instock","19":"purchasable","20":"product-type-simple"},"acf":[],"yoast_head":"<!-- This site is optimized with the Yoast SEO plugin v23.9 - https:\/\/yoast.com\/wordpress\/plugins\/seo\/ -->\n<title>Essential oil Organic mallet lavender (France) | HELPAC<\/title>\n<meta name=\"description\" content=\"Produite par bouturage de la Lavande fine, la Lavande maillette poss\u00e8de une huile essentielle riche en linalol, ac\u00e9tate de linalyle et b\u00e9ta-caryophyll\u00e8ne aux notes fleuries et herbac\u00e9es avec des accents de camphre l\u00e9g\u00e8rement menthol\u00e9 qui sont plus fraiches que celles de la Lavande fine et particuli\u00e8rement agr\u00e9able en diffusion. Les applications (cosm\u00e9tiques, alimentaires et th\u00e9rapeutiques) sont les m\u00eames que celles des autre Lavandes \u2013 une huile essentielle \u00e0 renifler avant de choisir !\" \/>\n<meta name=\"robots\" content=\"index, follow, max-snippet:-1, max-image-preview:large, max-video-preview:-1\" \/>\n<link rel=\"canonical\" href=\"https:\/\/www.laboratoire-helpac.com\/en\/p\/lavender-maillette-organic\/\" \/>\n<meta property=\"og:locale\" content=\"en_US\" \/>\n<meta property=\"og:type\" content=\"article\" \/>\n<meta property=\"og:title\" content=\"Essential oil Organic mallet lavender (France) | HELPAC\" \/>\n<meta property=\"og:description\" content=\"Produite par bouturage de la Lavande fine, la Lavande maillette poss\u00e8de une huile essentielle riche en linalol, ac\u00e9tate de linalyle et b\u00e9ta-caryophyll\u00e8ne aux notes fleuries et herbac\u00e9es avec des accents de camphre l\u00e9g\u00e8rement menthol\u00e9 qui sont plus fraiches que celles de la Lavande fine et particuli\u00e8rement agr\u00e9able en diffusion. Les applications (cosm\u00e9tiques, alimentaires et th\u00e9rapeutiques) sont les m\u00eames que celles des autre Lavandes \u2013 une huile essentielle \u00e0 renifler avant de choisir !\" \/>\n<meta property=\"og:url\" content=\"https:\/\/www.laboratoire-helpac.com\/en\/p\/lavender-maillette-organic\/\" \/>\n<meta property=\"og:site_name\" content=\"HELPAC\" \/>\n<meta property=\"article:modified_time\" content=\"2023-11-29T18:38:45+00:00\" \/>\n<meta property=\"og:image\" content=\"https:\/\/www.laboratoire-helpac.com\/wp-content\/uploads\/2023\/11\/HE_LAVENDERMAILLETTE-EN.png\" \/>\n\t<meta property=\"og:image:width\" content=\"1000\" \/>\n\t<meta property=\"og:image:height\" content=\"1000\" \/>\n\t<meta property=\"og:image:type\" content=\"image\/png\" \/>\n<meta name=\"twitter:card\" content=\"summary_large_image\" \/>\n<script type=\"application\/ld+json\" class=\"yoast-schema-graph\">{\"@context\":\"https:\/\/schema.org\",\"@graph\":[{\"@type\":\"WebPage\",\"@id\":\"https:\/\/www.laboratoire-helpac.com\/en\/p\/lavender-maillette-organic\/\",\"url\":\"https:\/\/www.laboratoire-helpac.com\/en\/p\/lavender-maillette-organic\/\",\"name\":\"Essential oil Organic mallet lavender (France) | HELPAC\",\"isPartOf\":{\"@id\":\"https:\/\/www.laboratoire-helpac.com\/en\/#website\"},\"primaryImageOfPage\":{\"@id\":\"https:\/\/www.laboratoire-helpac.com\/en\/p\/lavender-maillette-organic\/#primaryimage\"},\"image\":{\"@id\":\"https:\/\/www.laboratoire-helpac.com\/en\/p\/lavender-maillette-organic\/#primaryimage\"},\"thumbnailUrl\":\"https:\/\/www.laboratoire-helpac.com\/wp-content\/uploads\/2023\/11\/HE_LAVENDERMAILLETTE-EN.png\",\"datePublished\":\"2023-07-30T14:56:32+00:00\",\"dateModified\":\"2023-11-29T18:38:45+00:00\",\"description\":\"Produite par bouturage de la Lavande fine, la Lavande maillette poss\u00e8de une huile essentielle riche en linalol, ac\u00e9tate de linalyle et b\u00e9ta-caryophyll\u00e8ne aux notes fleuries et herbac\u00e9es avec des accents de camphre l\u00e9g\u00e8rement menthol\u00e9 qui sont plus fraiches que celles de la Lavande fine et particuli\u00e8rement agr\u00e9able en diffusion. Les applications (cosm\u00e9tiques, alimentaires et th\u00e9rapeutiques) sont les m\u00eames que celles des autre Lavandes \u2013 une huile essentielle \u00e0 renifler avant de choisir !\",\"breadcrumb\":{\"@id\":\"https:\/\/www.laboratoire-helpac.com\/en\/p\/lavender-maillette-organic\/#breadcrumb\"},\"inLanguage\":\"en-US\",\"potentialAction\":[{\"@type\":\"ReadAction\",\"target\":[\"https:\/\/www.laboratoire-helpac.com\/en\/p\/lavender-maillette-organic\/\"]}]},{\"@type\":\"ImageObject\",\"inLanguage\":\"en-US\",\"@id\":\"https:\/\/www.laboratoire-helpac.com\/en\/p\/lavender-maillette-organic\/#primaryimage\",\"url\":\"https:\/\/www.laboratoire-helpac.com\/wp-content\/uploads\/2023\/11\/HE_LAVENDERMAILLETTE-EN.png\",\"contentUrl\":\"https:\/\/www.laboratoire-helpac.com\/wp-content\/uploads\/2023\/11\/HE_LAVENDERMAILLETTE-EN.png\",\"width\":1000,\"height\":1000,\"caption\":\"Essential oil Lavender Maillette Organic (France) wholesaler\"},{\"@type\":\"BreadcrumbList\",\"@id\":\"https:\/\/www.laboratoire-helpac.com\/en\/p\/lavender-maillette-organic\/#breadcrumb\",\"itemListElement\":[{\"@type\":\"ListItem\",\"position\":1,\"name\":\"Accueil\",\"item\":\"https:\/\/www.laboratoire-helpac.com\/en\/\"},{\"@type\":\"ListItem\",\"position\":2,\"name\":\"Our ingredients\",\"item\":\"https:\/\/www.laboratoire-helpac.com\/en\/products\/\"},{\"@type\":\"ListItem\",\"position\":3,\"name\":\"LAVENDER MAILLETTE ORGANIC\"}]},{\"@type\":\"WebSite\",\"@id\":\"https:\/\/www.laboratoire-helpac.com\/en\/#website\",\"url\":\"https:\/\/www.laboratoire-helpac.com\/en\/\",\"name\":\"HELPAC\",\"description\":\"\",\"publisher\":{\"@id\":\"https:\/\/www.laboratoire-helpac.com\/en\/#organization\"},\"potentialAction\":[{\"@type\":\"SearchAction\",\"target\":{\"@type\":\"EntryPoint\",\"urlTemplate\":\"https:\/\/www.laboratoire-helpac.com\/en\/?s={search_term_string}\"},\"query-input\":{\"@type\":\"PropertyValueSpecification\",\"valueRequired\":true,\"valueName\":\"search_term_string\"}}],\"inLanguage\":\"en-US\"},{\"@type\":\"Organization\",\"@id\":\"https:\/\/www.laboratoire-helpac.com\/en\/#organization\",\"name\":\"Helpac\",\"url\":\"https:\/\/www.laboratoire-helpac.com\/en\/\",\"logo\":{\"@type\":\"ImageObject\",\"inLanguage\":\"en-US\",\"@id\":\"https:\/\/www.laboratoire-helpac.com\/en\/#\/schema\/logo\/image\/\",\"url\":\"https:\/\/dev.fizzbuzz.fr\/helpac\/wp-content\/uploads\/2023\/05\/Logo-Helpac.jpg\",\"contentUrl\":\"https:\/\/dev.fizzbuzz.fr\/helpac\/wp-content\/uploads\/2023\/05\/Logo-Helpac.jpg\",\"width\":200,\"height\":200,\"caption\":\"Helpac\"},\"image\":{\"@id\":\"https:\/\/www.laboratoire-helpac.com\/en\/#\/schema\/logo\/image\/\"},\"sameAs\":[\"https:\/\/www.linkedin.com\/company\/helpac\/\"]}]}<\/script>\n<!-- \/ Yoast SEO plugin. -->","yoast_head_json":{"title":"Essential oil Organic mallet lavender (France) | HELPAC","description":"Produite par bouturage de la Lavande fine, la Lavande maillette poss\u00e8de une huile essentielle riche en linalol, ac\u00e9tate de linalyle et b\u00e9ta-caryophyll\u00e8ne aux notes fleuries et herbac\u00e9es avec des accents de camphre l\u00e9g\u00e8rement menthol\u00e9 qui sont plus fraiches que celles de la Lavande fine et particuli\u00e8rement agr\u00e9able en diffusion. Les applications (cosm\u00e9tiques, alimentaires et th\u00e9rapeutiques) sont les m\u00eames que celles des autre Lavandes \u2013 une huile essentielle \u00e0 renifler avant de choisir !","robots":{"index":"index","follow":"follow","max-snippet":"max-snippet:-1","max-image-preview":"max-image-preview:large","max-video-preview":"max-video-preview:-1"},"canonical":"https:\/\/www.laboratoire-helpac.com\/en\/p\/lavender-maillette-organic\/","og_locale":"en_US","og_type":"article","og_title":"Essential oil Organic mallet lavender (France) | HELPAC","og_description":"Produite par bouturage de la Lavande fine, la Lavande maillette poss\u00e8de une huile essentielle riche en linalol, ac\u00e9tate de linalyle et b\u00e9ta-caryophyll\u00e8ne aux notes fleuries et herbac\u00e9es avec des accents de camphre l\u00e9g\u00e8rement menthol\u00e9 qui sont plus fraiches que celles de la Lavande fine et particuli\u00e8rement agr\u00e9able en diffusion. Les applications (cosm\u00e9tiques, alimentaires et th\u00e9rapeutiques) sont les m\u00eames que celles des autre Lavandes \u2013 une huile essentielle \u00e0 renifler avant de choisir !","og_url":"https:\/\/www.laboratoire-helpac.com\/en\/p\/lavender-maillette-organic\/","og_site_name":"HELPAC","article_modified_time":"2023-11-29T18:38:45+00:00","og_image":[{"width":1000,"height":1000,"url":"https:\/\/www.laboratoire-helpac.com\/wp-content\/uploads\/2023\/11\/HE_LAVENDERMAILLETTE-EN.png","type":"image\/png"}],"twitter_card":"summary_large_image","schema":{"@context":"https:\/\/schema.org","@graph":[{"@type":"WebPage","@id":"https:\/\/www.laboratoire-helpac.com\/en\/p\/lavender-maillette-organic\/","url":"https:\/\/www.laboratoire-helpac.com\/en\/p\/lavender-maillette-organic\/","name":"Essential oil Organic mallet lavender (France) | HELPAC","isPartOf":{"@id":"https:\/\/www.laboratoire-helpac.com\/en\/#website"},"primaryImageOfPage":{"@id":"https:\/\/www.laboratoire-helpac.com\/en\/p\/lavender-maillette-organic\/#primaryimage"},"image":{"@id":"https:\/\/www.laboratoire-helpac.com\/en\/p\/lavender-maillette-organic\/#primaryimage"},"thumbnailUrl":"https:\/\/www.laboratoire-helpac.com\/wp-content\/uploads\/2023\/11\/HE_LAVENDERMAILLETTE-EN.png","datePublished":"2023-07-30T14:56:32+00:00","dateModified":"2023-11-29T18:38:45+00:00","description":"Produite par bouturage de la Lavande fine, la Lavande maillette poss\u00e8de une huile essentielle riche en linalol, ac\u00e9tate de linalyle et b\u00e9ta-caryophyll\u00e8ne aux notes fleuries et herbac\u00e9es avec des accents de camphre l\u00e9g\u00e8rement menthol\u00e9 qui sont plus fraiches que celles de la Lavande fine et particuli\u00e8rement agr\u00e9able en diffusion. Les applications (cosm\u00e9tiques, alimentaires et th\u00e9rapeutiques) sont les m\u00eames que celles des autre Lavandes \u2013 une huile essentielle \u00e0 renifler avant de choisir !","breadcrumb":{"@id":"https:\/\/www.laboratoire-helpac.com\/en\/p\/lavender-maillette-organic\/#breadcrumb"},"inLanguage":"en-US","potentialAction":[{"@type":"ReadAction","target":["https:\/\/www.laboratoire-helpac.com\/en\/p\/lavender-maillette-organic\/"]}]},{"@type":"ImageObject","inLanguage":"en-US","@id":"https:\/\/www.laboratoire-helpac.com\/en\/p\/lavender-maillette-organic\/#primaryimage","url":"https:\/\/www.laboratoire-helpac.com\/wp-content\/uploads\/2023\/11\/HE_LAVENDERMAILLETTE-EN.png","contentUrl":"https:\/\/www.laboratoire-helpac.com\/wp-content\/uploads\/2023\/11\/HE_LAVENDERMAILLETTE-EN.png","width":1000,"height":1000,"caption":"Essential oil Lavender Maillette Organic (France) wholesaler"},{"@type":"BreadcrumbList","@id":"https:\/\/www.laboratoire-helpac.com\/en\/p\/lavender-maillette-organic\/#breadcrumb","itemListElement":[{"@type":"ListItem","position":1,"name":"Accueil","item":"https:\/\/www.laboratoire-helpac.com\/en\/"},{"@type":"ListItem","position":2,"name":"Our ingredients","item":"https:\/\/www.laboratoire-helpac.com\/en\/products\/"},{"@type":"ListItem","position":3,"name":"LAVENDER MAILLETTE ORGANIC"}]},{"@type":"WebSite","@id":"https:\/\/www.laboratoire-helpac.com\/en\/#website","url":"https:\/\/www.laboratoire-helpac.com\/en\/","name":"HELPAC","description":"","publisher":{"@id":"https:\/\/www.laboratoire-helpac.com\/en\/#organization"},"potentialAction":[{"@type":"SearchAction","target":{"@type":"EntryPoint","urlTemplate":"https:\/\/www.laboratoire-helpac.com\/en\/?s={search_term_string}"},"query-input":{"@type":"PropertyValueSpecification","valueRequired":true,"valueName":"search_term_string"}}],"inLanguage":"en-US"},{"@type":"Organization","@id":"https:\/\/www.laboratoire-helpac.com\/en\/#organization","name":"Helpac","url":"https:\/\/www.laboratoire-helpac.com\/en\/","logo":{"@type":"ImageObject","inLanguage":"en-US","@id":"https:\/\/www.laboratoire-helpac.com\/en\/#\/schema\/logo\/image\/","url":"https:\/\/dev.fizzbuzz.fr\/helpac\/wp-content\/uploads\/2023\/05\/Logo-Helpac.jpg","contentUrl":"https:\/\/dev.fizzbuzz.fr\/helpac\/wp-content\/uploads\/2023\/05\/Logo-Helpac.jpg","width":200,"height":200,"caption":"Helpac"},"image":{"@id":"https:\/\/www.laboratoire-helpac.com\/en\/#\/schema\/logo\/image\/"},"sameAs":["https:\/\/www.linkedin.com\/company\/helpac\/"]}]}},"_links":{"self":[{"href":"https:\/\/www.laboratoire-helpac.com\/en\/wp-json\/wp\/v2\/product\/5187","targetHints":{"allow":["GET"]}}],"collection":[{"href":"https:\/\/www.laboratoire-helpac.com\/en\/wp-json\/wp\/v2\/product"}],"about":[{"href":"https:\/\/www.laboratoire-helpac.com\/en\/wp-json\/wp\/v2\/types\/product"}],"wp:featuredmedia":[{"embeddable":true,"href":"https:\/\/www.laboratoire-helpac.com\/en\/wp-json\/wp\/v2\/media\/9411"}],"wp:attachment":[{"href":"https:\/\/www.laboratoire-helpac.com\/en\/wp-json\/wp\/v2\/media?parent=5187"}],"wp:term":[{"taxonomy":"product_cat","embeddable":true,"href":"https:\/\/www.laboratoire-helpac.com\/en\/wp-json\/wp\/v2\/product_cat?post=5187"},{"taxonomy":"product_tag","embeddable":true,"href":"https:\/\/www.laboratoire-helpac.com\/en\/wp-json\/wp\/v2\/product_tag?post=5187"}],"curies":[{"name":"wp","href":"https:\/\/api.w.org\/{rel}","templated":true}]}}