{"id":5179,"date":"2023-07-30T16:56:32","date_gmt":"2023-07-30T14:56:32","guid":{"rendered":"http:\/\/localhost\/wordpress\/produit\/kunzea\/"},"modified":"2023-11-29T19:38:42","modified_gmt":"2023-11-29T18:38:42","slug":"kunzea","status":"publish","type":"product","link":"https:\/\/www.laboratoire-helpac.com\/en\/p\/kunzea\/","title":{"rendered":"KUNZEA"},"content":{"rendered":"<p>Rich in alpha-pinene, 1,8-cineole, viridiflorol, bicyclogermacrene, globulol and calamenene, Kunzea essential oil has a floral, spicy scent that is particularly interesting as a top note &#8211; in energetic aromatherapy, it plays an important role in the acceptance of pain. Antiviral, expectorant, antifungal, anti-inflammatory and antibacterial, it is ideal for use in well-being formulas, as well as for air purification.<\/p>\n","protected":false},"excerpt":{"rendered":"<p>Rich in alpha-pinene, 1,8-cineole, viridiflorol, bicyclogermacrene, globulol and calamenene, Kunzea essential oil has a floral, spicy scent that is particularly interesting as a top note &#8211; in energetic aromatherapy, it plays an important role in the acceptance of pain. Antiviral, expectorant, antifungal, anti-inflammatory and antibacterial, it is ideal for use in well-being formulas, as well [&hellip;]<\/p>\n","protected":false},"featured_media":6862,"template":"","meta":[],"product_cat":[390,451,452],"product_tag":[],"class_list":{"0":"post-5179","1":"product","2":"type-product","3":"status-publish","4":"has-post-thumbnail","6":"product_cat-essential-oils","7":"product_cat-aromatherapy-wholesaler-essential-oil","8":"product_cat-bulk-essential-oils-aromatherapy-wholesaler-essential-oil","9":"pa_certifications-conventional","10":"pa_origines-asia-oceania","11":"pa_usages-cosmetic","12":"pa_usages-diffusion-en","13":"pa_usages-perfumery","15":"first","16":"instock","17":"purchasable","18":"product-type-simple"},"acf":[],"yoast_head":"<!-- This site is optimized with the Yoast SEO plugin v23.9 - https:\/\/yoast.com\/wordpress\/plugins\/seo\/ -->\n<title>Essential oil Kunzea (Australia) | HELPAC<\/title>\n<meta name=\"description\" content=\"Riche en alpha-pin\u00e8ne, 1,8-cin\u00e9ole, viridiflorol, bicyclogermacr\u00e8ne, globulol et calam\u00e9n\u00e8ne, l\u2019huile essentielle de Kunzea poss\u00e8de une odeur florale et \u00e9pic\u00e9e particuli\u00e8rement int\u00e9ressante en note de t\u00eate \u2013 en aromath\u00e9rapie \u00e9nerg\u00e9tique, elle joue un r\u00f4le important dans l\u2019acceptation de la douleur. Antivirale, expectorante, antifongique, anti-inflammatoire et antibact\u00e9rienne, elle est id\u00e9ale dans les formules bien-\u00eatre, mais \u00e9galement en entretien, pour la purification de l\u2019air.\" \/>\n<meta name=\"robots\" content=\"index, follow, max-snippet:-1, max-image-preview:large, max-video-preview:-1\" \/>\n<link rel=\"canonical\" href=\"https:\/\/www.laboratoire-helpac.com\/en\/p\/kunzea\/\" \/>\n<meta property=\"og:locale\" content=\"en_US\" \/>\n<meta property=\"og:type\" content=\"article\" \/>\n<meta property=\"og:title\" content=\"Essential oil Kunzea (Australia) | HELPAC\" \/>\n<meta property=\"og:description\" content=\"Riche en alpha-pin\u00e8ne, 1,8-cin\u00e9ole, viridiflorol, bicyclogermacr\u00e8ne, globulol et calam\u00e9n\u00e8ne, l\u2019huile essentielle de Kunzea poss\u00e8de une odeur florale et \u00e9pic\u00e9e particuli\u00e8rement int\u00e9ressante en note de t\u00eate \u2013 en aromath\u00e9rapie \u00e9nerg\u00e9tique, elle joue un r\u00f4le important dans l\u2019acceptation de la douleur. Antivirale, expectorante, antifongique, anti-inflammatoire et antibact\u00e9rienne, elle est id\u00e9ale dans les formules bien-\u00eatre, mais \u00e9galement en entretien, pour la purification de l\u2019air.\" \/>\n<meta property=\"og:url\" content=\"https:\/\/www.laboratoire-helpac.com\/en\/p\/kunzea\/\" \/>\n<meta property=\"og:site_name\" content=\"HELPAC\" \/>\n<meta property=\"article:modified_time\" content=\"2023-11-29T18:38:42+00:00\" \/>\n<meta property=\"og:image\" content=\"https:\/\/www.laboratoire-helpac.com\/wp-content\/uploads\/2023\/09\/HE_KUNZEA-EN.png\" \/>\n\t<meta property=\"og:image:width\" content=\"1280\" \/>\n\t<meta property=\"og:image:height\" content=\"1280\" \/>\n\t<meta property=\"og:image:type\" content=\"image\/png\" \/>\n<meta name=\"twitter:card\" content=\"summary_large_image\" \/>\n<script type=\"application\/ld+json\" class=\"yoast-schema-graph\">{\"@context\":\"https:\/\/schema.org\",\"@graph\":[{\"@type\":\"WebPage\",\"@id\":\"https:\/\/www.laboratoire-helpac.com\/en\/p\/kunzea\/\",\"url\":\"https:\/\/www.laboratoire-helpac.com\/en\/p\/kunzea\/\",\"name\":\"Essential oil Kunzea (Australia) | HELPAC\",\"isPartOf\":{\"@id\":\"https:\/\/www.laboratoire-helpac.com\/en\/#website\"},\"primaryImageOfPage\":{\"@id\":\"https:\/\/www.laboratoire-helpac.com\/en\/p\/kunzea\/#primaryimage\"},\"image\":{\"@id\":\"https:\/\/www.laboratoire-helpac.com\/en\/p\/kunzea\/#primaryimage\"},\"thumbnailUrl\":\"https:\/\/www.laboratoire-helpac.com\/wp-content\/uploads\/2023\/09\/HE_KUNZEA-EN.png\",\"datePublished\":\"2023-07-30T14:56:32+00:00\",\"dateModified\":\"2023-11-29T18:38:42+00:00\",\"description\":\"Riche en alpha-pin\u00e8ne, 1,8-cin\u00e9ole, viridiflorol, bicyclogermacr\u00e8ne, globulol et calam\u00e9n\u00e8ne, l\u2019huile essentielle de Kunzea poss\u00e8de une odeur florale et \u00e9pic\u00e9e particuli\u00e8rement int\u00e9ressante en note de t\u00eate \u2013 en aromath\u00e9rapie \u00e9nerg\u00e9tique, elle joue un r\u00f4le important dans l\u2019acceptation de la douleur. Antivirale, expectorante, antifongique, anti-inflammatoire et antibact\u00e9rienne, elle est id\u00e9ale dans les formules bien-\u00eatre, mais \u00e9galement en entretien, pour la purification de l\u2019air.\",\"breadcrumb\":{\"@id\":\"https:\/\/www.laboratoire-helpac.com\/en\/p\/kunzea\/#breadcrumb\"},\"inLanguage\":\"en-US\",\"potentialAction\":[{\"@type\":\"ReadAction\",\"target\":[\"https:\/\/www.laboratoire-helpac.com\/en\/p\/kunzea\/\"]}]},{\"@type\":\"ImageObject\",\"inLanguage\":\"en-US\",\"@id\":\"https:\/\/www.laboratoire-helpac.com\/en\/p\/kunzea\/#primaryimage\",\"url\":\"https:\/\/www.laboratoire-helpac.com\/wp-content\/uploads\/2023\/09\/HE_KUNZEA-EN.png\",\"contentUrl\":\"https:\/\/www.laboratoire-helpac.com\/wp-content\/uploads\/2023\/09\/HE_KUNZEA-EN.png\",\"width\":1280,\"height\":1280,\"caption\":\"Essential oil Kunzea (Australia) wholesaler\"},{\"@type\":\"BreadcrumbList\",\"@id\":\"https:\/\/www.laboratoire-helpac.com\/en\/p\/kunzea\/#breadcrumb\",\"itemListElement\":[{\"@type\":\"ListItem\",\"position\":1,\"name\":\"Accueil\",\"item\":\"https:\/\/www.laboratoire-helpac.com\/en\/\"},{\"@type\":\"ListItem\",\"position\":2,\"name\":\"Our ingredients\",\"item\":\"https:\/\/www.laboratoire-helpac.com\/en\/products\/\"},{\"@type\":\"ListItem\",\"position\":3,\"name\":\"KUNZEA\"}]},{\"@type\":\"WebSite\",\"@id\":\"https:\/\/www.laboratoire-helpac.com\/en\/#website\",\"url\":\"https:\/\/www.laboratoire-helpac.com\/en\/\",\"name\":\"HELPAC\",\"description\":\"\",\"publisher\":{\"@id\":\"https:\/\/www.laboratoire-helpac.com\/en\/#organization\"},\"potentialAction\":[{\"@type\":\"SearchAction\",\"target\":{\"@type\":\"EntryPoint\",\"urlTemplate\":\"https:\/\/www.laboratoire-helpac.com\/en\/?s={search_term_string}\"},\"query-input\":{\"@type\":\"PropertyValueSpecification\",\"valueRequired\":true,\"valueName\":\"search_term_string\"}}],\"inLanguage\":\"en-US\"},{\"@type\":\"Organization\",\"@id\":\"https:\/\/www.laboratoire-helpac.com\/en\/#organization\",\"name\":\"Helpac\",\"url\":\"https:\/\/www.laboratoire-helpac.com\/en\/\",\"logo\":{\"@type\":\"ImageObject\",\"inLanguage\":\"en-US\",\"@id\":\"https:\/\/www.laboratoire-helpac.com\/en\/#\/schema\/logo\/image\/\",\"url\":\"https:\/\/dev.fizzbuzz.fr\/helpac\/wp-content\/uploads\/2023\/05\/Logo-Helpac.jpg\",\"contentUrl\":\"https:\/\/dev.fizzbuzz.fr\/helpac\/wp-content\/uploads\/2023\/05\/Logo-Helpac.jpg\",\"width\":200,\"height\":200,\"caption\":\"Helpac\"},\"image\":{\"@id\":\"https:\/\/www.laboratoire-helpac.com\/en\/#\/schema\/logo\/image\/\"},\"sameAs\":[\"https:\/\/www.linkedin.com\/company\/helpac\/\"]}]}<\/script>\n<!-- \/ Yoast SEO plugin. -->","yoast_head_json":{"title":"Essential oil Kunzea (Australia) | HELPAC","description":"Riche en alpha-pin\u00e8ne, 1,8-cin\u00e9ole, viridiflorol, bicyclogermacr\u00e8ne, globulol et calam\u00e9n\u00e8ne, l\u2019huile essentielle de Kunzea poss\u00e8de une odeur florale et \u00e9pic\u00e9e particuli\u00e8rement int\u00e9ressante en note de t\u00eate \u2013 en aromath\u00e9rapie \u00e9nerg\u00e9tique, elle joue un r\u00f4le important dans l\u2019acceptation de la douleur. Antivirale, expectorante, antifongique, anti-inflammatoire et antibact\u00e9rienne, elle est id\u00e9ale dans les formules bien-\u00eatre, mais \u00e9galement en entretien, pour la purification de l\u2019air.","robots":{"index":"index","follow":"follow","max-snippet":"max-snippet:-1","max-image-preview":"max-image-preview:large","max-video-preview":"max-video-preview:-1"},"canonical":"https:\/\/www.laboratoire-helpac.com\/en\/p\/kunzea\/","og_locale":"en_US","og_type":"article","og_title":"Essential oil Kunzea (Australia) | HELPAC","og_description":"Riche en alpha-pin\u00e8ne, 1,8-cin\u00e9ole, viridiflorol, bicyclogermacr\u00e8ne, globulol et calam\u00e9n\u00e8ne, l\u2019huile essentielle de Kunzea poss\u00e8de une odeur florale et \u00e9pic\u00e9e particuli\u00e8rement int\u00e9ressante en note de t\u00eate \u2013 en aromath\u00e9rapie \u00e9nerg\u00e9tique, elle joue un r\u00f4le important dans l\u2019acceptation de la douleur. Antivirale, expectorante, antifongique, anti-inflammatoire et antibact\u00e9rienne, elle est id\u00e9ale dans les formules bien-\u00eatre, mais \u00e9galement en entretien, pour la purification de l\u2019air.","og_url":"https:\/\/www.laboratoire-helpac.com\/en\/p\/kunzea\/","og_site_name":"HELPAC","article_modified_time":"2023-11-29T18:38:42+00:00","og_image":[{"width":1280,"height":1280,"url":"https:\/\/www.laboratoire-helpac.com\/wp-content\/uploads\/2023\/09\/HE_KUNZEA-EN.png","type":"image\/png"}],"twitter_card":"summary_large_image","schema":{"@context":"https:\/\/schema.org","@graph":[{"@type":"WebPage","@id":"https:\/\/www.laboratoire-helpac.com\/en\/p\/kunzea\/","url":"https:\/\/www.laboratoire-helpac.com\/en\/p\/kunzea\/","name":"Essential oil Kunzea (Australia) | HELPAC","isPartOf":{"@id":"https:\/\/www.laboratoire-helpac.com\/en\/#website"},"primaryImageOfPage":{"@id":"https:\/\/www.laboratoire-helpac.com\/en\/p\/kunzea\/#primaryimage"},"image":{"@id":"https:\/\/www.laboratoire-helpac.com\/en\/p\/kunzea\/#primaryimage"},"thumbnailUrl":"https:\/\/www.laboratoire-helpac.com\/wp-content\/uploads\/2023\/09\/HE_KUNZEA-EN.png","datePublished":"2023-07-30T14:56:32+00:00","dateModified":"2023-11-29T18:38:42+00:00","description":"Riche en alpha-pin\u00e8ne, 1,8-cin\u00e9ole, viridiflorol, bicyclogermacr\u00e8ne, globulol et calam\u00e9n\u00e8ne, l\u2019huile essentielle de Kunzea poss\u00e8de une odeur florale et \u00e9pic\u00e9e particuli\u00e8rement int\u00e9ressante en note de t\u00eate \u2013 en aromath\u00e9rapie \u00e9nerg\u00e9tique, elle joue un r\u00f4le important dans l\u2019acceptation de la douleur. Antivirale, expectorante, antifongique, anti-inflammatoire et antibact\u00e9rienne, elle est id\u00e9ale dans les formules bien-\u00eatre, mais \u00e9galement en entretien, pour la purification de l\u2019air.","breadcrumb":{"@id":"https:\/\/www.laboratoire-helpac.com\/en\/p\/kunzea\/#breadcrumb"},"inLanguage":"en-US","potentialAction":[{"@type":"ReadAction","target":["https:\/\/www.laboratoire-helpac.com\/en\/p\/kunzea\/"]}]},{"@type":"ImageObject","inLanguage":"en-US","@id":"https:\/\/www.laboratoire-helpac.com\/en\/p\/kunzea\/#primaryimage","url":"https:\/\/www.laboratoire-helpac.com\/wp-content\/uploads\/2023\/09\/HE_KUNZEA-EN.png","contentUrl":"https:\/\/www.laboratoire-helpac.com\/wp-content\/uploads\/2023\/09\/HE_KUNZEA-EN.png","width":1280,"height":1280,"caption":"Essential oil Kunzea (Australia) wholesaler"},{"@type":"BreadcrumbList","@id":"https:\/\/www.laboratoire-helpac.com\/en\/p\/kunzea\/#breadcrumb","itemListElement":[{"@type":"ListItem","position":1,"name":"Accueil","item":"https:\/\/www.laboratoire-helpac.com\/en\/"},{"@type":"ListItem","position":2,"name":"Our ingredients","item":"https:\/\/www.laboratoire-helpac.com\/en\/products\/"},{"@type":"ListItem","position":3,"name":"KUNZEA"}]},{"@type":"WebSite","@id":"https:\/\/www.laboratoire-helpac.com\/en\/#website","url":"https:\/\/www.laboratoire-helpac.com\/en\/","name":"HELPAC","description":"","publisher":{"@id":"https:\/\/www.laboratoire-helpac.com\/en\/#organization"},"potentialAction":[{"@type":"SearchAction","target":{"@type":"EntryPoint","urlTemplate":"https:\/\/www.laboratoire-helpac.com\/en\/?s={search_term_string}"},"query-input":{"@type":"PropertyValueSpecification","valueRequired":true,"valueName":"search_term_string"}}],"inLanguage":"en-US"},{"@type":"Organization","@id":"https:\/\/www.laboratoire-helpac.com\/en\/#organization","name":"Helpac","url":"https:\/\/www.laboratoire-helpac.com\/en\/","logo":{"@type":"ImageObject","inLanguage":"en-US","@id":"https:\/\/www.laboratoire-helpac.com\/en\/#\/schema\/logo\/image\/","url":"https:\/\/dev.fizzbuzz.fr\/helpac\/wp-content\/uploads\/2023\/05\/Logo-Helpac.jpg","contentUrl":"https:\/\/dev.fizzbuzz.fr\/helpac\/wp-content\/uploads\/2023\/05\/Logo-Helpac.jpg","width":200,"height":200,"caption":"Helpac"},"image":{"@id":"https:\/\/www.laboratoire-helpac.com\/en\/#\/schema\/logo\/image\/"},"sameAs":["https:\/\/www.linkedin.com\/company\/helpac\/"]}]}},"_links":{"self":[{"href":"https:\/\/www.laboratoire-helpac.com\/en\/wp-json\/wp\/v2\/product\/5179","targetHints":{"allow":["GET"]}}],"collection":[{"href":"https:\/\/www.laboratoire-helpac.com\/en\/wp-json\/wp\/v2\/product"}],"about":[{"href":"https:\/\/www.laboratoire-helpac.com\/en\/wp-json\/wp\/v2\/types\/product"}],"wp:featuredmedia":[{"embeddable":true,"href":"https:\/\/www.laboratoire-helpac.com\/en\/wp-json\/wp\/v2\/media\/6862"}],"wp:attachment":[{"href":"https:\/\/www.laboratoire-helpac.com\/en\/wp-json\/wp\/v2\/media?parent=5179"}],"wp:term":[{"taxonomy":"product_cat","embeddable":true,"href":"https:\/\/www.laboratoire-helpac.com\/en\/wp-json\/wp\/v2\/product_cat?post=5179"},{"taxonomy":"product_tag","embeddable":true,"href":"https:\/\/www.laboratoire-helpac.com\/en\/wp-json\/wp\/v2\/product_tag?post=5179"}],"curies":[{"name":"wp","href":"https:\/\/api.w.org\/{rel}","templated":true}]}}