{"id":5177,"date":"2023-07-30T16:56:32","date_gmt":"2023-07-30T14:56:32","guid":{"rendered":"http:\/\/localhost\/wordpress\/produit\/organic-katafray\/"},"modified":"2023-11-29T19:38:41","modified_gmt":"2023-11-29T18:38:41","slug":"katafray-organic","status":"publish","type":"product","link":"https:\/\/www.laboratoire-helpac.com\/en\/p\/katafray-organic\/","title":{"rendered":"KATAFRAY ORGANIC"},"content":{"rendered":"<p>Katafray essential oil is the ideal solution for treating pain caused by coagulation disorders or allergy to aspire, which sometimes makes us forget its other qualities. Rich in ischwarane, beta-elemene, alpha-copaene, alpha-selinene and delta-cadinene, it has a very pleasant fresh fragrance, both woody and balsamic. In cosmetics, it is useful as a skin anti-inflammatory (eczema, psoriasis) and in energetic aromatherapy, it is a physical and mental tonic.<\/p>\n","protected":false},"excerpt":{"rendered":"<p>Katafray essential oil is the ideal solution for treating pain caused by coagulation disorders or allergy to aspire, which sometimes makes us forget its other qualities. Rich in ischwarane, beta-elemene, alpha-copaene, alpha-selinene and delta-cadinene, it has a very pleasant fresh fragrance, both woody and balsamic. In cosmetics, it is useful as a skin anti-inflammatory (eczema, [&hellip;]<\/p>\n","protected":false},"featured_media":6860,"template":"","meta":[],"product_cat":[390,451,452],"product_tag":[],"class_list":{"0":"post-5177","1":"product","2":"type-product","3":"status-publish","4":"has-post-thumbnail","6":"product_cat-essential-oils","7":"product_cat-aromatherapy-wholesaler-essential-oil","8":"product_cat-bulk-essential-oils-aromatherapy-wholesaler-essential-oil","9":"pa_certifications-organic","10":"pa_origines-africa","11":"pa_usages-cosmetic","12":"pa_usages-diffusion-en","13":"pa_usages-perfumery","15":"first","16":"instock","17":"purchasable","18":"product-type-simple"},"acf":[],"yoast_head":"<!-- This site is optimized with the Yoast SEO plugin v23.9 - https:\/\/yoast.com\/wordpress\/plugins\/seo\/ -->\n<title>Essential oil Organic katafray (Madagascar) | HELPAC<\/title>\n<meta name=\"description\" content=\"L\u2019huile essentielle de Katafray est la solution pour traiter les probl\u00e8mes de douleur en cas de troubles de la coagulation ou d\u2019allergie \u00e0 l\u2019aspire : cela fait parfois oublier ses autres qualit\u00e9s. Riche en ischwarane, b\u00e9ta-\u00e9l\u00e9m\u00e8ne, alpha-copa\u00e8ne, alpha-s\u00e9lin\u00e8ne et delta-cadin\u00e8ne, elle poss\u00e8de un tr\u00e8s agr\u00e9able parfum frais, \u00e0 la fois bois\u00e9 et balsamique. En cosm\u00e9tique, elle sera utile comme anti-inflammatoire cutan\u00e9 (ecz\u00e9ma, psoriasis) et en aromath\u00e9rapie \u00e9nerg\u00e9tique, c\u2019est un tonique physique et mental.\" \/>\n<meta name=\"robots\" content=\"index, follow, max-snippet:-1, max-image-preview:large, max-video-preview:-1\" \/>\n<link rel=\"canonical\" href=\"https:\/\/www.laboratoire-helpac.com\/en\/p\/katafray-organic\/\" \/>\n<meta property=\"og:locale\" content=\"en_US\" \/>\n<meta property=\"og:type\" content=\"article\" \/>\n<meta property=\"og:title\" content=\"Essential oil Organic katafray (Madagascar) | HELPAC\" \/>\n<meta property=\"og:description\" content=\"L\u2019huile essentielle de Katafray est la solution pour traiter les probl\u00e8mes de douleur en cas de troubles de la coagulation ou d\u2019allergie \u00e0 l\u2019aspire : cela fait parfois oublier ses autres qualit\u00e9s. Riche en ischwarane, b\u00e9ta-\u00e9l\u00e9m\u00e8ne, alpha-copa\u00e8ne, alpha-s\u00e9lin\u00e8ne et delta-cadin\u00e8ne, elle poss\u00e8de un tr\u00e8s agr\u00e9able parfum frais, \u00e0 la fois bois\u00e9 et balsamique. En cosm\u00e9tique, elle sera utile comme anti-inflammatoire cutan\u00e9 (ecz\u00e9ma, psoriasis) et en aromath\u00e9rapie \u00e9nerg\u00e9tique, c\u2019est un tonique physique et mental.\" \/>\n<meta property=\"og:url\" content=\"https:\/\/www.laboratoire-helpac.com\/en\/p\/katafray-organic\/\" \/>\n<meta property=\"og:site_name\" content=\"HELPAC\" \/>\n<meta property=\"article:modified_time\" content=\"2023-11-29T18:38:41+00:00\" \/>\n<meta property=\"og:image\" content=\"https:\/\/www.laboratoire-helpac.com\/wp-content\/uploads\/2023\/09\/HE_KATAFRAY-EN.png\" \/>\n\t<meta property=\"og:image:width\" content=\"1280\" \/>\n\t<meta property=\"og:image:height\" content=\"1280\" \/>\n\t<meta property=\"og:image:type\" content=\"image\/png\" \/>\n<meta name=\"twitter:card\" content=\"summary_large_image\" \/>\n<script type=\"application\/ld+json\" class=\"yoast-schema-graph\">{\"@context\":\"https:\/\/schema.org\",\"@graph\":[{\"@type\":\"WebPage\",\"@id\":\"https:\/\/www.laboratoire-helpac.com\/en\/p\/katafray-organic\/\",\"url\":\"https:\/\/www.laboratoire-helpac.com\/en\/p\/katafray-organic\/\",\"name\":\"Essential oil Organic katafray (Madagascar) | HELPAC\",\"isPartOf\":{\"@id\":\"https:\/\/www.laboratoire-helpac.com\/en\/#website\"},\"primaryImageOfPage\":{\"@id\":\"https:\/\/www.laboratoire-helpac.com\/en\/p\/katafray-organic\/#primaryimage\"},\"image\":{\"@id\":\"https:\/\/www.laboratoire-helpac.com\/en\/p\/katafray-organic\/#primaryimage\"},\"thumbnailUrl\":\"https:\/\/www.laboratoire-helpac.com\/wp-content\/uploads\/2023\/09\/HE_KATAFRAY-EN.png\",\"datePublished\":\"2023-07-30T14:56:32+00:00\",\"dateModified\":\"2023-11-29T18:38:41+00:00\",\"description\":\"L\u2019huile essentielle de Katafray est la solution pour traiter les probl\u00e8mes de douleur en cas de troubles de la coagulation ou d\u2019allergie \u00e0 l\u2019aspire : cela fait parfois oublier ses autres qualit\u00e9s. Riche en ischwarane, b\u00e9ta-\u00e9l\u00e9m\u00e8ne, alpha-copa\u00e8ne, alpha-s\u00e9lin\u00e8ne et delta-cadin\u00e8ne, elle poss\u00e8de un tr\u00e8s agr\u00e9able parfum frais, \u00e0 la fois bois\u00e9 et balsamique. En cosm\u00e9tique, elle sera utile comme anti-inflammatoire cutan\u00e9 (ecz\u00e9ma, psoriasis) et en aromath\u00e9rapie \u00e9nerg\u00e9tique, c\u2019est un tonique physique et mental.\",\"breadcrumb\":{\"@id\":\"https:\/\/www.laboratoire-helpac.com\/en\/p\/katafray-organic\/#breadcrumb\"},\"inLanguage\":\"en-US\",\"potentialAction\":[{\"@type\":\"ReadAction\",\"target\":[\"https:\/\/www.laboratoire-helpac.com\/en\/p\/katafray-organic\/\"]}]},{\"@type\":\"ImageObject\",\"inLanguage\":\"en-US\",\"@id\":\"https:\/\/www.laboratoire-helpac.com\/en\/p\/katafray-organic\/#primaryimage\",\"url\":\"https:\/\/www.laboratoire-helpac.com\/wp-content\/uploads\/2023\/09\/HE_KATAFRAY-EN.png\",\"contentUrl\":\"https:\/\/www.laboratoire-helpac.com\/wp-content\/uploads\/2023\/09\/HE_KATAFRAY-EN.png\",\"width\":1280,\"height\":1280,\"caption\":\"Essential oil Organic katafray (Madagascar) wholesaler\"},{\"@type\":\"BreadcrumbList\",\"@id\":\"https:\/\/www.laboratoire-helpac.com\/en\/p\/katafray-organic\/#breadcrumb\",\"itemListElement\":[{\"@type\":\"ListItem\",\"position\":1,\"name\":\"Accueil\",\"item\":\"https:\/\/www.laboratoire-helpac.com\/en\/\"},{\"@type\":\"ListItem\",\"position\":2,\"name\":\"Our ingredients\",\"item\":\"https:\/\/www.laboratoire-helpac.com\/en\/products\/\"},{\"@type\":\"ListItem\",\"position\":3,\"name\":\"KATAFRAY ORGANIC\"}]},{\"@type\":\"WebSite\",\"@id\":\"https:\/\/www.laboratoire-helpac.com\/en\/#website\",\"url\":\"https:\/\/www.laboratoire-helpac.com\/en\/\",\"name\":\"HELPAC\",\"description\":\"\",\"publisher\":{\"@id\":\"https:\/\/www.laboratoire-helpac.com\/en\/#organization\"},\"potentialAction\":[{\"@type\":\"SearchAction\",\"target\":{\"@type\":\"EntryPoint\",\"urlTemplate\":\"https:\/\/www.laboratoire-helpac.com\/en\/?s={search_term_string}\"},\"query-input\":{\"@type\":\"PropertyValueSpecification\",\"valueRequired\":true,\"valueName\":\"search_term_string\"}}],\"inLanguage\":\"en-US\"},{\"@type\":\"Organization\",\"@id\":\"https:\/\/www.laboratoire-helpac.com\/en\/#organization\",\"name\":\"Helpac\",\"url\":\"https:\/\/www.laboratoire-helpac.com\/en\/\",\"logo\":{\"@type\":\"ImageObject\",\"inLanguage\":\"en-US\",\"@id\":\"https:\/\/www.laboratoire-helpac.com\/en\/#\/schema\/logo\/image\/\",\"url\":\"https:\/\/dev.fizzbuzz.fr\/helpac\/wp-content\/uploads\/2023\/05\/Logo-Helpac.jpg\",\"contentUrl\":\"https:\/\/dev.fizzbuzz.fr\/helpac\/wp-content\/uploads\/2023\/05\/Logo-Helpac.jpg\",\"width\":200,\"height\":200,\"caption\":\"Helpac\"},\"image\":{\"@id\":\"https:\/\/www.laboratoire-helpac.com\/en\/#\/schema\/logo\/image\/\"},\"sameAs\":[\"https:\/\/www.linkedin.com\/company\/helpac\/\"]}]}<\/script>\n<!-- \/ Yoast SEO plugin. -->","yoast_head_json":{"title":"Essential oil Organic katafray (Madagascar) | HELPAC","description":"L\u2019huile essentielle de Katafray est la solution pour traiter les probl\u00e8mes de douleur en cas de troubles de la coagulation ou d\u2019allergie \u00e0 l\u2019aspire : cela fait parfois oublier ses autres qualit\u00e9s. Riche en ischwarane, b\u00e9ta-\u00e9l\u00e9m\u00e8ne, alpha-copa\u00e8ne, alpha-s\u00e9lin\u00e8ne et delta-cadin\u00e8ne, elle poss\u00e8de un tr\u00e8s agr\u00e9able parfum frais, \u00e0 la fois bois\u00e9 et balsamique. En cosm\u00e9tique, elle sera utile comme anti-inflammatoire cutan\u00e9 (ecz\u00e9ma, psoriasis) et en aromath\u00e9rapie \u00e9nerg\u00e9tique, c\u2019est un tonique physique et mental.","robots":{"index":"index","follow":"follow","max-snippet":"max-snippet:-1","max-image-preview":"max-image-preview:large","max-video-preview":"max-video-preview:-1"},"canonical":"https:\/\/www.laboratoire-helpac.com\/en\/p\/katafray-organic\/","og_locale":"en_US","og_type":"article","og_title":"Essential oil Organic katafray (Madagascar) | HELPAC","og_description":"L\u2019huile essentielle de Katafray est la solution pour traiter les probl\u00e8mes de douleur en cas de troubles de la coagulation ou d\u2019allergie \u00e0 l\u2019aspire : cela fait parfois oublier ses autres qualit\u00e9s. Riche en ischwarane, b\u00e9ta-\u00e9l\u00e9m\u00e8ne, alpha-copa\u00e8ne, alpha-s\u00e9lin\u00e8ne et delta-cadin\u00e8ne, elle poss\u00e8de un tr\u00e8s agr\u00e9able parfum frais, \u00e0 la fois bois\u00e9 et balsamique. En cosm\u00e9tique, elle sera utile comme anti-inflammatoire cutan\u00e9 (ecz\u00e9ma, psoriasis) et en aromath\u00e9rapie \u00e9nerg\u00e9tique, c\u2019est un tonique physique et mental.","og_url":"https:\/\/www.laboratoire-helpac.com\/en\/p\/katafray-organic\/","og_site_name":"HELPAC","article_modified_time":"2023-11-29T18:38:41+00:00","og_image":[{"width":1280,"height":1280,"url":"https:\/\/www.laboratoire-helpac.com\/wp-content\/uploads\/2023\/09\/HE_KATAFRAY-EN.png","type":"image\/png"}],"twitter_card":"summary_large_image","schema":{"@context":"https:\/\/schema.org","@graph":[{"@type":"WebPage","@id":"https:\/\/www.laboratoire-helpac.com\/en\/p\/katafray-organic\/","url":"https:\/\/www.laboratoire-helpac.com\/en\/p\/katafray-organic\/","name":"Essential oil Organic katafray (Madagascar) | HELPAC","isPartOf":{"@id":"https:\/\/www.laboratoire-helpac.com\/en\/#website"},"primaryImageOfPage":{"@id":"https:\/\/www.laboratoire-helpac.com\/en\/p\/katafray-organic\/#primaryimage"},"image":{"@id":"https:\/\/www.laboratoire-helpac.com\/en\/p\/katafray-organic\/#primaryimage"},"thumbnailUrl":"https:\/\/www.laboratoire-helpac.com\/wp-content\/uploads\/2023\/09\/HE_KATAFRAY-EN.png","datePublished":"2023-07-30T14:56:32+00:00","dateModified":"2023-11-29T18:38:41+00:00","description":"L\u2019huile essentielle de Katafray est la solution pour traiter les probl\u00e8mes de douleur en cas de troubles de la coagulation ou d\u2019allergie \u00e0 l\u2019aspire : cela fait parfois oublier ses autres qualit\u00e9s. Riche en ischwarane, b\u00e9ta-\u00e9l\u00e9m\u00e8ne, alpha-copa\u00e8ne, alpha-s\u00e9lin\u00e8ne et delta-cadin\u00e8ne, elle poss\u00e8de un tr\u00e8s agr\u00e9able parfum frais, \u00e0 la fois bois\u00e9 et balsamique. En cosm\u00e9tique, elle sera utile comme anti-inflammatoire cutan\u00e9 (ecz\u00e9ma, psoriasis) et en aromath\u00e9rapie \u00e9nerg\u00e9tique, c\u2019est un tonique physique et mental.","breadcrumb":{"@id":"https:\/\/www.laboratoire-helpac.com\/en\/p\/katafray-organic\/#breadcrumb"},"inLanguage":"en-US","potentialAction":[{"@type":"ReadAction","target":["https:\/\/www.laboratoire-helpac.com\/en\/p\/katafray-organic\/"]}]},{"@type":"ImageObject","inLanguage":"en-US","@id":"https:\/\/www.laboratoire-helpac.com\/en\/p\/katafray-organic\/#primaryimage","url":"https:\/\/www.laboratoire-helpac.com\/wp-content\/uploads\/2023\/09\/HE_KATAFRAY-EN.png","contentUrl":"https:\/\/www.laboratoire-helpac.com\/wp-content\/uploads\/2023\/09\/HE_KATAFRAY-EN.png","width":1280,"height":1280,"caption":"Essential oil Organic katafray (Madagascar) wholesaler"},{"@type":"BreadcrumbList","@id":"https:\/\/www.laboratoire-helpac.com\/en\/p\/katafray-organic\/#breadcrumb","itemListElement":[{"@type":"ListItem","position":1,"name":"Accueil","item":"https:\/\/www.laboratoire-helpac.com\/en\/"},{"@type":"ListItem","position":2,"name":"Our ingredients","item":"https:\/\/www.laboratoire-helpac.com\/en\/products\/"},{"@type":"ListItem","position":3,"name":"KATAFRAY ORGANIC"}]},{"@type":"WebSite","@id":"https:\/\/www.laboratoire-helpac.com\/en\/#website","url":"https:\/\/www.laboratoire-helpac.com\/en\/","name":"HELPAC","description":"","publisher":{"@id":"https:\/\/www.laboratoire-helpac.com\/en\/#organization"},"potentialAction":[{"@type":"SearchAction","target":{"@type":"EntryPoint","urlTemplate":"https:\/\/www.laboratoire-helpac.com\/en\/?s={search_term_string}"},"query-input":{"@type":"PropertyValueSpecification","valueRequired":true,"valueName":"search_term_string"}}],"inLanguage":"en-US"},{"@type":"Organization","@id":"https:\/\/www.laboratoire-helpac.com\/en\/#organization","name":"Helpac","url":"https:\/\/www.laboratoire-helpac.com\/en\/","logo":{"@type":"ImageObject","inLanguage":"en-US","@id":"https:\/\/www.laboratoire-helpac.com\/en\/#\/schema\/logo\/image\/","url":"https:\/\/dev.fizzbuzz.fr\/helpac\/wp-content\/uploads\/2023\/05\/Logo-Helpac.jpg","contentUrl":"https:\/\/dev.fizzbuzz.fr\/helpac\/wp-content\/uploads\/2023\/05\/Logo-Helpac.jpg","width":200,"height":200,"caption":"Helpac"},"image":{"@id":"https:\/\/www.laboratoire-helpac.com\/en\/#\/schema\/logo\/image\/"},"sameAs":["https:\/\/www.linkedin.com\/company\/helpac\/"]}]}},"_links":{"self":[{"href":"https:\/\/www.laboratoire-helpac.com\/en\/wp-json\/wp\/v2\/product\/5177","targetHints":{"allow":["GET"]}}],"collection":[{"href":"https:\/\/www.laboratoire-helpac.com\/en\/wp-json\/wp\/v2\/product"}],"about":[{"href":"https:\/\/www.laboratoire-helpac.com\/en\/wp-json\/wp\/v2\/types\/product"}],"wp:featuredmedia":[{"embeddable":true,"href":"https:\/\/www.laboratoire-helpac.com\/en\/wp-json\/wp\/v2\/media\/6860"}],"wp:attachment":[{"href":"https:\/\/www.laboratoire-helpac.com\/en\/wp-json\/wp\/v2\/media?parent=5177"}],"wp:term":[{"taxonomy":"product_cat","embeddable":true,"href":"https:\/\/www.laboratoire-helpac.com\/en\/wp-json\/wp\/v2\/product_cat?post=5177"},{"taxonomy":"product_tag","embeddable":true,"href":"https:\/\/www.laboratoire-helpac.com\/en\/wp-json\/wp\/v2\/product_tag?post=5177"}],"curies":[{"name":"wp","href":"https:\/\/api.w.org\/{rel}","templated":true}]}}