{"id":5171,"date":"2023-07-30T16:56:13","date_gmt":"2023-07-30T14:56:13","guid":{"rendered":"http:\/\/localhost\/wordpress\/produit\/hop\/"},"modified":"2023-11-29T19:38:38","modified_gmt":"2023-11-29T18:38:38","slug":"hops","status":"publish","type":"product","link":"https:\/\/www.laboratoire-helpac.com\/en\/p\/hops\/","title":{"rendered":"HOPS"},"content":{"rendered":"<p>Hop essential oil has a floral, earthy fragrance. It is renowned for its soothing and relaxing properties, helping to reduce anxiety and promote restful sleep. In aromatherapy, it can help relieve tension and stress. However, it should be noted that this oil is less common than other essential oils and should be used with caution.<\/p>\n","protected":false},"excerpt":{"rendered":"<p>Hop essential oil has a floral, earthy fragrance. It is renowned for its soothing and relaxing properties, helping to reduce anxiety and promote restful sleep. In aromatherapy, it can help relieve tension and stress. However, it should be noted that this oil is less common than other essential oils and should be used with caution.<\/p>\n","protected":false},"featured_media":9408,"template":"","meta":[],"product_cat":[390,451,452],"product_tag":[],"class_list":{"0":"post-5171","1":"product","2":"type-product","3":"status-publish","4":"has-post-thumbnail","6":"product_cat-essential-oils","7":"product_cat-aromatherapy-wholesaler-essential-oil","8":"product_cat-bulk-essential-oils-aromatherapy-wholesaler-essential-oil","9":"pa_certifications-conventional","10":"pa_origines-europe-en","11":"pa_usages-cosmetic","12":"pa_usages-diffusion-en","13":"pa_usages-perfumery","15":"first","16":"instock","17":"purchasable","18":"product-type-simple"},"acf":[],"yoast_head":"<!-- This site is optimized with the Yoast SEO plugin v23.9 - https:\/\/yoast.com\/wordpress\/plugins\/seo\/ -->\n<title>Essential oil Hop (Spain) | HELPAC<\/title>\n<meta name=\"description\" content=\"L&#039;huile essentielle de Houblon pr\u00e9sente un parfum floral et terreux. Elle est r\u00e9put\u00e9e pour ses propri\u00e9t\u00e9s apaisantes et relaxantes, aidant \u00e0 r\u00e9duire l&#039;anxi\u00e9t\u00e9 et favorisant un sommeil r\u00e9parateur. En aromath\u00e9rapie, elle peut aider \u00e0 soulager les tensions et le stress. Toutefois, il convient de noter que cette huile est moins courante que d&#039;autres huiles essentielles et n\u00e9cessite une utilisation prudente.\" \/>\n<meta name=\"robots\" content=\"index, follow, max-snippet:-1, max-image-preview:large, max-video-preview:-1\" \/>\n<link rel=\"canonical\" href=\"https:\/\/www.laboratoire-helpac.com\/en\/p\/hops\/\" \/>\n<meta property=\"og:locale\" content=\"en_US\" \/>\n<meta property=\"og:type\" content=\"article\" \/>\n<meta property=\"og:title\" content=\"Essential oil Hop (Spain) | HELPAC\" \/>\n<meta property=\"og:description\" content=\"L&#039;huile essentielle de Houblon pr\u00e9sente un parfum floral et terreux. Elle est r\u00e9put\u00e9e pour ses propri\u00e9t\u00e9s apaisantes et relaxantes, aidant \u00e0 r\u00e9duire l&#039;anxi\u00e9t\u00e9 et favorisant un sommeil r\u00e9parateur. En aromath\u00e9rapie, elle peut aider \u00e0 soulager les tensions et le stress. Toutefois, il convient de noter que cette huile est moins courante que d&#039;autres huiles essentielles et n\u00e9cessite une utilisation prudente.\" \/>\n<meta property=\"og:url\" content=\"https:\/\/www.laboratoire-helpac.com\/en\/p\/hops\/\" \/>\n<meta property=\"og:site_name\" content=\"HELPAC\" \/>\n<meta property=\"article:modified_time\" content=\"2023-11-29T18:38:38+00:00\" \/>\n<meta property=\"og:image\" content=\"https:\/\/www.laboratoire-helpac.com\/wp-content\/uploads\/2023\/11\/HE_HOPS-EN.png\" \/>\n\t<meta property=\"og:image:width\" content=\"1000\" \/>\n\t<meta property=\"og:image:height\" content=\"1000\" \/>\n\t<meta property=\"og:image:type\" content=\"image\/png\" \/>\n<meta name=\"twitter:card\" content=\"summary_large_image\" \/>\n<script type=\"application\/ld+json\" class=\"yoast-schema-graph\">{\"@context\":\"https:\/\/schema.org\",\"@graph\":[{\"@type\":\"WebPage\",\"@id\":\"https:\/\/www.laboratoire-helpac.com\/en\/p\/hops\/\",\"url\":\"https:\/\/www.laboratoire-helpac.com\/en\/p\/hops\/\",\"name\":\"Essential oil Hop (Spain) | HELPAC\",\"isPartOf\":{\"@id\":\"https:\/\/www.laboratoire-helpac.com\/en\/#website\"},\"primaryImageOfPage\":{\"@id\":\"https:\/\/www.laboratoire-helpac.com\/en\/p\/hops\/#primaryimage\"},\"image\":{\"@id\":\"https:\/\/www.laboratoire-helpac.com\/en\/p\/hops\/#primaryimage\"},\"thumbnailUrl\":\"https:\/\/www.laboratoire-helpac.com\/wp-content\/uploads\/2023\/11\/HE_HOPS-EN.png\",\"datePublished\":\"2023-07-30T14:56:13+00:00\",\"dateModified\":\"2023-11-29T18:38:38+00:00\",\"description\":\"L'huile essentielle de Houblon pr\u00e9sente un parfum floral et terreux. Elle est r\u00e9put\u00e9e pour ses propri\u00e9t\u00e9s apaisantes et relaxantes, aidant \u00e0 r\u00e9duire l'anxi\u00e9t\u00e9 et favorisant un sommeil r\u00e9parateur. En aromath\u00e9rapie, elle peut aider \u00e0 soulager les tensions et le stress. Toutefois, il convient de noter que cette huile est moins courante que d'autres huiles essentielles et n\u00e9cessite une utilisation prudente.\",\"breadcrumb\":{\"@id\":\"https:\/\/www.laboratoire-helpac.com\/en\/p\/hops\/#breadcrumb\"},\"inLanguage\":\"en-US\",\"potentialAction\":[{\"@type\":\"ReadAction\",\"target\":[\"https:\/\/www.laboratoire-helpac.com\/en\/p\/hops\/\"]}]},{\"@type\":\"ImageObject\",\"inLanguage\":\"en-US\",\"@id\":\"https:\/\/www.laboratoire-helpac.com\/en\/p\/hops\/#primaryimage\",\"url\":\"https:\/\/www.laboratoire-helpac.com\/wp-content\/uploads\/2023\/11\/HE_HOPS-EN.png\",\"contentUrl\":\"https:\/\/www.laboratoire-helpac.com\/wp-content\/uploads\/2023\/11\/HE_HOPS-EN.png\",\"width\":1000,\"height\":1000,\"caption\":\"Essential oil Hops (Spain) wholesaler\"},{\"@type\":\"BreadcrumbList\",\"@id\":\"https:\/\/www.laboratoire-helpac.com\/en\/p\/hops\/#breadcrumb\",\"itemListElement\":[{\"@type\":\"ListItem\",\"position\":1,\"name\":\"Accueil\",\"item\":\"https:\/\/www.laboratoire-helpac.com\/en\/\"},{\"@type\":\"ListItem\",\"position\":2,\"name\":\"Our ingredients\",\"item\":\"https:\/\/www.laboratoire-helpac.com\/en\/products\/\"},{\"@type\":\"ListItem\",\"position\":3,\"name\":\"HOPS\"}]},{\"@type\":\"WebSite\",\"@id\":\"https:\/\/www.laboratoire-helpac.com\/en\/#website\",\"url\":\"https:\/\/www.laboratoire-helpac.com\/en\/\",\"name\":\"HELPAC\",\"description\":\"\",\"publisher\":{\"@id\":\"https:\/\/www.laboratoire-helpac.com\/en\/#organization\"},\"potentialAction\":[{\"@type\":\"SearchAction\",\"target\":{\"@type\":\"EntryPoint\",\"urlTemplate\":\"https:\/\/www.laboratoire-helpac.com\/en\/?s={search_term_string}\"},\"query-input\":{\"@type\":\"PropertyValueSpecification\",\"valueRequired\":true,\"valueName\":\"search_term_string\"}}],\"inLanguage\":\"en-US\"},{\"@type\":\"Organization\",\"@id\":\"https:\/\/www.laboratoire-helpac.com\/en\/#organization\",\"name\":\"Helpac\",\"url\":\"https:\/\/www.laboratoire-helpac.com\/en\/\",\"logo\":{\"@type\":\"ImageObject\",\"inLanguage\":\"en-US\",\"@id\":\"https:\/\/www.laboratoire-helpac.com\/en\/#\/schema\/logo\/image\/\",\"url\":\"https:\/\/dev.fizzbuzz.fr\/helpac\/wp-content\/uploads\/2023\/05\/Logo-Helpac.jpg\",\"contentUrl\":\"https:\/\/dev.fizzbuzz.fr\/helpac\/wp-content\/uploads\/2023\/05\/Logo-Helpac.jpg\",\"width\":200,\"height\":200,\"caption\":\"Helpac\"},\"image\":{\"@id\":\"https:\/\/www.laboratoire-helpac.com\/en\/#\/schema\/logo\/image\/\"},\"sameAs\":[\"https:\/\/www.linkedin.com\/company\/helpac\/\"]}]}<\/script>\n<!-- \/ Yoast SEO plugin. -->","yoast_head_json":{"title":"Essential oil Hop (Spain) | HELPAC","description":"L'huile essentielle de Houblon pr\u00e9sente un parfum floral et terreux. Elle est r\u00e9put\u00e9e pour ses propri\u00e9t\u00e9s apaisantes et relaxantes, aidant \u00e0 r\u00e9duire l'anxi\u00e9t\u00e9 et favorisant un sommeil r\u00e9parateur. En aromath\u00e9rapie, elle peut aider \u00e0 soulager les tensions et le stress. Toutefois, il convient de noter que cette huile est moins courante que d'autres huiles essentielles et n\u00e9cessite une utilisation prudente.","robots":{"index":"index","follow":"follow","max-snippet":"max-snippet:-1","max-image-preview":"max-image-preview:large","max-video-preview":"max-video-preview:-1"},"canonical":"https:\/\/www.laboratoire-helpac.com\/en\/p\/hops\/","og_locale":"en_US","og_type":"article","og_title":"Essential oil Hop (Spain) | HELPAC","og_description":"L'huile essentielle de Houblon pr\u00e9sente un parfum floral et terreux. Elle est r\u00e9put\u00e9e pour ses propri\u00e9t\u00e9s apaisantes et relaxantes, aidant \u00e0 r\u00e9duire l'anxi\u00e9t\u00e9 et favorisant un sommeil r\u00e9parateur. En aromath\u00e9rapie, elle peut aider \u00e0 soulager les tensions et le stress. Toutefois, il convient de noter que cette huile est moins courante que d'autres huiles essentielles et n\u00e9cessite une utilisation prudente.","og_url":"https:\/\/www.laboratoire-helpac.com\/en\/p\/hops\/","og_site_name":"HELPAC","article_modified_time":"2023-11-29T18:38:38+00:00","og_image":[{"width":1000,"height":1000,"url":"https:\/\/www.laboratoire-helpac.com\/wp-content\/uploads\/2023\/11\/HE_HOPS-EN.png","type":"image\/png"}],"twitter_card":"summary_large_image","schema":{"@context":"https:\/\/schema.org","@graph":[{"@type":"WebPage","@id":"https:\/\/www.laboratoire-helpac.com\/en\/p\/hops\/","url":"https:\/\/www.laboratoire-helpac.com\/en\/p\/hops\/","name":"Essential oil Hop (Spain) | HELPAC","isPartOf":{"@id":"https:\/\/www.laboratoire-helpac.com\/en\/#website"},"primaryImageOfPage":{"@id":"https:\/\/www.laboratoire-helpac.com\/en\/p\/hops\/#primaryimage"},"image":{"@id":"https:\/\/www.laboratoire-helpac.com\/en\/p\/hops\/#primaryimage"},"thumbnailUrl":"https:\/\/www.laboratoire-helpac.com\/wp-content\/uploads\/2023\/11\/HE_HOPS-EN.png","datePublished":"2023-07-30T14:56:13+00:00","dateModified":"2023-11-29T18:38:38+00:00","description":"L'huile essentielle de Houblon pr\u00e9sente un parfum floral et terreux. Elle est r\u00e9put\u00e9e pour ses propri\u00e9t\u00e9s apaisantes et relaxantes, aidant \u00e0 r\u00e9duire l'anxi\u00e9t\u00e9 et favorisant un sommeil r\u00e9parateur. En aromath\u00e9rapie, elle peut aider \u00e0 soulager les tensions et le stress. Toutefois, il convient de noter que cette huile est moins courante que d'autres huiles essentielles et n\u00e9cessite une utilisation prudente.","breadcrumb":{"@id":"https:\/\/www.laboratoire-helpac.com\/en\/p\/hops\/#breadcrumb"},"inLanguage":"en-US","potentialAction":[{"@type":"ReadAction","target":["https:\/\/www.laboratoire-helpac.com\/en\/p\/hops\/"]}]},{"@type":"ImageObject","inLanguage":"en-US","@id":"https:\/\/www.laboratoire-helpac.com\/en\/p\/hops\/#primaryimage","url":"https:\/\/www.laboratoire-helpac.com\/wp-content\/uploads\/2023\/11\/HE_HOPS-EN.png","contentUrl":"https:\/\/www.laboratoire-helpac.com\/wp-content\/uploads\/2023\/11\/HE_HOPS-EN.png","width":1000,"height":1000,"caption":"Essential oil Hops (Spain) wholesaler"},{"@type":"BreadcrumbList","@id":"https:\/\/www.laboratoire-helpac.com\/en\/p\/hops\/#breadcrumb","itemListElement":[{"@type":"ListItem","position":1,"name":"Accueil","item":"https:\/\/www.laboratoire-helpac.com\/en\/"},{"@type":"ListItem","position":2,"name":"Our ingredients","item":"https:\/\/www.laboratoire-helpac.com\/en\/products\/"},{"@type":"ListItem","position":3,"name":"HOPS"}]},{"@type":"WebSite","@id":"https:\/\/www.laboratoire-helpac.com\/en\/#website","url":"https:\/\/www.laboratoire-helpac.com\/en\/","name":"HELPAC","description":"","publisher":{"@id":"https:\/\/www.laboratoire-helpac.com\/en\/#organization"},"potentialAction":[{"@type":"SearchAction","target":{"@type":"EntryPoint","urlTemplate":"https:\/\/www.laboratoire-helpac.com\/en\/?s={search_term_string}"},"query-input":{"@type":"PropertyValueSpecification","valueRequired":true,"valueName":"search_term_string"}}],"inLanguage":"en-US"},{"@type":"Organization","@id":"https:\/\/www.laboratoire-helpac.com\/en\/#organization","name":"Helpac","url":"https:\/\/www.laboratoire-helpac.com\/en\/","logo":{"@type":"ImageObject","inLanguage":"en-US","@id":"https:\/\/www.laboratoire-helpac.com\/en\/#\/schema\/logo\/image\/","url":"https:\/\/dev.fizzbuzz.fr\/helpac\/wp-content\/uploads\/2023\/05\/Logo-Helpac.jpg","contentUrl":"https:\/\/dev.fizzbuzz.fr\/helpac\/wp-content\/uploads\/2023\/05\/Logo-Helpac.jpg","width":200,"height":200,"caption":"Helpac"},"image":{"@id":"https:\/\/www.laboratoire-helpac.com\/en\/#\/schema\/logo\/image\/"},"sameAs":["https:\/\/www.linkedin.com\/company\/helpac\/"]}]}},"_links":{"self":[{"href":"https:\/\/www.laboratoire-helpac.com\/en\/wp-json\/wp\/v2\/product\/5171","targetHints":{"allow":["GET"]}}],"collection":[{"href":"https:\/\/www.laboratoire-helpac.com\/en\/wp-json\/wp\/v2\/product"}],"about":[{"href":"https:\/\/www.laboratoire-helpac.com\/en\/wp-json\/wp\/v2\/types\/product"}],"wp:featuredmedia":[{"embeddable":true,"href":"https:\/\/www.laboratoire-helpac.com\/en\/wp-json\/wp\/v2\/media\/9408"}],"wp:attachment":[{"href":"https:\/\/www.laboratoire-helpac.com\/en\/wp-json\/wp\/v2\/media?parent=5171"}],"wp:term":[{"taxonomy":"product_cat","embeddable":true,"href":"https:\/\/www.laboratoire-helpac.com\/en\/wp-json\/wp\/v2\/product_cat?post=5171"},{"taxonomy":"product_tag","embeddable":true,"href":"https:\/\/www.laboratoire-helpac.com\/en\/wp-json\/wp\/v2\/product_tag?post=5171"}],"curies":[{"name":"wp","href":"https:\/\/api.w.org\/{rel}","templated":true}]}}