{"id":5170,"date":"2023-07-30T16:56:13","date_gmt":"2023-07-30T14:56:13","guid":{"rendered":"http:\/\/localhost\/wordpress\/produit\/hinoki\/"},"modified":"2023-11-29T19:38:38","modified_gmt":"2023-11-29T18:38:38","slug":"hinoki","status":"publish","type":"product","link":"https:\/\/www.laboratoire-helpac.com\/en\/p\/hinoki\/","title":{"rendered":"HINOKI"},"content":{"rendered":"<p>Fresh, woody, balsamic and lemony, Hinoki essential oil is exceptional in perfumery. Rich in alpha-pinene, delta-cadinene, alphamuurolene, gammamuurolene, gamma-cadinene, beta-elemene and limonene, it is relaxing and helps to lift the spirit in energetic aromatherapy. Insect repellent, it is also antibacterial, antifungal, antiviral and decongestant. However, it is mainly used in cosmetics (anti-inflammatory, antibacterial, antiseptic, healing, limits sebum secretion, stimulates hair growth, scents skincare products &#8211; especially deodorants &#8211; for men).<\/p>\n","protected":false},"excerpt":{"rendered":"<p>Fresh, woody, balsamic and lemony, Hinoki essential oil is exceptional in perfumery. Rich in alpha-pinene, delta-cadinene, alphamuurolene, gammamuurolene, gamma-cadinene, beta-elemene and limonene, it is relaxing and helps to lift the spirit in energetic aromatherapy. Insect repellent, it is also antibacterial, antifungal, antiviral and decongestant. However, it is mainly used in cosmetics (anti-inflammatory, antibacterial, antiseptic, healing, [&hellip;]<\/p>\n","protected":false},"featured_media":6853,"template":"","meta":[],"product_cat":[390,451,452],"product_tag":[],"class_list":{"0":"post-5170","1":"product","2":"type-product","3":"status-publish","4":"has-post-thumbnail","6":"product_cat-essential-oils","7":"product_cat-aromatherapy-wholesaler-essential-oil","8":"product_cat-bulk-essential-oils-aromatherapy-wholesaler-essential-oil","9":"pa_certifications-conventional","10":"pa_origines-asia-oceania","11":"pa_usages-cosmetic","12":"pa_usages-diffusion-en","13":"pa_usages-perfumery","15":"first","16":"instock","17":"purchasable","18":"product-type-simple"},"acf":[],"yoast_head":"<!-- This site is optimized with the Yoast SEO plugin v23.9 - https:\/\/yoast.com\/wordpress\/plugins\/seo\/ -->\n<title>Essential oil Hinoki (Taiwan) | HELPAC<\/title>\n<meta name=\"description\" content=\"Fra\u00eeche, bois\u00e9e, balsamique, citronn\u00e9e, l\u2019huile essentielle d\u2019Hinoki est exceptionnelle en parfumerie. Riche en alpha-pin\u00e8ne, delta-cadin\u00e8ne, alphamuurol\u00e8ne, gammamuurol\u00e8ne, gamma-cadin\u00e8ne, b\u00e9ta-\u00e9l\u00e9m\u00e8ne et limon\u00e8ne, elle relaxe et aide \u00e0 l\u2019\u00e9l\u00e9vation de l\u2019esprit en aromath\u00e9rapie \u00e9nerg\u00e9tique. Insectifuge, elle est \u00e9galement antibact\u00e9rienne, antifongique, antivirale et d\u00e9congestionnante des voies respiratoires, on la retrouve n\u00e9anmoins principalement en cosm\u00e9tique (anti-inflammatoire, antibact\u00e9rienne, antiseptique, cicatrisante, limite la s\u00e9cr\u00e9tion de s\u00e9bum, stimule la pousse des cheveux, parfume les soins -notamment d\u00e9odorants - Homme).\" \/>\n<meta name=\"robots\" content=\"index, follow, max-snippet:-1, max-image-preview:large, max-video-preview:-1\" \/>\n<link rel=\"canonical\" href=\"https:\/\/www.laboratoire-helpac.com\/en\/p\/hinoki\/\" \/>\n<meta property=\"og:locale\" content=\"en_US\" \/>\n<meta property=\"og:type\" content=\"article\" \/>\n<meta property=\"og:title\" content=\"Essential oil Hinoki (Taiwan) | HELPAC\" \/>\n<meta property=\"og:description\" content=\"Fra\u00eeche, bois\u00e9e, balsamique, citronn\u00e9e, l\u2019huile essentielle d\u2019Hinoki est exceptionnelle en parfumerie. Riche en alpha-pin\u00e8ne, delta-cadin\u00e8ne, alphamuurol\u00e8ne, gammamuurol\u00e8ne, gamma-cadin\u00e8ne, b\u00e9ta-\u00e9l\u00e9m\u00e8ne et limon\u00e8ne, elle relaxe et aide \u00e0 l\u2019\u00e9l\u00e9vation de l\u2019esprit en aromath\u00e9rapie \u00e9nerg\u00e9tique. Insectifuge, elle est \u00e9galement antibact\u00e9rienne, antifongique, antivirale et d\u00e9congestionnante des voies respiratoires, on la retrouve n\u00e9anmoins principalement en cosm\u00e9tique (anti-inflammatoire, antibact\u00e9rienne, antiseptique, cicatrisante, limite la s\u00e9cr\u00e9tion de s\u00e9bum, stimule la pousse des cheveux, parfume les soins -notamment d\u00e9odorants - Homme).\" \/>\n<meta property=\"og:url\" content=\"https:\/\/www.laboratoire-helpac.com\/en\/p\/hinoki\/\" \/>\n<meta property=\"og:site_name\" content=\"HELPAC\" \/>\n<meta property=\"article:modified_time\" content=\"2023-11-29T18:38:38+00:00\" \/>\n<meta property=\"og:image\" content=\"https:\/\/www.laboratoire-helpac.com\/wp-content\/uploads\/2023\/09\/HE_HINOKI-EN.png\" \/>\n\t<meta property=\"og:image:width\" content=\"1280\" \/>\n\t<meta property=\"og:image:height\" content=\"1280\" \/>\n\t<meta property=\"og:image:type\" content=\"image\/png\" \/>\n<meta name=\"twitter:card\" content=\"summary_large_image\" \/>\n<script type=\"application\/ld+json\" class=\"yoast-schema-graph\">{\"@context\":\"https:\/\/schema.org\",\"@graph\":[{\"@type\":\"WebPage\",\"@id\":\"https:\/\/www.laboratoire-helpac.com\/en\/p\/hinoki\/\",\"url\":\"https:\/\/www.laboratoire-helpac.com\/en\/p\/hinoki\/\",\"name\":\"Essential oil Hinoki (Taiwan) | HELPAC\",\"isPartOf\":{\"@id\":\"https:\/\/www.laboratoire-helpac.com\/en\/#website\"},\"primaryImageOfPage\":{\"@id\":\"https:\/\/www.laboratoire-helpac.com\/en\/p\/hinoki\/#primaryimage\"},\"image\":{\"@id\":\"https:\/\/www.laboratoire-helpac.com\/en\/p\/hinoki\/#primaryimage\"},\"thumbnailUrl\":\"https:\/\/www.laboratoire-helpac.com\/wp-content\/uploads\/2023\/09\/HE_HINOKI-EN.png\",\"datePublished\":\"2023-07-30T14:56:13+00:00\",\"dateModified\":\"2023-11-29T18:38:38+00:00\",\"description\":\"Fra\u00eeche, bois\u00e9e, balsamique, citronn\u00e9e, l\u2019huile essentielle d\u2019Hinoki est exceptionnelle en parfumerie. Riche en alpha-pin\u00e8ne, delta-cadin\u00e8ne, alphamuurol\u00e8ne, gammamuurol\u00e8ne, gamma-cadin\u00e8ne, b\u00e9ta-\u00e9l\u00e9m\u00e8ne et limon\u00e8ne, elle relaxe et aide \u00e0 l\u2019\u00e9l\u00e9vation de l\u2019esprit en aromath\u00e9rapie \u00e9nerg\u00e9tique. Insectifuge, elle est \u00e9galement antibact\u00e9rienne, antifongique, antivirale et d\u00e9congestionnante des voies respiratoires, on la retrouve n\u00e9anmoins principalement en cosm\u00e9tique (anti-inflammatoire, antibact\u00e9rienne, antiseptique, cicatrisante, limite la s\u00e9cr\u00e9tion de s\u00e9bum, stimule la pousse des cheveux, parfume les soins -notamment d\u00e9odorants - Homme).\",\"breadcrumb\":{\"@id\":\"https:\/\/www.laboratoire-helpac.com\/en\/p\/hinoki\/#breadcrumb\"},\"inLanguage\":\"en-US\",\"potentialAction\":[{\"@type\":\"ReadAction\",\"target\":[\"https:\/\/www.laboratoire-helpac.com\/en\/p\/hinoki\/\"]}]},{\"@type\":\"ImageObject\",\"inLanguage\":\"en-US\",\"@id\":\"https:\/\/www.laboratoire-helpac.com\/en\/p\/hinoki\/#primaryimage\",\"url\":\"https:\/\/www.laboratoire-helpac.com\/wp-content\/uploads\/2023\/09\/HE_HINOKI-EN.png\",\"contentUrl\":\"https:\/\/www.laboratoire-helpac.com\/wp-content\/uploads\/2023\/09\/HE_HINOKI-EN.png\",\"width\":1280,\"height\":1280,\"caption\":\"Essential oil Hinoki (Taiwan) wholesaler\"},{\"@type\":\"BreadcrumbList\",\"@id\":\"https:\/\/www.laboratoire-helpac.com\/en\/p\/hinoki\/#breadcrumb\",\"itemListElement\":[{\"@type\":\"ListItem\",\"position\":1,\"name\":\"Accueil\",\"item\":\"https:\/\/www.laboratoire-helpac.com\/en\/\"},{\"@type\":\"ListItem\",\"position\":2,\"name\":\"Our ingredients\",\"item\":\"https:\/\/www.laboratoire-helpac.com\/en\/products\/\"},{\"@type\":\"ListItem\",\"position\":3,\"name\":\"HINOKI\"}]},{\"@type\":\"WebSite\",\"@id\":\"https:\/\/www.laboratoire-helpac.com\/en\/#website\",\"url\":\"https:\/\/www.laboratoire-helpac.com\/en\/\",\"name\":\"HELPAC\",\"description\":\"\",\"publisher\":{\"@id\":\"https:\/\/www.laboratoire-helpac.com\/en\/#organization\"},\"potentialAction\":[{\"@type\":\"SearchAction\",\"target\":{\"@type\":\"EntryPoint\",\"urlTemplate\":\"https:\/\/www.laboratoire-helpac.com\/en\/?s={search_term_string}\"},\"query-input\":{\"@type\":\"PropertyValueSpecification\",\"valueRequired\":true,\"valueName\":\"search_term_string\"}}],\"inLanguage\":\"en-US\"},{\"@type\":\"Organization\",\"@id\":\"https:\/\/www.laboratoire-helpac.com\/en\/#organization\",\"name\":\"Helpac\",\"url\":\"https:\/\/www.laboratoire-helpac.com\/en\/\",\"logo\":{\"@type\":\"ImageObject\",\"inLanguage\":\"en-US\",\"@id\":\"https:\/\/www.laboratoire-helpac.com\/en\/#\/schema\/logo\/image\/\",\"url\":\"https:\/\/dev.fizzbuzz.fr\/helpac\/wp-content\/uploads\/2023\/05\/Logo-Helpac.jpg\",\"contentUrl\":\"https:\/\/dev.fizzbuzz.fr\/helpac\/wp-content\/uploads\/2023\/05\/Logo-Helpac.jpg\",\"width\":200,\"height\":200,\"caption\":\"Helpac\"},\"image\":{\"@id\":\"https:\/\/www.laboratoire-helpac.com\/en\/#\/schema\/logo\/image\/\"},\"sameAs\":[\"https:\/\/www.linkedin.com\/company\/helpac\/\"]}]}<\/script>\n<!-- \/ Yoast SEO plugin. -->","yoast_head_json":{"title":"Essential oil Hinoki (Taiwan) | HELPAC","description":"Fra\u00eeche, bois\u00e9e, balsamique, citronn\u00e9e, l\u2019huile essentielle d\u2019Hinoki est exceptionnelle en parfumerie. Riche en alpha-pin\u00e8ne, delta-cadin\u00e8ne, alphamuurol\u00e8ne, gammamuurol\u00e8ne, gamma-cadin\u00e8ne, b\u00e9ta-\u00e9l\u00e9m\u00e8ne et limon\u00e8ne, elle relaxe et aide \u00e0 l\u2019\u00e9l\u00e9vation de l\u2019esprit en aromath\u00e9rapie \u00e9nerg\u00e9tique. Insectifuge, elle est \u00e9galement antibact\u00e9rienne, antifongique, antivirale et d\u00e9congestionnante des voies respiratoires, on la retrouve n\u00e9anmoins principalement en cosm\u00e9tique (anti-inflammatoire, antibact\u00e9rienne, antiseptique, cicatrisante, limite la s\u00e9cr\u00e9tion de s\u00e9bum, stimule la pousse des cheveux, parfume les soins -notamment d\u00e9odorants - Homme).","robots":{"index":"index","follow":"follow","max-snippet":"max-snippet:-1","max-image-preview":"max-image-preview:large","max-video-preview":"max-video-preview:-1"},"canonical":"https:\/\/www.laboratoire-helpac.com\/en\/p\/hinoki\/","og_locale":"en_US","og_type":"article","og_title":"Essential oil Hinoki (Taiwan) | HELPAC","og_description":"Fra\u00eeche, bois\u00e9e, balsamique, citronn\u00e9e, l\u2019huile essentielle d\u2019Hinoki est exceptionnelle en parfumerie. Riche en alpha-pin\u00e8ne, delta-cadin\u00e8ne, alphamuurol\u00e8ne, gammamuurol\u00e8ne, gamma-cadin\u00e8ne, b\u00e9ta-\u00e9l\u00e9m\u00e8ne et limon\u00e8ne, elle relaxe et aide \u00e0 l\u2019\u00e9l\u00e9vation de l\u2019esprit en aromath\u00e9rapie \u00e9nerg\u00e9tique. Insectifuge, elle est \u00e9galement antibact\u00e9rienne, antifongique, antivirale et d\u00e9congestionnante des voies respiratoires, on la retrouve n\u00e9anmoins principalement en cosm\u00e9tique (anti-inflammatoire, antibact\u00e9rienne, antiseptique, cicatrisante, limite la s\u00e9cr\u00e9tion de s\u00e9bum, stimule la pousse des cheveux, parfume les soins -notamment d\u00e9odorants - Homme).","og_url":"https:\/\/www.laboratoire-helpac.com\/en\/p\/hinoki\/","og_site_name":"HELPAC","article_modified_time":"2023-11-29T18:38:38+00:00","og_image":[{"width":1280,"height":1280,"url":"https:\/\/www.laboratoire-helpac.com\/wp-content\/uploads\/2023\/09\/HE_HINOKI-EN.png","type":"image\/png"}],"twitter_card":"summary_large_image","schema":{"@context":"https:\/\/schema.org","@graph":[{"@type":"WebPage","@id":"https:\/\/www.laboratoire-helpac.com\/en\/p\/hinoki\/","url":"https:\/\/www.laboratoire-helpac.com\/en\/p\/hinoki\/","name":"Essential oil Hinoki (Taiwan) | HELPAC","isPartOf":{"@id":"https:\/\/www.laboratoire-helpac.com\/en\/#website"},"primaryImageOfPage":{"@id":"https:\/\/www.laboratoire-helpac.com\/en\/p\/hinoki\/#primaryimage"},"image":{"@id":"https:\/\/www.laboratoire-helpac.com\/en\/p\/hinoki\/#primaryimage"},"thumbnailUrl":"https:\/\/www.laboratoire-helpac.com\/wp-content\/uploads\/2023\/09\/HE_HINOKI-EN.png","datePublished":"2023-07-30T14:56:13+00:00","dateModified":"2023-11-29T18:38:38+00:00","description":"Fra\u00eeche, bois\u00e9e, balsamique, citronn\u00e9e, l\u2019huile essentielle d\u2019Hinoki est exceptionnelle en parfumerie. Riche en alpha-pin\u00e8ne, delta-cadin\u00e8ne, alphamuurol\u00e8ne, gammamuurol\u00e8ne, gamma-cadin\u00e8ne, b\u00e9ta-\u00e9l\u00e9m\u00e8ne et limon\u00e8ne, elle relaxe et aide \u00e0 l\u2019\u00e9l\u00e9vation de l\u2019esprit en aromath\u00e9rapie \u00e9nerg\u00e9tique. Insectifuge, elle est \u00e9galement antibact\u00e9rienne, antifongique, antivirale et d\u00e9congestionnante des voies respiratoires, on la retrouve n\u00e9anmoins principalement en cosm\u00e9tique (anti-inflammatoire, antibact\u00e9rienne, antiseptique, cicatrisante, limite la s\u00e9cr\u00e9tion de s\u00e9bum, stimule la pousse des cheveux, parfume les soins -notamment d\u00e9odorants - Homme).","breadcrumb":{"@id":"https:\/\/www.laboratoire-helpac.com\/en\/p\/hinoki\/#breadcrumb"},"inLanguage":"en-US","potentialAction":[{"@type":"ReadAction","target":["https:\/\/www.laboratoire-helpac.com\/en\/p\/hinoki\/"]}]},{"@type":"ImageObject","inLanguage":"en-US","@id":"https:\/\/www.laboratoire-helpac.com\/en\/p\/hinoki\/#primaryimage","url":"https:\/\/www.laboratoire-helpac.com\/wp-content\/uploads\/2023\/09\/HE_HINOKI-EN.png","contentUrl":"https:\/\/www.laboratoire-helpac.com\/wp-content\/uploads\/2023\/09\/HE_HINOKI-EN.png","width":1280,"height":1280,"caption":"Essential oil Hinoki (Taiwan) wholesaler"},{"@type":"BreadcrumbList","@id":"https:\/\/www.laboratoire-helpac.com\/en\/p\/hinoki\/#breadcrumb","itemListElement":[{"@type":"ListItem","position":1,"name":"Accueil","item":"https:\/\/www.laboratoire-helpac.com\/en\/"},{"@type":"ListItem","position":2,"name":"Our ingredients","item":"https:\/\/www.laboratoire-helpac.com\/en\/products\/"},{"@type":"ListItem","position":3,"name":"HINOKI"}]},{"@type":"WebSite","@id":"https:\/\/www.laboratoire-helpac.com\/en\/#website","url":"https:\/\/www.laboratoire-helpac.com\/en\/","name":"HELPAC","description":"","publisher":{"@id":"https:\/\/www.laboratoire-helpac.com\/en\/#organization"},"potentialAction":[{"@type":"SearchAction","target":{"@type":"EntryPoint","urlTemplate":"https:\/\/www.laboratoire-helpac.com\/en\/?s={search_term_string}"},"query-input":{"@type":"PropertyValueSpecification","valueRequired":true,"valueName":"search_term_string"}}],"inLanguage":"en-US"},{"@type":"Organization","@id":"https:\/\/www.laboratoire-helpac.com\/en\/#organization","name":"Helpac","url":"https:\/\/www.laboratoire-helpac.com\/en\/","logo":{"@type":"ImageObject","inLanguage":"en-US","@id":"https:\/\/www.laboratoire-helpac.com\/en\/#\/schema\/logo\/image\/","url":"https:\/\/dev.fizzbuzz.fr\/helpac\/wp-content\/uploads\/2023\/05\/Logo-Helpac.jpg","contentUrl":"https:\/\/dev.fizzbuzz.fr\/helpac\/wp-content\/uploads\/2023\/05\/Logo-Helpac.jpg","width":200,"height":200,"caption":"Helpac"},"image":{"@id":"https:\/\/www.laboratoire-helpac.com\/en\/#\/schema\/logo\/image\/"},"sameAs":["https:\/\/www.linkedin.com\/company\/helpac\/"]}]}},"_links":{"self":[{"href":"https:\/\/www.laboratoire-helpac.com\/en\/wp-json\/wp\/v2\/product\/5170","targetHints":{"allow":["GET"]}}],"collection":[{"href":"https:\/\/www.laboratoire-helpac.com\/en\/wp-json\/wp\/v2\/product"}],"about":[{"href":"https:\/\/www.laboratoire-helpac.com\/en\/wp-json\/wp\/v2\/types\/product"}],"wp:featuredmedia":[{"embeddable":true,"href":"https:\/\/www.laboratoire-helpac.com\/en\/wp-json\/wp\/v2\/media\/6853"}],"wp:attachment":[{"href":"https:\/\/www.laboratoire-helpac.com\/en\/wp-json\/wp\/v2\/media?parent=5170"}],"wp:term":[{"taxonomy":"product_cat","embeddable":true,"href":"https:\/\/www.laboratoire-helpac.com\/en\/wp-json\/wp\/v2\/product_cat?post=5170"},{"taxonomy":"product_tag","embeddable":true,"href":"https:\/\/www.laboratoire-helpac.com\/en\/wp-json\/wp\/v2\/product_tag?post=5170"}],"curies":[{"name":"wp","href":"https:\/\/api.w.org\/{rel}","templated":true}]}}