{"id":5169,"date":"2023-07-30T16:56:13","date_gmt":"2023-07-30T14:56:13","guid":{"rendered":"http:\/\/localhost\/wordpress\/produit\/helichryse-france\/"},"modified":"2023-11-29T19:38:37","modified_gmt":"2023-11-29T18:38:37","slug":"helichrysum-from-france","status":"publish","type":"product","link":"https:\/\/www.laboratoire-helpac.com\/en\/p\/helichrysum-from-france\/","title":{"rendered":"HELICHRYSUM FROM France"},"content":{"rendered":"<p>Cultivated and distilled in France, this Helichrysum essential oil benefits from extensive expertise. Its aromatic and spicy fragrance ensures a well-maintained balance in its content of neryl acetate, gamma-curcumene, alpha-pinene, and italidiones. Its properties have been preserved throughout the entire process, from the field to the bottle!<\/p>\n","protected":false},"excerpt":{"rendered":"<p>Cultivated and distilled in France, this Helichrysum essential oil benefits from extensive expertise. Its aromatic and spicy fragrance ensures a well-maintained balance in its content of neryl acetate, gamma-curcumene, alpha-pinene, and italidiones. Its properties have been preserved throughout the entire process, from the field to the bottle!<\/p>\n","protected":false},"featured_media":6852,"template":"","meta":[],"product_cat":[390,451,452],"product_tag":[],"class_list":{"0":"post-5169","1":"product","2":"type-product","3":"status-publish","4":"has-post-thumbnail","6":"product_cat-essential-oils","7":"product_cat-aromatherapy-wholesaler-essential-oil","8":"product_cat-bulk-essential-oils-aromatherapy-wholesaler-essential-oil","9":"pa_certifications-conventional","10":"pa_origines-france-en","11":"pa_usages-cosmetic","12":"pa_usages-diffusion-en","13":"pa_usages-perfumery","15":"first","16":"instock","17":"purchasable","18":"product-type-simple"},"acf":[],"yoast_head":"<!-- This site is optimized with the Yoast SEO plugin v23.9 - https:\/\/yoast.com\/wordpress\/plugins\/seo\/ -->\n<title>Essential oil Helichryse France (France) | HELPAC<\/title>\n<meta name=\"description\" content=\"Cultiv\u00e9e et distill\u00e9e en France, cette huile essentielle d\u2019H\u00e9lichryse profite d\u2019un tr\u00e8s grand savoir-faire. Son parfum aromatique et \u00e9pic\u00e9 est le garant d\u2019un tr\u00e8s bon \u00e9quilibre dans sa teneur en ac\u00e9tate de n\u00e9ryle, gamma-curcum\u00e8ne, alpha-pin\u00e8ne et italidiones. Ses propri\u00e9t\u00e9s ont \u00e9t\u00e9 pr\u00e9serv\u00e9es tout au long du processus, du champ au flacon !\" \/>\n<meta name=\"robots\" content=\"index, follow, max-snippet:-1, max-image-preview:large, max-video-preview:-1\" \/>\n<link rel=\"canonical\" href=\"https:\/\/www.laboratoire-helpac.com\/en\/p\/helichrysum-from-france\/\" \/>\n<meta property=\"og:locale\" content=\"en_US\" \/>\n<meta property=\"og:type\" content=\"article\" \/>\n<meta property=\"og:title\" content=\"Essential oil Helichryse France (France) | HELPAC\" \/>\n<meta property=\"og:description\" content=\"Cultiv\u00e9e et distill\u00e9e en France, cette huile essentielle d\u2019H\u00e9lichryse profite d\u2019un tr\u00e8s grand savoir-faire. Son parfum aromatique et \u00e9pic\u00e9 est le garant d\u2019un tr\u00e8s bon \u00e9quilibre dans sa teneur en ac\u00e9tate de n\u00e9ryle, gamma-curcum\u00e8ne, alpha-pin\u00e8ne et italidiones. Ses propri\u00e9t\u00e9s ont \u00e9t\u00e9 pr\u00e9serv\u00e9es tout au long du processus, du champ au flacon !\" \/>\n<meta property=\"og:url\" content=\"https:\/\/www.laboratoire-helpac.com\/en\/p\/helichrysum-from-france\/\" \/>\n<meta property=\"og:site_name\" content=\"HELPAC\" \/>\n<meta property=\"article:modified_time\" content=\"2023-11-29T18:38:37+00:00\" \/>\n<meta property=\"og:image\" content=\"https:\/\/www.laboratoire-helpac.com\/wp-content\/uploads\/2023\/09\/HE_HELICHRYSUM-EN-5.png\" \/>\n\t<meta property=\"og:image:width\" content=\"1280\" \/>\n\t<meta property=\"og:image:height\" content=\"1280\" \/>\n\t<meta property=\"og:image:type\" content=\"image\/png\" \/>\n<meta name=\"twitter:card\" content=\"summary_large_image\" \/>\n<script type=\"application\/ld+json\" class=\"yoast-schema-graph\">{\"@context\":\"https:\/\/schema.org\",\"@graph\":[{\"@type\":\"WebPage\",\"@id\":\"https:\/\/www.laboratoire-helpac.com\/en\/p\/helichrysum-from-france\/\",\"url\":\"https:\/\/www.laboratoire-helpac.com\/en\/p\/helichrysum-from-france\/\",\"name\":\"Essential oil Helichryse France (France) | HELPAC\",\"isPartOf\":{\"@id\":\"https:\/\/www.laboratoire-helpac.com\/en\/#website\"},\"primaryImageOfPage\":{\"@id\":\"https:\/\/www.laboratoire-helpac.com\/en\/p\/helichrysum-from-france\/#primaryimage\"},\"image\":{\"@id\":\"https:\/\/www.laboratoire-helpac.com\/en\/p\/helichrysum-from-france\/#primaryimage\"},\"thumbnailUrl\":\"https:\/\/www.laboratoire-helpac.com\/wp-content\/uploads\/2023\/09\/HE_HELICHRYSUM-EN-5.png\",\"datePublished\":\"2023-07-30T14:56:13+00:00\",\"dateModified\":\"2023-11-29T18:38:37+00:00\",\"description\":\"Cultiv\u00e9e et distill\u00e9e en France, cette huile essentielle d\u2019H\u00e9lichryse profite d\u2019un tr\u00e8s grand savoir-faire. Son parfum aromatique et \u00e9pic\u00e9 est le garant d\u2019un tr\u00e8s bon \u00e9quilibre dans sa teneur en ac\u00e9tate de n\u00e9ryle, gamma-curcum\u00e8ne, alpha-pin\u00e8ne et italidiones. Ses propri\u00e9t\u00e9s ont \u00e9t\u00e9 pr\u00e9serv\u00e9es tout au long du processus, du champ au flacon !\",\"breadcrumb\":{\"@id\":\"https:\/\/www.laboratoire-helpac.com\/en\/p\/helichrysum-from-france\/#breadcrumb\"},\"inLanguage\":\"en-US\",\"potentialAction\":[{\"@type\":\"ReadAction\",\"target\":[\"https:\/\/www.laboratoire-helpac.com\/en\/p\/helichrysum-from-france\/\"]}]},{\"@type\":\"ImageObject\",\"inLanguage\":\"en-US\",\"@id\":\"https:\/\/www.laboratoire-helpac.com\/en\/p\/helichrysum-from-france\/#primaryimage\",\"url\":\"https:\/\/www.laboratoire-helpac.com\/wp-content\/uploads\/2023\/09\/HE_HELICHRYSUM-EN-5.png\",\"contentUrl\":\"https:\/\/www.laboratoire-helpac.com\/wp-content\/uploads\/2023\/09\/HE_HELICHRYSUM-EN-5.png\",\"width\":1280,\"height\":1280,\"caption\":\"Essential oil Helichryse France (France) wholesaler\"},{\"@type\":\"BreadcrumbList\",\"@id\":\"https:\/\/www.laboratoire-helpac.com\/en\/p\/helichrysum-from-france\/#breadcrumb\",\"itemListElement\":[{\"@type\":\"ListItem\",\"position\":1,\"name\":\"Accueil\",\"item\":\"https:\/\/www.laboratoire-helpac.com\/en\/\"},{\"@type\":\"ListItem\",\"position\":2,\"name\":\"Our ingredients\",\"item\":\"https:\/\/www.laboratoire-helpac.com\/en\/products\/\"},{\"@type\":\"ListItem\",\"position\":3,\"name\":\"HELICHRYSUM FROM France\"}]},{\"@type\":\"WebSite\",\"@id\":\"https:\/\/www.laboratoire-helpac.com\/en\/#website\",\"url\":\"https:\/\/www.laboratoire-helpac.com\/en\/\",\"name\":\"HELPAC\",\"description\":\"\",\"publisher\":{\"@id\":\"https:\/\/www.laboratoire-helpac.com\/en\/#organization\"},\"potentialAction\":[{\"@type\":\"SearchAction\",\"target\":{\"@type\":\"EntryPoint\",\"urlTemplate\":\"https:\/\/www.laboratoire-helpac.com\/en\/?s={search_term_string}\"},\"query-input\":{\"@type\":\"PropertyValueSpecification\",\"valueRequired\":true,\"valueName\":\"search_term_string\"}}],\"inLanguage\":\"en-US\"},{\"@type\":\"Organization\",\"@id\":\"https:\/\/www.laboratoire-helpac.com\/en\/#organization\",\"name\":\"Helpac\",\"url\":\"https:\/\/www.laboratoire-helpac.com\/en\/\",\"logo\":{\"@type\":\"ImageObject\",\"inLanguage\":\"en-US\",\"@id\":\"https:\/\/www.laboratoire-helpac.com\/en\/#\/schema\/logo\/image\/\",\"url\":\"https:\/\/dev.fizzbuzz.fr\/helpac\/wp-content\/uploads\/2023\/05\/Logo-Helpac.jpg\",\"contentUrl\":\"https:\/\/dev.fizzbuzz.fr\/helpac\/wp-content\/uploads\/2023\/05\/Logo-Helpac.jpg\",\"width\":200,\"height\":200,\"caption\":\"Helpac\"},\"image\":{\"@id\":\"https:\/\/www.laboratoire-helpac.com\/en\/#\/schema\/logo\/image\/\"},\"sameAs\":[\"https:\/\/www.linkedin.com\/company\/helpac\/\"]}]}<\/script>\n<!-- \/ Yoast SEO plugin. -->","yoast_head_json":{"title":"Essential oil Helichryse France (France) | HELPAC","description":"Cultiv\u00e9e et distill\u00e9e en France, cette huile essentielle d\u2019H\u00e9lichryse profite d\u2019un tr\u00e8s grand savoir-faire. Son parfum aromatique et \u00e9pic\u00e9 est le garant d\u2019un tr\u00e8s bon \u00e9quilibre dans sa teneur en ac\u00e9tate de n\u00e9ryle, gamma-curcum\u00e8ne, alpha-pin\u00e8ne et italidiones. Ses propri\u00e9t\u00e9s ont \u00e9t\u00e9 pr\u00e9serv\u00e9es tout au long du processus, du champ au flacon !","robots":{"index":"index","follow":"follow","max-snippet":"max-snippet:-1","max-image-preview":"max-image-preview:large","max-video-preview":"max-video-preview:-1"},"canonical":"https:\/\/www.laboratoire-helpac.com\/en\/p\/helichrysum-from-france\/","og_locale":"en_US","og_type":"article","og_title":"Essential oil Helichryse France (France) | HELPAC","og_description":"Cultiv\u00e9e et distill\u00e9e en France, cette huile essentielle d\u2019H\u00e9lichryse profite d\u2019un tr\u00e8s grand savoir-faire. Son parfum aromatique et \u00e9pic\u00e9 est le garant d\u2019un tr\u00e8s bon \u00e9quilibre dans sa teneur en ac\u00e9tate de n\u00e9ryle, gamma-curcum\u00e8ne, alpha-pin\u00e8ne et italidiones. Ses propri\u00e9t\u00e9s ont \u00e9t\u00e9 pr\u00e9serv\u00e9es tout au long du processus, du champ au flacon !","og_url":"https:\/\/www.laboratoire-helpac.com\/en\/p\/helichrysum-from-france\/","og_site_name":"HELPAC","article_modified_time":"2023-11-29T18:38:37+00:00","og_image":[{"width":1280,"height":1280,"url":"https:\/\/www.laboratoire-helpac.com\/wp-content\/uploads\/2023\/09\/HE_HELICHRYSUM-EN-5.png","type":"image\/png"}],"twitter_card":"summary_large_image","schema":{"@context":"https:\/\/schema.org","@graph":[{"@type":"WebPage","@id":"https:\/\/www.laboratoire-helpac.com\/en\/p\/helichrysum-from-france\/","url":"https:\/\/www.laboratoire-helpac.com\/en\/p\/helichrysum-from-france\/","name":"Essential oil Helichryse France (France) | HELPAC","isPartOf":{"@id":"https:\/\/www.laboratoire-helpac.com\/en\/#website"},"primaryImageOfPage":{"@id":"https:\/\/www.laboratoire-helpac.com\/en\/p\/helichrysum-from-france\/#primaryimage"},"image":{"@id":"https:\/\/www.laboratoire-helpac.com\/en\/p\/helichrysum-from-france\/#primaryimage"},"thumbnailUrl":"https:\/\/www.laboratoire-helpac.com\/wp-content\/uploads\/2023\/09\/HE_HELICHRYSUM-EN-5.png","datePublished":"2023-07-30T14:56:13+00:00","dateModified":"2023-11-29T18:38:37+00:00","description":"Cultiv\u00e9e et distill\u00e9e en France, cette huile essentielle d\u2019H\u00e9lichryse profite d\u2019un tr\u00e8s grand savoir-faire. Son parfum aromatique et \u00e9pic\u00e9 est le garant d\u2019un tr\u00e8s bon \u00e9quilibre dans sa teneur en ac\u00e9tate de n\u00e9ryle, gamma-curcum\u00e8ne, alpha-pin\u00e8ne et italidiones. Ses propri\u00e9t\u00e9s ont \u00e9t\u00e9 pr\u00e9serv\u00e9es tout au long du processus, du champ au flacon !","breadcrumb":{"@id":"https:\/\/www.laboratoire-helpac.com\/en\/p\/helichrysum-from-france\/#breadcrumb"},"inLanguage":"en-US","potentialAction":[{"@type":"ReadAction","target":["https:\/\/www.laboratoire-helpac.com\/en\/p\/helichrysum-from-france\/"]}]},{"@type":"ImageObject","inLanguage":"en-US","@id":"https:\/\/www.laboratoire-helpac.com\/en\/p\/helichrysum-from-france\/#primaryimage","url":"https:\/\/www.laboratoire-helpac.com\/wp-content\/uploads\/2023\/09\/HE_HELICHRYSUM-EN-5.png","contentUrl":"https:\/\/www.laboratoire-helpac.com\/wp-content\/uploads\/2023\/09\/HE_HELICHRYSUM-EN-5.png","width":1280,"height":1280,"caption":"Essential oil Helichryse France (France) wholesaler"},{"@type":"BreadcrumbList","@id":"https:\/\/www.laboratoire-helpac.com\/en\/p\/helichrysum-from-france\/#breadcrumb","itemListElement":[{"@type":"ListItem","position":1,"name":"Accueil","item":"https:\/\/www.laboratoire-helpac.com\/en\/"},{"@type":"ListItem","position":2,"name":"Our ingredients","item":"https:\/\/www.laboratoire-helpac.com\/en\/products\/"},{"@type":"ListItem","position":3,"name":"HELICHRYSUM FROM France"}]},{"@type":"WebSite","@id":"https:\/\/www.laboratoire-helpac.com\/en\/#website","url":"https:\/\/www.laboratoire-helpac.com\/en\/","name":"HELPAC","description":"","publisher":{"@id":"https:\/\/www.laboratoire-helpac.com\/en\/#organization"},"potentialAction":[{"@type":"SearchAction","target":{"@type":"EntryPoint","urlTemplate":"https:\/\/www.laboratoire-helpac.com\/en\/?s={search_term_string}"},"query-input":{"@type":"PropertyValueSpecification","valueRequired":true,"valueName":"search_term_string"}}],"inLanguage":"en-US"},{"@type":"Organization","@id":"https:\/\/www.laboratoire-helpac.com\/en\/#organization","name":"Helpac","url":"https:\/\/www.laboratoire-helpac.com\/en\/","logo":{"@type":"ImageObject","inLanguage":"en-US","@id":"https:\/\/www.laboratoire-helpac.com\/en\/#\/schema\/logo\/image\/","url":"https:\/\/dev.fizzbuzz.fr\/helpac\/wp-content\/uploads\/2023\/05\/Logo-Helpac.jpg","contentUrl":"https:\/\/dev.fizzbuzz.fr\/helpac\/wp-content\/uploads\/2023\/05\/Logo-Helpac.jpg","width":200,"height":200,"caption":"Helpac"},"image":{"@id":"https:\/\/www.laboratoire-helpac.com\/en\/#\/schema\/logo\/image\/"},"sameAs":["https:\/\/www.linkedin.com\/company\/helpac\/"]}]}},"_links":{"self":[{"href":"https:\/\/www.laboratoire-helpac.com\/en\/wp-json\/wp\/v2\/product\/5169","targetHints":{"allow":["GET"]}}],"collection":[{"href":"https:\/\/www.laboratoire-helpac.com\/en\/wp-json\/wp\/v2\/product"}],"about":[{"href":"https:\/\/www.laboratoire-helpac.com\/en\/wp-json\/wp\/v2\/types\/product"}],"wp:featuredmedia":[{"embeddable":true,"href":"https:\/\/www.laboratoire-helpac.com\/en\/wp-json\/wp\/v2\/media\/6852"}],"wp:attachment":[{"href":"https:\/\/www.laboratoire-helpac.com\/en\/wp-json\/wp\/v2\/media?parent=5169"}],"wp:term":[{"taxonomy":"product_cat","embeddable":true,"href":"https:\/\/www.laboratoire-helpac.com\/en\/wp-json\/wp\/v2\/product_cat?post=5169"},{"taxonomy":"product_tag","embeddable":true,"href":"https:\/\/www.laboratoire-helpac.com\/en\/wp-json\/wp\/v2\/product_tag?post=5169"}],"curies":[{"name":"wp","href":"https:\/\/api.w.org\/{rel}","templated":true}]}}