{"id":5164,"date":"2023-07-30T16:56:13","date_gmt":"2023-07-30T14:56:13","guid":{"rendered":"http:\/\/localhost\/wordpress\/produit\/helichrys-balkans-organic\/"},"modified":"2023-11-29T19:38:35","modified_gmt":"2023-11-29T18:38:35","slug":"helichrysum-from-balkan-organic","status":"publish","type":"product","link":"https:\/\/www.laboratoire-helpac.com\/en\/p\/helichrysum-from-balkan-organic\/","title":{"rendered":"HELICHRYSUM FROM BALKAN ORGANIC"},"content":{"rendered":"<p>Italian Helichrysum essential oil is particularly rich in neryl acetate, gamma-curcumene, alpha-pinene and italidiones. With an intense and warm deep base note that&#8217;s quite captivating in perfumery, it tends to emotional wounds in energetic aromatherapy. Its anti-bruising, healing, circulatory, and anti-aging properties have earned it a reputation in the cosmetic industry. As an anti-catarrhal, mucolytic, hypocholesterolemic, and liver-regenerating agent, it holds significant value in the realm of well-being.<\/p>\n","protected":false},"excerpt":{"rendered":"<p>Italian Helichrysum essential oil is particularly rich in neryl acetate, gamma-curcumene, alpha-pinene and italidiones. With an intense and warm deep base note that&#8217;s quite captivating in perfumery, it tends to emotional wounds in energetic aromatherapy. Its anti-bruising, healing, circulatory, and anti-aging properties have earned it a reputation in the cosmetic industry. As an anti-catarrhal, mucolytic, [&hellip;]<\/p>\n","protected":false},"featured_media":6847,"template":"","meta":[],"product_cat":[390,451,452],"product_tag":[],"class_list":{"0":"post-5164","1":"product","2":"type-product","3":"status-publish","4":"has-post-thumbnail","6":"product_cat-essential-oils","7":"product_cat-aromatherapy-wholesaler-essential-oil","8":"product_cat-bulk-essential-oils-aromatherapy-wholesaler-essential-oil","9":"pa_certifications-organic","10":"pa_origines-europe-en","11":"pa_usages-cosmetic","12":"pa_usages-diffusion-en","13":"pa_usages-food","14":"pa_usages-perfumery","16":"first","17":"instock","18":"purchasable","19":"product-type-simple"},"acf":[],"yoast_head":"<!-- This site is optimized with the Yoast SEO plugin v23.9 - https:\/\/yoast.com\/wordpress\/plugins\/seo\/ -->\n<title>Essential oil Helichrys Balkans Organic (Balkans) | HELPAC<\/title>\n<meta name=\"description\" content=\"Sa richesse en ac\u00e9tate de n\u00e9ryle, gamma-curcum\u00e8ne, alpha-pin\u00e8ne et italidiones fait la particularit\u00e9 de l\u2019huile essentielle d\u2019H\u00e9lichryse italienne. Note de fond intense et chaude tr\u00e8s int\u00e9ressante en parfumerie, elle soigne \u00ab les bleues \u00e0 l\u2019\u00e2me \u00bb en aromath\u00e9rapie \u00e9nerg\u00e9tique. Ses propri\u00e9t\u00e9s anti-h\u00e9matome, cicatrisante, circulatoire et anti-\u00e2ge ont fait sa r\u00e9putation dans le secteur cosm\u00e9tique. Anti-catarrhale, mucolytique, hypocholest\u00e9rol\u00e9miante et r\u00e9g\u00e9n\u00e9rante h\u00e9patique, elle est tr\u00e8s int\u00e9ressante sur la sph\u00e8re bien-\u00eatre.\" \/>\n<meta name=\"robots\" content=\"index, follow, max-snippet:-1, max-image-preview:large, max-video-preview:-1\" \/>\n<link rel=\"canonical\" href=\"https:\/\/www.laboratoire-helpac.com\/en\/p\/helichrysum-from-balkan-organic\/\" \/>\n<meta property=\"og:locale\" content=\"en_US\" \/>\n<meta property=\"og:type\" content=\"article\" \/>\n<meta property=\"og:title\" content=\"Essential oil Helichrys Balkans Organic (Balkans) | HELPAC\" \/>\n<meta property=\"og:description\" content=\"Sa richesse en ac\u00e9tate de n\u00e9ryle, gamma-curcum\u00e8ne, alpha-pin\u00e8ne et italidiones fait la particularit\u00e9 de l\u2019huile essentielle d\u2019H\u00e9lichryse italienne. Note de fond intense et chaude tr\u00e8s int\u00e9ressante en parfumerie, elle soigne \u00ab les bleues \u00e0 l\u2019\u00e2me \u00bb en aromath\u00e9rapie \u00e9nerg\u00e9tique. Ses propri\u00e9t\u00e9s anti-h\u00e9matome, cicatrisante, circulatoire et anti-\u00e2ge ont fait sa r\u00e9putation dans le secteur cosm\u00e9tique. Anti-catarrhale, mucolytique, hypocholest\u00e9rol\u00e9miante et r\u00e9g\u00e9n\u00e9rante h\u00e9patique, elle est tr\u00e8s int\u00e9ressante sur la sph\u00e8re bien-\u00eatre.\" \/>\n<meta property=\"og:url\" content=\"https:\/\/www.laboratoire-helpac.com\/en\/p\/helichrysum-from-balkan-organic\/\" \/>\n<meta property=\"og:site_name\" content=\"HELPAC\" \/>\n<meta property=\"article:modified_time\" content=\"2023-11-29T18:38:35+00:00\" \/>\n<meta property=\"og:image\" content=\"https:\/\/www.laboratoire-helpac.com\/wp-content\/uploads\/2023\/09\/HE_HELICHRYSUM-EN.png\" \/>\n\t<meta property=\"og:image:width\" content=\"1280\" \/>\n\t<meta property=\"og:image:height\" content=\"1280\" \/>\n\t<meta property=\"og:image:type\" content=\"image\/png\" \/>\n<meta name=\"twitter:card\" content=\"summary_large_image\" \/>\n<script type=\"application\/ld+json\" class=\"yoast-schema-graph\">{\"@context\":\"https:\/\/schema.org\",\"@graph\":[{\"@type\":\"WebPage\",\"@id\":\"https:\/\/www.laboratoire-helpac.com\/en\/p\/helichrysum-from-balkan-organic\/\",\"url\":\"https:\/\/www.laboratoire-helpac.com\/en\/p\/helichrysum-from-balkan-organic\/\",\"name\":\"Essential oil Helichrys Balkans Organic (Balkans) | HELPAC\",\"isPartOf\":{\"@id\":\"https:\/\/www.laboratoire-helpac.com\/en\/#website\"},\"primaryImageOfPage\":{\"@id\":\"https:\/\/www.laboratoire-helpac.com\/en\/p\/helichrysum-from-balkan-organic\/#primaryimage\"},\"image\":{\"@id\":\"https:\/\/www.laboratoire-helpac.com\/en\/p\/helichrysum-from-balkan-organic\/#primaryimage\"},\"thumbnailUrl\":\"https:\/\/www.laboratoire-helpac.com\/wp-content\/uploads\/2023\/09\/HE_HELICHRYSUM-EN.png\",\"datePublished\":\"2023-07-30T14:56:13+00:00\",\"dateModified\":\"2023-11-29T18:38:35+00:00\",\"description\":\"Sa richesse en ac\u00e9tate de n\u00e9ryle, gamma-curcum\u00e8ne, alpha-pin\u00e8ne et italidiones fait la particularit\u00e9 de l\u2019huile essentielle d\u2019H\u00e9lichryse italienne. Note de fond intense et chaude tr\u00e8s int\u00e9ressante en parfumerie, elle soigne \u00ab les bleues \u00e0 l\u2019\u00e2me \u00bb en aromath\u00e9rapie \u00e9nerg\u00e9tique. Ses propri\u00e9t\u00e9s anti-h\u00e9matome, cicatrisante, circulatoire et anti-\u00e2ge ont fait sa r\u00e9putation dans le secteur cosm\u00e9tique. Anti-catarrhale, mucolytique, hypocholest\u00e9rol\u00e9miante et r\u00e9g\u00e9n\u00e9rante h\u00e9patique, elle est tr\u00e8s int\u00e9ressante sur la sph\u00e8re bien-\u00eatre.\",\"breadcrumb\":{\"@id\":\"https:\/\/www.laboratoire-helpac.com\/en\/p\/helichrysum-from-balkan-organic\/#breadcrumb\"},\"inLanguage\":\"en-US\",\"potentialAction\":[{\"@type\":\"ReadAction\",\"target\":[\"https:\/\/www.laboratoire-helpac.com\/en\/p\/helichrysum-from-balkan-organic\/\"]}]},{\"@type\":\"ImageObject\",\"inLanguage\":\"en-US\",\"@id\":\"https:\/\/www.laboratoire-helpac.com\/en\/p\/helichrysum-from-balkan-organic\/#primaryimage\",\"url\":\"https:\/\/www.laboratoire-helpac.com\/wp-content\/uploads\/2023\/09\/HE_HELICHRYSUM-EN.png\",\"contentUrl\":\"https:\/\/www.laboratoire-helpac.com\/wp-content\/uploads\/2023\/09\/HE_HELICHRYSUM-EN.png\",\"width\":1280,\"height\":1280,\"caption\":\"Essential oil Helichrys Balkans Organic (Balkans) wholesaler\"},{\"@type\":\"BreadcrumbList\",\"@id\":\"https:\/\/www.laboratoire-helpac.com\/en\/p\/helichrysum-from-balkan-organic\/#breadcrumb\",\"itemListElement\":[{\"@type\":\"ListItem\",\"position\":1,\"name\":\"Accueil\",\"item\":\"https:\/\/www.laboratoire-helpac.com\/en\/\"},{\"@type\":\"ListItem\",\"position\":2,\"name\":\"Our ingredients\",\"item\":\"https:\/\/www.laboratoire-helpac.com\/en\/products\/\"},{\"@type\":\"ListItem\",\"position\":3,\"name\":\"HELICHRYSUM FROM BALKAN ORGANIC\"}]},{\"@type\":\"WebSite\",\"@id\":\"https:\/\/www.laboratoire-helpac.com\/en\/#website\",\"url\":\"https:\/\/www.laboratoire-helpac.com\/en\/\",\"name\":\"HELPAC\",\"description\":\"\",\"publisher\":{\"@id\":\"https:\/\/www.laboratoire-helpac.com\/en\/#organization\"},\"potentialAction\":[{\"@type\":\"SearchAction\",\"target\":{\"@type\":\"EntryPoint\",\"urlTemplate\":\"https:\/\/www.laboratoire-helpac.com\/en\/?s={search_term_string}\"},\"query-input\":{\"@type\":\"PropertyValueSpecification\",\"valueRequired\":true,\"valueName\":\"search_term_string\"}}],\"inLanguage\":\"en-US\"},{\"@type\":\"Organization\",\"@id\":\"https:\/\/www.laboratoire-helpac.com\/en\/#organization\",\"name\":\"Helpac\",\"url\":\"https:\/\/www.laboratoire-helpac.com\/en\/\",\"logo\":{\"@type\":\"ImageObject\",\"inLanguage\":\"en-US\",\"@id\":\"https:\/\/www.laboratoire-helpac.com\/en\/#\/schema\/logo\/image\/\",\"url\":\"https:\/\/dev.fizzbuzz.fr\/helpac\/wp-content\/uploads\/2023\/05\/Logo-Helpac.jpg\",\"contentUrl\":\"https:\/\/dev.fizzbuzz.fr\/helpac\/wp-content\/uploads\/2023\/05\/Logo-Helpac.jpg\",\"width\":200,\"height\":200,\"caption\":\"Helpac\"},\"image\":{\"@id\":\"https:\/\/www.laboratoire-helpac.com\/en\/#\/schema\/logo\/image\/\"},\"sameAs\":[\"https:\/\/www.linkedin.com\/company\/helpac\/\"]}]}<\/script>\n<!-- \/ Yoast SEO plugin. -->","yoast_head_json":{"title":"Essential oil Helichrys Balkans Organic (Balkans) | HELPAC","description":"Sa richesse en ac\u00e9tate de n\u00e9ryle, gamma-curcum\u00e8ne, alpha-pin\u00e8ne et italidiones fait la particularit\u00e9 de l\u2019huile essentielle d\u2019H\u00e9lichryse italienne. Note de fond intense et chaude tr\u00e8s int\u00e9ressante en parfumerie, elle soigne \u00ab les bleues \u00e0 l\u2019\u00e2me \u00bb en aromath\u00e9rapie \u00e9nerg\u00e9tique. Ses propri\u00e9t\u00e9s anti-h\u00e9matome, cicatrisante, circulatoire et anti-\u00e2ge ont fait sa r\u00e9putation dans le secteur cosm\u00e9tique. Anti-catarrhale, mucolytique, hypocholest\u00e9rol\u00e9miante et r\u00e9g\u00e9n\u00e9rante h\u00e9patique, elle est tr\u00e8s int\u00e9ressante sur la sph\u00e8re bien-\u00eatre.","robots":{"index":"index","follow":"follow","max-snippet":"max-snippet:-1","max-image-preview":"max-image-preview:large","max-video-preview":"max-video-preview:-1"},"canonical":"https:\/\/www.laboratoire-helpac.com\/en\/p\/helichrysum-from-balkan-organic\/","og_locale":"en_US","og_type":"article","og_title":"Essential oil Helichrys Balkans Organic (Balkans) | HELPAC","og_description":"Sa richesse en ac\u00e9tate de n\u00e9ryle, gamma-curcum\u00e8ne, alpha-pin\u00e8ne et italidiones fait la particularit\u00e9 de l\u2019huile essentielle d\u2019H\u00e9lichryse italienne. Note de fond intense et chaude tr\u00e8s int\u00e9ressante en parfumerie, elle soigne \u00ab les bleues \u00e0 l\u2019\u00e2me \u00bb en aromath\u00e9rapie \u00e9nerg\u00e9tique. Ses propri\u00e9t\u00e9s anti-h\u00e9matome, cicatrisante, circulatoire et anti-\u00e2ge ont fait sa r\u00e9putation dans le secteur cosm\u00e9tique. Anti-catarrhale, mucolytique, hypocholest\u00e9rol\u00e9miante et r\u00e9g\u00e9n\u00e9rante h\u00e9patique, elle est tr\u00e8s int\u00e9ressante sur la sph\u00e8re bien-\u00eatre.","og_url":"https:\/\/www.laboratoire-helpac.com\/en\/p\/helichrysum-from-balkan-organic\/","og_site_name":"HELPAC","article_modified_time":"2023-11-29T18:38:35+00:00","og_image":[{"width":1280,"height":1280,"url":"https:\/\/www.laboratoire-helpac.com\/wp-content\/uploads\/2023\/09\/HE_HELICHRYSUM-EN.png","type":"image\/png"}],"twitter_card":"summary_large_image","schema":{"@context":"https:\/\/schema.org","@graph":[{"@type":"WebPage","@id":"https:\/\/www.laboratoire-helpac.com\/en\/p\/helichrysum-from-balkan-organic\/","url":"https:\/\/www.laboratoire-helpac.com\/en\/p\/helichrysum-from-balkan-organic\/","name":"Essential oil Helichrys Balkans Organic (Balkans) | HELPAC","isPartOf":{"@id":"https:\/\/www.laboratoire-helpac.com\/en\/#website"},"primaryImageOfPage":{"@id":"https:\/\/www.laboratoire-helpac.com\/en\/p\/helichrysum-from-balkan-organic\/#primaryimage"},"image":{"@id":"https:\/\/www.laboratoire-helpac.com\/en\/p\/helichrysum-from-balkan-organic\/#primaryimage"},"thumbnailUrl":"https:\/\/www.laboratoire-helpac.com\/wp-content\/uploads\/2023\/09\/HE_HELICHRYSUM-EN.png","datePublished":"2023-07-30T14:56:13+00:00","dateModified":"2023-11-29T18:38:35+00:00","description":"Sa richesse en ac\u00e9tate de n\u00e9ryle, gamma-curcum\u00e8ne, alpha-pin\u00e8ne et italidiones fait la particularit\u00e9 de l\u2019huile essentielle d\u2019H\u00e9lichryse italienne. Note de fond intense et chaude tr\u00e8s int\u00e9ressante en parfumerie, elle soigne \u00ab les bleues \u00e0 l\u2019\u00e2me \u00bb en aromath\u00e9rapie \u00e9nerg\u00e9tique. Ses propri\u00e9t\u00e9s anti-h\u00e9matome, cicatrisante, circulatoire et anti-\u00e2ge ont fait sa r\u00e9putation dans le secteur cosm\u00e9tique. Anti-catarrhale, mucolytique, hypocholest\u00e9rol\u00e9miante et r\u00e9g\u00e9n\u00e9rante h\u00e9patique, elle est tr\u00e8s int\u00e9ressante sur la sph\u00e8re bien-\u00eatre.","breadcrumb":{"@id":"https:\/\/www.laboratoire-helpac.com\/en\/p\/helichrysum-from-balkan-organic\/#breadcrumb"},"inLanguage":"en-US","potentialAction":[{"@type":"ReadAction","target":["https:\/\/www.laboratoire-helpac.com\/en\/p\/helichrysum-from-balkan-organic\/"]}]},{"@type":"ImageObject","inLanguage":"en-US","@id":"https:\/\/www.laboratoire-helpac.com\/en\/p\/helichrysum-from-balkan-organic\/#primaryimage","url":"https:\/\/www.laboratoire-helpac.com\/wp-content\/uploads\/2023\/09\/HE_HELICHRYSUM-EN.png","contentUrl":"https:\/\/www.laboratoire-helpac.com\/wp-content\/uploads\/2023\/09\/HE_HELICHRYSUM-EN.png","width":1280,"height":1280,"caption":"Essential oil Helichrys Balkans Organic (Balkans) wholesaler"},{"@type":"BreadcrumbList","@id":"https:\/\/www.laboratoire-helpac.com\/en\/p\/helichrysum-from-balkan-organic\/#breadcrumb","itemListElement":[{"@type":"ListItem","position":1,"name":"Accueil","item":"https:\/\/www.laboratoire-helpac.com\/en\/"},{"@type":"ListItem","position":2,"name":"Our ingredients","item":"https:\/\/www.laboratoire-helpac.com\/en\/products\/"},{"@type":"ListItem","position":3,"name":"HELICHRYSUM FROM BALKAN ORGANIC"}]},{"@type":"WebSite","@id":"https:\/\/www.laboratoire-helpac.com\/en\/#website","url":"https:\/\/www.laboratoire-helpac.com\/en\/","name":"HELPAC","description":"","publisher":{"@id":"https:\/\/www.laboratoire-helpac.com\/en\/#organization"},"potentialAction":[{"@type":"SearchAction","target":{"@type":"EntryPoint","urlTemplate":"https:\/\/www.laboratoire-helpac.com\/en\/?s={search_term_string}"},"query-input":{"@type":"PropertyValueSpecification","valueRequired":true,"valueName":"search_term_string"}}],"inLanguage":"en-US"},{"@type":"Organization","@id":"https:\/\/www.laboratoire-helpac.com\/en\/#organization","name":"Helpac","url":"https:\/\/www.laboratoire-helpac.com\/en\/","logo":{"@type":"ImageObject","inLanguage":"en-US","@id":"https:\/\/www.laboratoire-helpac.com\/en\/#\/schema\/logo\/image\/","url":"https:\/\/dev.fizzbuzz.fr\/helpac\/wp-content\/uploads\/2023\/05\/Logo-Helpac.jpg","contentUrl":"https:\/\/dev.fizzbuzz.fr\/helpac\/wp-content\/uploads\/2023\/05\/Logo-Helpac.jpg","width":200,"height":200,"caption":"Helpac"},"image":{"@id":"https:\/\/www.laboratoire-helpac.com\/en\/#\/schema\/logo\/image\/"},"sameAs":["https:\/\/www.linkedin.com\/company\/helpac\/"]}]}},"_links":{"self":[{"href":"https:\/\/www.laboratoire-helpac.com\/en\/wp-json\/wp\/v2\/product\/5164","targetHints":{"allow":["GET"]}}],"collection":[{"href":"https:\/\/www.laboratoire-helpac.com\/en\/wp-json\/wp\/v2\/product"}],"about":[{"href":"https:\/\/www.laboratoire-helpac.com\/en\/wp-json\/wp\/v2\/types\/product"}],"wp:featuredmedia":[{"embeddable":true,"href":"https:\/\/www.laboratoire-helpac.com\/en\/wp-json\/wp\/v2\/media\/6847"}],"wp:attachment":[{"href":"https:\/\/www.laboratoire-helpac.com\/en\/wp-json\/wp\/v2\/media?parent=5164"}],"wp:term":[{"taxonomy":"product_cat","embeddable":true,"href":"https:\/\/www.laboratoire-helpac.com\/en\/wp-json\/wp\/v2\/product_cat?post=5164"},{"taxonomy":"product_tag","embeddable":true,"href":"https:\/\/www.laboratoire-helpac.com\/en\/wp-json\/wp\/v2\/product_tag?post=5164"}],"curies":[{"name":"wp","href":"https:\/\/api.w.org\/{rel}","templated":true}]}}