{"id":5139,"date":"2023-07-30T16:55:56","date_gmt":"2023-07-30T14:55:56","guid":{"rendered":"http:\/\/localhost\/wordpress\/produit\/organic-gattiller\/"},"modified":"2023-11-29T19:38:26","modified_gmt":"2023-11-29T18:38:26","slug":"chaste-tree-organic","status":"publish","type":"product","link":"https:\/\/www.laboratoire-helpac.com\/en\/p\/chaste-tree-organic\/","title":{"rendered":"CHASTE TREE ORGANIC"},"content":{"rendered":"<p>Chaste tree essential oil has a subtle, herbaceous fragrance. It is appreciated for its hormone-regulating benefits, relieving the symptoms of premenstrual syndrome and the menopause. In aromatherapy, it helps to balance mood and reduce anxiety. Its use is beneficial for female well-being and hormonal health in general.<\/p>\n","protected":false},"excerpt":{"rendered":"<p>Chaste tree essential oil has a subtle, herbaceous fragrance. It is appreciated for its hormone-regulating benefits, relieving the symptoms of premenstrual syndrome and the menopause. In aromatherapy, it helps to balance mood and reduce anxiety. Its use is beneficial for female well-being and hormonal health in general.<\/p>\n","protected":false},"featured_media":9406,"template":"","meta":[],"product_cat":[390,451,452],"product_tag":[],"class_list":{"0":"post-5139","1":"product","2":"type-product","3":"status-publish","4":"has-post-thumbnail","6":"product_cat-essential-oils","7":"product_cat-aromatherapy-wholesaler-essential-oil","8":"product_cat-bulk-essential-oils-aromatherapy-wholesaler-essential-oil","9":"pa_certifications-organic","10":"pa_origines-france-en","11":"pa_usages-cosmetic","12":"pa_usages-diffusion-en","13":"pa_usages-perfumery","15":"first","16":"instock","17":"purchasable","18":"product-type-simple"},"acf":[],"yoast_head":"<!-- This site is optimized with the Yoast SEO plugin v23.9 - https:\/\/yoast.com\/wordpress\/plugins\/seo\/ -->\n<title>Essential oil Organic gattiller (France) | HELPAC<\/title>\n<meta name=\"description\" content=\"L&#039;huile essentielle de Gattilier pr\u00e9sente un parfum subtil et herbac\u00e9. Elle est appr\u00e9ci\u00e9e pour ses bienfaits r\u00e9gulateurs hormonaux, soulageant les sympt\u00f4mes du syndrome pr\u00e9menstruel et de la m\u00e9nopause. En aromath\u00e9rapie, elle aide \u00e0 \u00e9quilibrer l&#039;humeur et \u00e0 r\u00e9duire l&#039;anxi\u00e9t\u00e9. Son utilisation est b\u00e9n\u00e9fique pour le bien-\u00eatre f\u00e9minin et la sant\u00e9 hormonale en g\u00e9n\u00e9ral.\" \/>\n<meta name=\"robots\" content=\"index, follow, max-snippet:-1, max-image-preview:large, max-video-preview:-1\" \/>\n<link rel=\"canonical\" href=\"https:\/\/www.laboratoire-helpac.com\/en\/p\/chaste-tree-organic\/\" \/>\n<meta property=\"og:locale\" content=\"en_US\" \/>\n<meta property=\"og:type\" content=\"article\" \/>\n<meta property=\"og:title\" content=\"Essential oil Organic gattiller (France) | HELPAC\" \/>\n<meta property=\"og:description\" content=\"L&#039;huile essentielle de Gattilier pr\u00e9sente un parfum subtil et herbac\u00e9. Elle est appr\u00e9ci\u00e9e pour ses bienfaits r\u00e9gulateurs hormonaux, soulageant les sympt\u00f4mes du syndrome pr\u00e9menstruel et de la m\u00e9nopause. En aromath\u00e9rapie, elle aide \u00e0 \u00e9quilibrer l&#039;humeur et \u00e0 r\u00e9duire l&#039;anxi\u00e9t\u00e9. Son utilisation est b\u00e9n\u00e9fique pour le bien-\u00eatre f\u00e9minin et la sant\u00e9 hormonale en g\u00e9n\u00e9ral.\" \/>\n<meta property=\"og:url\" content=\"https:\/\/www.laboratoire-helpac.com\/en\/p\/chaste-tree-organic\/\" \/>\n<meta property=\"og:site_name\" content=\"HELPAC\" \/>\n<meta property=\"article:modified_time\" content=\"2023-11-29T18:38:26+00:00\" \/>\n<meta property=\"og:image\" content=\"https:\/\/www.laboratoire-helpac.com\/wp-content\/uploads\/2023\/11\/HE_CHASTETREE-EN.png\" \/>\n\t<meta property=\"og:image:width\" content=\"1000\" \/>\n\t<meta property=\"og:image:height\" content=\"1000\" \/>\n\t<meta property=\"og:image:type\" content=\"image\/png\" \/>\n<meta name=\"twitter:card\" content=\"summary_large_image\" \/>\n<script type=\"application\/ld+json\" class=\"yoast-schema-graph\">{\"@context\":\"https:\/\/schema.org\",\"@graph\":[{\"@type\":\"WebPage\",\"@id\":\"https:\/\/www.laboratoire-helpac.com\/en\/p\/chaste-tree-organic\/\",\"url\":\"https:\/\/www.laboratoire-helpac.com\/en\/p\/chaste-tree-organic\/\",\"name\":\"Essential oil Organic gattiller (France) | HELPAC\",\"isPartOf\":{\"@id\":\"https:\/\/www.laboratoire-helpac.com\/en\/#website\"},\"primaryImageOfPage\":{\"@id\":\"https:\/\/www.laboratoire-helpac.com\/en\/p\/chaste-tree-organic\/#primaryimage\"},\"image\":{\"@id\":\"https:\/\/www.laboratoire-helpac.com\/en\/p\/chaste-tree-organic\/#primaryimage\"},\"thumbnailUrl\":\"https:\/\/www.laboratoire-helpac.com\/wp-content\/uploads\/2023\/11\/HE_CHASTETREE-EN.png\",\"datePublished\":\"2023-07-30T14:55:56+00:00\",\"dateModified\":\"2023-11-29T18:38:26+00:00\",\"description\":\"L'huile essentielle de Gattilier pr\u00e9sente un parfum subtil et herbac\u00e9. Elle est appr\u00e9ci\u00e9e pour ses bienfaits r\u00e9gulateurs hormonaux, soulageant les sympt\u00f4mes du syndrome pr\u00e9menstruel et de la m\u00e9nopause. En aromath\u00e9rapie, elle aide \u00e0 \u00e9quilibrer l'humeur et \u00e0 r\u00e9duire l'anxi\u00e9t\u00e9. Son utilisation est b\u00e9n\u00e9fique pour le bien-\u00eatre f\u00e9minin et la sant\u00e9 hormonale en g\u00e9n\u00e9ral.\",\"breadcrumb\":{\"@id\":\"https:\/\/www.laboratoire-helpac.com\/en\/p\/chaste-tree-organic\/#breadcrumb\"},\"inLanguage\":\"en-US\",\"potentialAction\":[{\"@type\":\"ReadAction\",\"target\":[\"https:\/\/www.laboratoire-helpac.com\/en\/p\/chaste-tree-organic\/\"]}]},{\"@type\":\"ImageObject\",\"inLanguage\":\"en-US\",\"@id\":\"https:\/\/www.laboratoire-helpac.com\/en\/p\/chaste-tree-organic\/#primaryimage\",\"url\":\"https:\/\/www.laboratoire-helpac.com\/wp-content\/uploads\/2023\/11\/HE_CHASTETREE-EN.png\",\"contentUrl\":\"https:\/\/www.laboratoire-helpac.com\/wp-content\/uploads\/2023\/11\/HE_CHASTETREE-EN.png\",\"width\":1000,\"height\":1000,\"caption\":\"Essential oil Chaste Tree Organic (France ) wholesaler\"},{\"@type\":\"BreadcrumbList\",\"@id\":\"https:\/\/www.laboratoire-helpac.com\/en\/p\/chaste-tree-organic\/#breadcrumb\",\"itemListElement\":[{\"@type\":\"ListItem\",\"position\":1,\"name\":\"Accueil\",\"item\":\"https:\/\/www.laboratoire-helpac.com\/en\/\"},{\"@type\":\"ListItem\",\"position\":2,\"name\":\"Our ingredients\",\"item\":\"https:\/\/www.laboratoire-helpac.com\/en\/products\/\"},{\"@type\":\"ListItem\",\"position\":3,\"name\":\"CHASTE TREE ORGANIC\"}]},{\"@type\":\"WebSite\",\"@id\":\"https:\/\/www.laboratoire-helpac.com\/en\/#website\",\"url\":\"https:\/\/www.laboratoire-helpac.com\/en\/\",\"name\":\"HELPAC\",\"description\":\"\",\"publisher\":{\"@id\":\"https:\/\/www.laboratoire-helpac.com\/en\/#organization\"},\"potentialAction\":[{\"@type\":\"SearchAction\",\"target\":{\"@type\":\"EntryPoint\",\"urlTemplate\":\"https:\/\/www.laboratoire-helpac.com\/en\/?s={search_term_string}\"},\"query-input\":{\"@type\":\"PropertyValueSpecification\",\"valueRequired\":true,\"valueName\":\"search_term_string\"}}],\"inLanguage\":\"en-US\"},{\"@type\":\"Organization\",\"@id\":\"https:\/\/www.laboratoire-helpac.com\/en\/#organization\",\"name\":\"Helpac\",\"url\":\"https:\/\/www.laboratoire-helpac.com\/en\/\",\"logo\":{\"@type\":\"ImageObject\",\"inLanguage\":\"en-US\",\"@id\":\"https:\/\/www.laboratoire-helpac.com\/en\/#\/schema\/logo\/image\/\",\"url\":\"https:\/\/dev.fizzbuzz.fr\/helpac\/wp-content\/uploads\/2023\/05\/Logo-Helpac.jpg\",\"contentUrl\":\"https:\/\/dev.fizzbuzz.fr\/helpac\/wp-content\/uploads\/2023\/05\/Logo-Helpac.jpg\",\"width\":200,\"height\":200,\"caption\":\"Helpac\"},\"image\":{\"@id\":\"https:\/\/www.laboratoire-helpac.com\/en\/#\/schema\/logo\/image\/\"},\"sameAs\":[\"https:\/\/www.linkedin.com\/company\/helpac\/\"]}]}<\/script>\n<!-- \/ Yoast SEO plugin. -->","yoast_head_json":{"title":"Essential oil Organic gattiller (France) | HELPAC","description":"L'huile essentielle de Gattilier pr\u00e9sente un parfum subtil et herbac\u00e9. Elle est appr\u00e9ci\u00e9e pour ses bienfaits r\u00e9gulateurs hormonaux, soulageant les sympt\u00f4mes du syndrome pr\u00e9menstruel et de la m\u00e9nopause. En aromath\u00e9rapie, elle aide \u00e0 \u00e9quilibrer l'humeur et \u00e0 r\u00e9duire l'anxi\u00e9t\u00e9. Son utilisation est b\u00e9n\u00e9fique pour le bien-\u00eatre f\u00e9minin et la sant\u00e9 hormonale en g\u00e9n\u00e9ral.","robots":{"index":"index","follow":"follow","max-snippet":"max-snippet:-1","max-image-preview":"max-image-preview:large","max-video-preview":"max-video-preview:-1"},"canonical":"https:\/\/www.laboratoire-helpac.com\/en\/p\/chaste-tree-organic\/","og_locale":"en_US","og_type":"article","og_title":"Essential oil Organic gattiller (France) | HELPAC","og_description":"L'huile essentielle de Gattilier pr\u00e9sente un parfum subtil et herbac\u00e9. Elle est appr\u00e9ci\u00e9e pour ses bienfaits r\u00e9gulateurs hormonaux, soulageant les sympt\u00f4mes du syndrome pr\u00e9menstruel et de la m\u00e9nopause. En aromath\u00e9rapie, elle aide \u00e0 \u00e9quilibrer l'humeur et \u00e0 r\u00e9duire l'anxi\u00e9t\u00e9. Son utilisation est b\u00e9n\u00e9fique pour le bien-\u00eatre f\u00e9minin et la sant\u00e9 hormonale en g\u00e9n\u00e9ral.","og_url":"https:\/\/www.laboratoire-helpac.com\/en\/p\/chaste-tree-organic\/","og_site_name":"HELPAC","article_modified_time":"2023-11-29T18:38:26+00:00","og_image":[{"width":1000,"height":1000,"url":"https:\/\/www.laboratoire-helpac.com\/wp-content\/uploads\/2023\/11\/HE_CHASTETREE-EN.png","type":"image\/png"}],"twitter_card":"summary_large_image","schema":{"@context":"https:\/\/schema.org","@graph":[{"@type":"WebPage","@id":"https:\/\/www.laboratoire-helpac.com\/en\/p\/chaste-tree-organic\/","url":"https:\/\/www.laboratoire-helpac.com\/en\/p\/chaste-tree-organic\/","name":"Essential oil Organic gattiller (France) | HELPAC","isPartOf":{"@id":"https:\/\/www.laboratoire-helpac.com\/en\/#website"},"primaryImageOfPage":{"@id":"https:\/\/www.laboratoire-helpac.com\/en\/p\/chaste-tree-organic\/#primaryimage"},"image":{"@id":"https:\/\/www.laboratoire-helpac.com\/en\/p\/chaste-tree-organic\/#primaryimage"},"thumbnailUrl":"https:\/\/www.laboratoire-helpac.com\/wp-content\/uploads\/2023\/11\/HE_CHASTETREE-EN.png","datePublished":"2023-07-30T14:55:56+00:00","dateModified":"2023-11-29T18:38:26+00:00","description":"L'huile essentielle de Gattilier pr\u00e9sente un parfum subtil et herbac\u00e9. Elle est appr\u00e9ci\u00e9e pour ses bienfaits r\u00e9gulateurs hormonaux, soulageant les sympt\u00f4mes du syndrome pr\u00e9menstruel et de la m\u00e9nopause. En aromath\u00e9rapie, elle aide \u00e0 \u00e9quilibrer l'humeur et \u00e0 r\u00e9duire l'anxi\u00e9t\u00e9. Son utilisation est b\u00e9n\u00e9fique pour le bien-\u00eatre f\u00e9minin et la sant\u00e9 hormonale en g\u00e9n\u00e9ral.","breadcrumb":{"@id":"https:\/\/www.laboratoire-helpac.com\/en\/p\/chaste-tree-organic\/#breadcrumb"},"inLanguage":"en-US","potentialAction":[{"@type":"ReadAction","target":["https:\/\/www.laboratoire-helpac.com\/en\/p\/chaste-tree-organic\/"]}]},{"@type":"ImageObject","inLanguage":"en-US","@id":"https:\/\/www.laboratoire-helpac.com\/en\/p\/chaste-tree-organic\/#primaryimage","url":"https:\/\/www.laboratoire-helpac.com\/wp-content\/uploads\/2023\/11\/HE_CHASTETREE-EN.png","contentUrl":"https:\/\/www.laboratoire-helpac.com\/wp-content\/uploads\/2023\/11\/HE_CHASTETREE-EN.png","width":1000,"height":1000,"caption":"Essential oil Chaste Tree Organic (France ) wholesaler"},{"@type":"BreadcrumbList","@id":"https:\/\/www.laboratoire-helpac.com\/en\/p\/chaste-tree-organic\/#breadcrumb","itemListElement":[{"@type":"ListItem","position":1,"name":"Accueil","item":"https:\/\/www.laboratoire-helpac.com\/en\/"},{"@type":"ListItem","position":2,"name":"Our ingredients","item":"https:\/\/www.laboratoire-helpac.com\/en\/products\/"},{"@type":"ListItem","position":3,"name":"CHASTE TREE ORGANIC"}]},{"@type":"WebSite","@id":"https:\/\/www.laboratoire-helpac.com\/en\/#website","url":"https:\/\/www.laboratoire-helpac.com\/en\/","name":"HELPAC","description":"","publisher":{"@id":"https:\/\/www.laboratoire-helpac.com\/en\/#organization"},"potentialAction":[{"@type":"SearchAction","target":{"@type":"EntryPoint","urlTemplate":"https:\/\/www.laboratoire-helpac.com\/en\/?s={search_term_string}"},"query-input":{"@type":"PropertyValueSpecification","valueRequired":true,"valueName":"search_term_string"}}],"inLanguage":"en-US"},{"@type":"Organization","@id":"https:\/\/www.laboratoire-helpac.com\/en\/#organization","name":"Helpac","url":"https:\/\/www.laboratoire-helpac.com\/en\/","logo":{"@type":"ImageObject","inLanguage":"en-US","@id":"https:\/\/www.laboratoire-helpac.com\/en\/#\/schema\/logo\/image\/","url":"https:\/\/dev.fizzbuzz.fr\/helpac\/wp-content\/uploads\/2023\/05\/Logo-Helpac.jpg","contentUrl":"https:\/\/dev.fizzbuzz.fr\/helpac\/wp-content\/uploads\/2023\/05\/Logo-Helpac.jpg","width":200,"height":200,"caption":"Helpac"},"image":{"@id":"https:\/\/www.laboratoire-helpac.com\/en\/#\/schema\/logo\/image\/"},"sameAs":["https:\/\/www.linkedin.com\/company\/helpac\/"]}]}},"_links":{"self":[{"href":"https:\/\/www.laboratoire-helpac.com\/en\/wp-json\/wp\/v2\/product\/5139","targetHints":{"allow":["GET"]}}],"collection":[{"href":"https:\/\/www.laboratoire-helpac.com\/en\/wp-json\/wp\/v2\/product"}],"about":[{"href":"https:\/\/www.laboratoire-helpac.com\/en\/wp-json\/wp\/v2\/types\/product"}],"wp:featuredmedia":[{"embeddable":true,"href":"https:\/\/www.laboratoire-helpac.com\/en\/wp-json\/wp\/v2\/media\/9406"}],"wp:attachment":[{"href":"https:\/\/www.laboratoire-helpac.com\/en\/wp-json\/wp\/v2\/media?parent=5139"}],"wp:term":[{"taxonomy":"product_cat","embeddable":true,"href":"https:\/\/www.laboratoire-helpac.com\/en\/wp-json\/wp\/v2\/product_cat?post=5139"},{"taxonomy":"product_tag","embeddable":true,"href":"https:\/\/www.laboratoire-helpac.com\/en\/wp-json\/wp\/v2\/product_tag?post=5139"}],"curies":[{"name":"wp","href":"https:\/\/api.w.org\/{rel}","templated":true}]}}