{"id":5137,"date":"2023-07-30T16:55:56","date_gmt":"2023-07-30T14:55:56","guid":{"rendered":"http:\/\/localhost\/wordpress\/produit\/soft-fennel\/"},"modified":"2023-11-29T19:38:25","modified_gmt":"2023-11-29T18:38:25","slug":"fennel-sweet","status":"publish","type":"product","link":"https:\/\/www.laboratoire-helpac.com\/en\/p\/fennel-sweet\/","title":{"rendered":"FENNEL SWEET"},"content":{"rendered":"<p>Rich in trans-anethole, Sweet Fennel essential oil is oestrogen-like, promoting lactation and relieving menstrual pain and menopausal symptoms. It is a recognised digestive tonic, as well as a cardiac, cerebral and respiratory tonic. Its mild, slightly spicy, aniseed flavour is very popular in cooking and cocktails.<\/p>\n","protected":false},"excerpt":{"rendered":"<p>Rich in trans-anethole, Sweet Fennel essential oil is oestrogen-like, promoting lactation and relieving menstrual pain and menopausal symptoms. It is a recognised digestive tonic, as well as a cardiac, cerebral and respiratory tonic. Its mild, slightly spicy, aniseed flavour is very popular in cooking and cocktails.<\/p>\n","protected":false},"featured_media":6821,"template":"","meta":[],"product_cat":[390,451,452],"product_tag":[],"class_list":{"0":"post-5137","1":"product","2":"type-product","3":"status-publish","4":"has-post-thumbnail","6":"product_cat-essential-oils","7":"product_cat-aromatherapy-wholesaler-essential-oil","8":"product_cat-bulk-essential-oils-aromatherapy-wholesaler-essential-oil","9":"pa_certifications-conventional","10":"pa_origines-europe-en","11":"pa_usages-cosmetic","12":"pa_usages-diffusion-en","13":"pa_usages-food","14":"pa_usages-perfumery","16":"first","17":"instock","18":"purchasable","19":"product-type-simple"},"acf":[],"yoast_head":"<!-- This site is optimized with the Yoast SEO plugin v23.9 - https:\/\/yoast.com\/wordpress\/plugins\/seo\/ -->\n<title>Essential oil Soft fennel (Moldova) | HELPAC<\/title>\n<meta name=\"description\" content=\"Riche en trans-an\u00e9thole, l\u2019huile essentielle de Fenouil doux est un oestrogen-like qui favorise la lactation, soulage les douleurs li\u00e9es aux menstruations et les sympt\u00f4mes de la m\u00e9nopause. C\u2019est un tonique digestif reconnu mais \u00e9galement un tonique cardiaque, c\u00e9r\u00e9bral et respiratoire. Son ar\u00f4me anis\u00e9, l\u00e9g\u00e8rement \u00e9pic\u00e9 mais doux est tr\u00e8s appr\u00e9ci\u00e9 en cuisine et pour les cocktails.\" \/>\n<meta name=\"robots\" content=\"index, follow, max-snippet:-1, max-image-preview:large, max-video-preview:-1\" \/>\n<link rel=\"canonical\" href=\"https:\/\/www.laboratoire-helpac.com\/en\/p\/fennel-sweet\/\" \/>\n<meta property=\"og:locale\" content=\"en_US\" \/>\n<meta property=\"og:type\" content=\"article\" \/>\n<meta property=\"og:title\" content=\"Essential oil Soft fennel (Moldova) | HELPAC\" \/>\n<meta property=\"og:description\" content=\"Riche en trans-an\u00e9thole, l\u2019huile essentielle de Fenouil doux est un oestrogen-like qui favorise la lactation, soulage les douleurs li\u00e9es aux menstruations et les sympt\u00f4mes de la m\u00e9nopause. C\u2019est un tonique digestif reconnu mais \u00e9galement un tonique cardiaque, c\u00e9r\u00e9bral et respiratoire. Son ar\u00f4me anis\u00e9, l\u00e9g\u00e8rement \u00e9pic\u00e9 mais doux est tr\u00e8s appr\u00e9ci\u00e9 en cuisine et pour les cocktails.\" \/>\n<meta property=\"og:url\" content=\"https:\/\/www.laboratoire-helpac.com\/en\/p\/fennel-sweet\/\" \/>\n<meta property=\"og:site_name\" content=\"HELPAC\" \/>\n<meta property=\"article:modified_time\" content=\"2023-11-29T18:38:25+00:00\" \/>\n<meta property=\"og:image\" content=\"https:\/\/www.laboratoire-helpac.com\/wp-content\/uploads\/2023\/09\/HE_FENNELSWEET-EN-1.png\" \/>\n\t<meta property=\"og:image:width\" content=\"1280\" \/>\n\t<meta property=\"og:image:height\" content=\"1280\" \/>\n\t<meta property=\"og:image:type\" content=\"image\/png\" \/>\n<meta name=\"twitter:card\" content=\"summary_large_image\" \/>\n<script type=\"application\/ld+json\" class=\"yoast-schema-graph\">{\"@context\":\"https:\/\/schema.org\",\"@graph\":[{\"@type\":\"WebPage\",\"@id\":\"https:\/\/www.laboratoire-helpac.com\/en\/p\/fennel-sweet\/\",\"url\":\"https:\/\/www.laboratoire-helpac.com\/en\/p\/fennel-sweet\/\",\"name\":\"Essential oil Soft fennel (Moldova) | HELPAC\",\"isPartOf\":{\"@id\":\"https:\/\/www.laboratoire-helpac.com\/en\/#website\"},\"primaryImageOfPage\":{\"@id\":\"https:\/\/www.laboratoire-helpac.com\/en\/p\/fennel-sweet\/#primaryimage\"},\"image\":{\"@id\":\"https:\/\/www.laboratoire-helpac.com\/en\/p\/fennel-sweet\/#primaryimage\"},\"thumbnailUrl\":\"https:\/\/www.laboratoire-helpac.com\/wp-content\/uploads\/2023\/09\/HE_FENNELSWEET-EN-1.png\",\"datePublished\":\"2023-07-30T14:55:56+00:00\",\"dateModified\":\"2023-11-29T18:38:25+00:00\",\"description\":\"Riche en trans-an\u00e9thole, l\u2019huile essentielle de Fenouil doux est un oestrogen-like qui favorise la lactation, soulage les douleurs li\u00e9es aux menstruations et les sympt\u00f4mes de la m\u00e9nopause. C\u2019est un tonique digestif reconnu mais \u00e9galement un tonique cardiaque, c\u00e9r\u00e9bral et respiratoire. Son ar\u00f4me anis\u00e9, l\u00e9g\u00e8rement \u00e9pic\u00e9 mais doux est tr\u00e8s appr\u00e9ci\u00e9 en cuisine et pour les cocktails.\",\"breadcrumb\":{\"@id\":\"https:\/\/www.laboratoire-helpac.com\/en\/p\/fennel-sweet\/#breadcrumb\"},\"inLanguage\":\"en-US\",\"potentialAction\":[{\"@type\":\"ReadAction\",\"target\":[\"https:\/\/www.laboratoire-helpac.com\/en\/p\/fennel-sweet\/\"]}]},{\"@type\":\"ImageObject\",\"inLanguage\":\"en-US\",\"@id\":\"https:\/\/www.laboratoire-helpac.com\/en\/p\/fennel-sweet\/#primaryimage\",\"url\":\"https:\/\/www.laboratoire-helpac.com\/wp-content\/uploads\/2023\/09\/HE_FENNELSWEET-EN-1.png\",\"contentUrl\":\"https:\/\/www.laboratoire-helpac.com\/wp-content\/uploads\/2023\/09\/HE_FENNELSWEET-EN-1.png\",\"width\":1280,\"height\":1280,\"caption\":\"Essential oil Soft fennel (Moldova) wholesaler\"},{\"@type\":\"BreadcrumbList\",\"@id\":\"https:\/\/www.laboratoire-helpac.com\/en\/p\/fennel-sweet\/#breadcrumb\",\"itemListElement\":[{\"@type\":\"ListItem\",\"position\":1,\"name\":\"Accueil\",\"item\":\"https:\/\/www.laboratoire-helpac.com\/en\/\"},{\"@type\":\"ListItem\",\"position\":2,\"name\":\"Our ingredients\",\"item\":\"https:\/\/www.laboratoire-helpac.com\/en\/products\/\"},{\"@type\":\"ListItem\",\"position\":3,\"name\":\"FENNEL SWEET\"}]},{\"@type\":\"WebSite\",\"@id\":\"https:\/\/www.laboratoire-helpac.com\/en\/#website\",\"url\":\"https:\/\/www.laboratoire-helpac.com\/en\/\",\"name\":\"HELPAC\",\"description\":\"\",\"publisher\":{\"@id\":\"https:\/\/www.laboratoire-helpac.com\/en\/#organization\"},\"potentialAction\":[{\"@type\":\"SearchAction\",\"target\":{\"@type\":\"EntryPoint\",\"urlTemplate\":\"https:\/\/www.laboratoire-helpac.com\/en\/?s={search_term_string}\"},\"query-input\":{\"@type\":\"PropertyValueSpecification\",\"valueRequired\":true,\"valueName\":\"search_term_string\"}}],\"inLanguage\":\"en-US\"},{\"@type\":\"Organization\",\"@id\":\"https:\/\/www.laboratoire-helpac.com\/en\/#organization\",\"name\":\"Helpac\",\"url\":\"https:\/\/www.laboratoire-helpac.com\/en\/\",\"logo\":{\"@type\":\"ImageObject\",\"inLanguage\":\"en-US\",\"@id\":\"https:\/\/www.laboratoire-helpac.com\/en\/#\/schema\/logo\/image\/\",\"url\":\"https:\/\/dev.fizzbuzz.fr\/helpac\/wp-content\/uploads\/2023\/05\/Logo-Helpac.jpg\",\"contentUrl\":\"https:\/\/dev.fizzbuzz.fr\/helpac\/wp-content\/uploads\/2023\/05\/Logo-Helpac.jpg\",\"width\":200,\"height\":200,\"caption\":\"Helpac\"},\"image\":{\"@id\":\"https:\/\/www.laboratoire-helpac.com\/en\/#\/schema\/logo\/image\/\"},\"sameAs\":[\"https:\/\/www.linkedin.com\/company\/helpac\/\"]}]}<\/script>\n<!-- \/ Yoast SEO plugin. -->","yoast_head_json":{"title":"Essential oil Soft fennel (Moldova) | HELPAC","description":"Riche en trans-an\u00e9thole, l\u2019huile essentielle de Fenouil doux est un oestrogen-like qui favorise la lactation, soulage les douleurs li\u00e9es aux menstruations et les sympt\u00f4mes de la m\u00e9nopause. C\u2019est un tonique digestif reconnu mais \u00e9galement un tonique cardiaque, c\u00e9r\u00e9bral et respiratoire. Son ar\u00f4me anis\u00e9, l\u00e9g\u00e8rement \u00e9pic\u00e9 mais doux est tr\u00e8s appr\u00e9ci\u00e9 en cuisine et pour les cocktails.","robots":{"index":"index","follow":"follow","max-snippet":"max-snippet:-1","max-image-preview":"max-image-preview:large","max-video-preview":"max-video-preview:-1"},"canonical":"https:\/\/www.laboratoire-helpac.com\/en\/p\/fennel-sweet\/","og_locale":"en_US","og_type":"article","og_title":"Essential oil Soft fennel (Moldova) | HELPAC","og_description":"Riche en trans-an\u00e9thole, l\u2019huile essentielle de Fenouil doux est un oestrogen-like qui favorise la lactation, soulage les douleurs li\u00e9es aux menstruations et les sympt\u00f4mes de la m\u00e9nopause. C\u2019est un tonique digestif reconnu mais \u00e9galement un tonique cardiaque, c\u00e9r\u00e9bral et respiratoire. Son ar\u00f4me anis\u00e9, l\u00e9g\u00e8rement \u00e9pic\u00e9 mais doux est tr\u00e8s appr\u00e9ci\u00e9 en cuisine et pour les cocktails.","og_url":"https:\/\/www.laboratoire-helpac.com\/en\/p\/fennel-sweet\/","og_site_name":"HELPAC","article_modified_time":"2023-11-29T18:38:25+00:00","og_image":[{"width":1280,"height":1280,"url":"https:\/\/www.laboratoire-helpac.com\/wp-content\/uploads\/2023\/09\/HE_FENNELSWEET-EN-1.png","type":"image\/png"}],"twitter_card":"summary_large_image","schema":{"@context":"https:\/\/schema.org","@graph":[{"@type":"WebPage","@id":"https:\/\/www.laboratoire-helpac.com\/en\/p\/fennel-sweet\/","url":"https:\/\/www.laboratoire-helpac.com\/en\/p\/fennel-sweet\/","name":"Essential oil Soft fennel (Moldova) | HELPAC","isPartOf":{"@id":"https:\/\/www.laboratoire-helpac.com\/en\/#website"},"primaryImageOfPage":{"@id":"https:\/\/www.laboratoire-helpac.com\/en\/p\/fennel-sweet\/#primaryimage"},"image":{"@id":"https:\/\/www.laboratoire-helpac.com\/en\/p\/fennel-sweet\/#primaryimage"},"thumbnailUrl":"https:\/\/www.laboratoire-helpac.com\/wp-content\/uploads\/2023\/09\/HE_FENNELSWEET-EN-1.png","datePublished":"2023-07-30T14:55:56+00:00","dateModified":"2023-11-29T18:38:25+00:00","description":"Riche en trans-an\u00e9thole, l\u2019huile essentielle de Fenouil doux est un oestrogen-like qui favorise la lactation, soulage les douleurs li\u00e9es aux menstruations et les sympt\u00f4mes de la m\u00e9nopause. C\u2019est un tonique digestif reconnu mais \u00e9galement un tonique cardiaque, c\u00e9r\u00e9bral et respiratoire. Son ar\u00f4me anis\u00e9, l\u00e9g\u00e8rement \u00e9pic\u00e9 mais doux est tr\u00e8s appr\u00e9ci\u00e9 en cuisine et pour les cocktails.","breadcrumb":{"@id":"https:\/\/www.laboratoire-helpac.com\/en\/p\/fennel-sweet\/#breadcrumb"},"inLanguage":"en-US","potentialAction":[{"@type":"ReadAction","target":["https:\/\/www.laboratoire-helpac.com\/en\/p\/fennel-sweet\/"]}]},{"@type":"ImageObject","inLanguage":"en-US","@id":"https:\/\/www.laboratoire-helpac.com\/en\/p\/fennel-sweet\/#primaryimage","url":"https:\/\/www.laboratoire-helpac.com\/wp-content\/uploads\/2023\/09\/HE_FENNELSWEET-EN-1.png","contentUrl":"https:\/\/www.laboratoire-helpac.com\/wp-content\/uploads\/2023\/09\/HE_FENNELSWEET-EN-1.png","width":1280,"height":1280,"caption":"Essential oil Soft fennel (Moldova) wholesaler"},{"@type":"BreadcrumbList","@id":"https:\/\/www.laboratoire-helpac.com\/en\/p\/fennel-sweet\/#breadcrumb","itemListElement":[{"@type":"ListItem","position":1,"name":"Accueil","item":"https:\/\/www.laboratoire-helpac.com\/en\/"},{"@type":"ListItem","position":2,"name":"Our ingredients","item":"https:\/\/www.laboratoire-helpac.com\/en\/products\/"},{"@type":"ListItem","position":3,"name":"FENNEL SWEET"}]},{"@type":"WebSite","@id":"https:\/\/www.laboratoire-helpac.com\/en\/#website","url":"https:\/\/www.laboratoire-helpac.com\/en\/","name":"HELPAC","description":"","publisher":{"@id":"https:\/\/www.laboratoire-helpac.com\/en\/#organization"},"potentialAction":[{"@type":"SearchAction","target":{"@type":"EntryPoint","urlTemplate":"https:\/\/www.laboratoire-helpac.com\/en\/?s={search_term_string}"},"query-input":{"@type":"PropertyValueSpecification","valueRequired":true,"valueName":"search_term_string"}}],"inLanguage":"en-US"},{"@type":"Organization","@id":"https:\/\/www.laboratoire-helpac.com\/en\/#organization","name":"Helpac","url":"https:\/\/www.laboratoire-helpac.com\/en\/","logo":{"@type":"ImageObject","inLanguage":"en-US","@id":"https:\/\/www.laboratoire-helpac.com\/en\/#\/schema\/logo\/image\/","url":"https:\/\/dev.fizzbuzz.fr\/helpac\/wp-content\/uploads\/2023\/05\/Logo-Helpac.jpg","contentUrl":"https:\/\/dev.fizzbuzz.fr\/helpac\/wp-content\/uploads\/2023\/05\/Logo-Helpac.jpg","width":200,"height":200,"caption":"Helpac"},"image":{"@id":"https:\/\/www.laboratoire-helpac.com\/en\/#\/schema\/logo\/image\/"},"sameAs":["https:\/\/www.linkedin.com\/company\/helpac\/"]}]}},"_links":{"self":[{"href":"https:\/\/www.laboratoire-helpac.com\/en\/wp-json\/wp\/v2\/product\/5137","targetHints":{"allow":["GET"]}}],"collection":[{"href":"https:\/\/www.laboratoire-helpac.com\/en\/wp-json\/wp\/v2\/product"}],"about":[{"href":"https:\/\/www.laboratoire-helpac.com\/en\/wp-json\/wp\/v2\/types\/product"}],"wp:featuredmedia":[{"embeddable":true,"href":"https:\/\/www.laboratoire-helpac.com\/en\/wp-json\/wp\/v2\/media\/6821"}],"wp:attachment":[{"href":"https:\/\/www.laboratoire-helpac.com\/en\/wp-json\/wp\/v2\/media?parent=5137"}],"wp:term":[{"taxonomy":"product_cat","embeddable":true,"href":"https:\/\/www.laboratoire-helpac.com\/en\/wp-json\/wp\/v2\/product_cat?post=5137"},{"taxonomy":"product_tag","embeddable":true,"href":"https:\/\/www.laboratoire-helpac.com\/en\/wp-json\/wp\/v2\/product_tag?post=5137"}],"curies":[{"name":"wp","href":"https:\/\/api.w.org\/{rel}","templated":true}]}}