{"id":5128,"date":"2023-07-30T16:55:44","date_gmt":"2023-07-30T14:55:44","guid":{"rendered":"http:\/\/localhost\/wordpress\/produit\/eucalyptus-citriodora-organic\/"},"modified":"2023-11-29T19:38:21","modified_gmt":"2023-11-29T18:38:21","slug":"eucalyptus-citriodora-organic","status":"publish","type":"product","link":"https:\/\/www.laboratoire-helpac.com\/en\/p\/eucalyptus-citriodora-organic\/","title":{"rendered":"EUCALYPTUS CITRIODORA ORGANIC"},"content":{"rendered":"<p>Don&#8217;t let the name Eucalyptus deceive you: the scent and properties of Lemon Eucalyptus essential oil differ greatly from those of its counterparts. With its lemony, pungent, zesty, and fresh aroma, it is more reminiscent of lemongrass. Used as a heart note in perfumery, it is analgesic and insect-repellent due to its rich composition of citronellol and citronellal \u2013 perfect for mosquito-repelling treatments and soothing against bites. Highly anti-inflammatory, it is utilized in well-being for managing rheumatism and relieving arthritis. In energetic aromatherapy, it brings calmness while enhancing both concentration and relaxation.<\/p>\n","protected":false},"excerpt":{"rendered":"<p>Don&#8217;t let the name Eucalyptus deceive you: the scent and properties of Lemon Eucalyptus essential oil differ greatly from those of its counterparts. With its lemony, pungent, zesty, and fresh aroma, it is more reminiscent of lemongrass. Used as a heart note in perfumery, it is analgesic and insect-repellent due to its rich composition of [&hellip;]<\/p>\n","protected":false},"featured_media":6812,"template":"","meta":[],"product_cat":[390,451,452],"product_tag":[],"class_list":{"0":"post-5128","1":"product","2":"type-product","3":"status-publish","4":"has-post-thumbnail","6":"product_cat-essential-oils","7":"product_cat-aromatherapy-wholesaler-essential-oil","8":"product_cat-bulk-essential-oils-aromatherapy-wholesaler-essential-oil","9":"pa_certifications-organic","10":"pa_origines-americas","11":"pa_usages-cosmetic","12":"pa_usages-diffusion-en","13":"pa_usages-food","14":"pa_usages-perfumery","16":"first","17":"instock","18":"purchasable","19":"product-type-simple"},"acf":[],"yoast_head":"<!-- This site is optimized with the Yoast SEO plugin v23.9 - https:\/\/yoast.com\/wordpress\/plugins\/seo\/ -->\n<title>Essential oil Eucalyptus CitrioDora organic (Brazil) | HELPAC<\/title>\n<meta name=\"description\" content=\"Que son nom d\u2019Eucalyptus ne vous trompe pas : le parfum et les propri\u00e9t\u00e9s de l\u2019huile essentielle d\u2019Eucalypus citronn\u00e9 diff\u00e8re grandement de celles de ses cousines - citronn\u00e9e, piquante, zest\u00e9e et fra\u00eeche, elle se rapproche plus de celle de la citronnelle. Utilis\u00e9e comme note de c\u0153ur en parfumerie, elle est antalgique et insectifuge gr\u00e2ce \u00e0 sa composition riche en citronellol et citronellal \u2013 parfaite pour les soins antimoustiques et apaisant contre les piq\u00fbres. Tr\u00e8s anti-inflammatoire, on la retrouve en bien-\u00eatre dans les soins des rhumatismes et pour soulager l\u2019arthrose. En aromath\u00e9rapie \u00e9nerg\u00e9tique, elle calme et favorise \u00e0 la fois la concentration et la relaxation.\" \/>\n<meta name=\"robots\" content=\"index, follow, max-snippet:-1, max-image-preview:large, max-video-preview:-1\" \/>\n<link rel=\"canonical\" href=\"https:\/\/www.laboratoire-helpac.com\/en\/p\/eucalyptus-citriodora-organic\/\" \/>\n<meta property=\"og:locale\" content=\"en_US\" \/>\n<meta property=\"og:type\" content=\"article\" \/>\n<meta property=\"og:title\" content=\"Essential oil Eucalyptus CitrioDora organic (Brazil) | HELPAC\" \/>\n<meta property=\"og:description\" content=\"Que son nom d\u2019Eucalyptus ne vous trompe pas : le parfum et les propri\u00e9t\u00e9s de l\u2019huile essentielle d\u2019Eucalypus citronn\u00e9 diff\u00e8re grandement de celles de ses cousines - citronn\u00e9e, piquante, zest\u00e9e et fra\u00eeche, elle se rapproche plus de celle de la citronnelle. Utilis\u00e9e comme note de c\u0153ur en parfumerie, elle est antalgique et insectifuge gr\u00e2ce \u00e0 sa composition riche en citronellol et citronellal \u2013 parfaite pour les soins antimoustiques et apaisant contre les piq\u00fbres. Tr\u00e8s anti-inflammatoire, on la retrouve en bien-\u00eatre dans les soins des rhumatismes et pour soulager l\u2019arthrose. En aromath\u00e9rapie \u00e9nerg\u00e9tique, elle calme et favorise \u00e0 la fois la concentration et la relaxation.\" \/>\n<meta property=\"og:url\" content=\"https:\/\/www.laboratoire-helpac.com\/en\/p\/eucalyptus-citriodora-organic\/\" \/>\n<meta property=\"og:site_name\" content=\"HELPAC\" \/>\n<meta property=\"article:modified_time\" content=\"2023-11-29T18:38:21+00:00\" \/>\n<meta property=\"og:image\" content=\"https:\/\/www.laboratoire-helpac.com\/wp-content\/uploads\/2023\/09\/HE_EUCALYPTUSCITRIODORA-EN.png\" \/>\n\t<meta property=\"og:image:width\" content=\"1280\" \/>\n\t<meta property=\"og:image:height\" content=\"1280\" \/>\n\t<meta property=\"og:image:type\" content=\"image\/png\" \/>\n<meta name=\"twitter:card\" content=\"summary_large_image\" \/>\n<script type=\"application\/ld+json\" class=\"yoast-schema-graph\">{\"@context\":\"https:\/\/schema.org\",\"@graph\":[{\"@type\":\"WebPage\",\"@id\":\"https:\/\/www.laboratoire-helpac.com\/en\/p\/eucalyptus-citriodora-organic\/\",\"url\":\"https:\/\/www.laboratoire-helpac.com\/en\/p\/eucalyptus-citriodora-organic\/\",\"name\":\"Essential oil Eucalyptus CitrioDora organic (Brazil) | HELPAC\",\"isPartOf\":{\"@id\":\"https:\/\/www.laboratoire-helpac.com\/en\/#website\"},\"primaryImageOfPage\":{\"@id\":\"https:\/\/www.laboratoire-helpac.com\/en\/p\/eucalyptus-citriodora-organic\/#primaryimage\"},\"image\":{\"@id\":\"https:\/\/www.laboratoire-helpac.com\/en\/p\/eucalyptus-citriodora-organic\/#primaryimage\"},\"thumbnailUrl\":\"https:\/\/www.laboratoire-helpac.com\/wp-content\/uploads\/2023\/09\/HE_EUCALYPTUSCITRIODORA-EN.png\",\"datePublished\":\"2023-07-30T14:55:44+00:00\",\"dateModified\":\"2023-11-29T18:38:21+00:00\",\"description\":\"Que son nom d\u2019Eucalyptus ne vous trompe pas : le parfum et les propri\u00e9t\u00e9s de l\u2019huile essentielle d\u2019Eucalypus citronn\u00e9 diff\u00e8re grandement de celles de ses cousines - citronn\u00e9e, piquante, zest\u00e9e et fra\u00eeche, elle se rapproche plus de celle de la citronnelle. Utilis\u00e9e comme note de c\u0153ur en parfumerie, elle est antalgique et insectifuge gr\u00e2ce \u00e0 sa composition riche en citronellol et citronellal \u2013 parfaite pour les soins antimoustiques et apaisant contre les piq\u00fbres. Tr\u00e8s anti-inflammatoire, on la retrouve en bien-\u00eatre dans les soins des rhumatismes et pour soulager l\u2019arthrose. En aromath\u00e9rapie \u00e9nerg\u00e9tique, elle calme et favorise \u00e0 la fois la concentration et la relaxation.\",\"breadcrumb\":{\"@id\":\"https:\/\/www.laboratoire-helpac.com\/en\/p\/eucalyptus-citriodora-organic\/#breadcrumb\"},\"inLanguage\":\"en-US\",\"potentialAction\":[{\"@type\":\"ReadAction\",\"target\":[\"https:\/\/www.laboratoire-helpac.com\/en\/p\/eucalyptus-citriodora-organic\/\"]}]},{\"@type\":\"ImageObject\",\"inLanguage\":\"en-US\",\"@id\":\"https:\/\/www.laboratoire-helpac.com\/en\/p\/eucalyptus-citriodora-organic\/#primaryimage\",\"url\":\"https:\/\/www.laboratoire-helpac.com\/wp-content\/uploads\/2023\/09\/HE_EUCALYPTUSCITRIODORA-EN.png\",\"contentUrl\":\"https:\/\/www.laboratoire-helpac.com\/wp-content\/uploads\/2023\/09\/HE_EUCALYPTUSCITRIODORA-EN.png\",\"width\":1280,\"height\":1280,\"caption\":\"Essential oil Eucalyptus CitrioDora organic (Brazil) wholesaler\"},{\"@type\":\"BreadcrumbList\",\"@id\":\"https:\/\/www.laboratoire-helpac.com\/en\/p\/eucalyptus-citriodora-organic\/#breadcrumb\",\"itemListElement\":[{\"@type\":\"ListItem\",\"position\":1,\"name\":\"Accueil\",\"item\":\"https:\/\/www.laboratoire-helpac.com\/en\/\"},{\"@type\":\"ListItem\",\"position\":2,\"name\":\"Our ingredients\",\"item\":\"https:\/\/www.laboratoire-helpac.com\/en\/products\/\"},{\"@type\":\"ListItem\",\"position\":3,\"name\":\"EUCALYPTUS CITRIODORA ORGANIC\"}]},{\"@type\":\"WebSite\",\"@id\":\"https:\/\/www.laboratoire-helpac.com\/en\/#website\",\"url\":\"https:\/\/www.laboratoire-helpac.com\/en\/\",\"name\":\"HELPAC\",\"description\":\"\",\"publisher\":{\"@id\":\"https:\/\/www.laboratoire-helpac.com\/en\/#organization\"},\"potentialAction\":[{\"@type\":\"SearchAction\",\"target\":{\"@type\":\"EntryPoint\",\"urlTemplate\":\"https:\/\/www.laboratoire-helpac.com\/en\/?s={search_term_string}\"},\"query-input\":{\"@type\":\"PropertyValueSpecification\",\"valueRequired\":true,\"valueName\":\"search_term_string\"}}],\"inLanguage\":\"en-US\"},{\"@type\":\"Organization\",\"@id\":\"https:\/\/www.laboratoire-helpac.com\/en\/#organization\",\"name\":\"Helpac\",\"url\":\"https:\/\/www.laboratoire-helpac.com\/en\/\",\"logo\":{\"@type\":\"ImageObject\",\"inLanguage\":\"en-US\",\"@id\":\"https:\/\/www.laboratoire-helpac.com\/en\/#\/schema\/logo\/image\/\",\"url\":\"https:\/\/dev.fizzbuzz.fr\/helpac\/wp-content\/uploads\/2023\/05\/Logo-Helpac.jpg\",\"contentUrl\":\"https:\/\/dev.fizzbuzz.fr\/helpac\/wp-content\/uploads\/2023\/05\/Logo-Helpac.jpg\",\"width\":200,\"height\":200,\"caption\":\"Helpac\"},\"image\":{\"@id\":\"https:\/\/www.laboratoire-helpac.com\/en\/#\/schema\/logo\/image\/\"},\"sameAs\":[\"https:\/\/www.linkedin.com\/company\/helpac\/\"]}]}<\/script>\n<!-- \/ Yoast SEO plugin. -->","yoast_head_json":{"title":"Essential oil Eucalyptus CitrioDora organic (Brazil) | HELPAC","description":"Que son nom d\u2019Eucalyptus ne vous trompe pas : le parfum et les propri\u00e9t\u00e9s de l\u2019huile essentielle d\u2019Eucalypus citronn\u00e9 diff\u00e8re grandement de celles de ses cousines - citronn\u00e9e, piquante, zest\u00e9e et fra\u00eeche, elle se rapproche plus de celle de la citronnelle. Utilis\u00e9e comme note de c\u0153ur en parfumerie, elle est antalgique et insectifuge gr\u00e2ce \u00e0 sa composition riche en citronellol et citronellal \u2013 parfaite pour les soins antimoustiques et apaisant contre les piq\u00fbres. Tr\u00e8s anti-inflammatoire, on la retrouve en bien-\u00eatre dans les soins des rhumatismes et pour soulager l\u2019arthrose. En aromath\u00e9rapie \u00e9nerg\u00e9tique, elle calme et favorise \u00e0 la fois la concentration et la relaxation.","robots":{"index":"index","follow":"follow","max-snippet":"max-snippet:-1","max-image-preview":"max-image-preview:large","max-video-preview":"max-video-preview:-1"},"canonical":"https:\/\/www.laboratoire-helpac.com\/en\/p\/eucalyptus-citriodora-organic\/","og_locale":"en_US","og_type":"article","og_title":"Essential oil Eucalyptus CitrioDora organic (Brazil) | HELPAC","og_description":"Que son nom d\u2019Eucalyptus ne vous trompe pas : le parfum et les propri\u00e9t\u00e9s de l\u2019huile essentielle d\u2019Eucalypus citronn\u00e9 diff\u00e8re grandement de celles de ses cousines - citronn\u00e9e, piquante, zest\u00e9e et fra\u00eeche, elle se rapproche plus de celle de la citronnelle. Utilis\u00e9e comme note de c\u0153ur en parfumerie, elle est antalgique et insectifuge gr\u00e2ce \u00e0 sa composition riche en citronellol et citronellal \u2013 parfaite pour les soins antimoustiques et apaisant contre les piq\u00fbres. Tr\u00e8s anti-inflammatoire, on la retrouve en bien-\u00eatre dans les soins des rhumatismes et pour soulager l\u2019arthrose. En aromath\u00e9rapie \u00e9nerg\u00e9tique, elle calme et favorise \u00e0 la fois la concentration et la relaxation.","og_url":"https:\/\/www.laboratoire-helpac.com\/en\/p\/eucalyptus-citriodora-organic\/","og_site_name":"HELPAC","article_modified_time":"2023-11-29T18:38:21+00:00","og_image":[{"width":1280,"height":1280,"url":"https:\/\/www.laboratoire-helpac.com\/wp-content\/uploads\/2023\/09\/HE_EUCALYPTUSCITRIODORA-EN.png","type":"image\/png"}],"twitter_card":"summary_large_image","schema":{"@context":"https:\/\/schema.org","@graph":[{"@type":"WebPage","@id":"https:\/\/www.laboratoire-helpac.com\/en\/p\/eucalyptus-citriodora-organic\/","url":"https:\/\/www.laboratoire-helpac.com\/en\/p\/eucalyptus-citriodora-organic\/","name":"Essential oil Eucalyptus CitrioDora organic (Brazil) | HELPAC","isPartOf":{"@id":"https:\/\/www.laboratoire-helpac.com\/en\/#website"},"primaryImageOfPage":{"@id":"https:\/\/www.laboratoire-helpac.com\/en\/p\/eucalyptus-citriodora-organic\/#primaryimage"},"image":{"@id":"https:\/\/www.laboratoire-helpac.com\/en\/p\/eucalyptus-citriodora-organic\/#primaryimage"},"thumbnailUrl":"https:\/\/www.laboratoire-helpac.com\/wp-content\/uploads\/2023\/09\/HE_EUCALYPTUSCITRIODORA-EN.png","datePublished":"2023-07-30T14:55:44+00:00","dateModified":"2023-11-29T18:38:21+00:00","description":"Que son nom d\u2019Eucalyptus ne vous trompe pas : le parfum et les propri\u00e9t\u00e9s de l\u2019huile essentielle d\u2019Eucalypus citronn\u00e9 diff\u00e8re grandement de celles de ses cousines - citronn\u00e9e, piquante, zest\u00e9e et fra\u00eeche, elle se rapproche plus de celle de la citronnelle. Utilis\u00e9e comme note de c\u0153ur en parfumerie, elle est antalgique et insectifuge gr\u00e2ce \u00e0 sa composition riche en citronellol et citronellal \u2013 parfaite pour les soins antimoustiques et apaisant contre les piq\u00fbres. Tr\u00e8s anti-inflammatoire, on la retrouve en bien-\u00eatre dans les soins des rhumatismes et pour soulager l\u2019arthrose. En aromath\u00e9rapie \u00e9nerg\u00e9tique, elle calme et favorise \u00e0 la fois la concentration et la relaxation.","breadcrumb":{"@id":"https:\/\/www.laboratoire-helpac.com\/en\/p\/eucalyptus-citriodora-organic\/#breadcrumb"},"inLanguage":"en-US","potentialAction":[{"@type":"ReadAction","target":["https:\/\/www.laboratoire-helpac.com\/en\/p\/eucalyptus-citriodora-organic\/"]}]},{"@type":"ImageObject","inLanguage":"en-US","@id":"https:\/\/www.laboratoire-helpac.com\/en\/p\/eucalyptus-citriodora-organic\/#primaryimage","url":"https:\/\/www.laboratoire-helpac.com\/wp-content\/uploads\/2023\/09\/HE_EUCALYPTUSCITRIODORA-EN.png","contentUrl":"https:\/\/www.laboratoire-helpac.com\/wp-content\/uploads\/2023\/09\/HE_EUCALYPTUSCITRIODORA-EN.png","width":1280,"height":1280,"caption":"Essential oil Eucalyptus CitrioDora organic (Brazil) wholesaler"},{"@type":"BreadcrumbList","@id":"https:\/\/www.laboratoire-helpac.com\/en\/p\/eucalyptus-citriodora-organic\/#breadcrumb","itemListElement":[{"@type":"ListItem","position":1,"name":"Accueil","item":"https:\/\/www.laboratoire-helpac.com\/en\/"},{"@type":"ListItem","position":2,"name":"Our ingredients","item":"https:\/\/www.laboratoire-helpac.com\/en\/products\/"},{"@type":"ListItem","position":3,"name":"EUCALYPTUS CITRIODORA ORGANIC"}]},{"@type":"WebSite","@id":"https:\/\/www.laboratoire-helpac.com\/en\/#website","url":"https:\/\/www.laboratoire-helpac.com\/en\/","name":"HELPAC","description":"","publisher":{"@id":"https:\/\/www.laboratoire-helpac.com\/en\/#organization"},"potentialAction":[{"@type":"SearchAction","target":{"@type":"EntryPoint","urlTemplate":"https:\/\/www.laboratoire-helpac.com\/en\/?s={search_term_string}"},"query-input":{"@type":"PropertyValueSpecification","valueRequired":true,"valueName":"search_term_string"}}],"inLanguage":"en-US"},{"@type":"Organization","@id":"https:\/\/www.laboratoire-helpac.com\/en\/#organization","name":"Helpac","url":"https:\/\/www.laboratoire-helpac.com\/en\/","logo":{"@type":"ImageObject","inLanguage":"en-US","@id":"https:\/\/www.laboratoire-helpac.com\/en\/#\/schema\/logo\/image\/","url":"https:\/\/dev.fizzbuzz.fr\/helpac\/wp-content\/uploads\/2023\/05\/Logo-Helpac.jpg","contentUrl":"https:\/\/dev.fizzbuzz.fr\/helpac\/wp-content\/uploads\/2023\/05\/Logo-Helpac.jpg","width":200,"height":200,"caption":"Helpac"},"image":{"@id":"https:\/\/www.laboratoire-helpac.com\/en\/#\/schema\/logo\/image\/"},"sameAs":["https:\/\/www.linkedin.com\/company\/helpac\/"]}]}},"_links":{"self":[{"href":"https:\/\/www.laboratoire-helpac.com\/en\/wp-json\/wp\/v2\/product\/5128","targetHints":{"allow":["GET"]}}],"collection":[{"href":"https:\/\/www.laboratoire-helpac.com\/en\/wp-json\/wp\/v2\/product"}],"about":[{"href":"https:\/\/www.laboratoire-helpac.com\/en\/wp-json\/wp\/v2\/types\/product"}],"wp:featuredmedia":[{"embeddable":true,"href":"https:\/\/www.laboratoire-helpac.com\/en\/wp-json\/wp\/v2\/media\/6812"}],"wp:attachment":[{"href":"https:\/\/www.laboratoire-helpac.com\/en\/wp-json\/wp\/v2\/media?parent=5128"}],"wp:term":[{"taxonomy":"product_cat","embeddable":true,"href":"https:\/\/www.laboratoire-helpac.com\/en\/wp-json\/wp\/v2\/product_cat?post=5128"},{"taxonomy":"product_tag","embeddable":true,"href":"https:\/\/www.laboratoire-helpac.com\/en\/wp-json\/wp\/v2\/product_tag?post=5128"}],"curies":[{"name":"wp","href":"https:\/\/api.w.org\/{rel}","templated":true}]}}