{"id":5111,"date":"2023-07-30T16:55:30","date_gmt":"2023-07-30T14:55:30","guid":{"rendered":"http:\/\/localhost\/wordpress\/produit\/bio-cypress\/"},"modified":"2023-11-29T19:38:14","modified_gmt":"2023-11-29T18:38:14","slug":"cypress-organic","status":"publish","type":"product","link":"https:\/\/www.laboratoire-helpac.com\/en\/p\/cypress-organic\/","title":{"rendered":"CYPRESS ORGANIC"},"content":{"rendered":"<p>The wild harvesting of Cypress branches is conducted in a sustainable manner, yielding Cypress essential oil with an exceptionally pure aroma. It starts with a touch of turpentine that quickly gives way to rich woody notes. With circulatory, antitussive, and sweat-regulating properties, it shares the same applications as Provence Cypress essential oil. In energetic aromatherapy, it is renowned for its ability to soothe fervor.<\/p>\n","protected":false},"excerpt":{"rendered":"<p>The wild harvesting of Cypress branches is conducted in a sustainable manner, yielding Cypress essential oil with an exceptionally pure aroma. It starts with a touch of turpentine that quickly gives way to rich woody notes. With circulatory, antitussive, and sweat-regulating properties, it shares the same applications as Provence Cypress essential oil. In energetic aromatherapy, [&hellip;]<\/p>\n","protected":false},"featured_media":6795,"template":"","meta":[],"product_cat":[390,451,452],"product_tag":[],"class_list":{"0":"post-5111","1":"product","2":"type-product","3":"status-publish","4":"has-post-thumbnail","6":"product_cat-essential-oils","7":"product_cat-aromatherapy-wholesaler-essential-oil","8":"product_cat-bulk-essential-oils-aromatherapy-wholesaler-essential-oil","9":"pa_certifications-organic","10":"pa_origines-europe-en","11":"pa_usages-cosmetic","12":"pa_usages-diffusion-en","13":"pa_usages-food","14":"pa_usages-perfumery","16":"first","17":"instock","18":"purchasable","19":"product-type-simple"},"acf":[],"yoast_head":"<!-- This site is optimized with the Yoast SEO plugin v23.9 - https:\/\/yoast.com\/wordpress\/plugins\/seo\/ -->\n<title>Essential oil Bio cypress (Spain) | HELPAC<\/title>\n<meta name=\"description\" content=\"La r\u00e9colte sauvage des rameaux de Cypr\u00e8s se fait de fa\u00e7on raisonn\u00e9e et donne une huile essentielle de Cypr\u00e8s au parfum particuli\u00e8rement pur, avec une attaque de t\u00e9r\u00e9benthine laissant vite place aux notes bois\u00e9es tr\u00e8s riches. Circulatoire, antitussive, r\u00e9gulatrice de la transpiration, elle poss\u00e8de les m\u00eames applications que l\u2019huile essentielle de Cypr\u00e8s de Provence. En aromath\u00e9rapie \u00e9nerg\u00e9tique, elle est r\u00e9put\u00e9e calmer les ardeurs\" \/>\n<meta name=\"robots\" content=\"index, follow, max-snippet:-1, max-image-preview:large, max-video-preview:-1\" \/>\n<link rel=\"canonical\" href=\"https:\/\/www.laboratoire-helpac.com\/en\/p\/cypress-organic\/\" \/>\n<meta property=\"og:locale\" content=\"en_US\" \/>\n<meta property=\"og:type\" content=\"article\" \/>\n<meta property=\"og:title\" content=\"Essential oil Bio cypress (Spain) | HELPAC\" \/>\n<meta property=\"og:description\" content=\"La r\u00e9colte sauvage des rameaux de Cypr\u00e8s se fait de fa\u00e7on raisonn\u00e9e et donne une huile essentielle de Cypr\u00e8s au parfum particuli\u00e8rement pur, avec une attaque de t\u00e9r\u00e9benthine laissant vite place aux notes bois\u00e9es tr\u00e8s riches. Circulatoire, antitussive, r\u00e9gulatrice de la transpiration, elle poss\u00e8de les m\u00eames applications que l\u2019huile essentielle de Cypr\u00e8s de Provence. En aromath\u00e9rapie \u00e9nerg\u00e9tique, elle est r\u00e9put\u00e9e calmer les ardeurs\" \/>\n<meta property=\"og:url\" content=\"https:\/\/www.laboratoire-helpac.com\/en\/p\/cypress-organic\/\" \/>\n<meta property=\"og:site_name\" content=\"HELPAC\" \/>\n<meta property=\"article:modified_time\" content=\"2023-11-29T18:38:14+00:00\" \/>\n<meta property=\"og:image\" content=\"https:\/\/www.laboratoire-helpac.com\/wp-content\/uploads\/2023\/09\/HE_CYPRESS-EN.png\" \/>\n\t<meta property=\"og:image:width\" content=\"1280\" \/>\n\t<meta property=\"og:image:height\" content=\"1280\" \/>\n\t<meta property=\"og:image:type\" content=\"image\/png\" \/>\n<meta name=\"twitter:card\" content=\"summary_large_image\" \/>\n<script type=\"application\/ld+json\" class=\"yoast-schema-graph\">{\"@context\":\"https:\/\/schema.org\",\"@graph\":[{\"@type\":\"WebPage\",\"@id\":\"https:\/\/www.laboratoire-helpac.com\/en\/p\/cypress-organic\/\",\"url\":\"https:\/\/www.laboratoire-helpac.com\/en\/p\/cypress-organic\/\",\"name\":\"Essential oil Bio cypress (Spain) | HELPAC\",\"isPartOf\":{\"@id\":\"https:\/\/www.laboratoire-helpac.com\/en\/#website\"},\"primaryImageOfPage\":{\"@id\":\"https:\/\/www.laboratoire-helpac.com\/en\/p\/cypress-organic\/#primaryimage\"},\"image\":{\"@id\":\"https:\/\/www.laboratoire-helpac.com\/en\/p\/cypress-organic\/#primaryimage\"},\"thumbnailUrl\":\"https:\/\/www.laboratoire-helpac.com\/wp-content\/uploads\/2023\/09\/HE_CYPRESS-EN.png\",\"datePublished\":\"2023-07-30T14:55:30+00:00\",\"dateModified\":\"2023-11-29T18:38:14+00:00\",\"description\":\"La r\u00e9colte sauvage des rameaux de Cypr\u00e8s se fait de fa\u00e7on raisonn\u00e9e et donne une huile essentielle de Cypr\u00e8s au parfum particuli\u00e8rement pur, avec une attaque de t\u00e9r\u00e9benthine laissant vite place aux notes bois\u00e9es tr\u00e8s riches. Circulatoire, antitussive, r\u00e9gulatrice de la transpiration, elle poss\u00e8de les m\u00eames applications que l\u2019huile essentielle de Cypr\u00e8s de Provence. En aromath\u00e9rapie \u00e9nerg\u00e9tique, elle est r\u00e9put\u00e9e calmer les ardeurs\",\"breadcrumb\":{\"@id\":\"https:\/\/www.laboratoire-helpac.com\/en\/p\/cypress-organic\/#breadcrumb\"},\"inLanguage\":\"en-US\",\"potentialAction\":[{\"@type\":\"ReadAction\",\"target\":[\"https:\/\/www.laboratoire-helpac.com\/en\/p\/cypress-organic\/\"]}]},{\"@type\":\"ImageObject\",\"inLanguage\":\"en-US\",\"@id\":\"https:\/\/www.laboratoire-helpac.com\/en\/p\/cypress-organic\/#primaryimage\",\"url\":\"https:\/\/www.laboratoire-helpac.com\/wp-content\/uploads\/2023\/09\/HE_CYPRESS-EN.png\",\"contentUrl\":\"https:\/\/www.laboratoire-helpac.com\/wp-content\/uploads\/2023\/09\/HE_CYPRESS-EN.png\",\"width\":1280,\"height\":1280,\"caption\":\"Essential oil Bio cypress (Spain) wholesaler\"},{\"@type\":\"BreadcrumbList\",\"@id\":\"https:\/\/www.laboratoire-helpac.com\/en\/p\/cypress-organic\/#breadcrumb\",\"itemListElement\":[{\"@type\":\"ListItem\",\"position\":1,\"name\":\"Accueil\",\"item\":\"https:\/\/www.laboratoire-helpac.com\/en\/\"},{\"@type\":\"ListItem\",\"position\":2,\"name\":\"Our ingredients\",\"item\":\"https:\/\/www.laboratoire-helpac.com\/en\/products\/\"},{\"@type\":\"ListItem\",\"position\":3,\"name\":\"CYPRESS ORGANIC\"}]},{\"@type\":\"WebSite\",\"@id\":\"https:\/\/www.laboratoire-helpac.com\/en\/#website\",\"url\":\"https:\/\/www.laboratoire-helpac.com\/en\/\",\"name\":\"HELPAC\",\"description\":\"\",\"publisher\":{\"@id\":\"https:\/\/www.laboratoire-helpac.com\/en\/#organization\"},\"potentialAction\":[{\"@type\":\"SearchAction\",\"target\":{\"@type\":\"EntryPoint\",\"urlTemplate\":\"https:\/\/www.laboratoire-helpac.com\/en\/?s={search_term_string}\"},\"query-input\":{\"@type\":\"PropertyValueSpecification\",\"valueRequired\":true,\"valueName\":\"search_term_string\"}}],\"inLanguage\":\"en-US\"},{\"@type\":\"Organization\",\"@id\":\"https:\/\/www.laboratoire-helpac.com\/en\/#organization\",\"name\":\"Helpac\",\"url\":\"https:\/\/www.laboratoire-helpac.com\/en\/\",\"logo\":{\"@type\":\"ImageObject\",\"inLanguage\":\"en-US\",\"@id\":\"https:\/\/www.laboratoire-helpac.com\/en\/#\/schema\/logo\/image\/\",\"url\":\"https:\/\/dev.fizzbuzz.fr\/helpac\/wp-content\/uploads\/2023\/05\/Logo-Helpac.jpg\",\"contentUrl\":\"https:\/\/dev.fizzbuzz.fr\/helpac\/wp-content\/uploads\/2023\/05\/Logo-Helpac.jpg\",\"width\":200,\"height\":200,\"caption\":\"Helpac\"},\"image\":{\"@id\":\"https:\/\/www.laboratoire-helpac.com\/en\/#\/schema\/logo\/image\/\"},\"sameAs\":[\"https:\/\/www.linkedin.com\/company\/helpac\/\"]}]}<\/script>\n<!-- \/ Yoast SEO plugin. -->","yoast_head_json":{"title":"Essential oil Bio cypress (Spain) | HELPAC","description":"La r\u00e9colte sauvage des rameaux de Cypr\u00e8s se fait de fa\u00e7on raisonn\u00e9e et donne une huile essentielle de Cypr\u00e8s au parfum particuli\u00e8rement pur, avec une attaque de t\u00e9r\u00e9benthine laissant vite place aux notes bois\u00e9es tr\u00e8s riches. Circulatoire, antitussive, r\u00e9gulatrice de la transpiration, elle poss\u00e8de les m\u00eames applications que l\u2019huile essentielle de Cypr\u00e8s de Provence. En aromath\u00e9rapie \u00e9nerg\u00e9tique, elle est r\u00e9put\u00e9e calmer les ardeurs","robots":{"index":"index","follow":"follow","max-snippet":"max-snippet:-1","max-image-preview":"max-image-preview:large","max-video-preview":"max-video-preview:-1"},"canonical":"https:\/\/www.laboratoire-helpac.com\/en\/p\/cypress-organic\/","og_locale":"en_US","og_type":"article","og_title":"Essential oil Bio cypress (Spain) | HELPAC","og_description":"La r\u00e9colte sauvage des rameaux de Cypr\u00e8s se fait de fa\u00e7on raisonn\u00e9e et donne une huile essentielle de Cypr\u00e8s au parfum particuli\u00e8rement pur, avec une attaque de t\u00e9r\u00e9benthine laissant vite place aux notes bois\u00e9es tr\u00e8s riches. Circulatoire, antitussive, r\u00e9gulatrice de la transpiration, elle poss\u00e8de les m\u00eames applications que l\u2019huile essentielle de Cypr\u00e8s de Provence. En aromath\u00e9rapie \u00e9nerg\u00e9tique, elle est r\u00e9put\u00e9e calmer les ardeurs","og_url":"https:\/\/www.laboratoire-helpac.com\/en\/p\/cypress-organic\/","og_site_name":"HELPAC","article_modified_time":"2023-11-29T18:38:14+00:00","og_image":[{"width":1280,"height":1280,"url":"https:\/\/www.laboratoire-helpac.com\/wp-content\/uploads\/2023\/09\/HE_CYPRESS-EN.png","type":"image\/png"}],"twitter_card":"summary_large_image","schema":{"@context":"https:\/\/schema.org","@graph":[{"@type":"WebPage","@id":"https:\/\/www.laboratoire-helpac.com\/en\/p\/cypress-organic\/","url":"https:\/\/www.laboratoire-helpac.com\/en\/p\/cypress-organic\/","name":"Essential oil Bio cypress (Spain) | HELPAC","isPartOf":{"@id":"https:\/\/www.laboratoire-helpac.com\/en\/#website"},"primaryImageOfPage":{"@id":"https:\/\/www.laboratoire-helpac.com\/en\/p\/cypress-organic\/#primaryimage"},"image":{"@id":"https:\/\/www.laboratoire-helpac.com\/en\/p\/cypress-organic\/#primaryimage"},"thumbnailUrl":"https:\/\/www.laboratoire-helpac.com\/wp-content\/uploads\/2023\/09\/HE_CYPRESS-EN.png","datePublished":"2023-07-30T14:55:30+00:00","dateModified":"2023-11-29T18:38:14+00:00","description":"La r\u00e9colte sauvage des rameaux de Cypr\u00e8s se fait de fa\u00e7on raisonn\u00e9e et donne une huile essentielle de Cypr\u00e8s au parfum particuli\u00e8rement pur, avec une attaque de t\u00e9r\u00e9benthine laissant vite place aux notes bois\u00e9es tr\u00e8s riches. Circulatoire, antitussive, r\u00e9gulatrice de la transpiration, elle poss\u00e8de les m\u00eames applications que l\u2019huile essentielle de Cypr\u00e8s de Provence. En aromath\u00e9rapie \u00e9nerg\u00e9tique, elle est r\u00e9put\u00e9e calmer les ardeurs","breadcrumb":{"@id":"https:\/\/www.laboratoire-helpac.com\/en\/p\/cypress-organic\/#breadcrumb"},"inLanguage":"en-US","potentialAction":[{"@type":"ReadAction","target":["https:\/\/www.laboratoire-helpac.com\/en\/p\/cypress-organic\/"]}]},{"@type":"ImageObject","inLanguage":"en-US","@id":"https:\/\/www.laboratoire-helpac.com\/en\/p\/cypress-organic\/#primaryimage","url":"https:\/\/www.laboratoire-helpac.com\/wp-content\/uploads\/2023\/09\/HE_CYPRESS-EN.png","contentUrl":"https:\/\/www.laboratoire-helpac.com\/wp-content\/uploads\/2023\/09\/HE_CYPRESS-EN.png","width":1280,"height":1280,"caption":"Essential oil Bio cypress (Spain) wholesaler"},{"@type":"BreadcrumbList","@id":"https:\/\/www.laboratoire-helpac.com\/en\/p\/cypress-organic\/#breadcrumb","itemListElement":[{"@type":"ListItem","position":1,"name":"Accueil","item":"https:\/\/www.laboratoire-helpac.com\/en\/"},{"@type":"ListItem","position":2,"name":"Our ingredients","item":"https:\/\/www.laboratoire-helpac.com\/en\/products\/"},{"@type":"ListItem","position":3,"name":"CYPRESS ORGANIC"}]},{"@type":"WebSite","@id":"https:\/\/www.laboratoire-helpac.com\/en\/#website","url":"https:\/\/www.laboratoire-helpac.com\/en\/","name":"HELPAC","description":"","publisher":{"@id":"https:\/\/www.laboratoire-helpac.com\/en\/#organization"},"potentialAction":[{"@type":"SearchAction","target":{"@type":"EntryPoint","urlTemplate":"https:\/\/www.laboratoire-helpac.com\/en\/?s={search_term_string}"},"query-input":{"@type":"PropertyValueSpecification","valueRequired":true,"valueName":"search_term_string"}}],"inLanguage":"en-US"},{"@type":"Organization","@id":"https:\/\/www.laboratoire-helpac.com\/en\/#organization","name":"Helpac","url":"https:\/\/www.laboratoire-helpac.com\/en\/","logo":{"@type":"ImageObject","inLanguage":"en-US","@id":"https:\/\/www.laboratoire-helpac.com\/en\/#\/schema\/logo\/image\/","url":"https:\/\/dev.fizzbuzz.fr\/helpac\/wp-content\/uploads\/2023\/05\/Logo-Helpac.jpg","contentUrl":"https:\/\/dev.fizzbuzz.fr\/helpac\/wp-content\/uploads\/2023\/05\/Logo-Helpac.jpg","width":200,"height":200,"caption":"Helpac"},"image":{"@id":"https:\/\/www.laboratoire-helpac.com\/en\/#\/schema\/logo\/image\/"},"sameAs":["https:\/\/www.linkedin.com\/company\/helpac\/"]}]}},"_links":{"self":[{"href":"https:\/\/www.laboratoire-helpac.com\/en\/wp-json\/wp\/v2\/product\/5111","targetHints":{"allow":["GET"]}}],"collection":[{"href":"https:\/\/www.laboratoire-helpac.com\/en\/wp-json\/wp\/v2\/product"}],"about":[{"href":"https:\/\/www.laboratoire-helpac.com\/en\/wp-json\/wp\/v2\/types\/product"}],"wp:featuredmedia":[{"embeddable":true,"href":"https:\/\/www.laboratoire-helpac.com\/en\/wp-json\/wp\/v2\/media\/6795"}],"wp:attachment":[{"href":"https:\/\/www.laboratoire-helpac.com\/en\/wp-json\/wp\/v2\/media?parent=5111"}],"wp:term":[{"taxonomy":"product_cat","embeddable":true,"href":"https:\/\/www.laboratoire-helpac.com\/en\/wp-json\/wp\/v2\/product_cat?post=5111"},{"taxonomy":"product_tag","embeddable":true,"href":"https:\/\/www.laboratoire-helpac.com\/en\/wp-json\/wp\/v2\/product_tag?post=5111"}],"curies":[{"name":"wp","href":"https:\/\/api.w.org\/{rel}","templated":true}]}}