{"id":5107,"date":"2023-07-30T16:55:30","date_gmt":"2023-07-30T14:55:30","guid":{"rendered":"http:\/\/localhost\/wordpress\/produit\/crist-marine-organic\/"},"modified":"2023-11-29T19:38:13","modified_gmt":"2023-11-29T18:38:13","slug":"sea-fennel-organic-2","status":"publish","type":"product","link":"https:\/\/www.laboratoire-helpac.com\/en\/p\/sea-fennel-organic-2\/","title":{"rendered":"SEA FENNEL ORGANIC"},"content":{"rendered":"<p>Diuretic, draining and firming, Sea Fennel essential oil is rich in gamma-terpinene, beta-phellandrene, para-cymene and thymol-methyl ether, making it an ideal cosmetic oil for beauty and slimming treatments. Harvested and distilled in Greece, it is bursting with sunshine and vitamin C, and has an interesting zesty, iodised fragrance with notes of hay.<\/p>\n","protected":false},"excerpt":{"rendered":"<p>Diuretic, draining and firming, Sea Fennel essential oil is rich in gamma-terpinene, beta-phellandrene, para-cymene and thymol-methyl ether, making it an ideal cosmetic oil for beauty and slimming treatments. Harvested and distilled in Greece, it is bursting with sunshine and vitamin C, and has an interesting zesty, iodised fragrance with notes of hay.<\/p>\n","protected":false},"featured_media":6791,"template":"","meta":[],"product_cat":[390,451,452],"product_tag":[],"class_list":{"0":"post-5107","1":"product","2":"type-product","3":"status-publish","4":"has-post-thumbnail","6":"product_cat-essential-oils","7":"product_cat-aromatherapy-wholesaler-essential-oil","8":"product_cat-bulk-essential-oils-aromatherapy-wholesaler-essential-oil","9":"pa_certifications-organic","10":"pa_origines-europe-en","11":"pa_usages-cosmetic","12":"pa_usages-diffusion-en","13":"pa_usages-perfumery","15":"first","16":"instock","17":"purchasable","18":"product-type-simple"},"acf":[],"yoast_head":"<!-- This site is optimized with the Yoast SEO plugin v23.9 - https:\/\/yoast.com\/wordpress\/plugins\/seo\/ -->\n<title>Essential oil Crist Marine Organic (Greece) | HELPAC<\/title>\n<meta name=\"description\" content=\"Diur\u00e9tique, drainante, raffermissante, l\u2019huile essentielle de Christe marine est riche en gamma-terpin\u00e8ne, b\u00e9ta-phellandr\u00e8ne, para-cym\u00e8ne et thymol-m\u00e9thyl \u00e9ther, ce qui en fait une huile id\u00e9ale en cosm\u00e9tiqque, pour les soins beaut\u00e9 ou minceur. R\u00e9colt\u00e9e et distill\u00e9e en Gr\u00e8ce, elle est gorg\u00e9e de soleil et de vitamine C et poss\u00e8de un int\u00e9ressant parfum zest\u00e9, iod\u00e9 avec des notes de foin.\" \/>\n<meta name=\"robots\" content=\"index, follow, max-snippet:-1, max-image-preview:large, max-video-preview:-1\" \/>\n<link rel=\"canonical\" href=\"https:\/\/www.laboratoire-helpac.com\/en\/p\/sea-fennel-organic-2\/\" \/>\n<meta property=\"og:locale\" content=\"en_US\" \/>\n<meta property=\"og:type\" content=\"article\" \/>\n<meta property=\"og:title\" content=\"Essential oil Crist Marine Organic (Greece) | HELPAC\" \/>\n<meta property=\"og:description\" content=\"Diur\u00e9tique, drainante, raffermissante, l\u2019huile essentielle de Christe marine est riche en gamma-terpin\u00e8ne, b\u00e9ta-phellandr\u00e8ne, para-cym\u00e8ne et thymol-m\u00e9thyl \u00e9ther, ce qui en fait une huile id\u00e9ale en cosm\u00e9tiqque, pour les soins beaut\u00e9 ou minceur. R\u00e9colt\u00e9e et distill\u00e9e en Gr\u00e8ce, elle est gorg\u00e9e de soleil et de vitamine C et poss\u00e8de un int\u00e9ressant parfum zest\u00e9, iod\u00e9 avec des notes de foin.\" \/>\n<meta property=\"og:url\" content=\"https:\/\/www.laboratoire-helpac.com\/en\/p\/sea-fennel-organic-2\/\" \/>\n<meta property=\"og:site_name\" content=\"HELPAC\" \/>\n<meta property=\"article:modified_time\" content=\"2023-11-29T18:38:13+00:00\" \/>\n<meta property=\"og:image\" content=\"https:\/\/www.laboratoire-helpac.com\/wp-content\/uploads\/2023\/09\/HE_SEAFENNEL-EN.png\" \/>\n\t<meta property=\"og:image:width\" content=\"1280\" \/>\n\t<meta property=\"og:image:height\" content=\"1280\" \/>\n\t<meta property=\"og:image:type\" content=\"image\/png\" \/>\n<meta name=\"twitter:card\" content=\"summary_large_image\" \/>\n<script type=\"application\/ld+json\" class=\"yoast-schema-graph\">{\"@context\":\"https:\/\/schema.org\",\"@graph\":[{\"@type\":\"WebPage\",\"@id\":\"https:\/\/www.laboratoire-helpac.com\/en\/p\/sea-fennel-organic-2\/\",\"url\":\"https:\/\/www.laboratoire-helpac.com\/en\/p\/sea-fennel-organic-2\/\",\"name\":\"Essential oil Crist Marine Organic (Greece) | HELPAC\",\"isPartOf\":{\"@id\":\"https:\/\/www.laboratoire-helpac.com\/en\/#website\"},\"primaryImageOfPage\":{\"@id\":\"https:\/\/www.laboratoire-helpac.com\/en\/p\/sea-fennel-organic-2\/#primaryimage\"},\"image\":{\"@id\":\"https:\/\/www.laboratoire-helpac.com\/en\/p\/sea-fennel-organic-2\/#primaryimage\"},\"thumbnailUrl\":\"https:\/\/www.laboratoire-helpac.com\/wp-content\/uploads\/2023\/09\/HE_SEAFENNEL-EN.png\",\"datePublished\":\"2023-07-30T14:55:30+00:00\",\"dateModified\":\"2023-11-29T18:38:13+00:00\",\"description\":\"Diur\u00e9tique, drainante, raffermissante, l\u2019huile essentielle de Christe marine est riche en gamma-terpin\u00e8ne, b\u00e9ta-phellandr\u00e8ne, para-cym\u00e8ne et thymol-m\u00e9thyl \u00e9ther, ce qui en fait une huile id\u00e9ale en cosm\u00e9tiqque, pour les soins beaut\u00e9 ou minceur. R\u00e9colt\u00e9e et distill\u00e9e en Gr\u00e8ce, elle est gorg\u00e9e de soleil et de vitamine C et poss\u00e8de un int\u00e9ressant parfum zest\u00e9, iod\u00e9 avec des notes de foin.\",\"breadcrumb\":{\"@id\":\"https:\/\/www.laboratoire-helpac.com\/en\/p\/sea-fennel-organic-2\/#breadcrumb\"},\"inLanguage\":\"en-US\",\"potentialAction\":[{\"@type\":\"ReadAction\",\"target\":[\"https:\/\/www.laboratoire-helpac.com\/en\/p\/sea-fennel-organic-2\/\"]}]},{\"@type\":\"ImageObject\",\"inLanguage\":\"en-US\",\"@id\":\"https:\/\/www.laboratoire-helpac.com\/en\/p\/sea-fennel-organic-2\/#primaryimage\",\"url\":\"https:\/\/www.laboratoire-helpac.com\/wp-content\/uploads\/2023\/09\/HE_SEAFENNEL-EN.png\",\"contentUrl\":\"https:\/\/www.laboratoire-helpac.com\/wp-content\/uploads\/2023\/09\/HE_SEAFENNEL-EN.png\",\"width\":1280,\"height\":1280,\"caption\":\"Essential oil Crist Marine Organic (Greece) wholesaler\"},{\"@type\":\"BreadcrumbList\",\"@id\":\"https:\/\/www.laboratoire-helpac.com\/en\/p\/sea-fennel-organic-2\/#breadcrumb\",\"itemListElement\":[{\"@type\":\"ListItem\",\"position\":1,\"name\":\"Accueil\",\"item\":\"https:\/\/www.laboratoire-helpac.com\/en\/\"},{\"@type\":\"ListItem\",\"position\":2,\"name\":\"Our ingredients\",\"item\":\"https:\/\/www.laboratoire-helpac.com\/en\/products\/\"},{\"@type\":\"ListItem\",\"position\":3,\"name\":\"SEA FENNEL ORGANIC\"}]},{\"@type\":\"WebSite\",\"@id\":\"https:\/\/www.laboratoire-helpac.com\/en\/#website\",\"url\":\"https:\/\/www.laboratoire-helpac.com\/en\/\",\"name\":\"HELPAC\",\"description\":\"\",\"publisher\":{\"@id\":\"https:\/\/www.laboratoire-helpac.com\/en\/#organization\"},\"potentialAction\":[{\"@type\":\"SearchAction\",\"target\":{\"@type\":\"EntryPoint\",\"urlTemplate\":\"https:\/\/www.laboratoire-helpac.com\/en\/?s={search_term_string}\"},\"query-input\":{\"@type\":\"PropertyValueSpecification\",\"valueRequired\":true,\"valueName\":\"search_term_string\"}}],\"inLanguage\":\"en-US\"},{\"@type\":\"Organization\",\"@id\":\"https:\/\/www.laboratoire-helpac.com\/en\/#organization\",\"name\":\"Helpac\",\"url\":\"https:\/\/www.laboratoire-helpac.com\/en\/\",\"logo\":{\"@type\":\"ImageObject\",\"inLanguage\":\"en-US\",\"@id\":\"https:\/\/www.laboratoire-helpac.com\/en\/#\/schema\/logo\/image\/\",\"url\":\"https:\/\/dev.fizzbuzz.fr\/helpac\/wp-content\/uploads\/2023\/05\/Logo-Helpac.jpg\",\"contentUrl\":\"https:\/\/dev.fizzbuzz.fr\/helpac\/wp-content\/uploads\/2023\/05\/Logo-Helpac.jpg\",\"width\":200,\"height\":200,\"caption\":\"Helpac\"},\"image\":{\"@id\":\"https:\/\/www.laboratoire-helpac.com\/en\/#\/schema\/logo\/image\/\"},\"sameAs\":[\"https:\/\/www.linkedin.com\/company\/helpac\/\"]}]}<\/script>\n<!-- \/ Yoast SEO plugin. -->","yoast_head_json":{"title":"Essential oil Crist Marine Organic (Greece) | HELPAC","description":"Diur\u00e9tique, drainante, raffermissante, l\u2019huile essentielle de Christe marine est riche en gamma-terpin\u00e8ne, b\u00e9ta-phellandr\u00e8ne, para-cym\u00e8ne et thymol-m\u00e9thyl \u00e9ther, ce qui en fait une huile id\u00e9ale en cosm\u00e9tiqque, pour les soins beaut\u00e9 ou minceur. R\u00e9colt\u00e9e et distill\u00e9e en Gr\u00e8ce, elle est gorg\u00e9e de soleil et de vitamine C et poss\u00e8de un int\u00e9ressant parfum zest\u00e9, iod\u00e9 avec des notes de foin.","robots":{"index":"index","follow":"follow","max-snippet":"max-snippet:-1","max-image-preview":"max-image-preview:large","max-video-preview":"max-video-preview:-1"},"canonical":"https:\/\/www.laboratoire-helpac.com\/en\/p\/sea-fennel-organic-2\/","og_locale":"en_US","og_type":"article","og_title":"Essential oil Crist Marine Organic (Greece) | HELPAC","og_description":"Diur\u00e9tique, drainante, raffermissante, l\u2019huile essentielle de Christe marine est riche en gamma-terpin\u00e8ne, b\u00e9ta-phellandr\u00e8ne, para-cym\u00e8ne et thymol-m\u00e9thyl \u00e9ther, ce qui en fait une huile id\u00e9ale en cosm\u00e9tiqque, pour les soins beaut\u00e9 ou minceur. R\u00e9colt\u00e9e et distill\u00e9e en Gr\u00e8ce, elle est gorg\u00e9e de soleil et de vitamine C et poss\u00e8de un int\u00e9ressant parfum zest\u00e9, iod\u00e9 avec des notes de foin.","og_url":"https:\/\/www.laboratoire-helpac.com\/en\/p\/sea-fennel-organic-2\/","og_site_name":"HELPAC","article_modified_time":"2023-11-29T18:38:13+00:00","og_image":[{"width":1280,"height":1280,"url":"https:\/\/www.laboratoire-helpac.com\/wp-content\/uploads\/2023\/09\/HE_SEAFENNEL-EN.png","type":"image\/png"}],"twitter_card":"summary_large_image","schema":{"@context":"https:\/\/schema.org","@graph":[{"@type":"WebPage","@id":"https:\/\/www.laboratoire-helpac.com\/en\/p\/sea-fennel-organic-2\/","url":"https:\/\/www.laboratoire-helpac.com\/en\/p\/sea-fennel-organic-2\/","name":"Essential oil Crist Marine Organic (Greece) | HELPAC","isPartOf":{"@id":"https:\/\/www.laboratoire-helpac.com\/en\/#website"},"primaryImageOfPage":{"@id":"https:\/\/www.laboratoire-helpac.com\/en\/p\/sea-fennel-organic-2\/#primaryimage"},"image":{"@id":"https:\/\/www.laboratoire-helpac.com\/en\/p\/sea-fennel-organic-2\/#primaryimage"},"thumbnailUrl":"https:\/\/www.laboratoire-helpac.com\/wp-content\/uploads\/2023\/09\/HE_SEAFENNEL-EN.png","datePublished":"2023-07-30T14:55:30+00:00","dateModified":"2023-11-29T18:38:13+00:00","description":"Diur\u00e9tique, drainante, raffermissante, l\u2019huile essentielle de Christe marine est riche en gamma-terpin\u00e8ne, b\u00e9ta-phellandr\u00e8ne, para-cym\u00e8ne et thymol-m\u00e9thyl \u00e9ther, ce qui en fait une huile id\u00e9ale en cosm\u00e9tiqque, pour les soins beaut\u00e9 ou minceur. R\u00e9colt\u00e9e et distill\u00e9e en Gr\u00e8ce, elle est gorg\u00e9e de soleil et de vitamine C et poss\u00e8de un int\u00e9ressant parfum zest\u00e9, iod\u00e9 avec des notes de foin.","breadcrumb":{"@id":"https:\/\/www.laboratoire-helpac.com\/en\/p\/sea-fennel-organic-2\/#breadcrumb"},"inLanguage":"en-US","potentialAction":[{"@type":"ReadAction","target":["https:\/\/www.laboratoire-helpac.com\/en\/p\/sea-fennel-organic-2\/"]}]},{"@type":"ImageObject","inLanguage":"en-US","@id":"https:\/\/www.laboratoire-helpac.com\/en\/p\/sea-fennel-organic-2\/#primaryimage","url":"https:\/\/www.laboratoire-helpac.com\/wp-content\/uploads\/2023\/09\/HE_SEAFENNEL-EN.png","contentUrl":"https:\/\/www.laboratoire-helpac.com\/wp-content\/uploads\/2023\/09\/HE_SEAFENNEL-EN.png","width":1280,"height":1280,"caption":"Essential oil Crist Marine Organic (Greece) wholesaler"},{"@type":"BreadcrumbList","@id":"https:\/\/www.laboratoire-helpac.com\/en\/p\/sea-fennel-organic-2\/#breadcrumb","itemListElement":[{"@type":"ListItem","position":1,"name":"Accueil","item":"https:\/\/www.laboratoire-helpac.com\/en\/"},{"@type":"ListItem","position":2,"name":"Our ingredients","item":"https:\/\/www.laboratoire-helpac.com\/en\/products\/"},{"@type":"ListItem","position":3,"name":"SEA FENNEL ORGANIC"}]},{"@type":"WebSite","@id":"https:\/\/www.laboratoire-helpac.com\/en\/#website","url":"https:\/\/www.laboratoire-helpac.com\/en\/","name":"HELPAC","description":"","publisher":{"@id":"https:\/\/www.laboratoire-helpac.com\/en\/#organization"},"potentialAction":[{"@type":"SearchAction","target":{"@type":"EntryPoint","urlTemplate":"https:\/\/www.laboratoire-helpac.com\/en\/?s={search_term_string}"},"query-input":{"@type":"PropertyValueSpecification","valueRequired":true,"valueName":"search_term_string"}}],"inLanguage":"en-US"},{"@type":"Organization","@id":"https:\/\/www.laboratoire-helpac.com\/en\/#organization","name":"Helpac","url":"https:\/\/www.laboratoire-helpac.com\/en\/","logo":{"@type":"ImageObject","inLanguage":"en-US","@id":"https:\/\/www.laboratoire-helpac.com\/en\/#\/schema\/logo\/image\/","url":"https:\/\/dev.fizzbuzz.fr\/helpac\/wp-content\/uploads\/2023\/05\/Logo-Helpac.jpg","contentUrl":"https:\/\/dev.fizzbuzz.fr\/helpac\/wp-content\/uploads\/2023\/05\/Logo-Helpac.jpg","width":200,"height":200,"caption":"Helpac"},"image":{"@id":"https:\/\/www.laboratoire-helpac.com\/en\/#\/schema\/logo\/image\/"},"sameAs":["https:\/\/www.linkedin.com\/company\/helpac\/"]}]}},"_links":{"self":[{"href":"https:\/\/www.laboratoire-helpac.com\/en\/wp-json\/wp\/v2\/product\/5107","targetHints":{"allow":["GET"]}}],"collection":[{"href":"https:\/\/www.laboratoire-helpac.com\/en\/wp-json\/wp\/v2\/product"}],"about":[{"href":"https:\/\/www.laboratoire-helpac.com\/en\/wp-json\/wp\/v2\/types\/product"}],"wp:featuredmedia":[{"embeddable":true,"href":"https:\/\/www.laboratoire-helpac.com\/en\/wp-json\/wp\/v2\/media\/6791"}],"wp:attachment":[{"href":"https:\/\/www.laboratoire-helpac.com\/en\/wp-json\/wp\/v2\/media?parent=5107"}],"wp:term":[{"taxonomy":"product_cat","embeddable":true,"href":"https:\/\/www.laboratoire-helpac.com\/en\/wp-json\/wp\/v2\/product_cat?post=5107"},{"taxonomy":"product_tag","embeddable":true,"href":"https:\/\/www.laboratoire-helpac.com\/en\/wp-json\/wp\/v2\/product_tag?post=5107"}],"curies":[{"name":"wp","href":"https:\/\/api.w.org\/{rel}","templated":true}]}}