{"id":5098,"date":"2023-07-30T16:55:30","date_gmt":"2023-07-30T14:55:30","guid":{"rendered":"http:\/\/localhost\/wordpress\/produit\/lemon-without-organic-furocoumarine\/"},"modified":"2023-11-29T19:38:10","modified_gmt":"2023-11-29T18:38:10","slug":"lemon-without-furocoumarin-organic","status":"publish","type":"product","link":"https:\/\/www.laboratoire-helpac.com\/en\/p\/lemon-without-furocoumarin-organic\/","title":{"rendered":"LEMON WITHOUT FUROCOUMARIN ORGANIC"},"content":{"rendered":"<p>The bergapten contained in citrus fruits is a photosensitising furocoumarin &#8211; this essence of Lemon does not contain any: it can therefore be used in cosmetics for all skin and hair care products for its fortifying, purifying and purifying qualities &#8211; its fine, fruity fragrance can also be used in perfumery for formulas with no risk of staining!<\/p>\n","protected":false},"excerpt":{"rendered":"<p>The bergapten contained in citrus fruits is a photosensitising furocoumarin &#8211; this essence of Lemon does not contain any: it can therefore be used in cosmetics for all skin and hair care products for its fortifying, purifying and purifying qualities &#8211; its fine, fruity fragrance can also be used in perfumery for formulas with no [&hellip;]<\/p>\n","protected":false},"featured_media":6783,"template":"","meta":[],"product_cat":[390,451,452],"product_tag":[],"class_list":{"0":"post-5098","1":"product","2":"type-product","3":"status-publish","4":"has-post-thumbnail","6":"product_cat-essential-oils","7":"product_cat-aromatherapy-wholesaler-essential-oil","8":"product_cat-bulk-essential-oils-aromatherapy-wholesaler-essential-oil","9":"pa_certifications-organic","10":"pa_origines-europe-en","11":"pa_usages-cosmetic","12":"pa_usages-diffusion-en","13":"pa_usages-food","14":"pa_usages-perfumery","16":"first","17":"instock","18":"purchasable","19":"product-type-simple"},"acf":[],"yoast_head":"<!-- This site is optimized with the Yoast SEO plugin v23.9 - https:\/\/yoast.com\/wordpress\/plugins\/seo\/ -->\n<title>Essential oil Lemon without organic furocoumarine (Italy) | HELPAC<\/title>\n<meta name=\"description\" content=\"Le bergapt\u00e8ne contenu par les agrumes est une furocoumarine photosensibilisante \u2013 cette essence de Citron n\u2019en contient pas : elle sera donc utilisable en cosm\u00e9tique pour les soins de toutes les peaux et des cheveux pour ses qualit\u00e9s fortifiante, purifiante et assainissante \u2013 son odeur fine et fruit\u00e9 pourra \u00e9galement \u00eatre utilis\u00e9e en parfumerie pour des formules sans risque de t\u00e2ches !\" \/>\n<meta name=\"robots\" content=\"index, follow, max-snippet:-1, max-image-preview:large, max-video-preview:-1\" \/>\n<link rel=\"canonical\" href=\"https:\/\/www.laboratoire-helpac.com\/en\/p\/lemon-without-furocoumarin-organic\/\" \/>\n<meta property=\"og:locale\" content=\"en_US\" \/>\n<meta property=\"og:type\" content=\"article\" \/>\n<meta property=\"og:title\" content=\"Essential oil Lemon without organic furocoumarine (Italy) | HELPAC\" \/>\n<meta property=\"og:description\" content=\"Le bergapt\u00e8ne contenu par les agrumes est une furocoumarine photosensibilisante \u2013 cette essence de Citron n\u2019en contient pas : elle sera donc utilisable en cosm\u00e9tique pour les soins de toutes les peaux et des cheveux pour ses qualit\u00e9s fortifiante, purifiante et assainissante \u2013 son odeur fine et fruit\u00e9 pourra \u00e9galement \u00eatre utilis\u00e9e en parfumerie pour des formules sans risque de t\u00e2ches !\" \/>\n<meta property=\"og:url\" content=\"https:\/\/www.laboratoire-helpac.com\/en\/p\/lemon-without-furocoumarin-organic\/\" \/>\n<meta property=\"og:site_name\" content=\"HELPAC\" \/>\n<meta property=\"article:modified_time\" content=\"2023-11-29T18:38:10+00:00\" \/>\n<meta property=\"og:image\" content=\"https:\/\/www.laboratoire-helpac.com\/wp-content\/uploads\/2023\/09\/HE_LEMONWITHOUTFUROCOUMARIN-EN.png\" \/>\n\t<meta property=\"og:image:width\" content=\"1280\" \/>\n\t<meta property=\"og:image:height\" content=\"1280\" \/>\n\t<meta property=\"og:image:type\" content=\"image\/png\" \/>\n<meta name=\"twitter:card\" content=\"summary_large_image\" \/>\n<script type=\"application\/ld+json\" class=\"yoast-schema-graph\">{\"@context\":\"https:\/\/schema.org\",\"@graph\":[{\"@type\":\"WebPage\",\"@id\":\"https:\/\/www.laboratoire-helpac.com\/en\/p\/lemon-without-furocoumarin-organic\/\",\"url\":\"https:\/\/www.laboratoire-helpac.com\/en\/p\/lemon-without-furocoumarin-organic\/\",\"name\":\"Essential oil Lemon without organic furocoumarine (Italy) | HELPAC\",\"isPartOf\":{\"@id\":\"https:\/\/www.laboratoire-helpac.com\/en\/#website\"},\"primaryImageOfPage\":{\"@id\":\"https:\/\/www.laboratoire-helpac.com\/en\/p\/lemon-without-furocoumarin-organic\/#primaryimage\"},\"image\":{\"@id\":\"https:\/\/www.laboratoire-helpac.com\/en\/p\/lemon-without-furocoumarin-organic\/#primaryimage\"},\"thumbnailUrl\":\"https:\/\/www.laboratoire-helpac.com\/wp-content\/uploads\/2023\/09\/HE_LEMONWITHOUTFUROCOUMARIN-EN.png\",\"datePublished\":\"2023-07-30T14:55:30+00:00\",\"dateModified\":\"2023-11-29T18:38:10+00:00\",\"description\":\"Le bergapt\u00e8ne contenu par les agrumes est une furocoumarine photosensibilisante \u2013 cette essence de Citron n\u2019en contient pas : elle sera donc utilisable en cosm\u00e9tique pour les soins de toutes les peaux et des cheveux pour ses qualit\u00e9s fortifiante, purifiante et assainissante \u2013 son odeur fine et fruit\u00e9 pourra \u00e9galement \u00eatre utilis\u00e9e en parfumerie pour des formules sans risque de t\u00e2ches !\",\"breadcrumb\":{\"@id\":\"https:\/\/www.laboratoire-helpac.com\/en\/p\/lemon-without-furocoumarin-organic\/#breadcrumb\"},\"inLanguage\":\"en-US\",\"potentialAction\":[{\"@type\":\"ReadAction\",\"target\":[\"https:\/\/www.laboratoire-helpac.com\/en\/p\/lemon-without-furocoumarin-organic\/\"]}]},{\"@type\":\"ImageObject\",\"inLanguage\":\"en-US\",\"@id\":\"https:\/\/www.laboratoire-helpac.com\/en\/p\/lemon-without-furocoumarin-organic\/#primaryimage\",\"url\":\"https:\/\/www.laboratoire-helpac.com\/wp-content\/uploads\/2023\/09\/HE_LEMONWITHOUTFUROCOUMARIN-EN.png\",\"contentUrl\":\"https:\/\/www.laboratoire-helpac.com\/wp-content\/uploads\/2023\/09\/HE_LEMONWITHOUTFUROCOUMARIN-EN.png\",\"width\":1280,\"height\":1280,\"caption\":\"Essential oil Lemon without organic furocoumarine (Italy) wholesaler\"},{\"@type\":\"BreadcrumbList\",\"@id\":\"https:\/\/www.laboratoire-helpac.com\/en\/p\/lemon-without-furocoumarin-organic\/#breadcrumb\",\"itemListElement\":[{\"@type\":\"ListItem\",\"position\":1,\"name\":\"Accueil\",\"item\":\"https:\/\/www.laboratoire-helpac.com\/en\/\"},{\"@type\":\"ListItem\",\"position\":2,\"name\":\"Our ingredients\",\"item\":\"https:\/\/www.laboratoire-helpac.com\/en\/products\/\"},{\"@type\":\"ListItem\",\"position\":3,\"name\":\"LEMON WITHOUT FUROCOUMARIN ORGANIC\"}]},{\"@type\":\"WebSite\",\"@id\":\"https:\/\/www.laboratoire-helpac.com\/en\/#website\",\"url\":\"https:\/\/www.laboratoire-helpac.com\/en\/\",\"name\":\"HELPAC\",\"description\":\"\",\"publisher\":{\"@id\":\"https:\/\/www.laboratoire-helpac.com\/en\/#organization\"},\"potentialAction\":[{\"@type\":\"SearchAction\",\"target\":{\"@type\":\"EntryPoint\",\"urlTemplate\":\"https:\/\/www.laboratoire-helpac.com\/en\/?s={search_term_string}\"},\"query-input\":{\"@type\":\"PropertyValueSpecification\",\"valueRequired\":true,\"valueName\":\"search_term_string\"}}],\"inLanguage\":\"en-US\"},{\"@type\":\"Organization\",\"@id\":\"https:\/\/www.laboratoire-helpac.com\/en\/#organization\",\"name\":\"Helpac\",\"url\":\"https:\/\/www.laboratoire-helpac.com\/en\/\",\"logo\":{\"@type\":\"ImageObject\",\"inLanguage\":\"en-US\",\"@id\":\"https:\/\/www.laboratoire-helpac.com\/en\/#\/schema\/logo\/image\/\",\"url\":\"https:\/\/dev.fizzbuzz.fr\/helpac\/wp-content\/uploads\/2023\/05\/Logo-Helpac.jpg\",\"contentUrl\":\"https:\/\/dev.fizzbuzz.fr\/helpac\/wp-content\/uploads\/2023\/05\/Logo-Helpac.jpg\",\"width\":200,\"height\":200,\"caption\":\"Helpac\"},\"image\":{\"@id\":\"https:\/\/www.laboratoire-helpac.com\/en\/#\/schema\/logo\/image\/\"},\"sameAs\":[\"https:\/\/www.linkedin.com\/company\/helpac\/\"]}]}<\/script>\n<!-- \/ Yoast SEO plugin. -->","yoast_head_json":{"title":"Essential oil Lemon without organic furocoumarine (Italy) | HELPAC","description":"Le bergapt\u00e8ne contenu par les agrumes est une furocoumarine photosensibilisante \u2013 cette essence de Citron n\u2019en contient pas : elle sera donc utilisable en cosm\u00e9tique pour les soins de toutes les peaux et des cheveux pour ses qualit\u00e9s fortifiante, purifiante et assainissante \u2013 son odeur fine et fruit\u00e9 pourra \u00e9galement \u00eatre utilis\u00e9e en parfumerie pour des formules sans risque de t\u00e2ches !","robots":{"index":"index","follow":"follow","max-snippet":"max-snippet:-1","max-image-preview":"max-image-preview:large","max-video-preview":"max-video-preview:-1"},"canonical":"https:\/\/www.laboratoire-helpac.com\/en\/p\/lemon-without-furocoumarin-organic\/","og_locale":"en_US","og_type":"article","og_title":"Essential oil Lemon without organic furocoumarine (Italy) | HELPAC","og_description":"Le bergapt\u00e8ne contenu par les agrumes est une furocoumarine photosensibilisante \u2013 cette essence de Citron n\u2019en contient pas : elle sera donc utilisable en cosm\u00e9tique pour les soins de toutes les peaux et des cheveux pour ses qualit\u00e9s fortifiante, purifiante et assainissante \u2013 son odeur fine et fruit\u00e9 pourra \u00e9galement \u00eatre utilis\u00e9e en parfumerie pour des formules sans risque de t\u00e2ches !","og_url":"https:\/\/www.laboratoire-helpac.com\/en\/p\/lemon-without-furocoumarin-organic\/","og_site_name":"HELPAC","article_modified_time":"2023-11-29T18:38:10+00:00","og_image":[{"width":1280,"height":1280,"url":"https:\/\/www.laboratoire-helpac.com\/wp-content\/uploads\/2023\/09\/HE_LEMONWITHOUTFUROCOUMARIN-EN.png","type":"image\/png"}],"twitter_card":"summary_large_image","schema":{"@context":"https:\/\/schema.org","@graph":[{"@type":"WebPage","@id":"https:\/\/www.laboratoire-helpac.com\/en\/p\/lemon-without-furocoumarin-organic\/","url":"https:\/\/www.laboratoire-helpac.com\/en\/p\/lemon-without-furocoumarin-organic\/","name":"Essential oil Lemon without organic furocoumarine (Italy) | HELPAC","isPartOf":{"@id":"https:\/\/www.laboratoire-helpac.com\/en\/#website"},"primaryImageOfPage":{"@id":"https:\/\/www.laboratoire-helpac.com\/en\/p\/lemon-without-furocoumarin-organic\/#primaryimage"},"image":{"@id":"https:\/\/www.laboratoire-helpac.com\/en\/p\/lemon-without-furocoumarin-organic\/#primaryimage"},"thumbnailUrl":"https:\/\/www.laboratoire-helpac.com\/wp-content\/uploads\/2023\/09\/HE_LEMONWITHOUTFUROCOUMARIN-EN.png","datePublished":"2023-07-30T14:55:30+00:00","dateModified":"2023-11-29T18:38:10+00:00","description":"Le bergapt\u00e8ne contenu par les agrumes est une furocoumarine photosensibilisante \u2013 cette essence de Citron n\u2019en contient pas : elle sera donc utilisable en cosm\u00e9tique pour les soins de toutes les peaux et des cheveux pour ses qualit\u00e9s fortifiante, purifiante et assainissante \u2013 son odeur fine et fruit\u00e9 pourra \u00e9galement \u00eatre utilis\u00e9e en parfumerie pour des formules sans risque de t\u00e2ches !","breadcrumb":{"@id":"https:\/\/www.laboratoire-helpac.com\/en\/p\/lemon-without-furocoumarin-organic\/#breadcrumb"},"inLanguage":"en-US","potentialAction":[{"@type":"ReadAction","target":["https:\/\/www.laboratoire-helpac.com\/en\/p\/lemon-without-furocoumarin-organic\/"]}]},{"@type":"ImageObject","inLanguage":"en-US","@id":"https:\/\/www.laboratoire-helpac.com\/en\/p\/lemon-without-furocoumarin-organic\/#primaryimage","url":"https:\/\/www.laboratoire-helpac.com\/wp-content\/uploads\/2023\/09\/HE_LEMONWITHOUTFUROCOUMARIN-EN.png","contentUrl":"https:\/\/www.laboratoire-helpac.com\/wp-content\/uploads\/2023\/09\/HE_LEMONWITHOUTFUROCOUMARIN-EN.png","width":1280,"height":1280,"caption":"Essential oil Lemon without organic furocoumarine (Italy) wholesaler"},{"@type":"BreadcrumbList","@id":"https:\/\/www.laboratoire-helpac.com\/en\/p\/lemon-without-furocoumarin-organic\/#breadcrumb","itemListElement":[{"@type":"ListItem","position":1,"name":"Accueil","item":"https:\/\/www.laboratoire-helpac.com\/en\/"},{"@type":"ListItem","position":2,"name":"Our ingredients","item":"https:\/\/www.laboratoire-helpac.com\/en\/products\/"},{"@type":"ListItem","position":3,"name":"LEMON WITHOUT FUROCOUMARIN ORGANIC"}]},{"@type":"WebSite","@id":"https:\/\/www.laboratoire-helpac.com\/en\/#website","url":"https:\/\/www.laboratoire-helpac.com\/en\/","name":"HELPAC","description":"","publisher":{"@id":"https:\/\/www.laboratoire-helpac.com\/en\/#organization"},"potentialAction":[{"@type":"SearchAction","target":{"@type":"EntryPoint","urlTemplate":"https:\/\/www.laboratoire-helpac.com\/en\/?s={search_term_string}"},"query-input":{"@type":"PropertyValueSpecification","valueRequired":true,"valueName":"search_term_string"}}],"inLanguage":"en-US"},{"@type":"Organization","@id":"https:\/\/www.laboratoire-helpac.com\/en\/#organization","name":"Helpac","url":"https:\/\/www.laboratoire-helpac.com\/en\/","logo":{"@type":"ImageObject","inLanguage":"en-US","@id":"https:\/\/www.laboratoire-helpac.com\/en\/#\/schema\/logo\/image\/","url":"https:\/\/dev.fizzbuzz.fr\/helpac\/wp-content\/uploads\/2023\/05\/Logo-Helpac.jpg","contentUrl":"https:\/\/dev.fizzbuzz.fr\/helpac\/wp-content\/uploads\/2023\/05\/Logo-Helpac.jpg","width":200,"height":200,"caption":"Helpac"},"image":{"@id":"https:\/\/www.laboratoire-helpac.com\/en\/#\/schema\/logo\/image\/"},"sameAs":["https:\/\/www.linkedin.com\/company\/helpac\/"]}]}},"_links":{"self":[{"href":"https:\/\/www.laboratoire-helpac.com\/en\/wp-json\/wp\/v2\/product\/5098","targetHints":{"allow":["GET"]}}],"collection":[{"href":"https:\/\/www.laboratoire-helpac.com\/en\/wp-json\/wp\/v2\/product"}],"about":[{"href":"https:\/\/www.laboratoire-helpac.com\/en\/wp-json\/wp\/v2\/types\/product"}],"wp:featuredmedia":[{"embeddable":true,"href":"https:\/\/www.laboratoire-helpac.com\/en\/wp-json\/wp\/v2\/media\/6783"}],"wp:attachment":[{"href":"https:\/\/www.laboratoire-helpac.com\/en\/wp-json\/wp\/v2\/media?parent=5098"}],"wp:term":[{"taxonomy":"product_cat","embeddable":true,"href":"https:\/\/www.laboratoire-helpac.com\/en\/wp-json\/wp\/v2\/product_cat?post=5098"},{"taxonomy":"product_tag","embeddable":true,"href":"https:\/\/www.laboratoire-helpac.com\/en\/wp-json\/wp\/v2\/product_tag?post=5098"}],"curies":[{"name":"wp","href":"https:\/\/api.w.org\/{rel}","templated":true}]}}