{"id":5092,"date":"2023-07-30T16:55:13","date_gmt":"2023-07-30T14:55:13","guid":{"rendered":"http:\/\/localhost\/wordpress\/produit\/cisse-rameaux\/"},"modified":"2023-11-29T19:38:07","modified_gmt":"2023-11-29T18:38:07","slug":"cistus-twigs","status":"publish","type":"product","link":"https:\/\/www.laboratoire-helpac.com\/en\/p\/cistus-twigs\/","title":{"rendered":"CISTUS TWIGS"},"content":{"rendered":"<p>Widely used in perfumery as a heart note, thanks to its intense, ambery, balsamic, woody and tenacious base, Cistus essential oil is rich in alpha-pinene, viridiflorol and camphene, making it an ideal ingredient in cosmetics, particularly for its healing and haemostatic properties. It can also be used for energetic aromatherapy.<\/p>\n","protected":false},"excerpt":{"rendered":"<p>Widely used in perfumery as a heart note, thanks to its intense, ambery, balsamic, woody and tenacious base, Cistus essential oil is rich in alpha-pinene, viridiflorol and camphene, making it an ideal ingredient in cosmetics, particularly for its healing and haemostatic properties. It can also be used for energetic aromatherapy.<\/p>\n","protected":false},"featured_media":6777,"template":"","meta":[],"product_cat":[390,451,452],"product_tag":[],"class_list":{"0":"post-5092","1":"product","2":"type-product","3":"status-publish","4":"has-post-thumbnail","6":"product_cat-essential-oils","7":"product_cat-aromatherapy-wholesaler-essential-oil","8":"product_cat-bulk-essential-oils-aromatherapy-wholesaler-essential-oil","9":"pa_certifications-conventional","10":"pa_origines-europe-en","11":"pa_usages-cosmetic","12":"pa_usages-diffusion-en","13":"pa_usages-perfumery","15":"first","16":"instock","17":"purchasable","18":"product-type-simple"},"acf":[],"yoast_head":"<!-- This site is optimized with the Yoast SEO plugin v23.9 - https:\/\/yoast.com\/wordpress\/plugins\/seo\/ -->\n<title>Essential oil CISSE RAMEAUX (Spain) | HELPAC<\/title>\n<meta name=\"description\" content=\"Tr\u00e8s utilis\u00e9 en parfumerie comme note de c\u0153ur gr\u00e2ce \u00e0 son fond intense, ambr\u00e9 et balsamique, bois\u00e9 et tenace, l\u2019huile essentielle de Ciste ladanif\u00e8re est riche en alpha-pin\u00e8ne, viridiflorol et camph\u00e8ne, ce qui en fait \u00e9galement un composant de choix en cosm\u00e9tique, notamment pour ses propri\u00e9t\u00e9s cicatrisantes et h\u00e9mostatiques. Mais elle est \u00e9galement \u00e0 explorer pour l\u2019aromath\u00e9rapie \u00e9nerg\u00e9tique.\" \/>\n<meta name=\"robots\" content=\"index, follow, max-snippet:-1, max-image-preview:large, max-video-preview:-1\" \/>\n<link rel=\"canonical\" href=\"https:\/\/www.laboratoire-helpac.com\/en\/p\/cistus-twigs\/\" \/>\n<meta property=\"og:locale\" content=\"en_US\" \/>\n<meta property=\"og:type\" content=\"article\" \/>\n<meta property=\"og:title\" content=\"Essential oil CISSE RAMEAUX (Spain) | HELPAC\" \/>\n<meta property=\"og:description\" content=\"Tr\u00e8s utilis\u00e9 en parfumerie comme note de c\u0153ur gr\u00e2ce \u00e0 son fond intense, ambr\u00e9 et balsamique, bois\u00e9 et tenace, l\u2019huile essentielle de Ciste ladanif\u00e8re est riche en alpha-pin\u00e8ne, viridiflorol et camph\u00e8ne, ce qui en fait \u00e9galement un composant de choix en cosm\u00e9tique, notamment pour ses propri\u00e9t\u00e9s cicatrisantes et h\u00e9mostatiques. Mais elle est \u00e9galement \u00e0 explorer pour l\u2019aromath\u00e9rapie \u00e9nerg\u00e9tique.\" \/>\n<meta property=\"og:url\" content=\"https:\/\/www.laboratoire-helpac.com\/en\/p\/cistus-twigs\/\" \/>\n<meta property=\"og:site_name\" content=\"HELPAC\" \/>\n<meta property=\"article:modified_time\" content=\"2023-11-29T18:38:07+00:00\" \/>\n<meta property=\"og:image\" content=\"https:\/\/www.laboratoire-helpac.com\/wp-content\/uploads\/2023\/09\/HE_CISTUS-EN.png\" \/>\n\t<meta property=\"og:image:width\" content=\"1280\" \/>\n\t<meta property=\"og:image:height\" content=\"1280\" \/>\n\t<meta property=\"og:image:type\" content=\"image\/png\" \/>\n<meta name=\"twitter:card\" content=\"summary_large_image\" \/>\n<script type=\"application\/ld+json\" class=\"yoast-schema-graph\">{\"@context\":\"https:\/\/schema.org\",\"@graph\":[{\"@type\":\"WebPage\",\"@id\":\"https:\/\/www.laboratoire-helpac.com\/en\/p\/cistus-twigs\/\",\"url\":\"https:\/\/www.laboratoire-helpac.com\/en\/p\/cistus-twigs\/\",\"name\":\"Essential oil CISSE RAMEAUX (Spain) | HELPAC\",\"isPartOf\":{\"@id\":\"https:\/\/www.laboratoire-helpac.com\/en\/#website\"},\"primaryImageOfPage\":{\"@id\":\"https:\/\/www.laboratoire-helpac.com\/en\/p\/cistus-twigs\/#primaryimage\"},\"image\":{\"@id\":\"https:\/\/www.laboratoire-helpac.com\/en\/p\/cistus-twigs\/#primaryimage\"},\"thumbnailUrl\":\"https:\/\/www.laboratoire-helpac.com\/wp-content\/uploads\/2023\/09\/HE_CISTUS-EN.png\",\"datePublished\":\"2023-07-30T14:55:13+00:00\",\"dateModified\":\"2023-11-29T18:38:07+00:00\",\"description\":\"Tr\u00e8s utilis\u00e9 en parfumerie comme note de c\u0153ur gr\u00e2ce \u00e0 son fond intense, ambr\u00e9 et balsamique, bois\u00e9 et tenace, l\u2019huile essentielle de Ciste ladanif\u00e8re est riche en alpha-pin\u00e8ne, viridiflorol et camph\u00e8ne, ce qui en fait \u00e9galement un composant de choix en cosm\u00e9tique, notamment pour ses propri\u00e9t\u00e9s cicatrisantes et h\u00e9mostatiques. Mais elle est \u00e9galement \u00e0 explorer pour l\u2019aromath\u00e9rapie \u00e9nerg\u00e9tique.\",\"breadcrumb\":{\"@id\":\"https:\/\/www.laboratoire-helpac.com\/en\/p\/cistus-twigs\/#breadcrumb\"},\"inLanguage\":\"en-US\",\"potentialAction\":[{\"@type\":\"ReadAction\",\"target\":[\"https:\/\/www.laboratoire-helpac.com\/en\/p\/cistus-twigs\/\"]}]},{\"@type\":\"ImageObject\",\"inLanguage\":\"en-US\",\"@id\":\"https:\/\/www.laboratoire-helpac.com\/en\/p\/cistus-twigs\/#primaryimage\",\"url\":\"https:\/\/www.laboratoire-helpac.com\/wp-content\/uploads\/2023\/09\/HE_CISTUS-EN.png\",\"contentUrl\":\"https:\/\/www.laboratoire-helpac.com\/wp-content\/uploads\/2023\/09\/HE_CISTUS-EN.png\",\"width\":1280,\"height\":1280,\"caption\":\"Essential oil CISSE RAMEAUX (Spain) wholesaler\"},{\"@type\":\"BreadcrumbList\",\"@id\":\"https:\/\/www.laboratoire-helpac.com\/en\/p\/cistus-twigs\/#breadcrumb\",\"itemListElement\":[{\"@type\":\"ListItem\",\"position\":1,\"name\":\"Accueil\",\"item\":\"https:\/\/www.laboratoire-helpac.com\/en\/\"},{\"@type\":\"ListItem\",\"position\":2,\"name\":\"Our ingredients\",\"item\":\"https:\/\/www.laboratoire-helpac.com\/en\/products\/\"},{\"@type\":\"ListItem\",\"position\":3,\"name\":\"CISTUS TWIGS\"}]},{\"@type\":\"WebSite\",\"@id\":\"https:\/\/www.laboratoire-helpac.com\/en\/#website\",\"url\":\"https:\/\/www.laboratoire-helpac.com\/en\/\",\"name\":\"HELPAC\",\"description\":\"\",\"publisher\":{\"@id\":\"https:\/\/www.laboratoire-helpac.com\/en\/#organization\"},\"potentialAction\":[{\"@type\":\"SearchAction\",\"target\":{\"@type\":\"EntryPoint\",\"urlTemplate\":\"https:\/\/www.laboratoire-helpac.com\/en\/?s={search_term_string}\"},\"query-input\":{\"@type\":\"PropertyValueSpecification\",\"valueRequired\":true,\"valueName\":\"search_term_string\"}}],\"inLanguage\":\"en-US\"},{\"@type\":\"Organization\",\"@id\":\"https:\/\/www.laboratoire-helpac.com\/en\/#organization\",\"name\":\"Helpac\",\"url\":\"https:\/\/www.laboratoire-helpac.com\/en\/\",\"logo\":{\"@type\":\"ImageObject\",\"inLanguage\":\"en-US\",\"@id\":\"https:\/\/www.laboratoire-helpac.com\/en\/#\/schema\/logo\/image\/\",\"url\":\"https:\/\/dev.fizzbuzz.fr\/helpac\/wp-content\/uploads\/2023\/05\/Logo-Helpac.jpg\",\"contentUrl\":\"https:\/\/dev.fizzbuzz.fr\/helpac\/wp-content\/uploads\/2023\/05\/Logo-Helpac.jpg\",\"width\":200,\"height\":200,\"caption\":\"Helpac\"},\"image\":{\"@id\":\"https:\/\/www.laboratoire-helpac.com\/en\/#\/schema\/logo\/image\/\"},\"sameAs\":[\"https:\/\/www.linkedin.com\/company\/helpac\/\"]}]}<\/script>\n<!-- \/ Yoast SEO plugin. -->","yoast_head_json":{"title":"Essential oil CISSE RAMEAUX (Spain) | HELPAC","description":"Tr\u00e8s utilis\u00e9 en parfumerie comme note de c\u0153ur gr\u00e2ce \u00e0 son fond intense, ambr\u00e9 et balsamique, bois\u00e9 et tenace, l\u2019huile essentielle de Ciste ladanif\u00e8re est riche en alpha-pin\u00e8ne, viridiflorol et camph\u00e8ne, ce qui en fait \u00e9galement un composant de choix en cosm\u00e9tique, notamment pour ses propri\u00e9t\u00e9s cicatrisantes et h\u00e9mostatiques. Mais elle est \u00e9galement \u00e0 explorer pour l\u2019aromath\u00e9rapie \u00e9nerg\u00e9tique.","robots":{"index":"index","follow":"follow","max-snippet":"max-snippet:-1","max-image-preview":"max-image-preview:large","max-video-preview":"max-video-preview:-1"},"canonical":"https:\/\/www.laboratoire-helpac.com\/en\/p\/cistus-twigs\/","og_locale":"en_US","og_type":"article","og_title":"Essential oil CISSE RAMEAUX (Spain) | HELPAC","og_description":"Tr\u00e8s utilis\u00e9 en parfumerie comme note de c\u0153ur gr\u00e2ce \u00e0 son fond intense, ambr\u00e9 et balsamique, bois\u00e9 et tenace, l\u2019huile essentielle de Ciste ladanif\u00e8re est riche en alpha-pin\u00e8ne, viridiflorol et camph\u00e8ne, ce qui en fait \u00e9galement un composant de choix en cosm\u00e9tique, notamment pour ses propri\u00e9t\u00e9s cicatrisantes et h\u00e9mostatiques. Mais elle est \u00e9galement \u00e0 explorer pour l\u2019aromath\u00e9rapie \u00e9nerg\u00e9tique.","og_url":"https:\/\/www.laboratoire-helpac.com\/en\/p\/cistus-twigs\/","og_site_name":"HELPAC","article_modified_time":"2023-11-29T18:38:07+00:00","og_image":[{"width":1280,"height":1280,"url":"https:\/\/www.laboratoire-helpac.com\/wp-content\/uploads\/2023\/09\/HE_CISTUS-EN.png","type":"image\/png"}],"twitter_card":"summary_large_image","schema":{"@context":"https:\/\/schema.org","@graph":[{"@type":"WebPage","@id":"https:\/\/www.laboratoire-helpac.com\/en\/p\/cistus-twigs\/","url":"https:\/\/www.laboratoire-helpac.com\/en\/p\/cistus-twigs\/","name":"Essential oil CISSE RAMEAUX (Spain) | HELPAC","isPartOf":{"@id":"https:\/\/www.laboratoire-helpac.com\/en\/#website"},"primaryImageOfPage":{"@id":"https:\/\/www.laboratoire-helpac.com\/en\/p\/cistus-twigs\/#primaryimage"},"image":{"@id":"https:\/\/www.laboratoire-helpac.com\/en\/p\/cistus-twigs\/#primaryimage"},"thumbnailUrl":"https:\/\/www.laboratoire-helpac.com\/wp-content\/uploads\/2023\/09\/HE_CISTUS-EN.png","datePublished":"2023-07-30T14:55:13+00:00","dateModified":"2023-11-29T18:38:07+00:00","description":"Tr\u00e8s utilis\u00e9 en parfumerie comme note de c\u0153ur gr\u00e2ce \u00e0 son fond intense, ambr\u00e9 et balsamique, bois\u00e9 et tenace, l\u2019huile essentielle de Ciste ladanif\u00e8re est riche en alpha-pin\u00e8ne, viridiflorol et camph\u00e8ne, ce qui en fait \u00e9galement un composant de choix en cosm\u00e9tique, notamment pour ses propri\u00e9t\u00e9s cicatrisantes et h\u00e9mostatiques. Mais elle est \u00e9galement \u00e0 explorer pour l\u2019aromath\u00e9rapie \u00e9nerg\u00e9tique.","breadcrumb":{"@id":"https:\/\/www.laboratoire-helpac.com\/en\/p\/cistus-twigs\/#breadcrumb"},"inLanguage":"en-US","potentialAction":[{"@type":"ReadAction","target":["https:\/\/www.laboratoire-helpac.com\/en\/p\/cistus-twigs\/"]}]},{"@type":"ImageObject","inLanguage":"en-US","@id":"https:\/\/www.laboratoire-helpac.com\/en\/p\/cistus-twigs\/#primaryimage","url":"https:\/\/www.laboratoire-helpac.com\/wp-content\/uploads\/2023\/09\/HE_CISTUS-EN.png","contentUrl":"https:\/\/www.laboratoire-helpac.com\/wp-content\/uploads\/2023\/09\/HE_CISTUS-EN.png","width":1280,"height":1280,"caption":"Essential oil CISSE RAMEAUX (Spain) wholesaler"},{"@type":"BreadcrumbList","@id":"https:\/\/www.laboratoire-helpac.com\/en\/p\/cistus-twigs\/#breadcrumb","itemListElement":[{"@type":"ListItem","position":1,"name":"Accueil","item":"https:\/\/www.laboratoire-helpac.com\/en\/"},{"@type":"ListItem","position":2,"name":"Our ingredients","item":"https:\/\/www.laboratoire-helpac.com\/en\/products\/"},{"@type":"ListItem","position":3,"name":"CISTUS TWIGS"}]},{"@type":"WebSite","@id":"https:\/\/www.laboratoire-helpac.com\/en\/#website","url":"https:\/\/www.laboratoire-helpac.com\/en\/","name":"HELPAC","description":"","publisher":{"@id":"https:\/\/www.laboratoire-helpac.com\/en\/#organization"},"potentialAction":[{"@type":"SearchAction","target":{"@type":"EntryPoint","urlTemplate":"https:\/\/www.laboratoire-helpac.com\/en\/?s={search_term_string}"},"query-input":{"@type":"PropertyValueSpecification","valueRequired":true,"valueName":"search_term_string"}}],"inLanguage":"en-US"},{"@type":"Organization","@id":"https:\/\/www.laboratoire-helpac.com\/en\/#organization","name":"Helpac","url":"https:\/\/www.laboratoire-helpac.com\/en\/","logo":{"@type":"ImageObject","inLanguage":"en-US","@id":"https:\/\/www.laboratoire-helpac.com\/en\/#\/schema\/logo\/image\/","url":"https:\/\/dev.fizzbuzz.fr\/helpac\/wp-content\/uploads\/2023\/05\/Logo-Helpac.jpg","contentUrl":"https:\/\/dev.fizzbuzz.fr\/helpac\/wp-content\/uploads\/2023\/05\/Logo-Helpac.jpg","width":200,"height":200,"caption":"Helpac"},"image":{"@id":"https:\/\/www.laboratoire-helpac.com\/en\/#\/schema\/logo\/image\/"},"sameAs":["https:\/\/www.linkedin.com\/company\/helpac\/"]}]}},"_links":{"self":[{"href":"https:\/\/www.laboratoire-helpac.com\/en\/wp-json\/wp\/v2\/product\/5092","targetHints":{"allow":["GET"]}}],"collection":[{"href":"https:\/\/www.laboratoire-helpac.com\/en\/wp-json\/wp\/v2\/product"}],"about":[{"href":"https:\/\/www.laboratoire-helpac.com\/en\/wp-json\/wp\/v2\/types\/product"}],"wp:featuredmedia":[{"embeddable":true,"href":"https:\/\/www.laboratoire-helpac.com\/en\/wp-json\/wp\/v2\/media\/6777"}],"wp:attachment":[{"href":"https:\/\/www.laboratoire-helpac.com\/en\/wp-json\/wp\/v2\/media?parent=5092"}],"wp:term":[{"taxonomy":"product_cat","embeddable":true,"href":"https:\/\/www.laboratoire-helpac.com\/en\/wp-json\/wp\/v2\/product_cat?post=5092"},{"taxonomy":"product_tag","embeddable":true,"href":"https:\/\/www.laboratoire-helpac.com\/en\/wp-json\/wp\/v2\/product_tag?post=5092"}],"curies":[{"name":"wp","href":"https:\/\/api.w.org\/{rel}","templated":true}]}}