{"id":5087,"date":"2023-07-30T16:55:13","date_gmt":"2023-07-30T14:55:13","guid":{"rendered":"http:\/\/localhost\/wordpress\/produit\/organic-atlas-cedar\/"},"modified":"2023-11-29T19:38:05","modified_gmt":"2023-11-29T18:38:05","slug":"cedar-atlas-organic","status":"publish","type":"product","link":"https:\/\/www.laboratoire-helpac.com\/en\/p\/cedar-atlas-organic\/","title":{"rendered":"CEDAR ATLAS ORGANIC"},"content":{"rendered":"<p>Rich in sesquiterpenes, sesquiterpenols (atlantol) and sesquiterpene ketones, Cedarwood essential oil has an incomparable fragrance, often used as a heart note in perfumery thanks to its sweet, woody, slightly acidic base notes. It&#8217;s also a must-have in cosmetics (lipolytic, anti-dandruff) and household care (moth and mosquito repellent). It is also useful in energy aromatherapy (for fear and anxiety).<\/p>\n","protected":false},"excerpt":{"rendered":"<p>Rich in sesquiterpenes, sesquiterpenols (atlantol) and sesquiterpene ketones, Cedarwood essential oil has an incomparable fragrance, often used as a heart note in perfumery thanks to its sweet, woody, slightly acidic base notes. It&#8217;s also a must-have in cosmetics (lipolytic, anti-dandruff) and household care (moth and mosquito repellent). It is also useful in energy aromatherapy (for [&hellip;]<\/p>\n","protected":false},"featured_media":6772,"template":"","meta":[],"product_cat":[390,451,452],"product_tag":[],"class_list":{"0":"post-5087","1":"product","2":"type-product","3":"status-publish","4":"has-post-thumbnail","6":"product_cat-essential-oils","7":"product_cat-aromatherapy-wholesaler-essential-oil","8":"product_cat-bulk-essential-oils-aromatherapy-wholesaler-essential-oil","9":"pa_certifications-organic","10":"pa_origines-africa","11":"pa_usages-cosmetic","12":"pa_usages-diffusion-en","13":"pa_usages-perfumery","15":"first","16":"instock","17":"purchasable","18":"product-type-simple"},"acf":[],"yoast_head":"<!-- This site is optimized with the Yoast SEO plugin v23.9 - https:\/\/yoast.com\/wordpress\/plugins\/seo\/ -->\n<title>Essential oil Organic Atlas Cedar (Morocco) | HELPAC<\/title>\n<meta name=\"description\" content=\"Riche en sesquiterp\u00e8nes , sesquiterp\u00e9nols (atlantol) et c\u00e9tones sesquiterp\u00e9niques, l\u2019huile essentielle de C\u00e8dre bois a un parfum incomparable, souvent utilis\u00e9 en note de c\u0153ur en parfumerie gr\u00e2ce \u00e0 ses notes de fond douces, bois\u00e9es, l\u00e9g\u00e8rement acides. C\u2019est \u00e9galement un incontournable en cosm\u00e9tiques (lipolytique, antipelliculaire) et entretien m\u00e9nager (antimites et moustiques). Elle est aussi int\u00e9ressante en aromath\u00e9rapie \u00e9nerg\u00e9tique (peur et anxi\u00e9t\u00e9).\" \/>\n<meta name=\"robots\" content=\"index, follow, max-snippet:-1, max-image-preview:large, max-video-preview:-1\" \/>\n<link rel=\"canonical\" href=\"https:\/\/www.laboratoire-helpac.com\/en\/p\/cedar-atlas-organic\/\" \/>\n<meta property=\"og:locale\" content=\"en_US\" \/>\n<meta property=\"og:type\" content=\"article\" \/>\n<meta property=\"og:title\" content=\"Essential oil Organic Atlas Cedar (Morocco) | HELPAC\" \/>\n<meta property=\"og:description\" content=\"Riche en sesquiterp\u00e8nes , sesquiterp\u00e9nols (atlantol) et c\u00e9tones sesquiterp\u00e9niques, l\u2019huile essentielle de C\u00e8dre bois a un parfum incomparable, souvent utilis\u00e9 en note de c\u0153ur en parfumerie gr\u00e2ce \u00e0 ses notes de fond douces, bois\u00e9es, l\u00e9g\u00e8rement acides. C\u2019est \u00e9galement un incontournable en cosm\u00e9tiques (lipolytique, antipelliculaire) et entretien m\u00e9nager (antimites et moustiques). Elle est aussi int\u00e9ressante en aromath\u00e9rapie \u00e9nerg\u00e9tique (peur et anxi\u00e9t\u00e9).\" \/>\n<meta property=\"og:url\" content=\"https:\/\/www.laboratoire-helpac.com\/en\/p\/cedar-atlas-organic\/\" \/>\n<meta property=\"og:site_name\" content=\"HELPAC\" \/>\n<meta property=\"article:modified_time\" content=\"2023-11-29T18:38:05+00:00\" \/>\n<meta property=\"og:image\" content=\"https:\/\/www.laboratoire-helpac.com\/wp-content\/uploads\/2023\/09\/HE_CEDARATLAS-EN.png\" \/>\n\t<meta property=\"og:image:width\" content=\"1280\" \/>\n\t<meta property=\"og:image:height\" content=\"1280\" \/>\n\t<meta property=\"og:image:type\" content=\"image\/png\" \/>\n<meta name=\"twitter:card\" content=\"summary_large_image\" \/>\n<script type=\"application\/ld+json\" class=\"yoast-schema-graph\">{\"@context\":\"https:\/\/schema.org\",\"@graph\":[{\"@type\":\"WebPage\",\"@id\":\"https:\/\/www.laboratoire-helpac.com\/en\/p\/cedar-atlas-organic\/\",\"url\":\"https:\/\/www.laboratoire-helpac.com\/en\/p\/cedar-atlas-organic\/\",\"name\":\"Essential oil Organic Atlas Cedar (Morocco) | HELPAC\",\"isPartOf\":{\"@id\":\"https:\/\/www.laboratoire-helpac.com\/en\/#website\"},\"primaryImageOfPage\":{\"@id\":\"https:\/\/www.laboratoire-helpac.com\/en\/p\/cedar-atlas-organic\/#primaryimage\"},\"image\":{\"@id\":\"https:\/\/www.laboratoire-helpac.com\/en\/p\/cedar-atlas-organic\/#primaryimage\"},\"thumbnailUrl\":\"https:\/\/www.laboratoire-helpac.com\/wp-content\/uploads\/2023\/09\/HE_CEDARATLAS-EN.png\",\"datePublished\":\"2023-07-30T14:55:13+00:00\",\"dateModified\":\"2023-11-29T18:38:05+00:00\",\"description\":\"Riche en sesquiterp\u00e8nes , sesquiterp\u00e9nols (atlantol) et c\u00e9tones sesquiterp\u00e9niques, l\u2019huile essentielle de C\u00e8dre bois a un parfum incomparable, souvent utilis\u00e9 en note de c\u0153ur en parfumerie gr\u00e2ce \u00e0 ses notes de fond douces, bois\u00e9es, l\u00e9g\u00e8rement acides. C\u2019est \u00e9galement un incontournable en cosm\u00e9tiques (lipolytique, antipelliculaire) et entretien m\u00e9nager (antimites et moustiques). Elle est aussi int\u00e9ressante en aromath\u00e9rapie \u00e9nerg\u00e9tique (peur et anxi\u00e9t\u00e9).\",\"breadcrumb\":{\"@id\":\"https:\/\/www.laboratoire-helpac.com\/en\/p\/cedar-atlas-organic\/#breadcrumb\"},\"inLanguage\":\"en-US\",\"potentialAction\":[{\"@type\":\"ReadAction\",\"target\":[\"https:\/\/www.laboratoire-helpac.com\/en\/p\/cedar-atlas-organic\/\"]}]},{\"@type\":\"ImageObject\",\"inLanguage\":\"en-US\",\"@id\":\"https:\/\/www.laboratoire-helpac.com\/en\/p\/cedar-atlas-organic\/#primaryimage\",\"url\":\"https:\/\/www.laboratoire-helpac.com\/wp-content\/uploads\/2023\/09\/HE_CEDARATLAS-EN.png\",\"contentUrl\":\"https:\/\/www.laboratoire-helpac.com\/wp-content\/uploads\/2023\/09\/HE_CEDARATLAS-EN.png\",\"width\":1280,\"height\":1280,\"caption\":\"Essential oil Organic Atlas Cedar (Morocco) wholesaler\"},{\"@type\":\"BreadcrumbList\",\"@id\":\"https:\/\/www.laboratoire-helpac.com\/en\/p\/cedar-atlas-organic\/#breadcrumb\",\"itemListElement\":[{\"@type\":\"ListItem\",\"position\":1,\"name\":\"Accueil\",\"item\":\"https:\/\/www.laboratoire-helpac.com\/en\/\"},{\"@type\":\"ListItem\",\"position\":2,\"name\":\"Our ingredients\",\"item\":\"https:\/\/www.laboratoire-helpac.com\/en\/products\/\"},{\"@type\":\"ListItem\",\"position\":3,\"name\":\"CEDAR ATLAS ORGANIC\"}]},{\"@type\":\"WebSite\",\"@id\":\"https:\/\/www.laboratoire-helpac.com\/en\/#website\",\"url\":\"https:\/\/www.laboratoire-helpac.com\/en\/\",\"name\":\"HELPAC\",\"description\":\"\",\"publisher\":{\"@id\":\"https:\/\/www.laboratoire-helpac.com\/en\/#organization\"},\"potentialAction\":[{\"@type\":\"SearchAction\",\"target\":{\"@type\":\"EntryPoint\",\"urlTemplate\":\"https:\/\/www.laboratoire-helpac.com\/en\/?s={search_term_string}\"},\"query-input\":{\"@type\":\"PropertyValueSpecification\",\"valueRequired\":true,\"valueName\":\"search_term_string\"}}],\"inLanguage\":\"en-US\"},{\"@type\":\"Organization\",\"@id\":\"https:\/\/www.laboratoire-helpac.com\/en\/#organization\",\"name\":\"Helpac\",\"url\":\"https:\/\/www.laboratoire-helpac.com\/en\/\",\"logo\":{\"@type\":\"ImageObject\",\"inLanguage\":\"en-US\",\"@id\":\"https:\/\/www.laboratoire-helpac.com\/en\/#\/schema\/logo\/image\/\",\"url\":\"https:\/\/dev.fizzbuzz.fr\/helpac\/wp-content\/uploads\/2023\/05\/Logo-Helpac.jpg\",\"contentUrl\":\"https:\/\/dev.fizzbuzz.fr\/helpac\/wp-content\/uploads\/2023\/05\/Logo-Helpac.jpg\",\"width\":200,\"height\":200,\"caption\":\"Helpac\"},\"image\":{\"@id\":\"https:\/\/www.laboratoire-helpac.com\/en\/#\/schema\/logo\/image\/\"},\"sameAs\":[\"https:\/\/www.linkedin.com\/company\/helpac\/\"]}]}<\/script>\n<!-- \/ Yoast SEO plugin. -->","yoast_head_json":{"title":"Essential oil Organic Atlas Cedar (Morocco) | HELPAC","description":"Riche en sesquiterp\u00e8nes , sesquiterp\u00e9nols (atlantol) et c\u00e9tones sesquiterp\u00e9niques, l\u2019huile essentielle de C\u00e8dre bois a un parfum incomparable, souvent utilis\u00e9 en note de c\u0153ur en parfumerie gr\u00e2ce \u00e0 ses notes de fond douces, bois\u00e9es, l\u00e9g\u00e8rement acides. C\u2019est \u00e9galement un incontournable en cosm\u00e9tiques (lipolytique, antipelliculaire) et entretien m\u00e9nager (antimites et moustiques). Elle est aussi int\u00e9ressante en aromath\u00e9rapie \u00e9nerg\u00e9tique (peur et anxi\u00e9t\u00e9).","robots":{"index":"index","follow":"follow","max-snippet":"max-snippet:-1","max-image-preview":"max-image-preview:large","max-video-preview":"max-video-preview:-1"},"canonical":"https:\/\/www.laboratoire-helpac.com\/en\/p\/cedar-atlas-organic\/","og_locale":"en_US","og_type":"article","og_title":"Essential oil Organic Atlas Cedar (Morocco) | HELPAC","og_description":"Riche en sesquiterp\u00e8nes , sesquiterp\u00e9nols (atlantol) et c\u00e9tones sesquiterp\u00e9niques, l\u2019huile essentielle de C\u00e8dre bois a un parfum incomparable, souvent utilis\u00e9 en note de c\u0153ur en parfumerie gr\u00e2ce \u00e0 ses notes de fond douces, bois\u00e9es, l\u00e9g\u00e8rement acides. C\u2019est \u00e9galement un incontournable en cosm\u00e9tiques (lipolytique, antipelliculaire) et entretien m\u00e9nager (antimites et moustiques). Elle est aussi int\u00e9ressante en aromath\u00e9rapie \u00e9nerg\u00e9tique (peur et anxi\u00e9t\u00e9).","og_url":"https:\/\/www.laboratoire-helpac.com\/en\/p\/cedar-atlas-organic\/","og_site_name":"HELPAC","article_modified_time":"2023-11-29T18:38:05+00:00","og_image":[{"width":1280,"height":1280,"url":"https:\/\/www.laboratoire-helpac.com\/wp-content\/uploads\/2023\/09\/HE_CEDARATLAS-EN.png","type":"image\/png"}],"twitter_card":"summary_large_image","schema":{"@context":"https:\/\/schema.org","@graph":[{"@type":"WebPage","@id":"https:\/\/www.laboratoire-helpac.com\/en\/p\/cedar-atlas-organic\/","url":"https:\/\/www.laboratoire-helpac.com\/en\/p\/cedar-atlas-organic\/","name":"Essential oil Organic Atlas Cedar (Morocco) | HELPAC","isPartOf":{"@id":"https:\/\/www.laboratoire-helpac.com\/en\/#website"},"primaryImageOfPage":{"@id":"https:\/\/www.laboratoire-helpac.com\/en\/p\/cedar-atlas-organic\/#primaryimage"},"image":{"@id":"https:\/\/www.laboratoire-helpac.com\/en\/p\/cedar-atlas-organic\/#primaryimage"},"thumbnailUrl":"https:\/\/www.laboratoire-helpac.com\/wp-content\/uploads\/2023\/09\/HE_CEDARATLAS-EN.png","datePublished":"2023-07-30T14:55:13+00:00","dateModified":"2023-11-29T18:38:05+00:00","description":"Riche en sesquiterp\u00e8nes , sesquiterp\u00e9nols (atlantol) et c\u00e9tones sesquiterp\u00e9niques, l\u2019huile essentielle de C\u00e8dre bois a un parfum incomparable, souvent utilis\u00e9 en note de c\u0153ur en parfumerie gr\u00e2ce \u00e0 ses notes de fond douces, bois\u00e9es, l\u00e9g\u00e8rement acides. C\u2019est \u00e9galement un incontournable en cosm\u00e9tiques (lipolytique, antipelliculaire) et entretien m\u00e9nager (antimites et moustiques). Elle est aussi int\u00e9ressante en aromath\u00e9rapie \u00e9nerg\u00e9tique (peur et anxi\u00e9t\u00e9).","breadcrumb":{"@id":"https:\/\/www.laboratoire-helpac.com\/en\/p\/cedar-atlas-organic\/#breadcrumb"},"inLanguage":"en-US","potentialAction":[{"@type":"ReadAction","target":["https:\/\/www.laboratoire-helpac.com\/en\/p\/cedar-atlas-organic\/"]}]},{"@type":"ImageObject","inLanguage":"en-US","@id":"https:\/\/www.laboratoire-helpac.com\/en\/p\/cedar-atlas-organic\/#primaryimage","url":"https:\/\/www.laboratoire-helpac.com\/wp-content\/uploads\/2023\/09\/HE_CEDARATLAS-EN.png","contentUrl":"https:\/\/www.laboratoire-helpac.com\/wp-content\/uploads\/2023\/09\/HE_CEDARATLAS-EN.png","width":1280,"height":1280,"caption":"Essential oil Organic Atlas Cedar (Morocco) wholesaler"},{"@type":"BreadcrumbList","@id":"https:\/\/www.laboratoire-helpac.com\/en\/p\/cedar-atlas-organic\/#breadcrumb","itemListElement":[{"@type":"ListItem","position":1,"name":"Accueil","item":"https:\/\/www.laboratoire-helpac.com\/en\/"},{"@type":"ListItem","position":2,"name":"Our ingredients","item":"https:\/\/www.laboratoire-helpac.com\/en\/products\/"},{"@type":"ListItem","position":3,"name":"CEDAR ATLAS ORGANIC"}]},{"@type":"WebSite","@id":"https:\/\/www.laboratoire-helpac.com\/en\/#website","url":"https:\/\/www.laboratoire-helpac.com\/en\/","name":"HELPAC","description":"","publisher":{"@id":"https:\/\/www.laboratoire-helpac.com\/en\/#organization"},"potentialAction":[{"@type":"SearchAction","target":{"@type":"EntryPoint","urlTemplate":"https:\/\/www.laboratoire-helpac.com\/en\/?s={search_term_string}"},"query-input":{"@type":"PropertyValueSpecification","valueRequired":true,"valueName":"search_term_string"}}],"inLanguage":"en-US"},{"@type":"Organization","@id":"https:\/\/www.laboratoire-helpac.com\/en\/#organization","name":"Helpac","url":"https:\/\/www.laboratoire-helpac.com\/en\/","logo":{"@type":"ImageObject","inLanguage":"en-US","@id":"https:\/\/www.laboratoire-helpac.com\/en\/#\/schema\/logo\/image\/","url":"https:\/\/dev.fizzbuzz.fr\/helpac\/wp-content\/uploads\/2023\/05\/Logo-Helpac.jpg","contentUrl":"https:\/\/dev.fizzbuzz.fr\/helpac\/wp-content\/uploads\/2023\/05\/Logo-Helpac.jpg","width":200,"height":200,"caption":"Helpac"},"image":{"@id":"https:\/\/www.laboratoire-helpac.com\/en\/#\/schema\/logo\/image\/"},"sameAs":["https:\/\/www.linkedin.com\/company\/helpac\/"]}]}},"_links":{"self":[{"href":"https:\/\/www.laboratoire-helpac.com\/en\/wp-json\/wp\/v2\/product\/5087","targetHints":{"allow":["GET"]}}],"collection":[{"href":"https:\/\/www.laboratoire-helpac.com\/en\/wp-json\/wp\/v2\/product"}],"about":[{"href":"https:\/\/www.laboratoire-helpac.com\/en\/wp-json\/wp\/v2\/types\/product"}],"wp:featuredmedia":[{"embeddable":true,"href":"https:\/\/www.laboratoire-helpac.com\/en\/wp-json\/wp\/v2\/media\/6772"}],"wp:attachment":[{"href":"https:\/\/www.laboratoire-helpac.com\/en\/wp-json\/wp\/v2\/media?parent=5087"}],"wp:term":[{"taxonomy":"product_cat","embeddable":true,"href":"https:\/\/www.laboratoire-helpac.com\/en\/wp-json\/wp\/v2\/product_cat?post=5087"},{"taxonomy":"product_tag","embeddable":true,"href":"https:\/\/www.laboratoire-helpac.com\/en\/wp-json\/wp\/v2\/product_tag?post=5087"}],"curies":[{"name":"wp","href":"https:\/\/api.w.org\/{rel}","templated":true}]}}