{"id":5085,"date":"2023-07-30T16:55:13","date_gmt":"2023-07-30T14:55:13","guid":{"rendered":"http:\/\/localhost\/wordpress\/produit\/organic\/"},"modified":"2023-11-29T19:38:05","modified_gmt":"2023-11-29T18:38:05","slug":"catnip-organic","status":"publish","type":"product","link":"https:\/\/www.laboratoire-helpac.com\/en\/p\/catnip-organic\/","title":{"rendered":"CATNIP ORGANIC"},"content":{"rendered":"<p>Rich in nepetalactone, Catnip essential oil has a pleasant, lemony fragrance. Widely used in energetic aromatherapy, it also has interesting effects in the veterinary field (stimulates sexual pheromones in cats), for well-being (joint and muscle pain) and in household maintenance (insect repellent, including cockroaches, mosquitoes, etc.). It is grown and distilled in France.<\/p>\n","protected":false},"excerpt":{"rendered":"<p>Rich in nepetalactone, Catnip essential oil has a pleasant, lemony fragrance. Widely used in energetic aromatherapy, it also has interesting effects in the veterinary field (stimulates sexual pheromones in cats), for well-being (joint and muscle pain) and in household maintenance (insect repellent, including cockroaches, mosquitoes, etc.). It is grown and distilled in France.<\/p>\n","protected":false},"featured_media":9489,"template":"","meta":[],"product_cat":[390,451,452],"product_tag":[],"class_list":{"0":"post-5085","1":"product","2":"type-product","3":"status-publish","4":"has-post-thumbnail","6":"product_cat-essential-oils","7":"product_cat-aromatherapy-wholesaler-essential-oil","8":"product_cat-bulk-essential-oils-aromatherapy-wholesaler-essential-oil","9":"pa_certifications-organic","10":"pa_fabrication-oui-en","11":"pa_origines-france-en","12":"pa_usages-cosmetic","13":"pa_usages-diffusion-en","14":"pa_usages-perfumery","16":"first","17":"instock","18":"purchasable","19":"product-type-simple"},"acf":[],"yoast_head":"<!-- This site is optimized with the Yoast SEO plugin v23.9 - https:\/\/yoast.com\/wordpress\/plugins\/seo\/ -->\n<title>Essential oil Organic (France) | HELPAC<\/title>\n<meta name=\"description\" content=\"Riche en n\u00e9p\u00e9talactone, l\u2019huile essentielle de Cataire a un parfum agr\u00e9able et citronn\u00e9. Tr\u00e8s utilis\u00e9e en aromath\u00e9rapie \u00e9nerg\u00e9tique, elle poss\u00e8de \u00e9galement des effets int\u00e9ressants dans le domaine v\u00e9t\u00e9rinaire (stimule les ph\u00e9romones sexuelles des chats), du bien-\u00eatre (douleurs articulaires et musculaires) et en entretien m\u00e9nager (r\u00e9pulsif insectes dont cafards, moustiques, etc.). Elle est cultiv\u00e9e et distill\u00e9e en France.\" \/>\n<meta name=\"robots\" content=\"index, follow, max-snippet:-1, max-image-preview:large, max-video-preview:-1\" \/>\n<link rel=\"canonical\" href=\"https:\/\/www.laboratoire-helpac.com\/en\/p\/catnip-organic\/\" \/>\n<meta property=\"og:locale\" content=\"en_US\" \/>\n<meta property=\"og:type\" content=\"article\" \/>\n<meta property=\"og:title\" content=\"Essential oil Organic (France) | HELPAC\" \/>\n<meta property=\"og:description\" content=\"Riche en n\u00e9p\u00e9talactone, l\u2019huile essentielle de Cataire a un parfum agr\u00e9able et citronn\u00e9. Tr\u00e8s utilis\u00e9e en aromath\u00e9rapie \u00e9nerg\u00e9tique, elle poss\u00e8de \u00e9galement des effets int\u00e9ressants dans le domaine v\u00e9t\u00e9rinaire (stimule les ph\u00e9romones sexuelles des chats), du bien-\u00eatre (douleurs articulaires et musculaires) et en entretien m\u00e9nager (r\u00e9pulsif insectes dont cafards, moustiques, etc.). Elle est cultiv\u00e9e et distill\u00e9e en France.\" \/>\n<meta property=\"og:url\" content=\"https:\/\/www.laboratoire-helpac.com\/en\/p\/catnip-organic\/\" \/>\n<meta property=\"og:site_name\" content=\"HELPAC\" \/>\n<meta property=\"article:modified_time\" content=\"2023-11-29T18:38:05+00:00\" \/>\n<meta property=\"og:image\" content=\"https:\/\/www.laboratoire-helpac.com\/wp-content\/uploads\/2023\/07\/HE_CATNIP-EN-1024x1024.png\" \/>\n\t<meta property=\"og:image:width\" content=\"1024\" \/>\n\t<meta property=\"og:image:height\" content=\"1024\" \/>\n\t<meta property=\"og:image:type\" content=\"image\/png\" \/>\n<meta name=\"twitter:card\" content=\"summary_large_image\" \/>\n<meta name=\"twitter:label1\" content=\"Est. reading time\" \/>\n\t<meta name=\"twitter:data1\" content=\"1 minute\" \/>\n<script type=\"application\/ld+json\" class=\"yoast-schema-graph\">{\"@context\":\"https:\/\/schema.org\",\"@graph\":[{\"@type\":\"WebPage\",\"@id\":\"https:\/\/www.laboratoire-helpac.com\/en\/p\/catnip-organic\/\",\"url\":\"https:\/\/www.laboratoire-helpac.com\/en\/p\/catnip-organic\/\",\"name\":\"Essential oil Organic (France) | HELPAC\",\"isPartOf\":{\"@id\":\"https:\/\/www.laboratoire-helpac.com\/en\/#website\"},\"primaryImageOfPage\":{\"@id\":\"https:\/\/www.laboratoire-helpac.com\/en\/p\/catnip-organic\/#primaryimage\"},\"image\":{\"@id\":\"https:\/\/www.laboratoire-helpac.com\/en\/p\/catnip-organic\/#primaryimage\"},\"thumbnailUrl\":\"https:\/\/www.laboratoire-helpac.com\/wp-content\/uploads\/2023\/07\/HE_CATNIP-EN.png\",\"datePublished\":\"2023-07-30T14:55:13+00:00\",\"dateModified\":\"2023-11-29T18:38:05+00:00\",\"description\":\"Riche en n\u00e9p\u00e9talactone, l\u2019huile essentielle de Cataire a un parfum agr\u00e9able et citronn\u00e9. Tr\u00e8s utilis\u00e9e en aromath\u00e9rapie \u00e9nerg\u00e9tique, elle poss\u00e8de \u00e9galement des effets int\u00e9ressants dans le domaine v\u00e9t\u00e9rinaire (stimule les ph\u00e9romones sexuelles des chats), du bien-\u00eatre (douleurs articulaires et musculaires) et en entretien m\u00e9nager (r\u00e9pulsif insectes dont cafards, moustiques, etc.). Elle est cultiv\u00e9e et distill\u00e9e en France.\",\"breadcrumb\":{\"@id\":\"https:\/\/www.laboratoire-helpac.com\/en\/p\/catnip-organic\/#breadcrumb\"},\"inLanguage\":\"en-US\",\"potentialAction\":[{\"@type\":\"ReadAction\",\"target\":[\"https:\/\/www.laboratoire-helpac.com\/en\/p\/catnip-organic\/\"]}]},{\"@type\":\"ImageObject\",\"inLanguage\":\"en-US\",\"@id\":\"https:\/\/www.laboratoire-helpac.com\/en\/p\/catnip-organic\/#primaryimage\",\"url\":\"https:\/\/www.laboratoire-helpac.com\/wp-content\/uploads\/2023\/07\/HE_CATNIP-EN.png\",\"contentUrl\":\"https:\/\/www.laboratoire-helpac.com\/wp-content\/uploads\/2023\/07\/HE_CATNIP-EN.png\",\"width\":3543,\"height\":3543,\"caption\":\"Essential oil Catnip Organic (France) wholesaler\"},{\"@type\":\"BreadcrumbList\",\"@id\":\"https:\/\/www.laboratoire-helpac.com\/en\/p\/catnip-organic\/#breadcrumb\",\"itemListElement\":[{\"@type\":\"ListItem\",\"position\":1,\"name\":\"Accueil\",\"item\":\"https:\/\/www.laboratoire-helpac.com\/en\/\"},{\"@type\":\"ListItem\",\"position\":2,\"name\":\"Our ingredients\",\"item\":\"https:\/\/www.laboratoire-helpac.com\/en\/products\/\"},{\"@type\":\"ListItem\",\"position\":3,\"name\":\"CATNIP ORGANIC\"}]},{\"@type\":\"WebSite\",\"@id\":\"https:\/\/www.laboratoire-helpac.com\/en\/#website\",\"url\":\"https:\/\/www.laboratoire-helpac.com\/en\/\",\"name\":\"HELPAC\",\"description\":\"\",\"publisher\":{\"@id\":\"https:\/\/www.laboratoire-helpac.com\/en\/#organization\"},\"potentialAction\":[{\"@type\":\"SearchAction\",\"target\":{\"@type\":\"EntryPoint\",\"urlTemplate\":\"https:\/\/www.laboratoire-helpac.com\/en\/?s={search_term_string}\"},\"query-input\":{\"@type\":\"PropertyValueSpecification\",\"valueRequired\":true,\"valueName\":\"search_term_string\"}}],\"inLanguage\":\"en-US\"},{\"@type\":\"Organization\",\"@id\":\"https:\/\/www.laboratoire-helpac.com\/en\/#organization\",\"name\":\"Helpac\",\"url\":\"https:\/\/www.laboratoire-helpac.com\/en\/\",\"logo\":{\"@type\":\"ImageObject\",\"inLanguage\":\"en-US\",\"@id\":\"https:\/\/www.laboratoire-helpac.com\/en\/#\/schema\/logo\/image\/\",\"url\":\"https:\/\/dev.fizzbuzz.fr\/helpac\/wp-content\/uploads\/2023\/05\/Logo-Helpac.jpg\",\"contentUrl\":\"https:\/\/dev.fizzbuzz.fr\/helpac\/wp-content\/uploads\/2023\/05\/Logo-Helpac.jpg\",\"width\":200,\"height\":200,\"caption\":\"Helpac\"},\"image\":{\"@id\":\"https:\/\/www.laboratoire-helpac.com\/en\/#\/schema\/logo\/image\/\"},\"sameAs\":[\"https:\/\/www.linkedin.com\/company\/helpac\/\"]}]}<\/script>\n<!-- \/ Yoast SEO plugin. -->","yoast_head_json":{"title":"Essential oil Organic (France) | HELPAC","description":"Riche en n\u00e9p\u00e9talactone, l\u2019huile essentielle de Cataire a un parfum agr\u00e9able et citronn\u00e9. Tr\u00e8s utilis\u00e9e en aromath\u00e9rapie \u00e9nerg\u00e9tique, elle poss\u00e8de \u00e9galement des effets int\u00e9ressants dans le domaine v\u00e9t\u00e9rinaire (stimule les ph\u00e9romones sexuelles des chats), du bien-\u00eatre (douleurs articulaires et musculaires) et en entretien m\u00e9nager (r\u00e9pulsif insectes dont cafards, moustiques, etc.). Elle est cultiv\u00e9e et distill\u00e9e en France.","robots":{"index":"index","follow":"follow","max-snippet":"max-snippet:-1","max-image-preview":"max-image-preview:large","max-video-preview":"max-video-preview:-1"},"canonical":"https:\/\/www.laboratoire-helpac.com\/en\/p\/catnip-organic\/","og_locale":"en_US","og_type":"article","og_title":"Essential oil Organic (France) | HELPAC","og_description":"Riche en n\u00e9p\u00e9talactone, l\u2019huile essentielle de Cataire a un parfum agr\u00e9able et citronn\u00e9. Tr\u00e8s utilis\u00e9e en aromath\u00e9rapie \u00e9nerg\u00e9tique, elle poss\u00e8de \u00e9galement des effets int\u00e9ressants dans le domaine v\u00e9t\u00e9rinaire (stimule les ph\u00e9romones sexuelles des chats), du bien-\u00eatre (douleurs articulaires et musculaires) et en entretien m\u00e9nager (r\u00e9pulsif insectes dont cafards, moustiques, etc.). Elle est cultiv\u00e9e et distill\u00e9e en France.","og_url":"https:\/\/www.laboratoire-helpac.com\/en\/p\/catnip-organic\/","og_site_name":"HELPAC","article_modified_time":"2023-11-29T18:38:05+00:00","og_image":[{"width":1024,"height":1024,"url":"https:\/\/www.laboratoire-helpac.com\/wp-content\/uploads\/2023\/07\/HE_CATNIP-EN-1024x1024.png","type":"image\/png"}],"twitter_card":"summary_large_image","twitter_misc":{"Est. reading time":"1 minute"},"schema":{"@context":"https:\/\/schema.org","@graph":[{"@type":"WebPage","@id":"https:\/\/www.laboratoire-helpac.com\/en\/p\/catnip-organic\/","url":"https:\/\/www.laboratoire-helpac.com\/en\/p\/catnip-organic\/","name":"Essential oil Organic (France) | HELPAC","isPartOf":{"@id":"https:\/\/www.laboratoire-helpac.com\/en\/#website"},"primaryImageOfPage":{"@id":"https:\/\/www.laboratoire-helpac.com\/en\/p\/catnip-organic\/#primaryimage"},"image":{"@id":"https:\/\/www.laboratoire-helpac.com\/en\/p\/catnip-organic\/#primaryimage"},"thumbnailUrl":"https:\/\/www.laboratoire-helpac.com\/wp-content\/uploads\/2023\/07\/HE_CATNIP-EN.png","datePublished":"2023-07-30T14:55:13+00:00","dateModified":"2023-11-29T18:38:05+00:00","description":"Riche en n\u00e9p\u00e9talactone, l\u2019huile essentielle de Cataire a un parfum agr\u00e9able et citronn\u00e9. Tr\u00e8s utilis\u00e9e en aromath\u00e9rapie \u00e9nerg\u00e9tique, elle poss\u00e8de \u00e9galement des effets int\u00e9ressants dans le domaine v\u00e9t\u00e9rinaire (stimule les ph\u00e9romones sexuelles des chats), du bien-\u00eatre (douleurs articulaires et musculaires) et en entretien m\u00e9nager (r\u00e9pulsif insectes dont cafards, moustiques, etc.). Elle est cultiv\u00e9e et distill\u00e9e en France.","breadcrumb":{"@id":"https:\/\/www.laboratoire-helpac.com\/en\/p\/catnip-organic\/#breadcrumb"},"inLanguage":"en-US","potentialAction":[{"@type":"ReadAction","target":["https:\/\/www.laboratoire-helpac.com\/en\/p\/catnip-organic\/"]}]},{"@type":"ImageObject","inLanguage":"en-US","@id":"https:\/\/www.laboratoire-helpac.com\/en\/p\/catnip-organic\/#primaryimage","url":"https:\/\/www.laboratoire-helpac.com\/wp-content\/uploads\/2023\/07\/HE_CATNIP-EN.png","contentUrl":"https:\/\/www.laboratoire-helpac.com\/wp-content\/uploads\/2023\/07\/HE_CATNIP-EN.png","width":3543,"height":3543,"caption":"Essential oil Catnip Organic (France) wholesaler"},{"@type":"BreadcrumbList","@id":"https:\/\/www.laboratoire-helpac.com\/en\/p\/catnip-organic\/#breadcrumb","itemListElement":[{"@type":"ListItem","position":1,"name":"Accueil","item":"https:\/\/www.laboratoire-helpac.com\/en\/"},{"@type":"ListItem","position":2,"name":"Our ingredients","item":"https:\/\/www.laboratoire-helpac.com\/en\/products\/"},{"@type":"ListItem","position":3,"name":"CATNIP ORGANIC"}]},{"@type":"WebSite","@id":"https:\/\/www.laboratoire-helpac.com\/en\/#website","url":"https:\/\/www.laboratoire-helpac.com\/en\/","name":"HELPAC","description":"","publisher":{"@id":"https:\/\/www.laboratoire-helpac.com\/en\/#organization"},"potentialAction":[{"@type":"SearchAction","target":{"@type":"EntryPoint","urlTemplate":"https:\/\/www.laboratoire-helpac.com\/en\/?s={search_term_string}"},"query-input":{"@type":"PropertyValueSpecification","valueRequired":true,"valueName":"search_term_string"}}],"inLanguage":"en-US"},{"@type":"Organization","@id":"https:\/\/www.laboratoire-helpac.com\/en\/#organization","name":"Helpac","url":"https:\/\/www.laboratoire-helpac.com\/en\/","logo":{"@type":"ImageObject","inLanguage":"en-US","@id":"https:\/\/www.laboratoire-helpac.com\/en\/#\/schema\/logo\/image\/","url":"https:\/\/dev.fizzbuzz.fr\/helpac\/wp-content\/uploads\/2023\/05\/Logo-Helpac.jpg","contentUrl":"https:\/\/dev.fizzbuzz.fr\/helpac\/wp-content\/uploads\/2023\/05\/Logo-Helpac.jpg","width":200,"height":200,"caption":"Helpac"},"image":{"@id":"https:\/\/www.laboratoire-helpac.com\/en\/#\/schema\/logo\/image\/"},"sameAs":["https:\/\/www.linkedin.com\/company\/helpac\/"]}]}},"_links":{"self":[{"href":"https:\/\/www.laboratoire-helpac.com\/en\/wp-json\/wp\/v2\/product\/5085","targetHints":{"allow":["GET"]}}],"collection":[{"href":"https:\/\/www.laboratoire-helpac.com\/en\/wp-json\/wp\/v2\/product"}],"about":[{"href":"https:\/\/www.laboratoire-helpac.com\/en\/wp-json\/wp\/v2\/types\/product"}],"wp:featuredmedia":[{"embeddable":true,"href":"https:\/\/www.laboratoire-helpac.com\/en\/wp-json\/wp\/v2\/media\/9489"}],"wp:attachment":[{"href":"https:\/\/www.laboratoire-helpac.com\/en\/wp-json\/wp\/v2\/media?parent=5085"}],"wp:term":[{"taxonomy":"product_cat","embeddable":true,"href":"https:\/\/www.laboratoire-helpac.com\/en\/wp-json\/wp\/v2\/product_cat?post=5085"},{"taxonomy":"product_tag","embeddable":true,"href":"https:\/\/www.laboratoire-helpac.com\/en\/wp-json\/wp\/v2\/product_tag?post=5085"}],"curies":[{"name":"wp","href":"https:\/\/api.w.org\/{rel}","templated":true}]}}