{"id":5080,"date":"2023-07-30T16:55:13","date_gmt":"2023-07-30T14:55:13","guid":{"rendered":"http:\/\/localhost\/wordpress\/produit\/organic-cardamom\/"},"modified":"2023-11-29T19:38:03","modified_gmt":"2023-11-29T18:38:03","slug":"cardamon-organic","status":"publish","type":"product","link":"https:\/\/www.laboratoire-helpac.com\/en\/p\/cardamon-organic\/","title":{"rendered":"CARDAMON ORGANIC"},"content":{"rendered":"<p>Spicy and balsamic, cardamom essential oil has a particularly pleasant fragrance: the plant sometimes known as &#8220;the seed of angels&#8221; has long been a choice offering to the gods. Highly prized in perfumery, cooking and flavouring, it is rich in active compounds such as terpenyl acetate, 1,8-cineole and linalyl acetate.<\/p>\n","protected":false},"excerpt":{"rendered":"<p>Spicy and balsamic, cardamom essential oil has a particularly pleasant fragrance: the plant sometimes known as &#8220;the seed of angels&#8221; has long been a choice offering to the gods. Highly prized in perfumery, cooking and flavouring, it is rich in active compounds such as terpenyl acetate, 1,8-cineole and linalyl acetate.<\/p>\n","protected":false},"featured_media":6765,"template":"","meta":[],"product_cat":[390,451,452],"product_tag":[],"class_list":{"0":"post-5080","1":"product","2":"type-product","3":"status-publish","4":"has-post-thumbnail","6":"product_cat-essential-oils","7":"product_cat-aromatherapy-wholesaler-essential-oil","8":"product_cat-bulk-essential-oils-aromatherapy-wholesaler-essential-oil","9":"pa_certifications-organic","10":"pa_origines-americas","11":"pa_usages-cosmetic","12":"pa_usages-diffusion-en","13":"pa_usages-food","14":"pa_usages-perfumery","16":"first","17":"instock","18":"purchasable","19":"product-type-simple"},"acf":[],"yoast_head":"<!-- This site is optimized with the Yoast SEO plugin v23.9 - https:\/\/yoast.com\/wordpress\/plugins\/seo\/ -->\n<title>Essential oil Organic cardamom (Guatemala) | HELPAC<\/title>\n<meta name=\"description\" content=\"Epic\u00e9e et balsamique, l\u2019huile essentielle de Cardamome a un parfum particuli\u00e8rement agr\u00e9able : celle que l\u2019on appelle parfois \u00ab la graine des anges \u00bb est depuis longtemps une offrande de choix pour les dieux. Tr\u00e8s appr\u00e9ci\u00e9e autant en parfumerie qu\u2019en cuisine ou pour les aromiels, elle est riche en compos\u00e9s actifs tels que l\u2019ac\u00e9tate de terp\u00e9nyle, le 1,8-cin\u00e9ole et l\u2019ac\u00e9tate de linalyle.\" \/>\n<meta name=\"robots\" content=\"index, follow, max-snippet:-1, max-image-preview:large, max-video-preview:-1\" \/>\n<link rel=\"canonical\" href=\"https:\/\/www.laboratoire-helpac.com\/en\/p\/cardamon-organic\/\" \/>\n<meta property=\"og:locale\" content=\"en_US\" \/>\n<meta property=\"og:type\" content=\"article\" \/>\n<meta property=\"og:title\" content=\"Essential oil Organic cardamom (Guatemala) | HELPAC\" \/>\n<meta property=\"og:description\" content=\"Epic\u00e9e et balsamique, l\u2019huile essentielle de Cardamome a un parfum particuli\u00e8rement agr\u00e9able : celle que l\u2019on appelle parfois \u00ab la graine des anges \u00bb est depuis longtemps une offrande de choix pour les dieux. Tr\u00e8s appr\u00e9ci\u00e9e autant en parfumerie qu\u2019en cuisine ou pour les aromiels, elle est riche en compos\u00e9s actifs tels que l\u2019ac\u00e9tate de terp\u00e9nyle, le 1,8-cin\u00e9ole et l\u2019ac\u00e9tate de linalyle.\" \/>\n<meta property=\"og:url\" content=\"https:\/\/www.laboratoire-helpac.com\/en\/p\/cardamon-organic\/\" \/>\n<meta property=\"og:site_name\" content=\"HELPAC\" \/>\n<meta property=\"article:modified_time\" content=\"2023-11-29T18:38:03+00:00\" \/>\n<meta property=\"og:image\" content=\"https:\/\/www.laboratoire-helpac.com\/wp-content\/uploads\/2023\/09\/HE_CARDAMON-EN.png\" \/>\n\t<meta property=\"og:image:width\" content=\"1280\" \/>\n\t<meta property=\"og:image:height\" content=\"1280\" \/>\n\t<meta property=\"og:image:type\" content=\"image\/png\" \/>\n<meta name=\"twitter:card\" content=\"summary_large_image\" \/>\n<script type=\"application\/ld+json\" class=\"yoast-schema-graph\">{\"@context\":\"https:\/\/schema.org\",\"@graph\":[{\"@type\":\"WebPage\",\"@id\":\"https:\/\/www.laboratoire-helpac.com\/en\/p\/cardamon-organic\/\",\"url\":\"https:\/\/www.laboratoire-helpac.com\/en\/p\/cardamon-organic\/\",\"name\":\"Essential oil Organic cardamom (Guatemala) | HELPAC\",\"isPartOf\":{\"@id\":\"https:\/\/www.laboratoire-helpac.com\/en\/#website\"},\"primaryImageOfPage\":{\"@id\":\"https:\/\/www.laboratoire-helpac.com\/en\/p\/cardamon-organic\/#primaryimage\"},\"image\":{\"@id\":\"https:\/\/www.laboratoire-helpac.com\/en\/p\/cardamon-organic\/#primaryimage\"},\"thumbnailUrl\":\"https:\/\/www.laboratoire-helpac.com\/wp-content\/uploads\/2023\/09\/HE_CARDAMON-EN.png\",\"datePublished\":\"2023-07-30T14:55:13+00:00\",\"dateModified\":\"2023-11-29T18:38:03+00:00\",\"description\":\"Epic\u00e9e et balsamique, l\u2019huile essentielle de Cardamome a un parfum particuli\u00e8rement agr\u00e9able : celle que l\u2019on appelle parfois \u00ab la graine des anges \u00bb est depuis longtemps une offrande de choix pour les dieux. Tr\u00e8s appr\u00e9ci\u00e9e autant en parfumerie qu\u2019en cuisine ou pour les aromiels, elle est riche en compos\u00e9s actifs tels que l\u2019ac\u00e9tate de terp\u00e9nyle, le 1,8-cin\u00e9ole et l\u2019ac\u00e9tate de linalyle.\",\"breadcrumb\":{\"@id\":\"https:\/\/www.laboratoire-helpac.com\/en\/p\/cardamon-organic\/#breadcrumb\"},\"inLanguage\":\"en-US\",\"potentialAction\":[{\"@type\":\"ReadAction\",\"target\":[\"https:\/\/www.laboratoire-helpac.com\/en\/p\/cardamon-organic\/\"]}]},{\"@type\":\"ImageObject\",\"inLanguage\":\"en-US\",\"@id\":\"https:\/\/www.laboratoire-helpac.com\/en\/p\/cardamon-organic\/#primaryimage\",\"url\":\"https:\/\/www.laboratoire-helpac.com\/wp-content\/uploads\/2023\/09\/HE_CARDAMON-EN.png\",\"contentUrl\":\"https:\/\/www.laboratoire-helpac.com\/wp-content\/uploads\/2023\/09\/HE_CARDAMON-EN.png\",\"width\":1280,\"height\":1280,\"caption\":\"Essential oil Organic cardamom (Guatemala) wholesaler\"},{\"@type\":\"BreadcrumbList\",\"@id\":\"https:\/\/www.laboratoire-helpac.com\/en\/p\/cardamon-organic\/#breadcrumb\",\"itemListElement\":[{\"@type\":\"ListItem\",\"position\":1,\"name\":\"Accueil\",\"item\":\"https:\/\/www.laboratoire-helpac.com\/en\/\"},{\"@type\":\"ListItem\",\"position\":2,\"name\":\"Our ingredients\",\"item\":\"https:\/\/www.laboratoire-helpac.com\/en\/products\/\"},{\"@type\":\"ListItem\",\"position\":3,\"name\":\"CARDAMON ORGANIC\"}]},{\"@type\":\"WebSite\",\"@id\":\"https:\/\/www.laboratoire-helpac.com\/en\/#website\",\"url\":\"https:\/\/www.laboratoire-helpac.com\/en\/\",\"name\":\"HELPAC\",\"description\":\"\",\"publisher\":{\"@id\":\"https:\/\/www.laboratoire-helpac.com\/en\/#organization\"},\"potentialAction\":[{\"@type\":\"SearchAction\",\"target\":{\"@type\":\"EntryPoint\",\"urlTemplate\":\"https:\/\/www.laboratoire-helpac.com\/en\/?s={search_term_string}\"},\"query-input\":{\"@type\":\"PropertyValueSpecification\",\"valueRequired\":true,\"valueName\":\"search_term_string\"}}],\"inLanguage\":\"en-US\"},{\"@type\":\"Organization\",\"@id\":\"https:\/\/www.laboratoire-helpac.com\/en\/#organization\",\"name\":\"Helpac\",\"url\":\"https:\/\/www.laboratoire-helpac.com\/en\/\",\"logo\":{\"@type\":\"ImageObject\",\"inLanguage\":\"en-US\",\"@id\":\"https:\/\/www.laboratoire-helpac.com\/en\/#\/schema\/logo\/image\/\",\"url\":\"https:\/\/dev.fizzbuzz.fr\/helpac\/wp-content\/uploads\/2023\/05\/Logo-Helpac.jpg\",\"contentUrl\":\"https:\/\/dev.fizzbuzz.fr\/helpac\/wp-content\/uploads\/2023\/05\/Logo-Helpac.jpg\",\"width\":200,\"height\":200,\"caption\":\"Helpac\"},\"image\":{\"@id\":\"https:\/\/www.laboratoire-helpac.com\/en\/#\/schema\/logo\/image\/\"},\"sameAs\":[\"https:\/\/www.linkedin.com\/company\/helpac\/\"]}]}<\/script>\n<!-- \/ Yoast SEO plugin. -->","yoast_head_json":{"title":"Essential oil Organic cardamom (Guatemala) | HELPAC","description":"Epic\u00e9e et balsamique, l\u2019huile essentielle de Cardamome a un parfum particuli\u00e8rement agr\u00e9able : celle que l\u2019on appelle parfois \u00ab la graine des anges \u00bb est depuis longtemps une offrande de choix pour les dieux. Tr\u00e8s appr\u00e9ci\u00e9e autant en parfumerie qu\u2019en cuisine ou pour les aromiels, elle est riche en compos\u00e9s actifs tels que l\u2019ac\u00e9tate de terp\u00e9nyle, le 1,8-cin\u00e9ole et l\u2019ac\u00e9tate de linalyle.","robots":{"index":"index","follow":"follow","max-snippet":"max-snippet:-1","max-image-preview":"max-image-preview:large","max-video-preview":"max-video-preview:-1"},"canonical":"https:\/\/www.laboratoire-helpac.com\/en\/p\/cardamon-organic\/","og_locale":"en_US","og_type":"article","og_title":"Essential oil Organic cardamom (Guatemala) | HELPAC","og_description":"Epic\u00e9e et balsamique, l\u2019huile essentielle de Cardamome a un parfum particuli\u00e8rement agr\u00e9able : celle que l\u2019on appelle parfois \u00ab la graine des anges \u00bb est depuis longtemps une offrande de choix pour les dieux. Tr\u00e8s appr\u00e9ci\u00e9e autant en parfumerie qu\u2019en cuisine ou pour les aromiels, elle est riche en compos\u00e9s actifs tels que l\u2019ac\u00e9tate de terp\u00e9nyle, le 1,8-cin\u00e9ole et l\u2019ac\u00e9tate de linalyle.","og_url":"https:\/\/www.laboratoire-helpac.com\/en\/p\/cardamon-organic\/","og_site_name":"HELPAC","article_modified_time":"2023-11-29T18:38:03+00:00","og_image":[{"width":1280,"height":1280,"url":"https:\/\/www.laboratoire-helpac.com\/wp-content\/uploads\/2023\/09\/HE_CARDAMON-EN.png","type":"image\/png"}],"twitter_card":"summary_large_image","schema":{"@context":"https:\/\/schema.org","@graph":[{"@type":"WebPage","@id":"https:\/\/www.laboratoire-helpac.com\/en\/p\/cardamon-organic\/","url":"https:\/\/www.laboratoire-helpac.com\/en\/p\/cardamon-organic\/","name":"Essential oil Organic cardamom (Guatemala) | HELPAC","isPartOf":{"@id":"https:\/\/www.laboratoire-helpac.com\/en\/#website"},"primaryImageOfPage":{"@id":"https:\/\/www.laboratoire-helpac.com\/en\/p\/cardamon-organic\/#primaryimage"},"image":{"@id":"https:\/\/www.laboratoire-helpac.com\/en\/p\/cardamon-organic\/#primaryimage"},"thumbnailUrl":"https:\/\/www.laboratoire-helpac.com\/wp-content\/uploads\/2023\/09\/HE_CARDAMON-EN.png","datePublished":"2023-07-30T14:55:13+00:00","dateModified":"2023-11-29T18:38:03+00:00","description":"Epic\u00e9e et balsamique, l\u2019huile essentielle de Cardamome a un parfum particuli\u00e8rement agr\u00e9able : celle que l\u2019on appelle parfois \u00ab la graine des anges \u00bb est depuis longtemps une offrande de choix pour les dieux. Tr\u00e8s appr\u00e9ci\u00e9e autant en parfumerie qu\u2019en cuisine ou pour les aromiels, elle est riche en compos\u00e9s actifs tels que l\u2019ac\u00e9tate de terp\u00e9nyle, le 1,8-cin\u00e9ole et l\u2019ac\u00e9tate de linalyle.","breadcrumb":{"@id":"https:\/\/www.laboratoire-helpac.com\/en\/p\/cardamon-organic\/#breadcrumb"},"inLanguage":"en-US","potentialAction":[{"@type":"ReadAction","target":["https:\/\/www.laboratoire-helpac.com\/en\/p\/cardamon-organic\/"]}]},{"@type":"ImageObject","inLanguage":"en-US","@id":"https:\/\/www.laboratoire-helpac.com\/en\/p\/cardamon-organic\/#primaryimage","url":"https:\/\/www.laboratoire-helpac.com\/wp-content\/uploads\/2023\/09\/HE_CARDAMON-EN.png","contentUrl":"https:\/\/www.laboratoire-helpac.com\/wp-content\/uploads\/2023\/09\/HE_CARDAMON-EN.png","width":1280,"height":1280,"caption":"Essential oil Organic cardamom (Guatemala) wholesaler"},{"@type":"BreadcrumbList","@id":"https:\/\/www.laboratoire-helpac.com\/en\/p\/cardamon-organic\/#breadcrumb","itemListElement":[{"@type":"ListItem","position":1,"name":"Accueil","item":"https:\/\/www.laboratoire-helpac.com\/en\/"},{"@type":"ListItem","position":2,"name":"Our ingredients","item":"https:\/\/www.laboratoire-helpac.com\/en\/products\/"},{"@type":"ListItem","position":3,"name":"CARDAMON ORGANIC"}]},{"@type":"WebSite","@id":"https:\/\/www.laboratoire-helpac.com\/en\/#website","url":"https:\/\/www.laboratoire-helpac.com\/en\/","name":"HELPAC","description":"","publisher":{"@id":"https:\/\/www.laboratoire-helpac.com\/en\/#organization"},"potentialAction":[{"@type":"SearchAction","target":{"@type":"EntryPoint","urlTemplate":"https:\/\/www.laboratoire-helpac.com\/en\/?s={search_term_string}"},"query-input":{"@type":"PropertyValueSpecification","valueRequired":true,"valueName":"search_term_string"}}],"inLanguage":"en-US"},{"@type":"Organization","@id":"https:\/\/www.laboratoire-helpac.com\/en\/#organization","name":"Helpac","url":"https:\/\/www.laboratoire-helpac.com\/en\/","logo":{"@type":"ImageObject","inLanguage":"en-US","@id":"https:\/\/www.laboratoire-helpac.com\/en\/#\/schema\/logo\/image\/","url":"https:\/\/dev.fizzbuzz.fr\/helpac\/wp-content\/uploads\/2023\/05\/Logo-Helpac.jpg","contentUrl":"https:\/\/dev.fizzbuzz.fr\/helpac\/wp-content\/uploads\/2023\/05\/Logo-Helpac.jpg","width":200,"height":200,"caption":"Helpac"},"image":{"@id":"https:\/\/www.laboratoire-helpac.com\/en\/#\/schema\/logo\/image\/"},"sameAs":["https:\/\/www.linkedin.com\/company\/helpac\/"]}]}},"_links":{"self":[{"href":"https:\/\/www.laboratoire-helpac.com\/en\/wp-json\/wp\/v2\/product\/5080","targetHints":{"allow":["GET"]}}],"collection":[{"href":"https:\/\/www.laboratoire-helpac.com\/en\/wp-json\/wp\/v2\/product"}],"about":[{"href":"https:\/\/www.laboratoire-helpac.com\/en\/wp-json\/wp\/v2\/types\/product"}],"wp:featuredmedia":[{"embeddable":true,"href":"https:\/\/www.laboratoire-helpac.com\/en\/wp-json\/wp\/v2\/media\/6765"}],"wp:attachment":[{"href":"https:\/\/www.laboratoire-helpac.com\/en\/wp-json\/wp\/v2\/media?parent=5080"}],"wp:term":[{"taxonomy":"product_cat","embeddable":true,"href":"https:\/\/www.laboratoire-helpac.com\/en\/wp-json\/wp\/v2\/product_cat?post=5080"},{"taxonomy":"product_tag","embeddable":true,"href":"https:\/\/www.laboratoire-helpac.com\/en\/wp-json\/wp\/v2\/product_tag?post=5080"}],"curies":[{"name":"wp","href":"https:\/\/api.w.org\/{rel}","templated":true}]}}