{"id":5073,"date":"2023-07-30T16:55:04","date_gmt":"2023-07-30T14:55:04","guid":{"rendered":"http:\/\/localhost\/wordpress\/produit\/organic-wild-chamomile\/"},"modified":"2023-11-29T19:37:59","modified_gmt":"2023-11-29T18:37:59","slug":"chamomile-wild-organic","status":"publish","type":"product","link":"https:\/\/www.laboratoire-helpac.com\/en\/p\/chamomile-wild-organic\/","title":{"rendered":"CHAMOMILE WILD ORGANIC"},"content":{"rendered":"<p>Abundant in santolina alcohol, alpha-pinene, and 1.8-cineole, Wild Chamomile essential oil is markedly distinct from other chamomiles. In reality, it belongs to the ormenis family, thus possessing distinct properties and applications from other chamomiles. Its fragrance is also quite different, featuring the recognizable refreshing and spicy note of 1.8 cineole.<\/p>\n","protected":false},"excerpt":{"rendered":"<p>Abundant in santolina alcohol, alpha-pinene, and 1.8-cineole, Wild Chamomile essential oil is markedly distinct from other chamomiles. In reality, it belongs to the ormenis family, thus possessing distinct properties and applications from other chamomiles. Its fragrance is also quite different, featuring the recognizable refreshing and spicy note of 1.8 cineole.<\/p>\n","protected":false},"featured_media":6758,"template":"","meta":[],"product_cat":[390,451,453,452],"product_tag":[],"class_list":{"0":"post-5073","1":"product","2":"type-product","3":"status-publish","4":"has-post-thumbnail","6":"product_cat-essential-oils","7":"product_cat-aromatherapy-wholesaler-essential-oil","8":"product_cat-chamomile-essential-oils-essential-oil","9":"product_cat-bulk-essential-oils-aromatherapy-wholesaler-essential-oil","10":"pa_certifications-organic","11":"pa_origines-africa","12":"pa_usages-cosmetic","13":"pa_usages-diffusion-en","14":"pa_usages-perfumery","16":"first","17":"instock","18":"purchasable","19":"product-type-simple"},"acf":[],"yoast_head":"<!-- This site is optimized with the Yoast SEO plugin v23.9 - https:\/\/yoast.com\/wordpress\/plugins\/seo\/ -->\n<title>Essential oil Organic wild chamomile (Morocco) | HELPAC<\/title>\n<meta name=\"description\" content=\"Riche en alcool santoline, alpha-pin\u00e8ne et 1.8-cin\u00e9ole, l\u2019huile essentielle de Camomille sauvage est tr\u00e8s diff\u00e9rente des autres camomilles : c\u2019est en r\u00e9alit\u00e9 une orm\u00e9nie \u2013 donc des propri\u00e9t\u00e9s et utilisations bien diff\u00e9rentes des autres camomilles et un parfum tr\u00e8s diff\u00e9rent lui aussi o\u00f9 l\u2019on reconnait le 1.8 cin\u00e9ole, rafra\u00eechissant et \u00e9pic\u00e9.\" \/>\n<meta name=\"robots\" content=\"index, follow, max-snippet:-1, max-image-preview:large, max-video-preview:-1\" \/>\n<link rel=\"canonical\" href=\"https:\/\/www.laboratoire-helpac.com\/en\/p\/chamomile-wild-organic\/\" \/>\n<meta property=\"og:locale\" content=\"en_US\" \/>\n<meta property=\"og:type\" content=\"article\" \/>\n<meta property=\"og:title\" content=\"Essential oil Organic wild chamomile (Morocco) | HELPAC\" \/>\n<meta property=\"og:description\" content=\"Riche en alcool santoline, alpha-pin\u00e8ne et 1.8-cin\u00e9ole, l\u2019huile essentielle de Camomille sauvage est tr\u00e8s diff\u00e9rente des autres camomilles : c\u2019est en r\u00e9alit\u00e9 une orm\u00e9nie \u2013 donc des propri\u00e9t\u00e9s et utilisations bien diff\u00e9rentes des autres camomilles et un parfum tr\u00e8s diff\u00e9rent lui aussi o\u00f9 l\u2019on reconnait le 1.8 cin\u00e9ole, rafra\u00eechissant et \u00e9pic\u00e9.\" \/>\n<meta property=\"og:url\" content=\"https:\/\/www.laboratoire-helpac.com\/en\/p\/chamomile-wild-organic\/\" \/>\n<meta property=\"og:site_name\" content=\"HELPAC\" \/>\n<meta property=\"article:modified_time\" content=\"2023-11-29T18:37:59+00:00\" \/>\n<meta property=\"og:image\" content=\"https:\/\/www.laboratoire-helpac.com\/wp-content\/uploads\/2023\/09\/HE_CHAMOMILEWILD-EN.png\" \/>\n\t<meta property=\"og:image:width\" content=\"1280\" \/>\n\t<meta property=\"og:image:height\" content=\"1280\" \/>\n\t<meta property=\"og:image:type\" content=\"image\/png\" \/>\n<meta name=\"twitter:card\" content=\"summary_large_image\" \/>\n<script type=\"application\/ld+json\" class=\"yoast-schema-graph\">{\"@context\":\"https:\/\/schema.org\",\"@graph\":[{\"@type\":\"WebPage\",\"@id\":\"https:\/\/www.laboratoire-helpac.com\/en\/p\/chamomile-wild-organic\/\",\"url\":\"https:\/\/www.laboratoire-helpac.com\/en\/p\/chamomile-wild-organic\/\",\"name\":\"Essential oil Organic wild chamomile (Morocco) | HELPAC\",\"isPartOf\":{\"@id\":\"https:\/\/www.laboratoire-helpac.com\/en\/#website\"},\"primaryImageOfPage\":{\"@id\":\"https:\/\/www.laboratoire-helpac.com\/en\/p\/chamomile-wild-organic\/#primaryimage\"},\"image\":{\"@id\":\"https:\/\/www.laboratoire-helpac.com\/en\/p\/chamomile-wild-organic\/#primaryimage\"},\"thumbnailUrl\":\"https:\/\/www.laboratoire-helpac.com\/wp-content\/uploads\/2023\/09\/HE_CHAMOMILEWILD-EN.png\",\"datePublished\":\"2023-07-30T14:55:04+00:00\",\"dateModified\":\"2023-11-29T18:37:59+00:00\",\"description\":\"Riche en alcool santoline, alpha-pin\u00e8ne et 1.8-cin\u00e9ole, l\u2019huile essentielle de Camomille sauvage est tr\u00e8s diff\u00e9rente des autres camomilles : c\u2019est en r\u00e9alit\u00e9 une orm\u00e9nie \u2013 donc des propri\u00e9t\u00e9s et utilisations bien diff\u00e9rentes des autres camomilles et un parfum tr\u00e8s diff\u00e9rent lui aussi o\u00f9 l\u2019on reconnait le 1.8 cin\u00e9ole, rafra\u00eechissant et \u00e9pic\u00e9.\",\"breadcrumb\":{\"@id\":\"https:\/\/www.laboratoire-helpac.com\/en\/p\/chamomile-wild-organic\/#breadcrumb\"},\"inLanguage\":\"en-US\",\"potentialAction\":[{\"@type\":\"ReadAction\",\"target\":[\"https:\/\/www.laboratoire-helpac.com\/en\/p\/chamomile-wild-organic\/\"]}]},{\"@type\":\"ImageObject\",\"inLanguage\":\"en-US\",\"@id\":\"https:\/\/www.laboratoire-helpac.com\/en\/p\/chamomile-wild-organic\/#primaryimage\",\"url\":\"https:\/\/www.laboratoire-helpac.com\/wp-content\/uploads\/2023\/09\/HE_CHAMOMILEWILD-EN.png\",\"contentUrl\":\"https:\/\/www.laboratoire-helpac.com\/wp-content\/uploads\/2023\/09\/HE_CHAMOMILEWILD-EN.png\",\"width\":1280,\"height\":1280,\"caption\":\"Essential oil Organic wild chamomile (Morocco) wholesaler\"},{\"@type\":\"BreadcrumbList\",\"@id\":\"https:\/\/www.laboratoire-helpac.com\/en\/p\/chamomile-wild-organic\/#breadcrumb\",\"itemListElement\":[{\"@type\":\"ListItem\",\"position\":1,\"name\":\"Accueil\",\"item\":\"https:\/\/www.laboratoire-helpac.com\/en\/\"},{\"@type\":\"ListItem\",\"position\":2,\"name\":\"Our ingredients\",\"item\":\"https:\/\/www.laboratoire-helpac.com\/en\/products\/\"},{\"@type\":\"ListItem\",\"position\":3,\"name\":\"CHAMOMILE WILD ORGANIC\"}]},{\"@type\":\"WebSite\",\"@id\":\"https:\/\/www.laboratoire-helpac.com\/en\/#website\",\"url\":\"https:\/\/www.laboratoire-helpac.com\/en\/\",\"name\":\"HELPAC\",\"description\":\"\",\"publisher\":{\"@id\":\"https:\/\/www.laboratoire-helpac.com\/en\/#organization\"},\"potentialAction\":[{\"@type\":\"SearchAction\",\"target\":{\"@type\":\"EntryPoint\",\"urlTemplate\":\"https:\/\/www.laboratoire-helpac.com\/en\/?s={search_term_string}\"},\"query-input\":{\"@type\":\"PropertyValueSpecification\",\"valueRequired\":true,\"valueName\":\"search_term_string\"}}],\"inLanguage\":\"en-US\"},{\"@type\":\"Organization\",\"@id\":\"https:\/\/www.laboratoire-helpac.com\/en\/#organization\",\"name\":\"Helpac\",\"url\":\"https:\/\/www.laboratoire-helpac.com\/en\/\",\"logo\":{\"@type\":\"ImageObject\",\"inLanguage\":\"en-US\",\"@id\":\"https:\/\/www.laboratoire-helpac.com\/en\/#\/schema\/logo\/image\/\",\"url\":\"https:\/\/dev.fizzbuzz.fr\/helpac\/wp-content\/uploads\/2023\/05\/Logo-Helpac.jpg\",\"contentUrl\":\"https:\/\/dev.fizzbuzz.fr\/helpac\/wp-content\/uploads\/2023\/05\/Logo-Helpac.jpg\",\"width\":200,\"height\":200,\"caption\":\"Helpac\"},\"image\":{\"@id\":\"https:\/\/www.laboratoire-helpac.com\/en\/#\/schema\/logo\/image\/\"},\"sameAs\":[\"https:\/\/www.linkedin.com\/company\/helpac\/\"]}]}<\/script>\n<!-- \/ Yoast SEO plugin. -->","yoast_head_json":{"title":"Essential oil Organic wild chamomile (Morocco) | HELPAC","description":"Riche en alcool santoline, alpha-pin\u00e8ne et 1.8-cin\u00e9ole, l\u2019huile essentielle de Camomille sauvage est tr\u00e8s diff\u00e9rente des autres camomilles : c\u2019est en r\u00e9alit\u00e9 une orm\u00e9nie \u2013 donc des propri\u00e9t\u00e9s et utilisations bien diff\u00e9rentes des autres camomilles et un parfum tr\u00e8s diff\u00e9rent lui aussi o\u00f9 l\u2019on reconnait le 1.8 cin\u00e9ole, rafra\u00eechissant et \u00e9pic\u00e9.","robots":{"index":"index","follow":"follow","max-snippet":"max-snippet:-1","max-image-preview":"max-image-preview:large","max-video-preview":"max-video-preview:-1"},"canonical":"https:\/\/www.laboratoire-helpac.com\/en\/p\/chamomile-wild-organic\/","og_locale":"en_US","og_type":"article","og_title":"Essential oil Organic wild chamomile (Morocco) | HELPAC","og_description":"Riche en alcool santoline, alpha-pin\u00e8ne et 1.8-cin\u00e9ole, l\u2019huile essentielle de Camomille sauvage est tr\u00e8s diff\u00e9rente des autres camomilles : c\u2019est en r\u00e9alit\u00e9 une orm\u00e9nie \u2013 donc des propri\u00e9t\u00e9s et utilisations bien diff\u00e9rentes des autres camomilles et un parfum tr\u00e8s diff\u00e9rent lui aussi o\u00f9 l\u2019on reconnait le 1.8 cin\u00e9ole, rafra\u00eechissant et \u00e9pic\u00e9.","og_url":"https:\/\/www.laboratoire-helpac.com\/en\/p\/chamomile-wild-organic\/","og_site_name":"HELPAC","article_modified_time":"2023-11-29T18:37:59+00:00","og_image":[{"width":1280,"height":1280,"url":"https:\/\/www.laboratoire-helpac.com\/wp-content\/uploads\/2023\/09\/HE_CHAMOMILEWILD-EN.png","type":"image\/png"}],"twitter_card":"summary_large_image","schema":{"@context":"https:\/\/schema.org","@graph":[{"@type":"WebPage","@id":"https:\/\/www.laboratoire-helpac.com\/en\/p\/chamomile-wild-organic\/","url":"https:\/\/www.laboratoire-helpac.com\/en\/p\/chamomile-wild-organic\/","name":"Essential oil Organic wild chamomile (Morocco) | HELPAC","isPartOf":{"@id":"https:\/\/www.laboratoire-helpac.com\/en\/#website"},"primaryImageOfPage":{"@id":"https:\/\/www.laboratoire-helpac.com\/en\/p\/chamomile-wild-organic\/#primaryimage"},"image":{"@id":"https:\/\/www.laboratoire-helpac.com\/en\/p\/chamomile-wild-organic\/#primaryimage"},"thumbnailUrl":"https:\/\/www.laboratoire-helpac.com\/wp-content\/uploads\/2023\/09\/HE_CHAMOMILEWILD-EN.png","datePublished":"2023-07-30T14:55:04+00:00","dateModified":"2023-11-29T18:37:59+00:00","description":"Riche en alcool santoline, alpha-pin\u00e8ne et 1.8-cin\u00e9ole, l\u2019huile essentielle de Camomille sauvage est tr\u00e8s diff\u00e9rente des autres camomilles : c\u2019est en r\u00e9alit\u00e9 une orm\u00e9nie \u2013 donc des propri\u00e9t\u00e9s et utilisations bien diff\u00e9rentes des autres camomilles et un parfum tr\u00e8s diff\u00e9rent lui aussi o\u00f9 l\u2019on reconnait le 1.8 cin\u00e9ole, rafra\u00eechissant et \u00e9pic\u00e9.","breadcrumb":{"@id":"https:\/\/www.laboratoire-helpac.com\/en\/p\/chamomile-wild-organic\/#breadcrumb"},"inLanguage":"en-US","potentialAction":[{"@type":"ReadAction","target":["https:\/\/www.laboratoire-helpac.com\/en\/p\/chamomile-wild-organic\/"]}]},{"@type":"ImageObject","inLanguage":"en-US","@id":"https:\/\/www.laboratoire-helpac.com\/en\/p\/chamomile-wild-organic\/#primaryimage","url":"https:\/\/www.laboratoire-helpac.com\/wp-content\/uploads\/2023\/09\/HE_CHAMOMILEWILD-EN.png","contentUrl":"https:\/\/www.laboratoire-helpac.com\/wp-content\/uploads\/2023\/09\/HE_CHAMOMILEWILD-EN.png","width":1280,"height":1280,"caption":"Essential oil Organic wild chamomile (Morocco) wholesaler"},{"@type":"BreadcrumbList","@id":"https:\/\/www.laboratoire-helpac.com\/en\/p\/chamomile-wild-organic\/#breadcrumb","itemListElement":[{"@type":"ListItem","position":1,"name":"Accueil","item":"https:\/\/www.laboratoire-helpac.com\/en\/"},{"@type":"ListItem","position":2,"name":"Our ingredients","item":"https:\/\/www.laboratoire-helpac.com\/en\/products\/"},{"@type":"ListItem","position":3,"name":"CHAMOMILE WILD ORGANIC"}]},{"@type":"WebSite","@id":"https:\/\/www.laboratoire-helpac.com\/en\/#website","url":"https:\/\/www.laboratoire-helpac.com\/en\/","name":"HELPAC","description":"","publisher":{"@id":"https:\/\/www.laboratoire-helpac.com\/en\/#organization"},"potentialAction":[{"@type":"SearchAction","target":{"@type":"EntryPoint","urlTemplate":"https:\/\/www.laboratoire-helpac.com\/en\/?s={search_term_string}"},"query-input":{"@type":"PropertyValueSpecification","valueRequired":true,"valueName":"search_term_string"}}],"inLanguage":"en-US"},{"@type":"Organization","@id":"https:\/\/www.laboratoire-helpac.com\/en\/#organization","name":"Helpac","url":"https:\/\/www.laboratoire-helpac.com\/en\/","logo":{"@type":"ImageObject","inLanguage":"en-US","@id":"https:\/\/www.laboratoire-helpac.com\/en\/#\/schema\/logo\/image\/","url":"https:\/\/dev.fizzbuzz.fr\/helpac\/wp-content\/uploads\/2023\/05\/Logo-Helpac.jpg","contentUrl":"https:\/\/dev.fizzbuzz.fr\/helpac\/wp-content\/uploads\/2023\/05\/Logo-Helpac.jpg","width":200,"height":200,"caption":"Helpac"},"image":{"@id":"https:\/\/www.laboratoire-helpac.com\/en\/#\/schema\/logo\/image\/"},"sameAs":["https:\/\/www.linkedin.com\/company\/helpac\/"]}]}},"_links":{"self":[{"href":"https:\/\/www.laboratoire-helpac.com\/en\/wp-json\/wp\/v2\/product\/5073","targetHints":{"allow":["GET"]}}],"collection":[{"href":"https:\/\/www.laboratoire-helpac.com\/en\/wp-json\/wp\/v2\/product"}],"about":[{"href":"https:\/\/www.laboratoire-helpac.com\/en\/wp-json\/wp\/v2\/types\/product"}],"wp:featuredmedia":[{"embeddable":true,"href":"https:\/\/www.laboratoire-helpac.com\/en\/wp-json\/wp\/v2\/media\/6758"}],"wp:attachment":[{"href":"https:\/\/www.laboratoire-helpac.com\/en\/wp-json\/wp\/v2\/media?parent=5073"}],"wp:term":[{"taxonomy":"product_cat","embeddable":true,"href":"https:\/\/www.laboratoire-helpac.com\/en\/wp-json\/wp\/v2\/product_cat?post=5073"},{"taxonomy":"product_tag","embeddable":true,"href":"https:\/\/www.laboratoire-helpac.com\/en\/wp-json\/wp\/v2\/product_tag?post=5073"}],"curies":[{"name":"wp","href":"https:\/\/api.w.org\/{rel}","templated":true}]}}