{"id":5071,"date":"2023-07-30T16:55:04","date_gmt":"2023-07-30T14:55:04","guid":{"rendered":"http:\/\/localhost\/wordpress\/produit\/organic-roman-chamomile-2\/"},"modified":"2023-11-29T19:37:58","modified_gmt":"2023-11-29T18:37:58","slug":"chamomile-roman-organic-3","status":"publish","type":"product","link":"https:\/\/www.laboratoire-helpac.com\/en\/p\/chamomile-roman-organic-3\/","title":{"rendered":"CHAMOMILE ROMAN ORGANIC"},"content":{"rendered":"<p>The esters (isobutyl angelate, isoamyl angelate, and methylallyl angelate) present in Roman Chamomile essential oil are synonymous with good mood. However, the standout feature of our Roman Chamomile essential oil is its fragrance, which combines herbaceous, floral, fruity, and tangy notes\u2014unexpected and delightful. It is cultivated and distilled in France.<\/p>\n","protected":false},"excerpt":{"rendered":"<p>The esters (isobutyl angelate, isoamyl angelate, and methylallyl angelate) present in Roman Chamomile essential oil are synonymous with good mood. However, the standout feature of our Roman Chamomile essential oil is its fragrance, which combines herbaceous, floral, fruity, and tangy notes\u2014unexpected and delightful. It is cultivated and distilled in France.<\/p>\n","protected":false},"featured_media":9395,"template":"","meta":[],"product_cat":[390,451,453,452],"product_tag":[],"class_list":{"0":"post-5071","1":"product","2":"type-product","3":"status-publish","4":"has-post-thumbnail","6":"product_cat-essential-oils","7":"product_cat-aromatherapy-wholesaler-essential-oil","8":"product_cat-chamomile-essential-oils-essential-oil","9":"product_cat-bulk-essential-oils-aromatherapy-wholesaler-essential-oil","10":"pa_certifications-organic","11":"pa_origines-europe-en","12":"pa_usages-cosmetic","13":"pa_usages-diffusion-en","14":"pa_usages-food","15":"pa_usages-perfumery","17":"first","18":"instock","19":"purchasable","20":"product-type-simple"},"acf":[],"yoast_head":"<!-- This site is optimized with the Yoast SEO plugin v23.9 - https:\/\/yoast.com\/wordpress\/plugins\/seo\/ -->\n<title>Essential oil Organic Roman Chamomile (Bulgaria) | HELPAC<\/title>\n<meta name=\"description\" content=\"Les esters (ang\u00e9lates d\u2019isobutyle, d\u2019isoamyle et de m\u00e9thylallyle) que contient l\u2019huile essentielle de Camomille noble sont synonymes de bonne humeur, mais le point fort de notre huile essentielle de Camomille noble c\u2019est son parfum \u00e0 la fois herbac\u00e9, floral, fruit\u00e9 et acidul\u00e9, inattendu et plaisant.\" \/>\n<meta name=\"robots\" content=\"index, follow, max-snippet:-1, max-image-preview:large, max-video-preview:-1\" \/>\n<link rel=\"canonical\" href=\"https:\/\/www.laboratoire-helpac.com\/en\/p\/chamomile-roman-organic-3\/\" \/>\n<meta property=\"og:locale\" content=\"en_US\" \/>\n<meta property=\"og:type\" content=\"article\" \/>\n<meta property=\"og:title\" content=\"Essential oil Organic Roman Chamomile (Bulgaria) | HELPAC\" \/>\n<meta property=\"og:description\" content=\"Les esters (ang\u00e9lates d\u2019isobutyle, d\u2019isoamyle et de m\u00e9thylallyle) que contient l\u2019huile essentielle de Camomille noble sont synonymes de bonne humeur, mais le point fort de notre huile essentielle de Camomille noble c\u2019est son parfum \u00e0 la fois herbac\u00e9, floral, fruit\u00e9 et acidul\u00e9, inattendu et plaisant.\" \/>\n<meta property=\"og:url\" content=\"https:\/\/www.laboratoire-helpac.com\/en\/p\/chamomile-roman-organic-3\/\" \/>\n<meta property=\"og:site_name\" content=\"HELPAC\" \/>\n<meta property=\"article:modified_time\" content=\"2023-11-29T18:37:58+00:00\" \/>\n<meta property=\"og:image\" content=\"https:\/\/www.laboratoire-helpac.com\/wp-content\/uploads\/2023\/11\/HE_CHAMOMILEROMAN-EN-1.png\" \/>\n\t<meta property=\"og:image:width\" content=\"1000\" \/>\n\t<meta property=\"og:image:height\" content=\"1000\" \/>\n\t<meta property=\"og:image:type\" content=\"image\/png\" \/>\n<meta name=\"twitter:card\" content=\"summary_large_image\" \/>\n<script type=\"application\/ld+json\" class=\"yoast-schema-graph\">{\"@context\":\"https:\/\/schema.org\",\"@graph\":[{\"@type\":\"WebPage\",\"@id\":\"https:\/\/www.laboratoire-helpac.com\/en\/p\/chamomile-roman-organic-3\/\",\"url\":\"https:\/\/www.laboratoire-helpac.com\/en\/p\/chamomile-roman-organic-3\/\",\"name\":\"Essential oil Organic Roman Chamomile (Bulgaria) | HELPAC\",\"isPartOf\":{\"@id\":\"https:\/\/www.laboratoire-helpac.com\/en\/#website\"},\"primaryImageOfPage\":{\"@id\":\"https:\/\/www.laboratoire-helpac.com\/en\/p\/chamomile-roman-organic-3\/#primaryimage\"},\"image\":{\"@id\":\"https:\/\/www.laboratoire-helpac.com\/en\/p\/chamomile-roman-organic-3\/#primaryimage\"},\"thumbnailUrl\":\"https:\/\/www.laboratoire-helpac.com\/wp-content\/uploads\/2023\/11\/HE_CHAMOMILEROMAN-EN-1.png\",\"datePublished\":\"2023-07-30T14:55:04+00:00\",\"dateModified\":\"2023-11-29T18:37:58+00:00\",\"description\":\"Les esters (ang\u00e9lates d\u2019isobutyle, d\u2019isoamyle et de m\u00e9thylallyle) que contient l\u2019huile essentielle de Camomille noble sont synonymes de bonne humeur, mais le point fort de notre huile essentielle de Camomille noble c\u2019est son parfum \u00e0 la fois herbac\u00e9, floral, fruit\u00e9 et acidul\u00e9, inattendu et plaisant.\",\"breadcrumb\":{\"@id\":\"https:\/\/www.laboratoire-helpac.com\/en\/p\/chamomile-roman-organic-3\/#breadcrumb\"},\"inLanguage\":\"en-US\",\"potentialAction\":[{\"@type\":\"ReadAction\",\"target\":[\"https:\/\/www.laboratoire-helpac.com\/en\/p\/chamomile-roman-organic-3\/\"]}]},{\"@type\":\"ImageObject\",\"inLanguage\":\"en-US\",\"@id\":\"https:\/\/www.laboratoire-helpac.com\/en\/p\/chamomile-roman-organic-3\/#primaryimage\",\"url\":\"https:\/\/www.laboratoire-helpac.com\/wp-content\/uploads\/2023\/11\/HE_CHAMOMILEROMAN-EN-1.png\",\"contentUrl\":\"https:\/\/www.laboratoire-helpac.com\/wp-content\/uploads\/2023\/11\/HE_CHAMOMILEROMAN-EN-1.png\",\"width\":1000,\"height\":1000,\"caption\":\"Essential oil Chamomile Roman Organic (France) wholesaler\"},{\"@type\":\"BreadcrumbList\",\"@id\":\"https:\/\/www.laboratoire-helpac.com\/en\/p\/chamomile-roman-organic-3\/#breadcrumb\",\"itemListElement\":[{\"@type\":\"ListItem\",\"position\":1,\"name\":\"Accueil\",\"item\":\"https:\/\/www.laboratoire-helpac.com\/en\/\"},{\"@type\":\"ListItem\",\"position\":2,\"name\":\"Our ingredients\",\"item\":\"https:\/\/www.laboratoire-helpac.com\/en\/products\/\"},{\"@type\":\"ListItem\",\"position\":3,\"name\":\"CHAMOMILE ROMAN ORGANIC\"}]},{\"@type\":\"WebSite\",\"@id\":\"https:\/\/www.laboratoire-helpac.com\/en\/#website\",\"url\":\"https:\/\/www.laboratoire-helpac.com\/en\/\",\"name\":\"HELPAC\",\"description\":\"\",\"publisher\":{\"@id\":\"https:\/\/www.laboratoire-helpac.com\/en\/#organization\"},\"potentialAction\":[{\"@type\":\"SearchAction\",\"target\":{\"@type\":\"EntryPoint\",\"urlTemplate\":\"https:\/\/www.laboratoire-helpac.com\/en\/?s={search_term_string}\"},\"query-input\":{\"@type\":\"PropertyValueSpecification\",\"valueRequired\":true,\"valueName\":\"search_term_string\"}}],\"inLanguage\":\"en-US\"},{\"@type\":\"Organization\",\"@id\":\"https:\/\/www.laboratoire-helpac.com\/en\/#organization\",\"name\":\"Helpac\",\"url\":\"https:\/\/www.laboratoire-helpac.com\/en\/\",\"logo\":{\"@type\":\"ImageObject\",\"inLanguage\":\"en-US\",\"@id\":\"https:\/\/www.laboratoire-helpac.com\/en\/#\/schema\/logo\/image\/\",\"url\":\"https:\/\/dev.fizzbuzz.fr\/helpac\/wp-content\/uploads\/2023\/05\/Logo-Helpac.jpg\",\"contentUrl\":\"https:\/\/dev.fizzbuzz.fr\/helpac\/wp-content\/uploads\/2023\/05\/Logo-Helpac.jpg\",\"width\":200,\"height\":200,\"caption\":\"Helpac\"},\"image\":{\"@id\":\"https:\/\/www.laboratoire-helpac.com\/en\/#\/schema\/logo\/image\/\"},\"sameAs\":[\"https:\/\/www.linkedin.com\/company\/helpac\/\"]}]}<\/script>\n<!-- \/ Yoast SEO plugin. -->","yoast_head_json":{"title":"Essential oil Organic Roman Chamomile (Bulgaria) | HELPAC","description":"Les esters (ang\u00e9lates d\u2019isobutyle, d\u2019isoamyle et de m\u00e9thylallyle) que contient l\u2019huile essentielle de Camomille noble sont synonymes de bonne humeur, mais le point fort de notre huile essentielle de Camomille noble c\u2019est son parfum \u00e0 la fois herbac\u00e9, floral, fruit\u00e9 et acidul\u00e9, inattendu et plaisant.","robots":{"index":"index","follow":"follow","max-snippet":"max-snippet:-1","max-image-preview":"max-image-preview:large","max-video-preview":"max-video-preview:-1"},"canonical":"https:\/\/www.laboratoire-helpac.com\/en\/p\/chamomile-roman-organic-3\/","og_locale":"en_US","og_type":"article","og_title":"Essential oil Organic Roman Chamomile (Bulgaria) | HELPAC","og_description":"Les esters (ang\u00e9lates d\u2019isobutyle, d\u2019isoamyle et de m\u00e9thylallyle) que contient l\u2019huile essentielle de Camomille noble sont synonymes de bonne humeur, mais le point fort de notre huile essentielle de Camomille noble c\u2019est son parfum \u00e0 la fois herbac\u00e9, floral, fruit\u00e9 et acidul\u00e9, inattendu et plaisant.","og_url":"https:\/\/www.laboratoire-helpac.com\/en\/p\/chamomile-roman-organic-3\/","og_site_name":"HELPAC","article_modified_time":"2023-11-29T18:37:58+00:00","og_image":[{"width":1000,"height":1000,"url":"https:\/\/www.laboratoire-helpac.com\/wp-content\/uploads\/2023\/11\/HE_CHAMOMILEROMAN-EN-1.png","type":"image\/png"}],"twitter_card":"summary_large_image","schema":{"@context":"https:\/\/schema.org","@graph":[{"@type":"WebPage","@id":"https:\/\/www.laboratoire-helpac.com\/en\/p\/chamomile-roman-organic-3\/","url":"https:\/\/www.laboratoire-helpac.com\/en\/p\/chamomile-roman-organic-3\/","name":"Essential oil Organic Roman Chamomile (Bulgaria) | HELPAC","isPartOf":{"@id":"https:\/\/www.laboratoire-helpac.com\/en\/#website"},"primaryImageOfPage":{"@id":"https:\/\/www.laboratoire-helpac.com\/en\/p\/chamomile-roman-organic-3\/#primaryimage"},"image":{"@id":"https:\/\/www.laboratoire-helpac.com\/en\/p\/chamomile-roman-organic-3\/#primaryimage"},"thumbnailUrl":"https:\/\/www.laboratoire-helpac.com\/wp-content\/uploads\/2023\/11\/HE_CHAMOMILEROMAN-EN-1.png","datePublished":"2023-07-30T14:55:04+00:00","dateModified":"2023-11-29T18:37:58+00:00","description":"Les esters (ang\u00e9lates d\u2019isobutyle, d\u2019isoamyle et de m\u00e9thylallyle) que contient l\u2019huile essentielle de Camomille noble sont synonymes de bonne humeur, mais le point fort de notre huile essentielle de Camomille noble c\u2019est son parfum \u00e0 la fois herbac\u00e9, floral, fruit\u00e9 et acidul\u00e9, inattendu et plaisant.","breadcrumb":{"@id":"https:\/\/www.laboratoire-helpac.com\/en\/p\/chamomile-roman-organic-3\/#breadcrumb"},"inLanguage":"en-US","potentialAction":[{"@type":"ReadAction","target":["https:\/\/www.laboratoire-helpac.com\/en\/p\/chamomile-roman-organic-3\/"]}]},{"@type":"ImageObject","inLanguage":"en-US","@id":"https:\/\/www.laboratoire-helpac.com\/en\/p\/chamomile-roman-organic-3\/#primaryimage","url":"https:\/\/www.laboratoire-helpac.com\/wp-content\/uploads\/2023\/11\/HE_CHAMOMILEROMAN-EN-1.png","contentUrl":"https:\/\/www.laboratoire-helpac.com\/wp-content\/uploads\/2023\/11\/HE_CHAMOMILEROMAN-EN-1.png","width":1000,"height":1000,"caption":"Essential oil Chamomile Roman Organic (France) wholesaler"},{"@type":"BreadcrumbList","@id":"https:\/\/www.laboratoire-helpac.com\/en\/p\/chamomile-roman-organic-3\/#breadcrumb","itemListElement":[{"@type":"ListItem","position":1,"name":"Accueil","item":"https:\/\/www.laboratoire-helpac.com\/en\/"},{"@type":"ListItem","position":2,"name":"Our ingredients","item":"https:\/\/www.laboratoire-helpac.com\/en\/products\/"},{"@type":"ListItem","position":3,"name":"CHAMOMILE ROMAN ORGANIC"}]},{"@type":"WebSite","@id":"https:\/\/www.laboratoire-helpac.com\/en\/#website","url":"https:\/\/www.laboratoire-helpac.com\/en\/","name":"HELPAC","description":"","publisher":{"@id":"https:\/\/www.laboratoire-helpac.com\/en\/#organization"},"potentialAction":[{"@type":"SearchAction","target":{"@type":"EntryPoint","urlTemplate":"https:\/\/www.laboratoire-helpac.com\/en\/?s={search_term_string}"},"query-input":{"@type":"PropertyValueSpecification","valueRequired":true,"valueName":"search_term_string"}}],"inLanguage":"en-US"},{"@type":"Organization","@id":"https:\/\/www.laboratoire-helpac.com\/en\/#organization","name":"Helpac","url":"https:\/\/www.laboratoire-helpac.com\/en\/","logo":{"@type":"ImageObject","inLanguage":"en-US","@id":"https:\/\/www.laboratoire-helpac.com\/en\/#\/schema\/logo\/image\/","url":"https:\/\/dev.fizzbuzz.fr\/helpac\/wp-content\/uploads\/2023\/05\/Logo-Helpac.jpg","contentUrl":"https:\/\/dev.fizzbuzz.fr\/helpac\/wp-content\/uploads\/2023\/05\/Logo-Helpac.jpg","width":200,"height":200,"caption":"Helpac"},"image":{"@id":"https:\/\/www.laboratoire-helpac.com\/en\/#\/schema\/logo\/image\/"},"sameAs":["https:\/\/www.linkedin.com\/company\/helpac\/"]}]}},"_links":{"self":[{"href":"https:\/\/www.laboratoire-helpac.com\/en\/wp-json\/wp\/v2\/product\/5071","targetHints":{"allow":["GET"]}}],"collection":[{"href":"https:\/\/www.laboratoire-helpac.com\/en\/wp-json\/wp\/v2\/product"}],"about":[{"href":"https:\/\/www.laboratoire-helpac.com\/en\/wp-json\/wp\/v2\/types\/product"}],"wp:featuredmedia":[{"embeddable":true,"href":"https:\/\/www.laboratoire-helpac.com\/en\/wp-json\/wp\/v2\/media\/9395"}],"wp:attachment":[{"href":"https:\/\/www.laboratoire-helpac.com\/en\/wp-json\/wp\/v2\/media?parent=5071"}],"wp:term":[{"taxonomy":"product_cat","embeddable":true,"href":"https:\/\/www.laboratoire-helpac.com\/en\/wp-json\/wp\/v2\/product_cat?post=5071"},{"taxonomy":"product_tag","embeddable":true,"href":"https:\/\/www.laboratoire-helpac.com\/en\/wp-json\/wp\/v2\/product_tag?post=5071"}],"curies":[{"name":"wp","href":"https:\/\/api.w.org\/{rel}","templated":true}]}}