{"id":5064,"date":"2023-07-30T16:55:04","date_gmt":"2023-07-30T14:55:04","guid":{"rendered":"http:\/\/localhost\/wordpress\/produit\/organic-cajeput\/"},"modified":"2023-11-29T19:37:56","modified_gmt":"2023-11-29T18:37:56","slug":"cajeput-organic","status":"publish","type":"product","link":"https:\/\/www.laboratoire-helpac.com\/en\/p\/cajeput-organic\/","title":{"rendered":"CAJEPUT ORGANIC"},"content":{"rendered":"<p>Rich in 1.8 cineole, limonene and alpha-terpineol, Cajeput essential oil is quite similar to Niaouli essential oil. Although they belong to the same botanical family, their fragrances are very different, with Cajeput being much more aromatic.<\/p>\n","protected":false},"excerpt":{"rendered":"<p>Rich in 1.8 cineole, limonene and alpha-terpineol, Cajeput essential oil is quite similar to Niaouli essential oil. Although they belong to the same botanical family, their fragrances are very different, with Cajeput being much more aromatic.<\/p>\n","protected":false},"featured_media":6749,"template":"","meta":[],"product_cat":[390,451,452],"product_tag":[],"class_list":{"0":"post-5064","1":"product","2":"type-product","3":"status-publish","4":"has-post-thumbnail","6":"product_cat-essential-oils","7":"product_cat-aromatherapy-wholesaler-essential-oil","8":"product_cat-bulk-essential-oils-aromatherapy-wholesaler-essential-oil","9":"pa_certifications-organic","10":"pa_origines-asia-oceania","11":"pa_usages-cosmetic","12":"pa_usages-diffusion-en","13":"pa_usages-food","14":"pa_usages-perfumery","16":"first","17":"instock","18":"purchasable","19":"product-type-simple"},"acf":[],"yoast_head":"<!-- This site is optimized with the Yoast SEO plugin v23.9 - https:\/\/yoast.com\/wordpress\/plugins\/seo\/ -->\n<title>Essential oil Organic cajeput (Vietnam) | HELPAC<\/title>\n<meta name=\"description\" content=\"Riche en 1.8 cin\u00e9ole, limon\u00e8ne et alpha-terpin\u00e9ol, l\u2019huile essentielle de Cajeput est assez proche de celle de Niaouli. De la m\u00eame famille botanique, elles poss\u00e8dent pourtant des parfums tr\u00e8s diff\u00e9rents, celui du Cajeput \u00e9tant beaucoup plus aromatique.\" \/>\n<meta name=\"robots\" content=\"index, follow, max-snippet:-1, max-image-preview:large, max-video-preview:-1\" \/>\n<link rel=\"canonical\" href=\"https:\/\/www.laboratoire-helpac.com\/en\/p\/cajeput-organic\/\" \/>\n<meta property=\"og:locale\" content=\"en_US\" \/>\n<meta property=\"og:type\" content=\"article\" \/>\n<meta property=\"og:title\" content=\"Essential oil Organic cajeput (Vietnam) | HELPAC\" \/>\n<meta property=\"og:description\" content=\"Riche en 1.8 cin\u00e9ole, limon\u00e8ne et alpha-terpin\u00e9ol, l\u2019huile essentielle de Cajeput est assez proche de celle de Niaouli. De la m\u00eame famille botanique, elles poss\u00e8dent pourtant des parfums tr\u00e8s diff\u00e9rents, celui du Cajeput \u00e9tant beaucoup plus aromatique.\" \/>\n<meta property=\"og:url\" content=\"https:\/\/www.laboratoire-helpac.com\/en\/p\/cajeput-organic\/\" \/>\n<meta property=\"og:site_name\" content=\"HELPAC\" \/>\n<meta property=\"article:modified_time\" content=\"2023-11-29T18:37:56+00:00\" \/>\n<meta property=\"og:image\" content=\"https:\/\/www.laboratoire-helpac.com\/wp-content\/uploads\/2023\/09\/HE_CAJEPUT-EN.png\" \/>\n\t<meta property=\"og:image:width\" content=\"1280\" \/>\n\t<meta property=\"og:image:height\" content=\"1280\" \/>\n\t<meta property=\"og:image:type\" content=\"image\/png\" \/>\n<meta name=\"twitter:card\" content=\"summary_large_image\" \/>\n<script type=\"application\/ld+json\" class=\"yoast-schema-graph\">{\"@context\":\"https:\/\/schema.org\",\"@graph\":[{\"@type\":\"WebPage\",\"@id\":\"https:\/\/www.laboratoire-helpac.com\/en\/p\/cajeput-organic\/\",\"url\":\"https:\/\/www.laboratoire-helpac.com\/en\/p\/cajeput-organic\/\",\"name\":\"Essential oil Organic cajeput (Vietnam) | HELPAC\",\"isPartOf\":{\"@id\":\"https:\/\/www.laboratoire-helpac.com\/en\/#website\"},\"primaryImageOfPage\":{\"@id\":\"https:\/\/www.laboratoire-helpac.com\/en\/p\/cajeput-organic\/#primaryimage\"},\"image\":{\"@id\":\"https:\/\/www.laboratoire-helpac.com\/en\/p\/cajeput-organic\/#primaryimage\"},\"thumbnailUrl\":\"https:\/\/www.laboratoire-helpac.com\/wp-content\/uploads\/2023\/09\/HE_CAJEPUT-EN.png\",\"datePublished\":\"2023-07-30T14:55:04+00:00\",\"dateModified\":\"2023-11-29T18:37:56+00:00\",\"description\":\"Riche en 1.8 cin\u00e9ole, limon\u00e8ne et alpha-terpin\u00e9ol, l\u2019huile essentielle de Cajeput est assez proche de celle de Niaouli. De la m\u00eame famille botanique, elles poss\u00e8dent pourtant des parfums tr\u00e8s diff\u00e9rents, celui du Cajeput \u00e9tant beaucoup plus aromatique.\",\"breadcrumb\":{\"@id\":\"https:\/\/www.laboratoire-helpac.com\/en\/p\/cajeput-organic\/#breadcrumb\"},\"inLanguage\":\"en-US\",\"potentialAction\":[{\"@type\":\"ReadAction\",\"target\":[\"https:\/\/www.laboratoire-helpac.com\/en\/p\/cajeput-organic\/\"]}]},{\"@type\":\"ImageObject\",\"inLanguage\":\"en-US\",\"@id\":\"https:\/\/www.laboratoire-helpac.com\/en\/p\/cajeput-organic\/#primaryimage\",\"url\":\"https:\/\/www.laboratoire-helpac.com\/wp-content\/uploads\/2023\/09\/HE_CAJEPUT-EN.png\",\"contentUrl\":\"https:\/\/www.laboratoire-helpac.com\/wp-content\/uploads\/2023\/09\/HE_CAJEPUT-EN.png\",\"width\":1280,\"height\":1280,\"caption\":\"Essential oil Organic cajeput (Vietnam) wholesaler\"},{\"@type\":\"BreadcrumbList\",\"@id\":\"https:\/\/www.laboratoire-helpac.com\/en\/p\/cajeput-organic\/#breadcrumb\",\"itemListElement\":[{\"@type\":\"ListItem\",\"position\":1,\"name\":\"Accueil\",\"item\":\"https:\/\/www.laboratoire-helpac.com\/en\/\"},{\"@type\":\"ListItem\",\"position\":2,\"name\":\"Our ingredients\",\"item\":\"https:\/\/www.laboratoire-helpac.com\/en\/products\/\"},{\"@type\":\"ListItem\",\"position\":3,\"name\":\"CAJEPUT ORGANIC\"}]},{\"@type\":\"WebSite\",\"@id\":\"https:\/\/www.laboratoire-helpac.com\/en\/#website\",\"url\":\"https:\/\/www.laboratoire-helpac.com\/en\/\",\"name\":\"HELPAC\",\"description\":\"\",\"publisher\":{\"@id\":\"https:\/\/www.laboratoire-helpac.com\/en\/#organization\"},\"potentialAction\":[{\"@type\":\"SearchAction\",\"target\":{\"@type\":\"EntryPoint\",\"urlTemplate\":\"https:\/\/www.laboratoire-helpac.com\/en\/?s={search_term_string}\"},\"query-input\":{\"@type\":\"PropertyValueSpecification\",\"valueRequired\":true,\"valueName\":\"search_term_string\"}}],\"inLanguage\":\"en-US\"},{\"@type\":\"Organization\",\"@id\":\"https:\/\/www.laboratoire-helpac.com\/en\/#organization\",\"name\":\"Helpac\",\"url\":\"https:\/\/www.laboratoire-helpac.com\/en\/\",\"logo\":{\"@type\":\"ImageObject\",\"inLanguage\":\"en-US\",\"@id\":\"https:\/\/www.laboratoire-helpac.com\/en\/#\/schema\/logo\/image\/\",\"url\":\"https:\/\/dev.fizzbuzz.fr\/helpac\/wp-content\/uploads\/2023\/05\/Logo-Helpac.jpg\",\"contentUrl\":\"https:\/\/dev.fizzbuzz.fr\/helpac\/wp-content\/uploads\/2023\/05\/Logo-Helpac.jpg\",\"width\":200,\"height\":200,\"caption\":\"Helpac\"},\"image\":{\"@id\":\"https:\/\/www.laboratoire-helpac.com\/en\/#\/schema\/logo\/image\/\"},\"sameAs\":[\"https:\/\/www.linkedin.com\/company\/helpac\/\"]}]}<\/script>\n<!-- \/ Yoast SEO plugin. -->","yoast_head_json":{"title":"Essential oil Organic cajeput (Vietnam) | HELPAC","description":"Riche en 1.8 cin\u00e9ole, limon\u00e8ne et alpha-terpin\u00e9ol, l\u2019huile essentielle de Cajeput est assez proche de celle de Niaouli. De la m\u00eame famille botanique, elles poss\u00e8dent pourtant des parfums tr\u00e8s diff\u00e9rents, celui du Cajeput \u00e9tant beaucoup plus aromatique.","robots":{"index":"index","follow":"follow","max-snippet":"max-snippet:-1","max-image-preview":"max-image-preview:large","max-video-preview":"max-video-preview:-1"},"canonical":"https:\/\/www.laboratoire-helpac.com\/en\/p\/cajeput-organic\/","og_locale":"en_US","og_type":"article","og_title":"Essential oil Organic cajeput (Vietnam) | HELPAC","og_description":"Riche en 1.8 cin\u00e9ole, limon\u00e8ne et alpha-terpin\u00e9ol, l\u2019huile essentielle de Cajeput est assez proche de celle de Niaouli. De la m\u00eame famille botanique, elles poss\u00e8dent pourtant des parfums tr\u00e8s diff\u00e9rents, celui du Cajeput \u00e9tant beaucoup plus aromatique.","og_url":"https:\/\/www.laboratoire-helpac.com\/en\/p\/cajeput-organic\/","og_site_name":"HELPAC","article_modified_time":"2023-11-29T18:37:56+00:00","og_image":[{"width":1280,"height":1280,"url":"https:\/\/www.laboratoire-helpac.com\/wp-content\/uploads\/2023\/09\/HE_CAJEPUT-EN.png","type":"image\/png"}],"twitter_card":"summary_large_image","schema":{"@context":"https:\/\/schema.org","@graph":[{"@type":"WebPage","@id":"https:\/\/www.laboratoire-helpac.com\/en\/p\/cajeput-organic\/","url":"https:\/\/www.laboratoire-helpac.com\/en\/p\/cajeput-organic\/","name":"Essential oil Organic cajeput (Vietnam) | HELPAC","isPartOf":{"@id":"https:\/\/www.laboratoire-helpac.com\/en\/#website"},"primaryImageOfPage":{"@id":"https:\/\/www.laboratoire-helpac.com\/en\/p\/cajeput-organic\/#primaryimage"},"image":{"@id":"https:\/\/www.laboratoire-helpac.com\/en\/p\/cajeput-organic\/#primaryimage"},"thumbnailUrl":"https:\/\/www.laboratoire-helpac.com\/wp-content\/uploads\/2023\/09\/HE_CAJEPUT-EN.png","datePublished":"2023-07-30T14:55:04+00:00","dateModified":"2023-11-29T18:37:56+00:00","description":"Riche en 1.8 cin\u00e9ole, limon\u00e8ne et alpha-terpin\u00e9ol, l\u2019huile essentielle de Cajeput est assez proche de celle de Niaouli. De la m\u00eame famille botanique, elles poss\u00e8dent pourtant des parfums tr\u00e8s diff\u00e9rents, celui du Cajeput \u00e9tant beaucoup plus aromatique.","breadcrumb":{"@id":"https:\/\/www.laboratoire-helpac.com\/en\/p\/cajeput-organic\/#breadcrumb"},"inLanguage":"en-US","potentialAction":[{"@type":"ReadAction","target":["https:\/\/www.laboratoire-helpac.com\/en\/p\/cajeput-organic\/"]}]},{"@type":"ImageObject","inLanguage":"en-US","@id":"https:\/\/www.laboratoire-helpac.com\/en\/p\/cajeput-organic\/#primaryimage","url":"https:\/\/www.laboratoire-helpac.com\/wp-content\/uploads\/2023\/09\/HE_CAJEPUT-EN.png","contentUrl":"https:\/\/www.laboratoire-helpac.com\/wp-content\/uploads\/2023\/09\/HE_CAJEPUT-EN.png","width":1280,"height":1280,"caption":"Essential oil Organic cajeput (Vietnam) wholesaler"},{"@type":"BreadcrumbList","@id":"https:\/\/www.laboratoire-helpac.com\/en\/p\/cajeput-organic\/#breadcrumb","itemListElement":[{"@type":"ListItem","position":1,"name":"Accueil","item":"https:\/\/www.laboratoire-helpac.com\/en\/"},{"@type":"ListItem","position":2,"name":"Our ingredients","item":"https:\/\/www.laboratoire-helpac.com\/en\/products\/"},{"@type":"ListItem","position":3,"name":"CAJEPUT ORGANIC"}]},{"@type":"WebSite","@id":"https:\/\/www.laboratoire-helpac.com\/en\/#website","url":"https:\/\/www.laboratoire-helpac.com\/en\/","name":"HELPAC","description":"","publisher":{"@id":"https:\/\/www.laboratoire-helpac.com\/en\/#organization"},"potentialAction":[{"@type":"SearchAction","target":{"@type":"EntryPoint","urlTemplate":"https:\/\/www.laboratoire-helpac.com\/en\/?s={search_term_string}"},"query-input":{"@type":"PropertyValueSpecification","valueRequired":true,"valueName":"search_term_string"}}],"inLanguage":"en-US"},{"@type":"Organization","@id":"https:\/\/www.laboratoire-helpac.com\/en\/#organization","name":"Helpac","url":"https:\/\/www.laboratoire-helpac.com\/en\/","logo":{"@type":"ImageObject","inLanguage":"en-US","@id":"https:\/\/www.laboratoire-helpac.com\/en\/#\/schema\/logo\/image\/","url":"https:\/\/dev.fizzbuzz.fr\/helpac\/wp-content\/uploads\/2023\/05\/Logo-Helpac.jpg","contentUrl":"https:\/\/dev.fizzbuzz.fr\/helpac\/wp-content\/uploads\/2023\/05\/Logo-Helpac.jpg","width":200,"height":200,"caption":"Helpac"},"image":{"@id":"https:\/\/www.laboratoire-helpac.com\/en\/#\/schema\/logo\/image\/"},"sameAs":["https:\/\/www.linkedin.com\/company\/helpac\/"]}]}},"_links":{"self":[{"href":"https:\/\/www.laboratoire-helpac.com\/en\/wp-json\/wp\/v2\/product\/5064","targetHints":{"allow":["GET"]}}],"collection":[{"href":"https:\/\/www.laboratoire-helpac.com\/en\/wp-json\/wp\/v2\/product"}],"about":[{"href":"https:\/\/www.laboratoire-helpac.com\/en\/wp-json\/wp\/v2\/types\/product"}],"wp:featuredmedia":[{"embeddable":true,"href":"https:\/\/www.laboratoire-helpac.com\/en\/wp-json\/wp\/v2\/media\/6749"}],"wp:attachment":[{"href":"https:\/\/www.laboratoire-helpac.com\/en\/wp-json\/wp\/v2\/media?parent=5064"}],"wp:term":[{"taxonomy":"product_cat","embeddable":true,"href":"https:\/\/www.laboratoire-helpac.com\/en\/wp-json\/wp\/v2\/product_cat?post=5064"},{"taxonomy":"product_tag","embeddable":true,"href":"https:\/\/www.laboratoire-helpac.com\/en\/wp-json\/wp\/v2\/product_tag?post=5064"}],"curies":[{"name":"wp","href":"https:\/\/api.w.org\/{rel}","templated":true}]}}