{"id":5061,"date":"2023-07-30T16:55:04","date_gmt":"2023-07-30T14:55:04","guid":{"rendered":"http:\/\/localhost\/wordpress\/produit\/organic-rosewood\/"},"modified":"2023-11-29T19:37:55","modified_gmt":"2023-11-29T18:37:55","slug":"rosewood-organic","status":"publish","type":"product","link":"https:\/\/www.laboratoire-helpac.com\/en\/p\/rosewood-organic\/","title":{"rendered":"ROSEWOOD ORGANIC"},"content":{"rendered":"<p>Mainly composed of linalool, Rosewood essential oil boasts an exceptional fragrance and tolerance, to the point that its popularity almost led to the disappearance of the tree from which it is derived. The wood itself is highly valued in carpentry. Thanks to a significant conservation program involving planting and pruning (with the essential oil being distilled from the pruned branches), the Rosewood now has a sustainable future.<\/p>\n","protected":false},"excerpt":{"rendered":"<p>Mainly composed of linalool, Rosewood essential oil boasts an exceptional fragrance and tolerance, to the point that its popularity almost led to the disappearance of the tree from which it is derived. The wood itself is highly valued in carpentry. Thanks to a significant conservation program involving planting and pruning (with the essential oil being [&hellip;]<\/p>\n","protected":false},"featured_media":6746,"template":"","meta":[],"product_cat":[390,451,452],"product_tag":[],"class_list":{"0":"post-5061","1":"product","2":"type-product","3":"status-publish","4":"has-post-thumbnail","6":"product_cat-essential-oils","7":"product_cat-aromatherapy-wholesaler-essential-oil","8":"product_cat-bulk-essential-oils-aromatherapy-wholesaler-essential-oil","9":"pa_certifications-organic","10":"pa_origines-americas","11":"pa_usages-cosmetic","12":"pa_usages-diffusion-en","13":"pa_usages-perfumery","15":"first","16":"instock","17":"purchasable","18":"product-type-simple"},"acf":[],"yoast_head":"<!-- This site is optimized with the Yoast SEO plugin v23.9 - https:\/\/yoast.com\/wordpress\/plugins\/seo\/ -->\n<title>Essential oil Organic rosewood (Brazil) | HELPAC<\/title>\n<meta name=\"description\" content=\"Principalement compos\u00e9 de linalol, l\u2019huile essentielle de Bois de rose a un parfum et une tol\u00e9rance exceptionnels au point que son succ\u00e8s a bien failli faire dispara\u00eetre l\u2019arbre dont elle est issu \u2013 le bois \u00e9tant \u00e9galement tr\u00e8s appr\u00e9ci\u00e9 en menuiserie. Gr\u00e2ce \u00e0 un important programme de sauvegarde qui passe par la plantation et l\u2019\u00e9lagage (l\u2019huile essentielle \u00e9tant distill\u00e9e avec les branches \u00e9lagu\u00e9es), le \u00ab Rosewood \u00bb a maintenant un avenir durable.\" \/>\n<meta name=\"robots\" content=\"index, follow, max-snippet:-1, max-image-preview:large, max-video-preview:-1\" \/>\n<link rel=\"canonical\" href=\"https:\/\/www.laboratoire-helpac.com\/en\/p\/rosewood-organic\/\" \/>\n<meta property=\"og:locale\" content=\"en_US\" \/>\n<meta property=\"og:type\" content=\"article\" \/>\n<meta property=\"og:title\" content=\"Essential oil Organic rosewood (Brazil) | HELPAC\" \/>\n<meta property=\"og:description\" content=\"Principalement compos\u00e9 de linalol, l\u2019huile essentielle de Bois de rose a un parfum et une tol\u00e9rance exceptionnels au point que son succ\u00e8s a bien failli faire dispara\u00eetre l\u2019arbre dont elle est issu \u2013 le bois \u00e9tant \u00e9galement tr\u00e8s appr\u00e9ci\u00e9 en menuiserie. Gr\u00e2ce \u00e0 un important programme de sauvegarde qui passe par la plantation et l\u2019\u00e9lagage (l\u2019huile essentielle \u00e9tant distill\u00e9e avec les branches \u00e9lagu\u00e9es), le \u00ab Rosewood \u00bb a maintenant un avenir durable.\" \/>\n<meta property=\"og:url\" content=\"https:\/\/www.laboratoire-helpac.com\/en\/p\/rosewood-organic\/\" \/>\n<meta property=\"og:site_name\" content=\"HELPAC\" \/>\n<meta property=\"article:modified_time\" content=\"2023-11-29T18:37:55+00:00\" \/>\n<meta property=\"og:image\" content=\"https:\/\/www.laboratoire-helpac.com\/wp-content\/uploads\/2023\/09\/HE_ROSEWOOD-EN.png\" \/>\n\t<meta property=\"og:image:width\" content=\"1280\" \/>\n\t<meta property=\"og:image:height\" content=\"1280\" \/>\n\t<meta property=\"og:image:type\" content=\"image\/png\" \/>\n<meta name=\"twitter:card\" content=\"summary_large_image\" \/>\n<script type=\"application\/ld+json\" class=\"yoast-schema-graph\">{\"@context\":\"https:\/\/schema.org\",\"@graph\":[{\"@type\":\"WebPage\",\"@id\":\"https:\/\/www.laboratoire-helpac.com\/en\/p\/rosewood-organic\/\",\"url\":\"https:\/\/www.laboratoire-helpac.com\/en\/p\/rosewood-organic\/\",\"name\":\"Essential oil Organic rosewood (Brazil) | HELPAC\",\"isPartOf\":{\"@id\":\"https:\/\/www.laboratoire-helpac.com\/en\/#website\"},\"primaryImageOfPage\":{\"@id\":\"https:\/\/www.laboratoire-helpac.com\/en\/p\/rosewood-organic\/#primaryimage\"},\"image\":{\"@id\":\"https:\/\/www.laboratoire-helpac.com\/en\/p\/rosewood-organic\/#primaryimage\"},\"thumbnailUrl\":\"https:\/\/www.laboratoire-helpac.com\/wp-content\/uploads\/2023\/09\/HE_ROSEWOOD-EN.png\",\"datePublished\":\"2023-07-30T14:55:04+00:00\",\"dateModified\":\"2023-11-29T18:37:55+00:00\",\"description\":\"Principalement compos\u00e9 de linalol, l\u2019huile essentielle de Bois de rose a un parfum et une tol\u00e9rance exceptionnels au point que son succ\u00e8s a bien failli faire dispara\u00eetre l\u2019arbre dont elle est issu \u2013 le bois \u00e9tant \u00e9galement tr\u00e8s appr\u00e9ci\u00e9 en menuiserie. Gr\u00e2ce \u00e0 un important programme de sauvegarde qui passe par la plantation et l\u2019\u00e9lagage (l\u2019huile essentielle \u00e9tant distill\u00e9e avec les branches \u00e9lagu\u00e9es), le \u00ab Rosewood \u00bb a maintenant un avenir durable.\",\"breadcrumb\":{\"@id\":\"https:\/\/www.laboratoire-helpac.com\/en\/p\/rosewood-organic\/#breadcrumb\"},\"inLanguage\":\"en-US\",\"potentialAction\":[{\"@type\":\"ReadAction\",\"target\":[\"https:\/\/www.laboratoire-helpac.com\/en\/p\/rosewood-organic\/\"]}]},{\"@type\":\"ImageObject\",\"inLanguage\":\"en-US\",\"@id\":\"https:\/\/www.laboratoire-helpac.com\/en\/p\/rosewood-organic\/#primaryimage\",\"url\":\"https:\/\/www.laboratoire-helpac.com\/wp-content\/uploads\/2023\/09\/HE_ROSEWOOD-EN.png\",\"contentUrl\":\"https:\/\/www.laboratoire-helpac.com\/wp-content\/uploads\/2023\/09\/HE_ROSEWOOD-EN.png\",\"width\":1280,\"height\":1280,\"caption\":\"Essential oil Organic rosewood (Brazil) wholesaler\"},{\"@type\":\"BreadcrumbList\",\"@id\":\"https:\/\/www.laboratoire-helpac.com\/en\/p\/rosewood-organic\/#breadcrumb\",\"itemListElement\":[{\"@type\":\"ListItem\",\"position\":1,\"name\":\"Accueil\",\"item\":\"https:\/\/www.laboratoire-helpac.com\/en\/\"},{\"@type\":\"ListItem\",\"position\":2,\"name\":\"Our ingredients\",\"item\":\"https:\/\/www.laboratoire-helpac.com\/en\/products\/\"},{\"@type\":\"ListItem\",\"position\":3,\"name\":\"ROSEWOOD ORGANIC\"}]},{\"@type\":\"WebSite\",\"@id\":\"https:\/\/www.laboratoire-helpac.com\/en\/#website\",\"url\":\"https:\/\/www.laboratoire-helpac.com\/en\/\",\"name\":\"HELPAC\",\"description\":\"\",\"publisher\":{\"@id\":\"https:\/\/www.laboratoire-helpac.com\/en\/#organization\"},\"potentialAction\":[{\"@type\":\"SearchAction\",\"target\":{\"@type\":\"EntryPoint\",\"urlTemplate\":\"https:\/\/www.laboratoire-helpac.com\/en\/?s={search_term_string}\"},\"query-input\":{\"@type\":\"PropertyValueSpecification\",\"valueRequired\":true,\"valueName\":\"search_term_string\"}}],\"inLanguage\":\"en-US\"},{\"@type\":\"Organization\",\"@id\":\"https:\/\/www.laboratoire-helpac.com\/en\/#organization\",\"name\":\"Helpac\",\"url\":\"https:\/\/www.laboratoire-helpac.com\/en\/\",\"logo\":{\"@type\":\"ImageObject\",\"inLanguage\":\"en-US\",\"@id\":\"https:\/\/www.laboratoire-helpac.com\/en\/#\/schema\/logo\/image\/\",\"url\":\"https:\/\/dev.fizzbuzz.fr\/helpac\/wp-content\/uploads\/2023\/05\/Logo-Helpac.jpg\",\"contentUrl\":\"https:\/\/dev.fizzbuzz.fr\/helpac\/wp-content\/uploads\/2023\/05\/Logo-Helpac.jpg\",\"width\":200,\"height\":200,\"caption\":\"Helpac\"},\"image\":{\"@id\":\"https:\/\/www.laboratoire-helpac.com\/en\/#\/schema\/logo\/image\/\"},\"sameAs\":[\"https:\/\/www.linkedin.com\/company\/helpac\/\"]}]}<\/script>\n<!-- \/ Yoast SEO plugin. -->","yoast_head_json":{"title":"Essential oil Organic rosewood (Brazil) | HELPAC","description":"Principalement compos\u00e9 de linalol, l\u2019huile essentielle de Bois de rose a un parfum et une tol\u00e9rance exceptionnels au point que son succ\u00e8s a bien failli faire dispara\u00eetre l\u2019arbre dont elle est issu \u2013 le bois \u00e9tant \u00e9galement tr\u00e8s appr\u00e9ci\u00e9 en menuiserie. Gr\u00e2ce \u00e0 un important programme de sauvegarde qui passe par la plantation et l\u2019\u00e9lagage (l\u2019huile essentielle \u00e9tant distill\u00e9e avec les branches \u00e9lagu\u00e9es), le \u00ab Rosewood \u00bb a maintenant un avenir durable.","robots":{"index":"index","follow":"follow","max-snippet":"max-snippet:-1","max-image-preview":"max-image-preview:large","max-video-preview":"max-video-preview:-1"},"canonical":"https:\/\/www.laboratoire-helpac.com\/en\/p\/rosewood-organic\/","og_locale":"en_US","og_type":"article","og_title":"Essential oil Organic rosewood (Brazil) | HELPAC","og_description":"Principalement compos\u00e9 de linalol, l\u2019huile essentielle de Bois de rose a un parfum et une tol\u00e9rance exceptionnels au point que son succ\u00e8s a bien failli faire dispara\u00eetre l\u2019arbre dont elle est issu \u2013 le bois \u00e9tant \u00e9galement tr\u00e8s appr\u00e9ci\u00e9 en menuiserie. Gr\u00e2ce \u00e0 un important programme de sauvegarde qui passe par la plantation et l\u2019\u00e9lagage (l\u2019huile essentielle \u00e9tant distill\u00e9e avec les branches \u00e9lagu\u00e9es), le \u00ab Rosewood \u00bb a maintenant un avenir durable.","og_url":"https:\/\/www.laboratoire-helpac.com\/en\/p\/rosewood-organic\/","og_site_name":"HELPAC","article_modified_time":"2023-11-29T18:37:55+00:00","og_image":[{"width":1280,"height":1280,"url":"https:\/\/www.laboratoire-helpac.com\/wp-content\/uploads\/2023\/09\/HE_ROSEWOOD-EN.png","type":"image\/png"}],"twitter_card":"summary_large_image","schema":{"@context":"https:\/\/schema.org","@graph":[{"@type":"WebPage","@id":"https:\/\/www.laboratoire-helpac.com\/en\/p\/rosewood-organic\/","url":"https:\/\/www.laboratoire-helpac.com\/en\/p\/rosewood-organic\/","name":"Essential oil Organic rosewood (Brazil) | HELPAC","isPartOf":{"@id":"https:\/\/www.laboratoire-helpac.com\/en\/#website"},"primaryImageOfPage":{"@id":"https:\/\/www.laboratoire-helpac.com\/en\/p\/rosewood-organic\/#primaryimage"},"image":{"@id":"https:\/\/www.laboratoire-helpac.com\/en\/p\/rosewood-organic\/#primaryimage"},"thumbnailUrl":"https:\/\/www.laboratoire-helpac.com\/wp-content\/uploads\/2023\/09\/HE_ROSEWOOD-EN.png","datePublished":"2023-07-30T14:55:04+00:00","dateModified":"2023-11-29T18:37:55+00:00","description":"Principalement compos\u00e9 de linalol, l\u2019huile essentielle de Bois de rose a un parfum et une tol\u00e9rance exceptionnels au point que son succ\u00e8s a bien failli faire dispara\u00eetre l\u2019arbre dont elle est issu \u2013 le bois \u00e9tant \u00e9galement tr\u00e8s appr\u00e9ci\u00e9 en menuiserie. Gr\u00e2ce \u00e0 un important programme de sauvegarde qui passe par la plantation et l\u2019\u00e9lagage (l\u2019huile essentielle \u00e9tant distill\u00e9e avec les branches \u00e9lagu\u00e9es), le \u00ab Rosewood \u00bb a maintenant un avenir durable.","breadcrumb":{"@id":"https:\/\/www.laboratoire-helpac.com\/en\/p\/rosewood-organic\/#breadcrumb"},"inLanguage":"en-US","potentialAction":[{"@type":"ReadAction","target":["https:\/\/www.laboratoire-helpac.com\/en\/p\/rosewood-organic\/"]}]},{"@type":"ImageObject","inLanguage":"en-US","@id":"https:\/\/www.laboratoire-helpac.com\/en\/p\/rosewood-organic\/#primaryimage","url":"https:\/\/www.laboratoire-helpac.com\/wp-content\/uploads\/2023\/09\/HE_ROSEWOOD-EN.png","contentUrl":"https:\/\/www.laboratoire-helpac.com\/wp-content\/uploads\/2023\/09\/HE_ROSEWOOD-EN.png","width":1280,"height":1280,"caption":"Essential oil Organic rosewood (Brazil) wholesaler"},{"@type":"BreadcrumbList","@id":"https:\/\/www.laboratoire-helpac.com\/en\/p\/rosewood-organic\/#breadcrumb","itemListElement":[{"@type":"ListItem","position":1,"name":"Accueil","item":"https:\/\/www.laboratoire-helpac.com\/en\/"},{"@type":"ListItem","position":2,"name":"Our ingredients","item":"https:\/\/www.laboratoire-helpac.com\/en\/products\/"},{"@type":"ListItem","position":3,"name":"ROSEWOOD ORGANIC"}]},{"@type":"WebSite","@id":"https:\/\/www.laboratoire-helpac.com\/en\/#website","url":"https:\/\/www.laboratoire-helpac.com\/en\/","name":"HELPAC","description":"","publisher":{"@id":"https:\/\/www.laboratoire-helpac.com\/en\/#organization"},"potentialAction":[{"@type":"SearchAction","target":{"@type":"EntryPoint","urlTemplate":"https:\/\/www.laboratoire-helpac.com\/en\/?s={search_term_string}"},"query-input":{"@type":"PropertyValueSpecification","valueRequired":true,"valueName":"search_term_string"}}],"inLanguage":"en-US"},{"@type":"Organization","@id":"https:\/\/www.laboratoire-helpac.com\/en\/#organization","name":"Helpac","url":"https:\/\/www.laboratoire-helpac.com\/en\/","logo":{"@type":"ImageObject","inLanguage":"en-US","@id":"https:\/\/www.laboratoire-helpac.com\/en\/#\/schema\/logo\/image\/","url":"https:\/\/dev.fizzbuzz.fr\/helpac\/wp-content\/uploads\/2023\/05\/Logo-Helpac.jpg","contentUrl":"https:\/\/dev.fizzbuzz.fr\/helpac\/wp-content\/uploads\/2023\/05\/Logo-Helpac.jpg","width":200,"height":200,"caption":"Helpac"},"image":{"@id":"https:\/\/www.laboratoire-helpac.com\/en\/#\/schema\/logo\/image\/"},"sameAs":["https:\/\/www.linkedin.com\/company\/helpac\/"]}]}},"_links":{"self":[{"href":"https:\/\/www.laboratoire-helpac.com\/en\/wp-json\/wp\/v2\/product\/5061","targetHints":{"allow":["GET"]}}],"collection":[{"href":"https:\/\/www.laboratoire-helpac.com\/en\/wp-json\/wp\/v2\/product"}],"about":[{"href":"https:\/\/www.laboratoire-helpac.com\/en\/wp-json\/wp\/v2\/types\/product"}],"wp:featuredmedia":[{"embeddable":true,"href":"https:\/\/www.laboratoire-helpac.com\/en\/wp-json\/wp\/v2\/media\/6746"}],"wp:attachment":[{"href":"https:\/\/www.laboratoire-helpac.com\/en\/wp-json\/wp\/v2\/media?parent=5061"}],"wp:term":[{"taxonomy":"product_cat","embeddable":true,"href":"https:\/\/www.laboratoire-helpac.com\/en\/wp-json\/wp\/v2\/product_cat?post=5061"},{"taxonomy":"product_tag","embeddable":true,"href":"https:\/\/www.laboratoire-helpac.com\/en\/wp-json\/wp\/v2\/product_tag?post=5061"}],"curies":[{"name":"wp","href":"https:\/\/api.w.org\/{rel}","templated":true}]}}