{"id":5052,"date":"2023-07-30T16:54:57","date_gmt":"2023-07-30T14:54:57","guid":{"rendered":"http:\/\/localhost\/wordpress\/produit\/copaiba-organic-balm\/"},"modified":"2023-11-29T19:37:51","modified_gmt":"2023-11-29T18:37:51","slug":"copaiba-balm-organic","status":"publish","type":"product","link":"https:\/\/www.laboratoire-helpac.com\/en\/p\/copaiba-balm-organic\/","title":{"rendered":"COPAIBA BALM ORGANIC"},"content":{"rendered":"<p>Copaiba essential oil is rich in \u03b2-beta-caryophyllene, germacrene D, alpha-caryophyllene, alpha-copaene, trans-alpha-bergamotene and beta-bisabolene, making it an extremely powerful anti-inflammatory, antiseptic and healing essential oil and therefore an essential cosmetic ingredient for wellness treatments. Its woody, balsamic, slightly smoky and sweet aroma is of great interest both in perfumery and in energetic aromatherapy.<\/p>\n","protected":false},"excerpt":{"rendered":"<p>Copaiba essential oil is rich in \u03b2-beta-caryophyllene, germacrene D, alpha-caryophyllene, alpha-copaene, trans-alpha-bergamotene and beta-bisabolene, making it an extremely powerful anti-inflammatory, antiseptic and healing essential oil and therefore an essential cosmetic ingredient for wellness treatments. Its woody, balsamic, slightly smoky and sweet aroma is of great interest both in perfumery and in energetic aromatherapy.<\/p>\n","protected":false},"featured_media":6737,"template":"","meta":[],"product_cat":[390,451,452],"product_tag":[],"class_list":{"0":"post-5052","1":"product","2":"type-product","3":"status-publish","4":"has-post-thumbnail","6":"product_cat-essential-oils","7":"product_cat-aromatherapy-wholesaler-essential-oil","8":"product_cat-bulk-essential-oils-aromatherapy-wholesaler-essential-oil","9":"pa_certifications-organic","10":"pa_origines-americas","11":"pa_usages-cosmetic","12":"pa_usages-diffusion-en","13":"pa_usages-perfumery","15":"first","16":"instock","17":"purchasable","18":"product-type-simple"},"acf":[],"yoast_head":"<!-- This site is optimized with the Yoast SEO plugin v23.9 - https:\/\/yoast.com\/wordpress\/plugins\/seo\/ -->\n<title>Essential oil Copaiba organic Balm (Amazon) | HELPAC<\/title>\n<meta name=\"description\" content=\"L\u2019huile essentielle de Copa\u00efba est riche en \u03b2-beta-caryophyll\u00e8ne, germacr\u00e8ne D, alpha-caryophyll\u00e8ne, alpha-copa\u00e8ne, trans alpha-bergamot\u00e8ne et b\u00e9ta-bisabol\u00e8ne, ce qui en fait une huile essentielle extr\u00eamement puissante comme anti-inflammatoire, antiseptique et cicatrisant et donc un ingr\u00e9dient cosm\u00e9tique incontournable pour les soins bien-\u00eatre. Son ar\u00f4me bois\u00e9, balsamique et l\u00e9g\u00e8rement fum\u00e9 et sucr\u00e9 est tr\u00e8s int\u00e9ressant en parfumerie mais aussi en aromath\u00e9rapie \u00e9nerg\u00e9tique.\" \/>\n<meta name=\"robots\" content=\"index, follow, max-snippet:-1, max-image-preview:large, max-video-preview:-1\" \/>\n<link rel=\"canonical\" href=\"https:\/\/www.laboratoire-helpac.com\/en\/p\/copaiba-balm-organic\/\" \/>\n<meta property=\"og:locale\" content=\"en_US\" \/>\n<meta property=\"og:type\" content=\"article\" \/>\n<meta property=\"og:title\" content=\"Essential oil Copaiba organic Balm (Amazon) | HELPAC\" \/>\n<meta property=\"og:description\" content=\"L\u2019huile essentielle de Copa\u00efba est riche en \u03b2-beta-caryophyll\u00e8ne, germacr\u00e8ne D, alpha-caryophyll\u00e8ne, alpha-copa\u00e8ne, trans alpha-bergamot\u00e8ne et b\u00e9ta-bisabol\u00e8ne, ce qui en fait une huile essentielle extr\u00eamement puissante comme anti-inflammatoire, antiseptique et cicatrisant et donc un ingr\u00e9dient cosm\u00e9tique incontournable pour les soins bien-\u00eatre. Son ar\u00f4me bois\u00e9, balsamique et l\u00e9g\u00e8rement fum\u00e9 et sucr\u00e9 est tr\u00e8s int\u00e9ressant en parfumerie mais aussi en aromath\u00e9rapie \u00e9nerg\u00e9tique.\" \/>\n<meta property=\"og:url\" content=\"https:\/\/www.laboratoire-helpac.com\/en\/p\/copaiba-balm-organic\/\" \/>\n<meta property=\"og:site_name\" content=\"HELPAC\" \/>\n<meta property=\"article:modified_time\" content=\"2023-11-29T18:37:51+00:00\" \/>\n<meta property=\"og:image\" content=\"https:\/\/www.laboratoire-helpac.com\/wp-content\/uploads\/2023\/09\/HE_COPAIBABALM-EN.png\" \/>\n\t<meta property=\"og:image:width\" content=\"1280\" \/>\n\t<meta property=\"og:image:height\" content=\"1280\" \/>\n\t<meta property=\"og:image:type\" content=\"image\/png\" \/>\n<meta name=\"twitter:card\" content=\"summary_large_image\" \/>\n<script type=\"application\/ld+json\" class=\"yoast-schema-graph\">{\"@context\":\"https:\/\/schema.org\",\"@graph\":[{\"@type\":\"WebPage\",\"@id\":\"https:\/\/www.laboratoire-helpac.com\/en\/p\/copaiba-balm-organic\/\",\"url\":\"https:\/\/www.laboratoire-helpac.com\/en\/p\/copaiba-balm-organic\/\",\"name\":\"Essential oil Copaiba organic Balm (Amazon) | HELPAC\",\"isPartOf\":{\"@id\":\"https:\/\/www.laboratoire-helpac.com\/en\/#website\"},\"primaryImageOfPage\":{\"@id\":\"https:\/\/www.laboratoire-helpac.com\/en\/p\/copaiba-balm-organic\/#primaryimage\"},\"image\":{\"@id\":\"https:\/\/www.laboratoire-helpac.com\/en\/p\/copaiba-balm-organic\/#primaryimage\"},\"thumbnailUrl\":\"https:\/\/www.laboratoire-helpac.com\/wp-content\/uploads\/2023\/09\/HE_COPAIBABALM-EN.png\",\"datePublished\":\"2023-07-30T14:54:57+00:00\",\"dateModified\":\"2023-11-29T18:37:51+00:00\",\"description\":\"L\u2019huile essentielle de Copa\u00efba est riche en \u03b2-beta-caryophyll\u00e8ne, germacr\u00e8ne D, alpha-caryophyll\u00e8ne, alpha-copa\u00e8ne, trans alpha-bergamot\u00e8ne et b\u00e9ta-bisabol\u00e8ne, ce qui en fait une huile essentielle extr\u00eamement puissante comme anti-inflammatoire, antiseptique et cicatrisant et donc un ingr\u00e9dient cosm\u00e9tique incontournable pour les soins bien-\u00eatre. Son ar\u00f4me bois\u00e9, balsamique et l\u00e9g\u00e8rement fum\u00e9 et sucr\u00e9 est tr\u00e8s int\u00e9ressant en parfumerie mais aussi en aromath\u00e9rapie \u00e9nerg\u00e9tique.\",\"breadcrumb\":{\"@id\":\"https:\/\/www.laboratoire-helpac.com\/en\/p\/copaiba-balm-organic\/#breadcrumb\"},\"inLanguage\":\"en-US\",\"potentialAction\":[{\"@type\":\"ReadAction\",\"target\":[\"https:\/\/www.laboratoire-helpac.com\/en\/p\/copaiba-balm-organic\/\"]}]},{\"@type\":\"ImageObject\",\"inLanguage\":\"en-US\",\"@id\":\"https:\/\/www.laboratoire-helpac.com\/en\/p\/copaiba-balm-organic\/#primaryimage\",\"url\":\"https:\/\/www.laboratoire-helpac.com\/wp-content\/uploads\/2023\/09\/HE_COPAIBABALM-EN.png\",\"contentUrl\":\"https:\/\/www.laboratoire-helpac.com\/wp-content\/uploads\/2023\/09\/HE_COPAIBABALM-EN.png\",\"width\":1280,\"height\":1280,\"caption\":\"Essential oil Copaiba organic Balm (Amazon) wholesaler\"},{\"@type\":\"BreadcrumbList\",\"@id\":\"https:\/\/www.laboratoire-helpac.com\/en\/p\/copaiba-balm-organic\/#breadcrumb\",\"itemListElement\":[{\"@type\":\"ListItem\",\"position\":1,\"name\":\"Accueil\",\"item\":\"https:\/\/www.laboratoire-helpac.com\/en\/\"},{\"@type\":\"ListItem\",\"position\":2,\"name\":\"Our ingredients\",\"item\":\"https:\/\/www.laboratoire-helpac.com\/en\/products\/\"},{\"@type\":\"ListItem\",\"position\":3,\"name\":\"COPAIBA BALM ORGANIC\"}]},{\"@type\":\"WebSite\",\"@id\":\"https:\/\/www.laboratoire-helpac.com\/en\/#website\",\"url\":\"https:\/\/www.laboratoire-helpac.com\/en\/\",\"name\":\"HELPAC\",\"description\":\"\",\"publisher\":{\"@id\":\"https:\/\/www.laboratoire-helpac.com\/en\/#organization\"},\"potentialAction\":[{\"@type\":\"SearchAction\",\"target\":{\"@type\":\"EntryPoint\",\"urlTemplate\":\"https:\/\/www.laboratoire-helpac.com\/en\/?s={search_term_string}\"},\"query-input\":{\"@type\":\"PropertyValueSpecification\",\"valueRequired\":true,\"valueName\":\"search_term_string\"}}],\"inLanguage\":\"en-US\"},{\"@type\":\"Organization\",\"@id\":\"https:\/\/www.laboratoire-helpac.com\/en\/#organization\",\"name\":\"Helpac\",\"url\":\"https:\/\/www.laboratoire-helpac.com\/en\/\",\"logo\":{\"@type\":\"ImageObject\",\"inLanguage\":\"en-US\",\"@id\":\"https:\/\/www.laboratoire-helpac.com\/en\/#\/schema\/logo\/image\/\",\"url\":\"https:\/\/dev.fizzbuzz.fr\/helpac\/wp-content\/uploads\/2023\/05\/Logo-Helpac.jpg\",\"contentUrl\":\"https:\/\/dev.fizzbuzz.fr\/helpac\/wp-content\/uploads\/2023\/05\/Logo-Helpac.jpg\",\"width\":200,\"height\":200,\"caption\":\"Helpac\"},\"image\":{\"@id\":\"https:\/\/www.laboratoire-helpac.com\/en\/#\/schema\/logo\/image\/\"},\"sameAs\":[\"https:\/\/www.linkedin.com\/company\/helpac\/\"]}]}<\/script>\n<!-- \/ Yoast SEO plugin. -->","yoast_head_json":{"title":"Essential oil Copaiba organic Balm (Amazon) | HELPAC","description":"L\u2019huile essentielle de Copa\u00efba est riche en \u03b2-beta-caryophyll\u00e8ne, germacr\u00e8ne D, alpha-caryophyll\u00e8ne, alpha-copa\u00e8ne, trans alpha-bergamot\u00e8ne et b\u00e9ta-bisabol\u00e8ne, ce qui en fait une huile essentielle extr\u00eamement puissante comme anti-inflammatoire, antiseptique et cicatrisant et donc un ingr\u00e9dient cosm\u00e9tique incontournable pour les soins bien-\u00eatre. Son ar\u00f4me bois\u00e9, balsamique et l\u00e9g\u00e8rement fum\u00e9 et sucr\u00e9 est tr\u00e8s int\u00e9ressant en parfumerie mais aussi en aromath\u00e9rapie \u00e9nerg\u00e9tique.","robots":{"index":"index","follow":"follow","max-snippet":"max-snippet:-1","max-image-preview":"max-image-preview:large","max-video-preview":"max-video-preview:-1"},"canonical":"https:\/\/www.laboratoire-helpac.com\/en\/p\/copaiba-balm-organic\/","og_locale":"en_US","og_type":"article","og_title":"Essential oil Copaiba organic Balm (Amazon) | HELPAC","og_description":"L\u2019huile essentielle de Copa\u00efba est riche en \u03b2-beta-caryophyll\u00e8ne, germacr\u00e8ne D, alpha-caryophyll\u00e8ne, alpha-copa\u00e8ne, trans alpha-bergamot\u00e8ne et b\u00e9ta-bisabol\u00e8ne, ce qui en fait une huile essentielle extr\u00eamement puissante comme anti-inflammatoire, antiseptique et cicatrisant et donc un ingr\u00e9dient cosm\u00e9tique incontournable pour les soins bien-\u00eatre. Son ar\u00f4me bois\u00e9, balsamique et l\u00e9g\u00e8rement fum\u00e9 et sucr\u00e9 est tr\u00e8s int\u00e9ressant en parfumerie mais aussi en aromath\u00e9rapie \u00e9nerg\u00e9tique.","og_url":"https:\/\/www.laboratoire-helpac.com\/en\/p\/copaiba-balm-organic\/","og_site_name":"HELPAC","article_modified_time":"2023-11-29T18:37:51+00:00","og_image":[{"width":1280,"height":1280,"url":"https:\/\/www.laboratoire-helpac.com\/wp-content\/uploads\/2023\/09\/HE_COPAIBABALM-EN.png","type":"image\/png"}],"twitter_card":"summary_large_image","schema":{"@context":"https:\/\/schema.org","@graph":[{"@type":"WebPage","@id":"https:\/\/www.laboratoire-helpac.com\/en\/p\/copaiba-balm-organic\/","url":"https:\/\/www.laboratoire-helpac.com\/en\/p\/copaiba-balm-organic\/","name":"Essential oil Copaiba organic Balm (Amazon) | HELPAC","isPartOf":{"@id":"https:\/\/www.laboratoire-helpac.com\/en\/#website"},"primaryImageOfPage":{"@id":"https:\/\/www.laboratoire-helpac.com\/en\/p\/copaiba-balm-organic\/#primaryimage"},"image":{"@id":"https:\/\/www.laboratoire-helpac.com\/en\/p\/copaiba-balm-organic\/#primaryimage"},"thumbnailUrl":"https:\/\/www.laboratoire-helpac.com\/wp-content\/uploads\/2023\/09\/HE_COPAIBABALM-EN.png","datePublished":"2023-07-30T14:54:57+00:00","dateModified":"2023-11-29T18:37:51+00:00","description":"L\u2019huile essentielle de Copa\u00efba est riche en \u03b2-beta-caryophyll\u00e8ne, germacr\u00e8ne D, alpha-caryophyll\u00e8ne, alpha-copa\u00e8ne, trans alpha-bergamot\u00e8ne et b\u00e9ta-bisabol\u00e8ne, ce qui en fait une huile essentielle extr\u00eamement puissante comme anti-inflammatoire, antiseptique et cicatrisant et donc un ingr\u00e9dient cosm\u00e9tique incontournable pour les soins bien-\u00eatre. Son ar\u00f4me bois\u00e9, balsamique et l\u00e9g\u00e8rement fum\u00e9 et sucr\u00e9 est tr\u00e8s int\u00e9ressant en parfumerie mais aussi en aromath\u00e9rapie \u00e9nerg\u00e9tique.","breadcrumb":{"@id":"https:\/\/www.laboratoire-helpac.com\/en\/p\/copaiba-balm-organic\/#breadcrumb"},"inLanguage":"en-US","potentialAction":[{"@type":"ReadAction","target":["https:\/\/www.laboratoire-helpac.com\/en\/p\/copaiba-balm-organic\/"]}]},{"@type":"ImageObject","inLanguage":"en-US","@id":"https:\/\/www.laboratoire-helpac.com\/en\/p\/copaiba-balm-organic\/#primaryimage","url":"https:\/\/www.laboratoire-helpac.com\/wp-content\/uploads\/2023\/09\/HE_COPAIBABALM-EN.png","contentUrl":"https:\/\/www.laboratoire-helpac.com\/wp-content\/uploads\/2023\/09\/HE_COPAIBABALM-EN.png","width":1280,"height":1280,"caption":"Essential oil Copaiba organic Balm (Amazon) wholesaler"},{"@type":"BreadcrumbList","@id":"https:\/\/www.laboratoire-helpac.com\/en\/p\/copaiba-balm-organic\/#breadcrumb","itemListElement":[{"@type":"ListItem","position":1,"name":"Accueil","item":"https:\/\/www.laboratoire-helpac.com\/en\/"},{"@type":"ListItem","position":2,"name":"Our ingredients","item":"https:\/\/www.laboratoire-helpac.com\/en\/products\/"},{"@type":"ListItem","position":3,"name":"COPAIBA BALM ORGANIC"}]},{"@type":"WebSite","@id":"https:\/\/www.laboratoire-helpac.com\/en\/#website","url":"https:\/\/www.laboratoire-helpac.com\/en\/","name":"HELPAC","description":"","publisher":{"@id":"https:\/\/www.laboratoire-helpac.com\/en\/#organization"},"potentialAction":[{"@type":"SearchAction","target":{"@type":"EntryPoint","urlTemplate":"https:\/\/www.laboratoire-helpac.com\/en\/?s={search_term_string}"},"query-input":{"@type":"PropertyValueSpecification","valueRequired":true,"valueName":"search_term_string"}}],"inLanguage":"en-US"},{"@type":"Organization","@id":"https:\/\/www.laboratoire-helpac.com\/en\/#organization","name":"Helpac","url":"https:\/\/www.laboratoire-helpac.com\/en\/","logo":{"@type":"ImageObject","inLanguage":"en-US","@id":"https:\/\/www.laboratoire-helpac.com\/en\/#\/schema\/logo\/image\/","url":"https:\/\/dev.fizzbuzz.fr\/helpac\/wp-content\/uploads\/2023\/05\/Logo-Helpac.jpg","contentUrl":"https:\/\/dev.fizzbuzz.fr\/helpac\/wp-content\/uploads\/2023\/05\/Logo-Helpac.jpg","width":200,"height":200,"caption":"Helpac"},"image":{"@id":"https:\/\/www.laboratoire-helpac.com\/en\/#\/schema\/logo\/image\/"},"sameAs":["https:\/\/www.linkedin.com\/company\/helpac\/"]}]}},"_links":{"self":[{"href":"https:\/\/www.laboratoire-helpac.com\/en\/wp-json\/wp\/v2\/product\/5052","targetHints":{"allow":["GET"]}}],"collection":[{"href":"https:\/\/www.laboratoire-helpac.com\/en\/wp-json\/wp\/v2\/product"}],"about":[{"href":"https:\/\/www.laboratoire-helpac.com\/en\/wp-json\/wp\/v2\/types\/product"}],"wp:featuredmedia":[{"embeddable":true,"href":"https:\/\/www.laboratoire-helpac.com\/en\/wp-json\/wp\/v2\/media\/6737"}],"wp:attachment":[{"href":"https:\/\/www.laboratoire-helpac.com\/en\/wp-json\/wp\/v2\/media?parent=5052"}],"wp:term":[{"taxonomy":"product_cat","embeddable":true,"href":"https:\/\/www.laboratoire-helpac.com\/en\/wp-json\/wp\/v2\/product_cat?post=5052"},{"taxonomy":"product_tag","embeddable":true,"href":"https:\/\/www.laboratoire-helpac.com\/en\/wp-json\/wp\/v2\/product_tag?post=5052"}],"curies":[{"name":"wp","href":"https:\/\/api.w.org\/{rel}","templated":true}]}}