{"id":5051,"date":"2023-07-30T16:54:57","date_gmt":"2023-07-30T14:54:57","guid":{"rendered":"http:\/\/localhost\/wordpress\/produit\/copahu-balm\/"},"modified":"2023-11-29T19:37:51","modified_gmt":"2023-11-29T18:37:51","slug":"copahu-balm","status":"publish","type":"product","link":"https:\/\/www.laboratoire-helpac.com\/en\/p\/copahu-balm\/","title":{"rendered":"COPAHU BALM"},"content":{"rendered":"<p>Copahu Balm essential oil, extracted from the resin of the Copaifera officinalis tree, has a sweet, woody fragrance. Renowned for its anti-inflammatory properties, it relieves joint and muscle pain. Used in cosmetics, it can help regenerate the skin and reduce scarring. Its healing power makes it a precious ally for skin and joint health.<\/p>\n","protected":false},"excerpt":{"rendered":"<p>Copahu Balm essential oil, extracted from the resin of the Copaifera officinalis tree, has a sweet, woody fragrance. Renowned for its anti-inflammatory properties, it relieves joint and muscle pain. Used in cosmetics, it can help regenerate the skin and reduce scarring. Its healing power makes it a precious ally for skin and joint health.<\/p>\n","protected":false},"featured_media":6736,"template":"","meta":[],"product_cat":[390,451,452],"product_tag":[],"class_list":{"0":"post-5051","1":"product","2":"type-product","3":"status-publish","4":"has-post-thumbnail","6":"product_cat-essential-oils","7":"product_cat-aromatherapy-wholesaler-essential-oil","8":"product_cat-bulk-essential-oils-aromatherapy-wholesaler-essential-oil","9":"pa_certifications-conventional","10":"pa_origines-africa","11":"pa_usages-cosmetic","12":"pa_usages-diffusion-en","13":"pa_usages-perfumery","15":"first","16":"instock","17":"purchasable","18":"product-type-simple"},"acf":[],"yoast_head":"<!-- This site is optimized with the Yoast SEO plugin v23.9 - https:\/\/yoast.com\/wordpress\/plugins\/seo\/ -->\n<title>Essential oil Copahu Balm (Somalia) | HELPAC<\/title>\n<meta name=\"description\" content=\"L&#039;huile essentielle de Baume de Copahu, extraite de la r\u00e9sine de l&#039;arbre Copaifera officinalis, a une senteur douce et bois\u00e9e. R\u00e9put\u00e9e pour ses propri\u00e9t\u00e9s anti-inflammatoires, elle soulage les douleurs articulaires et musculaires. Utilis\u00e9e en cosm\u00e9tique, elle peut aider \u00e0 r\u00e9g\u00e9n\u00e9rer la peau et \u00e0 att\u00e9nuer les cicatrices. Son pouvoir cicatrisant en fait un alli\u00e9 pr\u00e9cieux pour la sant\u00e9 de la peau et des articulations.\" \/>\n<meta name=\"robots\" content=\"index, follow, max-snippet:-1, max-image-preview:large, max-video-preview:-1\" \/>\n<link rel=\"canonical\" href=\"https:\/\/www.laboratoire-helpac.com\/en\/p\/copahu-balm\/\" \/>\n<meta property=\"og:locale\" content=\"en_US\" \/>\n<meta property=\"og:type\" content=\"article\" \/>\n<meta property=\"og:title\" content=\"Essential oil Copahu Balm (Somalia) | HELPAC\" \/>\n<meta property=\"og:description\" content=\"L&#039;huile essentielle de Baume de Copahu, extraite de la r\u00e9sine de l&#039;arbre Copaifera officinalis, a une senteur douce et bois\u00e9e. R\u00e9put\u00e9e pour ses propri\u00e9t\u00e9s anti-inflammatoires, elle soulage les douleurs articulaires et musculaires. Utilis\u00e9e en cosm\u00e9tique, elle peut aider \u00e0 r\u00e9g\u00e9n\u00e9rer la peau et \u00e0 att\u00e9nuer les cicatrices. Son pouvoir cicatrisant en fait un alli\u00e9 pr\u00e9cieux pour la sant\u00e9 de la peau et des articulations.\" \/>\n<meta property=\"og:url\" content=\"https:\/\/www.laboratoire-helpac.com\/en\/p\/copahu-balm\/\" \/>\n<meta property=\"og:site_name\" content=\"HELPAC\" \/>\n<meta property=\"article:modified_time\" content=\"2023-11-29T18:37:51+00:00\" \/>\n<meta property=\"og:image\" content=\"https:\/\/www.laboratoire-helpac.com\/wp-content\/uploads\/2023\/09\/HE_COPAHUBALM-EN.png\" \/>\n\t<meta property=\"og:image:width\" content=\"1280\" \/>\n\t<meta property=\"og:image:height\" content=\"1280\" \/>\n\t<meta property=\"og:image:type\" content=\"image\/png\" \/>\n<meta name=\"twitter:card\" content=\"summary_large_image\" \/>\n<script type=\"application\/ld+json\" class=\"yoast-schema-graph\">{\"@context\":\"https:\/\/schema.org\",\"@graph\":[{\"@type\":\"WebPage\",\"@id\":\"https:\/\/www.laboratoire-helpac.com\/en\/p\/copahu-balm\/\",\"url\":\"https:\/\/www.laboratoire-helpac.com\/en\/p\/copahu-balm\/\",\"name\":\"Essential oil Copahu Balm (Somalia) | HELPAC\",\"isPartOf\":{\"@id\":\"https:\/\/www.laboratoire-helpac.com\/en\/#website\"},\"primaryImageOfPage\":{\"@id\":\"https:\/\/www.laboratoire-helpac.com\/en\/p\/copahu-balm\/#primaryimage\"},\"image\":{\"@id\":\"https:\/\/www.laboratoire-helpac.com\/en\/p\/copahu-balm\/#primaryimage\"},\"thumbnailUrl\":\"https:\/\/www.laboratoire-helpac.com\/wp-content\/uploads\/2023\/09\/HE_COPAHUBALM-EN.png\",\"datePublished\":\"2023-07-30T14:54:57+00:00\",\"dateModified\":\"2023-11-29T18:37:51+00:00\",\"description\":\"L'huile essentielle de Baume de Copahu, extraite de la r\u00e9sine de l'arbre Copaifera officinalis, a une senteur douce et bois\u00e9e. R\u00e9put\u00e9e pour ses propri\u00e9t\u00e9s anti-inflammatoires, elle soulage les douleurs articulaires et musculaires. Utilis\u00e9e en cosm\u00e9tique, elle peut aider \u00e0 r\u00e9g\u00e9n\u00e9rer la peau et \u00e0 att\u00e9nuer les cicatrices. Son pouvoir cicatrisant en fait un alli\u00e9 pr\u00e9cieux pour la sant\u00e9 de la peau et des articulations.\",\"breadcrumb\":{\"@id\":\"https:\/\/www.laboratoire-helpac.com\/en\/p\/copahu-balm\/#breadcrumb\"},\"inLanguage\":\"en-US\",\"potentialAction\":[{\"@type\":\"ReadAction\",\"target\":[\"https:\/\/www.laboratoire-helpac.com\/en\/p\/copahu-balm\/\"]}]},{\"@type\":\"ImageObject\",\"inLanguage\":\"en-US\",\"@id\":\"https:\/\/www.laboratoire-helpac.com\/en\/p\/copahu-balm\/#primaryimage\",\"url\":\"https:\/\/www.laboratoire-helpac.com\/wp-content\/uploads\/2023\/09\/HE_COPAHUBALM-EN.png\",\"contentUrl\":\"https:\/\/www.laboratoire-helpac.com\/wp-content\/uploads\/2023\/09\/HE_COPAHUBALM-EN.png\",\"width\":1280,\"height\":1280,\"caption\":\"Essential oil Copahu Balm (Somalia) wholesaler\"},{\"@type\":\"BreadcrumbList\",\"@id\":\"https:\/\/www.laboratoire-helpac.com\/en\/p\/copahu-balm\/#breadcrumb\",\"itemListElement\":[{\"@type\":\"ListItem\",\"position\":1,\"name\":\"Accueil\",\"item\":\"https:\/\/www.laboratoire-helpac.com\/en\/\"},{\"@type\":\"ListItem\",\"position\":2,\"name\":\"Our ingredients\",\"item\":\"https:\/\/www.laboratoire-helpac.com\/en\/products\/\"},{\"@type\":\"ListItem\",\"position\":3,\"name\":\"COPAHU BALM\"}]},{\"@type\":\"WebSite\",\"@id\":\"https:\/\/www.laboratoire-helpac.com\/en\/#website\",\"url\":\"https:\/\/www.laboratoire-helpac.com\/en\/\",\"name\":\"HELPAC\",\"description\":\"\",\"publisher\":{\"@id\":\"https:\/\/www.laboratoire-helpac.com\/en\/#organization\"},\"potentialAction\":[{\"@type\":\"SearchAction\",\"target\":{\"@type\":\"EntryPoint\",\"urlTemplate\":\"https:\/\/www.laboratoire-helpac.com\/en\/?s={search_term_string}\"},\"query-input\":{\"@type\":\"PropertyValueSpecification\",\"valueRequired\":true,\"valueName\":\"search_term_string\"}}],\"inLanguage\":\"en-US\"},{\"@type\":\"Organization\",\"@id\":\"https:\/\/www.laboratoire-helpac.com\/en\/#organization\",\"name\":\"Helpac\",\"url\":\"https:\/\/www.laboratoire-helpac.com\/en\/\",\"logo\":{\"@type\":\"ImageObject\",\"inLanguage\":\"en-US\",\"@id\":\"https:\/\/www.laboratoire-helpac.com\/en\/#\/schema\/logo\/image\/\",\"url\":\"https:\/\/dev.fizzbuzz.fr\/helpac\/wp-content\/uploads\/2023\/05\/Logo-Helpac.jpg\",\"contentUrl\":\"https:\/\/dev.fizzbuzz.fr\/helpac\/wp-content\/uploads\/2023\/05\/Logo-Helpac.jpg\",\"width\":200,\"height\":200,\"caption\":\"Helpac\"},\"image\":{\"@id\":\"https:\/\/www.laboratoire-helpac.com\/en\/#\/schema\/logo\/image\/\"},\"sameAs\":[\"https:\/\/www.linkedin.com\/company\/helpac\/\"]}]}<\/script>\n<!-- \/ Yoast SEO plugin. -->","yoast_head_json":{"title":"Essential oil Copahu Balm (Somalia) | HELPAC","description":"L'huile essentielle de Baume de Copahu, extraite de la r\u00e9sine de l'arbre Copaifera officinalis, a une senteur douce et bois\u00e9e. R\u00e9put\u00e9e pour ses propri\u00e9t\u00e9s anti-inflammatoires, elle soulage les douleurs articulaires et musculaires. Utilis\u00e9e en cosm\u00e9tique, elle peut aider \u00e0 r\u00e9g\u00e9n\u00e9rer la peau et \u00e0 att\u00e9nuer les cicatrices. Son pouvoir cicatrisant en fait un alli\u00e9 pr\u00e9cieux pour la sant\u00e9 de la peau et des articulations.","robots":{"index":"index","follow":"follow","max-snippet":"max-snippet:-1","max-image-preview":"max-image-preview:large","max-video-preview":"max-video-preview:-1"},"canonical":"https:\/\/www.laboratoire-helpac.com\/en\/p\/copahu-balm\/","og_locale":"en_US","og_type":"article","og_title":"Essential oil Copahu Balm (Somalia) | HELPAC","og_description":"L'huile essentielle de Baume de Copahu, extraite de la r\u00e9sine de l'arbre Copaifera officinalis, a une senteur douce et bois\u00e9e. R\u00e9put\u00e9e pour ses propri\u00e9t\u00e9s anti-inflammatoires, elle soulage les douleurs articulaires et musculaires. Utilis\u00e9e en cosm\u00e9tique, elle peut aider \u00e0 r\u00e9g\u00e9n\u00e9rer la peau et \u00e0 att\u00e9nuer les cicatrices. Son pouvoir cicatrisant en fait un alli\u00e9 pr\u00e9cieux pour la sant\u00e9 de la peau et des articulations.","og_url":"https:\/\/www.laboratoire-helpac.com\/en\/p\/copahu-balm\/","og_site_name":"HELPAC","article_modified_time":"2023-11-29T18:37:51+00:00","og_image":[{"width":1280,"height":1280,"url":"https:\/\/www.laboratoire-helpac.com\/wp-content\/uploads\/2023\/09\/HE_COPAHUBALM-EN.png","type":"image\/png"}],"twitter_card":"summary_large_image","schema":{"@context":"https:\/\/schema.org","@graph":[{"@type":"WebPage","@id":"https:\/\/www.laboratoire-helpac.com\/en\/p\/copahu-balm\/","url":"https:\/\/www.laboratoire-helpac.com\/en\/p\/copahu-balm\/","name":"Essential oil Copahu Balm (Somalia) | HELPAC","isPartOf":{"@id":"https:\/\/www.laboratoire-helpac.com\/en\/#website"},"primaryImageOfPage":{"@id":"https:\/\/www.laboratoire-helpac.com\/en\/p\/copahu-balm\/#primaryimage"},"image":{"@id":"https:\/\/www.laboratoire-helpac.com\/en\/p\/copahu-balm\/#primaryimage"},"thumbnailUrl":"https:\/\/www.laboratoire-helpac.com\/wp-content\/uploads\/2023\/09\/HE_COPAHUBALM-EN.png","datePublished":"2023-07-30T14:54:57+00:00","dateModified":"2023-11-29T18:37:51+00:00","description":"L'huile essentielle de Baume de Copahu, extraite de la r\u00e9sine de l'arbre Copaifera officinalis, a une senteur douce et bois\u00e9e. R\u00e9put\u00e9e pour ses propri\u00e9t\u00e9s anti-inflammatoires, elle soulage les douleurs articulaires et musculaires. Utilis\u00e9e en cosm\u00e9tique, elle peut aider \u00e0 r\u00e9g\u00e9n\u00e9rer la peau et \u00e0 att\u00e9nuer les cicatrices. Son pouvoir cicatrisant en fait un alli\u00e9 pr\u00e9cieux pour la sant\u00e9 de la peau et des articulations.","breadcrumb":{"@id":"https:\/\/www.laboratoire-helpac.com\/en\/p\/copahu-balm\/#breadcrumb"},"inLanguage":"en-US","potentialAction":[{"@type":"ReadAction","target":["https:\/\/www.laboratoire-helpac.com\/en\/p\/copahu-balm\/"]}]},{"@type":"ImageObject","inLanguage":"en-US","@id":"https:\/\/www.laboratoire-helpac.com\/en\/p\/copahu-balm\/#primaryimage","url":"https:\/\/www.laboratoire-helpac.com\/wp-content\/uploads\/2023\/09\/HE_COPAHUBALM-EN.png","contentUrl":"https:\/\/www.laboratoire-helpac.com\/wp-content\/uploads\/2023\/09\/HE_COPAHUBALM-EN.png","width":1280,"height":1280,"caption":"Essential oil Copahu Balm (Somalia) wholesaler"},{"@type":"BreadcrumbList","@id":"https:\/\/www.laboratoire-helpac.com\/en\/p\/copahu-balm\/#breadcrumb","itemListElement":[{"@type":"ListItem","position":1,"name":"Accueil","item":"https:\/\/www.laboratoire-helpac.com\/en\/"},{"@type":"ListItem","position":2,"name":"Our ingredients","item":"https:\/\/www.laboratoire-helpac.com\/en\/products\/"},{"@type":"ListItem","position":3,"name":"COPAHU BALM"}]},{"@type":"WebSite","@id":"https:\/\/www.laboratoire-helpac.com\/en\/#website","url":"https:\/\/www.laboratoire-helpac.com\/en\/","name":"HELPAC","description":"","publisher":{"@id":"https:\/\/www.laboratoire-helpac.com\/en\/#organization"},"potentialAction":[{"@type":"SearchAction","target":{"@type":"EntryPoint","urlTemplate":"https:\/\/www.laboratoire-helpac.com\/en\/?s={search_term_string}"},"query-input":{"@type":"PropertyValueSpecification","valueRequired":true,"valueName":"search_term_string"}}],"inLanguage":"en-US"},{"@type":"Organization","@id":"https:\/\/www.laboratoire-helpac.com\/en\/#organization","name":"Helpac","url":"https:\/\/www.laboratoire-helpac.com\/en\/","logo":{"@type":"ImageObject","inLanguage":"en-US","@id":"https:\/\/www.laboratoire-helpac.com\/en\/#\/schema\/logo\/image\/","url":"https:\/\/dev.fizzbuzz.fr\/helpac\/wp-content\/uploads\/2023\/05\/Logo-Helpac.jpg","contentUrl":"https:\/\/dev.fizzbuzz.fr\/helpac\/wp-content\/uploads\/2023\/05\/Logo-Helpac.jpg","width":200,"height":200,"caption":"Helpac"},"image":{"@id":"https:\/\/www.laboratoire-helpac.com\/en\/#\/schema\/logo\/image\/"},"sameAs":["https:\/\/www.linkedin.com\/company\/helpac\/"]}]}},"_links":{"self":[{"href":"https:\/\/www.laboratoire-helpac.com\/en\/wp-json\/wp\/v2\/product\/5051","targetHints":{"allow":["GET"]}}],"collection":[{"href":"https:\/\/www.laboratoire-helpac.com\/en\/wp-json\/wp\/v2\/product"}],"about":[{"href":"https:\/\/www.laboratoire-helpac.com\/en\/wp-json\/wp\/v2\/types\/product"}],"wp:featuredmedia":[{"embeddable":true,"href":"https:\/\/www.laboratoire-helpac.com\/en\/wp-json\/wp\/v2\/media\/6736"}],"wp:attachment":[{"href":"https:\/\/www.laboratoire-helpac.com\/en\/wp-json\/wp\/v2\/media?parent=5051"}],"wp:term":[{"taxonomy":"product_cat","embeddable":true,"href":"https:\/\/www.laboratoire-helpac.com\/en\/wp-json\/wp\/v2\/product_cat?post=5051"},{"taxonomy":"product_tag","embeddable":true,"href":"https:\/\/www.laboratoire-helpac.com\/en\/wp-json\/wp\/v2\/product_tag?post=5051"}],"curies":[{"name":"wp","href":"https:\/\/api.w.org\/{rel}","templated":true}]}}