{"id":5036,"date":"2023-07-30T16:54:57","date_gmt":"2023-07-30T14:54:57","guid":{"rendered":"http:\/\/localhost\/wordpress\/produit\/bio-achillee\/"},"modified":"2023-11-29T19:37:47","modified_gmt":"2023-11-29T18:37:47","slug":"yarrow-organic-2","status":"publish","type":"product","link":"https:\/\/www.laboratoire-helpac.com\/en\/p\/yarrow-organic-2\/","title":{"rendered":"YARROW ORGANIC"},"content":{"rendered":"<p>Only 4 plants produce chamazulene, a hydrocarbon with a lovely blue colour &#8211; and they all grow in Auvergne! But Yarrow essential oil contains many other active ingredients (23 in all, including sabinene, germacrene D, beta-caryophyllene and beta-pinene), giving it a wide range of uses and a particularly complex fragrance.<\/p>\n","protected":false},"excerpt":{"rendered":"<p>Only 4 plants produce chamazulene, a hydrocarbon with a lovely blue colour &#8211; and they all grow in Auvergne! But Yarrow essential oil contains many other active ingredients (23 in all, including sabinene, germacrene D, beta-caryophyllene and beta-pinene), giving it a wide range of uses and a particularly complex fragrance.<\/p>\n","protected":false},"featured_media":9382,"template":"","meta":[],"product_cat":[390,451,452],"product_tag":[],"class_list":{"0":"post-5036","1":"product","2":"type-product","3":"status-publish","4":"has-post-thumbnail","6":"product_cat-essential-oils","7":"product_cat-aromatherapy-wholesaler-essential-oil","8":"product_cat-bulk-essential-oils-aromatherapy-wholesaler-essential-oil","9":"pa_certifications-organic","10":"pa_origines-france-en","11":"pa_usages-cosmetic","12":"pa_usages-diffusion-en","13":"pa_usages-food","14":"pa_usages-perfumery","16":"first","17":"instock","18":"purchasable","19":"product-type-simple"},"acf":[],"yoast_head":"<!-- This site is optimized with the Yoast SEO plugin v23.9 - https:\/\/yoast.com\/wordpress\/plugins\/seo\/ -->\n<title>Essential oil BIO ACHILL\u00c9E (France) | HELPAC<\/title>\n<meta name=\"description\" content=\"Seules 4 plantes produisent du chamazul\u00e8ne, un hydrocarbure caract\u00e9ris\u00e9 par une belle couleur bleue - et toutes poussent en Auvergne! Mais l\u2019huile essentielle d\u2019Achill\u00e9e millefeuille comprend de nombreux autres principes actifs (23 en tout dont sabin\u00e8ne, germacr\u00e8ne D, beta-caryophyll\u00e8ne ou beta-pin\u00e8ne) qui lui conf\u00e8rent une tr\u00e8s grande vari\u00e9t\u00e9 d\u2019utilisation et un parfum particuli\u00e8rement complexe.\" \/>\n<meta name=\"robots\" content=\"index, follow, max-snippet:-1, max-image-preview:large, max-video-preview:-1\" \/>\n<link rel=\"canonical\" href=\"https:\/\/www.laboratoire-helpac.com\/en\/p\/yarrow-organic-2\/\" \/>\n<meta property=\"og:locale\" content=\"en_US\" \/>\n<meta property=\"og:type\" content=\"article\" \/>\n<meta property=\"og:title\" content=\"Essential oil BIO ACHILL\u00c9E (France) | HELPAC\" \/>\n<meta property=\"og:description\" content=\"Seules 4 plantes produisent du chamazul\u00e8ne, un hydrocarbure caract\u00e9ris\u00e9 par une belle couleur bleue - et toutes poussent en Auvergne! Mais l\u2019huile essentielle d\u2019Achill\u00e9e millefeuille comprend de nombreux autres principes actifs (23 en tout dont sabin\u00e8ne, germacr\u00e8ne D, beta-caryophyll\u00e8ne ou beta-pin\u00e8ne) qui lui conf\u00e8rent une tr\u00e8s grande vari\u00e9t\u00e9 d\u2019utilisation et un parfum particuli\u00e8rement complexe.\" \/>\n<meta property=\"og:url\" content=\"https:\/\/www.laboratoire-helpac.com\/en\/p\/yarrow-organic-2\/\" \/>\n<meta property=\"og:site_name\" content=\"HELPAC\" \/>\n<meta property=\"article:modified_time\" content=\"2023-11-29T18:37:47+00:00\" \/>\n<meta property=\"og:image\" content=\"https:\/\/www.laboratoire-helpac.com\/wp-content\/uploads\/2023\/11\/HE_YARROW-EN-11.png\" \/>\n\t<meta property=\"og:image:width\" content=\"1000\" \/>\n\t<meta property=\"og:image:height\" content=\"1000\" \/>\n\t<meta property=\"og:image:type\" content=\"image\/png\" \/>\n<meta name=\"twitter:card\" content=\"summary_large_image\" \/>\n<meta name=\"twitter:label1\" content=\"Est. reading time\" \/>\n\t<meta name=\"twitter:data1\" content=\"1 minute\" \/>\n<script type=\"application\/ld+json\" class=\"yoast-schema-graph\">{\"@context\":\"https:\/\/schema.org\",\"@graph\":[{\"@type\":\"WebPage\",\"@id\":\"https:\/\/www.laboratoire-helpac.com\/en\/p\/yarrow-organic-2\/\",\"url\":\"https:\/\/www.laboratoire-helpac.com\/en\/p\/yarrow-organic-2\/\",\"name\":\"Essential oil BIO ACHILL\u00c9E (France) | HELPAC\",\"isPartOf\":{\"@id\":\"https:\/\/www.laboratoire-helpac.com\/en\/#website\"},\"primaryImageOfPage\":{\"@id\":\"https:\/\/www.laboratoire-helpac.com\/en\/p\/yarrow-organic-2\/#primaryimage\"},\"image\":{\"@id\":\"https:\/\/www.laboratoire-helpac.com\/en\/p\/yarrow-organic-2\/#primaryimage\"},\"thumbnailUrl\":\"https:\/\/www.laboratoire-helpac.com\/wp-content\/uploads\/2023\/11\/HE_YARROW-EN-11.png\",\"datePublished\":\"2023-07-30T14:54:57+00:00\",\"dateModified\":\"2023-11-29T18:37:47+00:00\",\"description\":\"Seules 4 plantes produisent du chamazul\u00e8ne, un hydrocarbure caract\u00e9ris\u00e9 par une belle couleur bleue - et toutes poussent en Auvergne! Mais l\u2019huile essentielle d\u2019Achill\u00e9e millefeuille comprend de nombreux autres principes actifs (23 en tout dont sabin\u00e8ne, germacr\u00e8ne D, beta-caryophyll\u00e8ne ou beta-pin\u00e8ne) qui lui conf\u00e8rent une tr\u00e8s grande vari\u00e9t\u00e9 d\u2019utilisation et un parfum particuli\u00e8rement complexe.\",\"breadcrumb\":{\"@id\":\"https:\/\/www.laboratoire-helpac.com\/en\/p\/yarrow-organic-2\/#breadcrumb\"},\"inLanguage\":\"en-US\",\"potentialAction\":[{\"@type\":\"ReadAction\",\"target\":[\"https:\/\/www.laboratoire-helpac.com\/en\/p\/yarrow-organic-2\/\"]}]},{\"@type\":\"ImageObject\",\"inLanguage\":\"en-US\",\"@id\":\"https:\/\/www.laboratoire-helpac.com\/en\/p\/yarrow-organic-2\/#primaryimage\",\"url\":\"https:\/\/www.laboratoire-helpac.com\/wp-content\/uploads\/2023\/11\/HE_YARROW-EN-11.png\",\"contentUrl\":\"https:\/\/www.laboratoire-helpac.com\/wp-content\/uploads\/2023\/11\/HE_YARROW-EN-11.png\",\"width\":1000,\"height\":1000,\"caption\":\"Essential oil Yarrow Organic (France) wholesaler\"},{\"@type\":\"BreadcrumbList\",\"@id\":\"https:\/\/www.laboratoire-helpac.com\/en\/p\/yarrow-organic-2\/#breadcrumb\",\"itemListElement\":[{\"@type\":\"ListItem\",\"position\":1,\"name\":\"Accueil\",\"item\":\"https:\/\/www.laboratoire-helpac.com\/en\/\"},{\"@type\":\"ListItem\",\"position\":2,\"name\":\"Our ingredients\",\"item\":\"https:\/\/www.laboratoire-helpac.com\/en\/products\/\"},{\"@type\":\"ListItem\",\"position\":3,\"name\":\"YARROW ORGANIC\"}]},{\"@type\":\"WebSite\",\"@id\":\"https:\/\/www.laboratoire-helpac.com\/en\/#website\",\"url\":\"https:\/\/www.laboratoire-helpac.com\/en\/\",\"name\":\"HELPAC\",\"description\":\"\",\"publisher\":{\"@id\":\"https:\/\/www.laboratoire-helpac.com\/en\/#organization\"},\"potentialAction\":[{\"@type\":\"SearchAction\",\"target\":{\"@type\":\"EntryPoint\",\"urlTemplate\":\"https:\/\/www.laboratoire-helpac.com\/en\/?s={search_term_string}\"},\"query-input\":{\"@type\":\"PropertyValueSpecification\",\"valueRequired\":true,\"valueName\":\"search_term_string\"}}],\"inLanguage\":\"en-US\"},{\"@type\":\"Organization\",\"@id\":\"https:\/\/www.laboratoire-helpac.com\/en\/#organization\",\"name\":\"Helpac\",\"url\":\"https:\/\/www.laboratoire-helpac.com\/en\/\",\"logo\":{\"@type\":\"ImageObject\",\"inLanguage\":\"en-US\",\"@id\":\"https:\/\/www.laboratoire-helpac.com\/en\/#\/schema\/logo\/image\/\",\"url\":\"https:\/\/dev.fizzbuzz.fr\/helpac\/wp-content\/uploads\/2023\/05\/Logo-Helpac.jpg\",\"contentUrl\":\"https:\/\/dev.fizzbuzz.fr\/helpac\/wp-content\/uploads\/2023\/05\/Logo-Helpac.jpg\",\"width\":200,\"height\":200,\"caption\":\"Helpac\"},\"image\":{\"@id\":\"https:\/\/www.laboratoire-helpac.com\/en\/#\/schema\/logo\/image\/\"},\"sameAs\":[\"https:\/\/www.linkedin.com\/company\/helpac\/\"]}]}<\/script>\n<!-- \/ Yoast SEO plugin. -->","yoast_head_json":{"title":"Essential oil BIO ACHILL\u00c9E (France) | HELPAC","description":"Seules 4 plantes produisent du chamazul\u00e8ne, un hydrocarbure caract\u00e9ris\u00e9 par une belle couleur bleue - et toutes poussent en Auvergne! Mais l\u2019huile essentielle d\u2019Achill\u00e9e millefeuille comprend de nombreux autres principes actifs (23 en tout dont sabin\u00e8ne, germacr\u00e8ne D, beta-caryophyll\u00e8ne ou beta-pin\u00e8ne) qui lui conf\u00e8rent une tr\u00e8s grande vari\u00e9t\u00e9 d\u2019utilisation et un parfum particuli\u00e8rement complexe.","robots":{"index":"index","follow":"follow","max-snippet":"max-snippet:-1","max-image-preview":"max-image-preview:large","max-video-preview":"max-video-preview:-1"},"canonical":"https:\/\/www.laboratoire-helpac.com\/en\/p\/yarrow-organic-2\/","og_locale":"en_US","og_type":"article","og_title":"Essential oil BIO ACHILL\u00c9E (France) | HELPAC","og_description":"Seules 4 plantes produisent du chamazul\u00e8ne, un hydrocarbure caract\u00e9ris\u00e9 par une belle couleur bleue - et toutes poussent en Auvergne! Mais l\u2019huile essentielle d\u2019Achill\u00e9e millefeuille comprend de nombreux autres principes actifs (23 en tout dont sabin\u00e8ne, germacr\u00e8ne D, beta-caryophyll\u00e8ne ou beta-pin\u00e8ne) qui lui conf\u00e8rent une tr\u00e8s grande vari\u00e9t\u00e9 d\u2019utilisation et un parfum particuli\u00e8rement complexe.","og_url":"https:\/\/www.laboratoire-helpac.com\/en\/p\/yarrow-organic-2\/","og_site_name":"HELPAC","article_modified_time":"2023-11-29T18:37:47+00:00","og_image":[{"width":1000,"height":1000,"url":"https:\/\/www.laboratoire-helpac.com\/wp-content\/uploads\/2023\/11\/HE_YARROW-EN-11.png","type":"image\/png"}],"twitter_card":"summary_large_image","twitter_misc":{"Est. reading time":"1 minute"},"schema":{"@context":"https:\/\/schema.org","@graph":[{"@type":"WebPage","@id":"https:\/\/www.laboratoire-helpac.com\/en\/p\/yarrow-organic-2\/","url":"https:\/\/www.laboratoire-helpac.com\/en\/p\/yarrow-organic-2\/","name":"Essential oil BIO ACHILL\u00c9E (France) | HELPAC","isPartOf":{"@id":"https:\/\/www.laboratoire-helpac.com\/en\/#website"},"primaryImageOfPage":{"@id":"https:\/\/www.laboratoire-helpac.com\/en\/p\/yarrow-organic-2\/#primaryimage"},"image":{"@id":"https:\/\/www.laboratoire-helpac.com\/en\/p\/yarrow-organic-2\/#primaryimage"},"thumbnailUrl":"https:\/\/www.laboratoire-helpac.com\/wp-content\/uploads\/2023\/11\/HE_YARROW-EN-11.png","datePublished":"2023-07-30T14:54:57+00:00","dateModified":"2023-11-29T18:37:47+00:00","description":"Seules 4 plantes produisent du chamazul\u00e8ne, un hydrocarbure caract\u00e9ris\u00e9 par une belle couleur bleue - et toutes poussent en Auvergne! Mais l\u2019huile essentielle d\u2019Achill\u00e9e millefeuille comprend de nombreux autres principes actifs (23 en tout dont sabin\u00e8ne, germacr\u00e8ne D, beta-caryophyll\u00e8ne ou beta-pin\u00e8ne) qui lui conf\u00e8rent une tr\u00e8s grande vari\u00e9t\u00e9 d\u2019utilisation et un parfum particuli\u00e8rement complexe.","breadcrumb":{"@id":"https:\/\/www.laboratoire-helpac.com\/en\/p\/yarrow-organic-2\/#breadcrumb"},"inLanguage":"en-US","potentialAction":[{"@type":"ReadAction","target":["https:\/\/www.laboratoire-helpac.com\/en\/p\/yarrow-organic-2\/"]}]},{"@type":"ImageObject","inLanguage":"en-US","@id":"https:\/\/www.laboratoire-helpac.com\/en\/p\/yarrow-organic-2\/#primaryimage","url":"https:\/\/www.laboratoire-helpac.com\/wp-content\/uploads\/2023\/11\/HE_YARROW-EN-11.png","contentUrl":"https:\/\/www.laboratoire-helpac.com\/wp-content\/uploads\/2023\/11\/HE_YARROW-EN-11.png","width":1000,"height":1000,"caption":"Essential oil Yarrow Organic (France) wholesaler"},{"@type":"BreadcrumbList","@id":"https:\/\/www.laboratoire-helpac.com\/en\/p\/yarrow-organic-2\/#breadcrumb","itemListElement":[{"@type":"ListItem","position":1,"name":"Accueil","item":"https:\/\/www.laboratoire-helpac.com\/en\/"},{"@type":"ListItem","position":2,"name":"Our ingredients","item":"https:\/\/www.laboratoire-helpac.com\/en\/products\/"},{"@type":"ListItem","position":3,"name":"YARROW ORGANIC"}]},{"@type":"WebSite","@id":"https:\/\/www.laboratoire-helpac.com\/en\/#website","url":"https:\/\/www.laboratoire-helpac.com\/en\/","name":"HELPAC","description":"","publisher":{"@id":"https:\/\/www.laboratoire-helpac.com\/en\/#organization"},"potentialAction":[{"@type":"SearchAction","target":{"@type":"EntryPoint","urlTemplate":"https:\/\/www.laboratoire-helpac.com\/en\/?s={search_term_string}"},"query-input":{"@type":"PropertyValueSpecification","valueRequired":true,"valueName":"search_term_string"}}],"inLanguage":"en-US"},{"@type":"Organization","@id":"https:\/\/www.laboratoire-helpac.com\/en\/#organization","name":"Helpac","url":"https:\/\/www.laboratoire-helpac.com\/en\/","logo":{"@type":"ImageObject","inLanguage":"en-US","@id":"https:\/\/www.laboratoire-helpac.com\/en\/#\/schema\/logo\/image\/","url":"https:\/\/dev.fizzbuzz.fr\/helpac\/wp-content\/uploads\/2023\/05\/Logo-Helpac.jpg","contentUrl":"https:\/\/dev.fizzbuzz.fr\/helpac\/wp-content\/uploads\/2023\/05\/Logo-Helpac.jpg","width":200,"height":200,"caption":"Helpac"},"image":{"@id":"https:\/\/www.laboratoire-helpac.com\/en\/#\/schema\/logo\/image\/"},"sameAs":["https:\/\/www.linkedin.com\/company\/helpac\/"]}]}},"_links":{"self":[{"href":"https:\/\/www.laboratoire-helpac.com\/en\/wp-json\/wp\/v2\/product\/5036","targetHints":{"allow":["GET"]}}],"collection":[{"href":"https:\/\/www.laboratoire-helpac.com\/en\/wp-json\/wp\/v2\/product"}],"about":[{"href":"https:\/\/www.laboratoire-helpac.com\/en\/wp-json\/wp\/v2\/types\/product"}],"wp:featuredmedia":[{"embeddable":true,"href":"https:\/\/www.laboratoire-helpac.com\/en\/wp-json\/wp\/v2\/media\/9382"}],"wp:attachment":[{"href":"https:\/\/www.laboratoire-helpac.com\/en\/wp-json\/wp\/v2\/media?parent=5036"}],"wp:term":[{"taxonomy":"product_cat","embeddable":true,"href":"https:\/\/www.laboratoire-helpac.com\/en\/wp-json\/wp\/v2\/product_cat?post=5036"},{"taxonomy":"product_tag","embeddable":true,"href":"https:\/\/www.laboratoire-helpac.com\/en\/wp-json\/wp\/v2\/product_tag?post=5036"}],"curies":[{"name":"wp","href":"https:\/\/api.w.org\/{rel}","templated":true}]}}